{"id":1395,"date":"2026-04-04T15:17:46","date_gmt":"2026-04-04T15:17:46","guid":{"rendered":"https:\/\/novaluxeurope.com\/producto\/anua-suero-de-niacinamida-peach-70-30-ml\/"},"modified":"2026-04-24T13:14:20","modified_gmt":"2026-04-24T13:14:20","slug":"anua-suero-de-niacinamida-peach-70-30-ml","status":"publish","type":"product","link":"https:\/\/novaluxeurope.com\/en\/product\/anua-suero-de-niacinamida-peach-70-30-ml\/","title":{"rendered":"ANUA. Suero de niacinamida Peach 70"},"content":{"rendered":"<p>Dise\u00f1ado para clarificar y afinar el microrrelieve epid\u00e9rmico, posee un 70% de extracto de durazno y un 5% de niacinamida. Integra el exclusivo Peach Yogurt Complex (extracto de flor de durazno y salicilato de beta\u00edna) que elimina progresivamente las c\u00e9lulas cornificadas, revitalizando la apariencia de los poros congestionados. Adem\u00e1s, inyecta humedad mediante aceite de levadura del desierto y vitamina B12.<\/p>","protected":false},"excerpt":{"rendered":"<p>Dise\u00f1ado para clarificar y afinar el microrrelieve epid\u00e9rmico, posee un 70% de extracto de durazno y un 5% de niacinamida. Integra el exclusivo Peach Yogurt Complex (extracto de flor de durazno y salicilato de beta\u00edna) que elimina progresivamente las c\u00e9lulas cornificadas, revitalizando la apariencia de los poros congestionados. Adem\u00e1s, inyecta humedad mediante aceite de levadura [&hellip;]<\/p>\n","protected":false},"featured_media":1321,"comment_status":"open","ping_status":"closed","template":"","meta":[],"product_brand":[281],"product_cat":[280,306],"product_tag":[],"class_list":{"0":"post-1395","1":"product","2":"type-product","3":"status-publish","4":"has-post-thumbnail","6":"product_brand-anua","7":"product_cat-cosmetica-coreana","8":"product_cat-serums-ampollas","10":"first","11":"outofstock","12":"taxable","13":"shipping-taxable","14":"product-type-simple"},"_links":{"self":[{"href":"https:\/\/novaluxeurope.com\/en\/wp-json\/wp\/v2\/product\/1395","targetHints":{"allow":["GET"]}}],"collection":[{"href":"https:\/\/novaluxeurope.com\/en\/wp-json\/wp\/v2\/product"}],"about":[{"href":"https:\/\/novaluxeurope.com\/en\/wp-json\/wp\/v2\/types\/product"}],"replies":[{"embeddable":true,"href":"https:\/\/novaluxeurope.com\/en\/wp-json\/wp\/v2\/comments?post=1395"}],"wp:featuredmedia":[{"embeddable":true,"href":"https:\/\/novaluxeurope.com\/en\/wp-json\/wp\/v2\/media\/1321"}],"wp:attachment":[{"href":"https:\/\/novaluxeurope.com\/en\/wp-json\/wp\/v2\/media?parent=1395"}],"wp:term":[{"taxonomy":"product_brand","embeddable":true,"href":"https:\/\/novaluxeurope.com\/en\/wp-json\/wp\/v2\/product_brand?post=1395"},{"taxonomy":"product_cat","embeddable":true,"href":"https:\/\/novaluxeurope.com\/en\/wp-json\/wp\/v2\/product_cat?post=1395"},{"taxonomy":"product_tag","embeddable":true,"href":"https:\/\/novaluxeurope.com\/en\/wp-json\/wp\/v2\/product_tag?post=1395"}],"curies":[{"name":"wp","href":"https:\/\/api.w.org\/{rel}","templated":true}]}}