{"id":1393,"date":"2026-04-04T15:17:46","date_gmt":"2026-04-04T15:17:46","guid":{"rendered":"https:\/\/novaluxeurope.com\/producto\/anua-rice-enzyme\/"},"modified":"2026-04-24T13:14:20","modified_gmt":"2026-04-24T13:14:20","slug":"anua-rice-enzyme","status":"publish","type":"product","link":"https:\/\/novaluxeurope.com\/en\/product\/anua-rice-enzyme\/","title":{"rendered":"ANUA. Rice Enzyme"},"content":{"rendered":"<p>Un limpiador anhidro en polvo que se transforma en una espuma cremosa al activarse con agua. Su formulaci\u00f3n emplea extractos de arroz, AHA, ceramidas y la enzima papa\u00edna, proporcionando una exfoliaci\u00f3n qu\u00edmica y enzim\u00e1tica sin abrasi\u00f3n f\u00edsica. Esta acci\u00f3n ilumina la tez opaca, acelera la renovaci\u00f3n celular y ayuda a desvanecer la apariencia de lentigos solares gracias al aporte de la alfa-arbutina.<\/p>","protected":false},"excerpt":{"rendered":"<p>Un limpiador anhidro en polvo que se transforma en una espuma cremosa al activarse con agua. Su formulaci\u00f3n emplea extractos de arroz, AHA, ceramidas y la enzima papa\u00edna, proporcionando una exfoliaci\u00f3n qu\u00edmica y enzim\u00e1tica sin abrasi\u00f3n f\u00edsica. Esta acci\u00f3n ilumina la tez opaca, acelera la renovaci\u00f3n celular y ayuda a desvanecer la apariencia de lentigos [&hellip;]<\/p>\n","protected":false},"featured_media":1317,"comment_status":"open","ping_status":"closed","template":"","meta":[],"product_brand":[281],"product_cat":[280,304],"product_tag":[],"class_list":{"0":"post-1393","1":"product","2":"type-product","3":"status-publish","4":"has-post-thumbnail","6":"product_brand-anua","7":"product_cat-cosmetica-coreana","8":"product_cat-limpiadores","10":"first","11":"outofstock","12":"taxable","13":"shipping-taxable","14":"product-type-simple"},"_links":{"self":[{"href":"https:\/\/novaluxeurope.com\/en\/wp-json\/wp\/v2\/product\/1393","targetHints":{"allow":["GET"]}}],"collection":[{"href":"https:\/\/novaluxeurope.com\/en\/wp-json\/wp\/v2\/product"}],"about":[{"href":"https:\/\/novaluxeurope.com\/en\/wp-json\/wp\/v2\/types\/product"}],"replies":[{"embeddable":true,"href":"https:\/\/novaluxeurope.com\/en\/wp-json\/wp\/v2\/comments?post=1393"}],"wp:featuredmedia":[{"embeddable":true,"href":"https:\/\/novaluxeurope.com\/en\/wp-json\/wp\/v2\/media\/1317"}],"wp:attachment":[{"href":"https:\/\/novaluxeurope.com\/en\/wp-json\/wp\/v2\/media?parent=1393"}],"wp:term":[{"taxonomy":"product_brand","embeddable":true,"href":"https:\/\/novaluxeurope.com\/en\/wp-json\/wp\/v2\/product_brand?post=1393"},{"taxonomy":"product_cat","embeddable":true,"href":"https:\/\/novaluxeurope.com\/en\/wp-json\/wp\/v2\/product_cat?post=1393"},{"taxonomy":"product_tag","embeddable":true,"href":"https:\/\/novaluxeurope.com\/en\/wp-json\/wp\/v2\/product_tag?post=1393"}],"curies":[{"name":"wp","href":"https:\/\/api.w.org\/{rel}","templated":true}]}}