{"id":1386,"date":"2026-04-04T15:17:43","date_gmt":"2026-04-04T15:17:43","guid":{"rendered":"https:\/\/novaluxeurope.com\/producto\/anua-heartleaf-pore-control-200ml\/"},"modified":"2026-04-24T13:14:24","modified_gmt":"2026-04-24T13:14:24","slug":"anua-heartleaf-pore-control-200ml","status":"publish","type":"product","link":"https:\/\/novaluxeurope.com\/en\/product\/anua-heartleaf-pore-control-200ml\/","title":{"rendered":"ANUA. Heartleaf pore control"},"content":{"rendered":"<p>Un aceite limpiador ligero formulado para disolver el maquillaje de larga duraci\u00f3n, los protectores solares minerales, los filamentos seb\u00e1ceos y los puntos negros sin riesgo de comedog\u00e9nesis. Construido sobre una base de aceites de jojoba, oliva, semilla de uva y macadamia, y enriquecido con Heartleaf, ofrece un primer paso purificante no irritante, siendo altamente compatible con pieles con tendencia acneica.<\/p>","protected":false},"excerpt":{"rendered":"<p>Un aceite limpiador ligero formulado para disolver el maquillaje de larga duraci\u00f3n, los protectores solares minerales, los filamentos seb\u00e1ceos y los puntos negros sin riesgo de comedog\u00e9nesis. Construido sobre una base de aceites de jojoba, oliva, semilla de uva y macadamia, y enriquecido con Heartleaf, ofrece un primer paso purificante no irritante, siendo altamente compatible [&hellip;]<\/p>\n","protected":false},"featured_media":1307,"comment_status":"open","ping_status":"closed","template":"","meta":[],"product_brand":[281],"product_cat":[280,304],"product_tag":[],"class_list":{"0":"post-1386","1":"product","2":"type-product","3":"status-publish","4":"has-post-thumbnail","6":"product_brand-anua","7":"product_cat-cosmetica-coreana","8":"product_cat-limpiadores","10":"first","11":"outofstock","12":"taxable","13":"shipping-taxable","14":"product-type-simple"},"_links":{"self":[{"href":"https:\/\/novaluxeurope.com\/en\/wp-json\/wp\/v2\/product\/1386","targetHints":{"allow":["GET"]}}],"collection":[{"href":"https:\/\/novaluxeurope.com\/en\/wp-json\/wp\/v2\/product"}],"about":[{"href":"https:\/\/novaluxeurope.com\/en\/wp-json\/wp\/v2\/types\/product"}],"replies":[{"embeddable":true,"href":"https:\/\/novaluxeurope.com\/en\/wp-json\/wp\/v2\/comments?post=1386"}],"wp:featuredmedia":[{"embeddable":true,"href":"https:\/\/novaluxeurope.com\/en\/wp-json\/wp\/v2\/media\/1307"}],"wp:attachment":[{"href":"https:\/\/novaluxeurope.com\/en\/wp-json\/wp\/v2\/media?parent=1386"}],"wp:term":[{"taxonomy":"product_brand","embeddable":true,"href":"https:\/\/novaluxeurope.com\/en\/wp-json\/wp\/v2\/product_brand?post=1386"},{"taxonomy":"product_cat","embeddable":true,"href":"https:\/\/novaluxeurope.com\/en\/wp-json\/wp\/v2\/product_cat?post=1386"},{"taxonomy":"product_tag","embeddable":true,"href":"https:\/\/novaluxeurope.com\/en\/wp-json\/wp\/v2\/product_tag?post=1386"}],"curies":[{"name":"wp","href":"https:\/\/api.w.org\/{rel}","templated":true}]}}