{"id":1385,"date":"2026-04-04T15:17:43","date_gmt":"2026-04-04T15:17:43","guid":{"rendered":"https:\/\/novaluxeurope.com\/producto\/anua-heartleaf-77-soothing-toner-250-ml\/"},"modified":"2026-04-24T13:14:24","modified_gmt":"2026-04-24T13:14:24","slug":"anua-heartleaf-77-soothing-toner-250-ml","status":"publish","type":"product","link":"https:\/\/novaluxeurope.com\/en\/product\/anua-heartleaf-77-soothing-toner-250-ml\/","title":{"rendered":"ANUA. Heartleaf 77% Soothing Toner"},"content":{"rendered":"<p>Esta loci\u00f3n t\u00f3nica acuosa est\u00e1 formulada con un 77% de extracto de Heartleaf, focaliz\u00e1ndose en calmar las irritaciones agudas, equilibrar el pH cut\u00e1neo y reducir el eritema. Su f\u00f3rmula no comedog\u00e9nica, enriquecida con extracto de centella asi\u00e1tica y pantenol, posee la capacidad demostrada de disminuir la temperatura de la piel en un 14.52% tras su aplicaci\u00f3n, prepar\u00e1ndola \u00f3ptimamente para la absorci\u00f3n de tratamientos posteriores.<\/p>","protected":false},"excerpt":{"rendered":"<p>Esta loci\u00f3n t\u00f3nica acuosa est\u00e1 formulada con un 77% de extracto de Heartleaf, focaliz\u00e1ndose en calmar las irritaciones agudas, equilibrar el pH cut\u00e1neo y reducir el eritema. Su f\u00f3rmula no comedog\u00e9nica, enriquecida con extracto de centella asi\u00e1tica y pantenol, posee la capacidad demostrada de disminuir la temperatura de la piel en un 14.52% tras su [&hellip;]<\/p>\n","protected":false},"featured_media":1305,"comment_status":"open","ping_status":"closed","template":"","meta":[],"product_brand":[281],"product_cat":[280,305],"product_tag":[],"class_list":{"0":"post-1385","1":"product","2":"type-product","3":"status-publish","4":"has-post-thumbnail","6":"product_brand-anua","7":"product_cat-cosmetica-coreana","8":"product_cat-tonicos-esencias-pads","10":"first","11":"outofstock","12":"taxable","13":"shipping-taxable","14":"product-type-simple"},"_links":{"self":[{"href":"https:\/\/novaluxeurope.com\/en\/wp-json\/wp\/v2\/product\/1385","targetHints":{"allow":["GET"]}}],"collection":[{"href":"https:\/\/novaluxeurope.com\/en\/wp-json\/wp\/v2\/product"}],"about":[{"href":"https:\/\/novaluxeurope.com\/en\/wp-json\/wp\/v2\/types\/product"}],"replies":[{"embeddable":true,"href":"https:\/\/novaluxeurope.com\/en\/wp-json\/wp\/v2\/comments?post=1385"}],"wp:featuredmedia":[{"embeddable":true,"href":"https:\/\/novaluxeurope.com\/en\/wp-json\/wp\/v2\/media\/1305"}],"wp:attachment":[{"href":"https:\/\/novaluxeurope.com\/en\/wp-json\/wp\/v2\/media?parent=1385"}],"wp:term":[{"taxonomy":"product_brand","embeddable":true,"href":"https:\/\/novaluxeurope.com\/en\/wp-json\/wp\/v2\/product_brand?post=1385"},{"taxonomy":"product_cat","embeddable":true,"href":"https:\/\/novaluxeurope.com\/en\/wp-json\/wp\/v2\/product_cat?post=1385"},{"taxonomy":"product_tag","embeddable":true,"href":"https:\/\/novaluxeurope.com\/en\/wp-json\/wp\/v2\/product_tag?post=1385"}],"curies":[{"name":"wp","href":"https:\/\/api.w.org\/{rel}","templated":true}]}}