{"id":1283,"date":"2026-04-03T12:58:24","date_gmt":"2026-04-03T12:58:24","guid":{"rendered":"https:\/\/novaluxeurope.com\/producto\/riiffs-freeze-extrait-de-parfum-u-100-ml\/"},"modified":"2026-05-15T00:01:19","modified_gmt":"2026-05-15T00:01:19","slug":"riiffs-freeze-extrait-de-parfum-u-100-ml","status":"publish","type":"product","link":"https:\/\/novaluxeurope.com\/en\/product\/riiffs-freeze-extrait-de-parfum-u-100-ml\/","title":{"rendered":"Riiffs Freeze Extrait de"},"content":{"rendered":"<p>Riiffs Freeze Extrait de Parfum 100 ml es una fragancia unisex moderna introducida en 2025, creada para aquellos que buscan un aroma intenso pero refrescante con un car\u00e1cter limpio y contempor\u00e1neo. Formulado como un extrait de parfum , ofrece una mayor concentraci\u00f3n que mejora la longevidad y la profundidad, preservando al mismo tiempo una frescura brillante y aireada. Perteneciente a la familia olfativa fresca, c\u00edtrica y arom\u00e1tica, Freeze est\u00e1 dise\u00f1ada para aportar una sensaci\u00f3n fresca y energizante, lo que la convierte en una opci\u00f3n excelente para el uso diario, as\u00ed como para los momentos en los que se desea un aroma revitalizante. La fragancia se abre con un acorde sorprendentemente fresco y vibrante que establece inmediatamente su tono helado. Los matices de copo de nieve se mezclan con la bergamota de Calabria, el pomelo y la ralladura de lim\u00f3n, creando un frescor c\u00edtrico intenso que resulta limpio y vigorizante. La menta verde a\u00f1ade un toque herb\u00e1ceo refrescante que amplifica la sensaci\u00f3n de frescor y confiere a la apertura una claridad en\u00e9rgica y helada. Esta combinaci\u00f3n proporciona una introducci\u00f3n viva, din\u00e1mica, moderna y que levanta el \u00e1nimo al instante. A medida que la fragancia evoluciona, en el coraz\u00f3n aparecen el jengibre, la salvia y el t\u00e9, que aportan una refinada profundidad arom\u00e1tica que equilibra la explosi\u00f3n c\u00edtrica inicial. Estas notas a\u00f1aden estructura y una sutil calidez sin comprometer la fresca identidad de la fragancia. En la base, la madera de cedro proporciona una suave base amaderada, complementada por la peon\u00eda y el \u00e1mbar, que aumentan la longevidad y dejan una estela limpia y radiante en la piel. Riiffs Freeze es un extracto vers\u00e1til que armoniza la frescura con una discreta calidez, atrayendo tanto a hombres como a mujeres que aprecian las fragancias frescas y arom\u00e1ticas con una presencia duradera. NOTAS DE PERFUME Notas de salida: Copo de nieve, bergamota de Calabria, pomelo, ralladura de lim\u00f3n, menta verde Notas medias: Jengibre, Salvia, T\u00e9 Notas de Fondo: Cedro, Peon\u00eda, \u00c1mbarmax<\/p>\n<h4>Pir\u00e1mide olfativa<\/h4>\n<ul>\n<li><strong>Notas de entrada:<\/strong> Copos de nieve, Bergamota de Calabria, Pomelo, C\u00e1scara de lim\u00f3n, Menta verde<\/li>\n<li><strong>Notas de coraz\u00f3n:<\/strong> Jengibre helado, T\u00e9, Salvia<\/li>\n<li><strong>Notas de salida:<\/strong> Madera de cedro, Peon\u00eda blanca, Ambermax<\/li>\n<\/ul>","protected":false},"excerpt":{"rendered":"<p>Riiffs Freeze Extrait de Parfum 100 ml es una fragancia unisex moderna introducida en 2025, creada para aquellos que buscan un aroma intenso pero refrescante con un car\u00e1cter limpio y contempor\u00e1neo. Formulado como un extrait de parfum , ofrece una mayor concentraci\u00f3n que mejora la longevidad y la profundidad, preservando al mismo tiempo una frescura [&hellip;]<\/p>\n","protected":false},"featured_media":1282,"comment_status":"open","ping_status":"closed","template":"","meta":[],"product_brand":[278],"product_cat":[225],"product_tag":[273,274,276,275,277,46,135,260,245,242,237],"class_list":{"0":"post-1283","1":"product","2":"type-product","3":"status-publish","4":"has-post-thumbnail","6":"product_brand-riiffs","7":"product_cat-perfumes-y-fragancias","8":"product_tag-ambermax","9":"product_tag-bergamota-de-calabria","10":"product_tag-cascara-de-limon","11":"product_tag-copos-de-nieve","12":"product_tag-jengibre-helado","13":"product_tag-madera-de-cedro","14":"product_tag-menta-verde","15":"product_tag-peonia-blanca","16":"product_tag-pomelo","17":"product_tag-salvia","18":"product_tag-te","20":"first","21":"instock","22":"featured","23":"taxable","24":"shipping-taxable","25":"product-type-simple"},"_links":{"self":[{"href":"https:\/\/novaluxeurope.com\/en\/wp-json\/wp\/v2\/product\/1283","targetHints":{"allow":["GET"]}}],"collection":[{"href":"https:\/\/novaluxeurope.com\/en\/wp-json\/wp\/v2\/product"}],"about":[{"href":"https:\/\/novaluxeurope.com\/en\/wp-json\/wp\/v2\/types\/product"}],"replies":[{"embeddable":true,"href":"https:\/\/novaluxeurope.com\/en\/wp-json\/wp\/v2\/comments?post=1283"}],"wp:featuredmedia":[{"embeddable":true,"href":"https:\/\/novaluxeurope.com\/en\/wp-json\/wp\/v2\/media\/1282"}],"wp:attachment":[{"href":"https:\/\/novaluxeurope.com\/en\/wp-json\/wp\/v2\/media?parent=1283"}],"wp:term":[{"taxonomy":"product_brand","embeddable":true,"href":"https:\/\/novaluxeurope.com\/en\/wp-json\/wp\/v2\/product_brand?post=1283"},{"taxonomy":"product_cat","embeddable":true,"href":"https:\/\/novaluxeurope.com\/en\/wp-json\/wp\/v2\/product_cat?post=1283"},{"taxonomy":"product_tag","embeddable":true,"href":"https:\/\/novaluxeurope.com\/en\/wp-json\/wp\/v2\/product_tag?post=1283"}],"curies":[{"name":"wp","href":"https:\/\/api.w.org\/{rel}","templated":true}]}}