{"id":1225,"date":"2026-04-02T21:12:51","date_gmt":"2026-04-02T21:12:51","guid":{"rendered":"https:\/\/novaluxeurope.com\/producto\/paris-corner-affogato-al-caffe\/"},"modified":"2026-04-24T13:31:37","modified_gmt":"2026-04-24T13:31:37","slug":"paris-corner-affogato-al-caffe","status":"publish","type":"product","link":"https:\/\/novaluxeurope.com\/en\/product\/paris-corner-affogato-al-caffe\/","title":{"rendered":"Paris Corner Affogato al Caff\u00e8"},"content":{"rendered":"<p dir=\"ltr\"><strong>Un postre del que nunca te cansar\u00e1s<\/strong><\/p>\n<p dir=\"ltr\">El eau de parfum Paris Corner Affogato al Caff\u00e8 es un aut\u00e9ntico deleite para todos los sentidos. En esta fragancia, el intenso aroma de un espresso reci\u00e9n preparado se combina con notas gourmand de vainilla, exactamente igual que en un affogato, el popular postre de caf\u00e9 y helado.<\/p>\n<ul>\n<li value=\"1\">una fragancia gourmand con notas de caf\u00e9, caramelo y vainilla<\/li>\n<li value=\"2\">ideal para los meses m\u00e1s fr\u00edos<\/li>\n<li value=\"3\">composici\u00f3n unisex<\/li>\n<\/ul>\n<p dir=\"ltr\"><strong>Composici\u00f3n de la fragancia:<\/strong><br \/>La fragancia se abre con el rico tono del caf\u00e9 reci\u00e9n hecho. Le siguen el jazm\u00edn y el heliotropo, dos flores de aroma cremoso, complementadas por el benju\u00ed, que aporta calidez y una sutil dulzura a la composici\u00f3n. El final se compone de notas de caramelo, vainilla y maderas secas.<\/p>\n<p dir=\"ltr\"><strong>Historia de la fragancia:<\/strong><br \/>El eau de parfum Affogato al Caff\u00e8 est\u00e1 inspirado en el ritual italiano que combina caf\u00e9 y helado. Al igual que ocurre con estos sabores, la fragancia se mueve en el contraste entre lo amargo y lo dulce, entre la energ\u00eda y la calma: el verdadero placer reside en el equilibrio entre estos dos elementos opuestos.<\/p>\n<h4>Pir\u00e1mide olfativa<\/h4>\n<ul>\n<li><strong>Notas de entrada:<\/strong> caf\u00e9<\/li>\n<li><strong>Notas de coraz\u00f3n:<\/strong> verrucaria, jazm\u00edn, benju\u00ed<\/li>\n<li><strong>Notas de salida:<\/strong> caramelo, vainilla, notas de madera seca<\/li>\n<\/ul>","protected":false},"excerpt":{"rendered":"<p>Un postre del que nunca te cansar\u00e1s El eau de parfum Paris Corner Affogato al Caff\u00e8 es un aut\u00e9ntico deleite para todos los sentidos. En esta fragancia, el intenso aroma de un espresso reci\u00e9n preparado se combina con notas gourmand de vainilla, exactamente igual que en un affogato, el popular postre de caf\u00e9 y helado. [&hellip;]<\/p>\n","protected":false},"featured_media":1224,"comment_status":"open","ping_status":"closed","template":"","meta":[],"product_brand":[255],"product_cat":[225],"product_tag":[126,182,60,56,62,63,249],"class_list":{"0":"post-1225","1":"product","2":"type-product","3":"status-publish","4":"has-post-thumbnail","6":"product_brand-paris-corner","7":"product_cat-perfumes-y-fragancias","8":"product_tag-benjui","9":"product_tag-cafe","10":"product_tag-caramelo","11":"product_tag-jazmin","12":"product_tag-notas-de-madera-seca","13":"product_tag-vainilla","14":"product_tag-verrucaria","16":"first","17":"instock","18":"taxable","19":"shipping-taxable","20":"product-type-simple"},"_links":{"self":[{"href":"https:\/\/novaluxeurope.com\/en\/wp-json\/wp\/v2\/product\/1225","targetHints":{"allow":["GET"]}}],"collection":[{"href":"https:\/\/novaluxeurope.com\/en\/wp-json\/wp\/v2\/product"}],"about":[{"href":"https:\/\/novaluxeurope.com\/en\/wp-json\/wp\/v2\/types\/product"}],"replies":[{"embeddable":true,"href":"https:\/\/novaluxeurope.com\/en\/wp-json\/wp\/v2\/comments?post=1225"}],"wp:featuredmedia":[{"embeddable":true,"href":"https:\/\/novaluxeurope.com\/en\/wp-json\/wp\/v2\/media\/1224"}],"wp:attachment":[{"href":"https:\/\/novaluxeurope.com\/en\/wp-json\/wp\/v2\/media?parent=1225"}],"wp:term":[{"taxonomy":"product_brand","embeddable":true,"href":"https:\/\/novaluxeurope.com\/en\/wp-json\/wp\/v2\/product_brand?post=1225"},{"taxonomy":"product_cat","embeddable":true,"href":"https:\/\/novaluxeurope.com\/en\/wp-json\/wp\/v2\/product_cat?post=1225"},{"taxonomy":"product_tag","embeddable":true,"href":"https:\/\/novaluxeurope.com\/en\/wp-json\/wp\/v2\/product_tag?post=1225"}],"curies":[{"name":"wp","href":"https:\/\/api.w.org\/{rel}","templated":true}]}}