{"id":1222,"date":"2026-04-02T21:12:48","date_gmt":"2026-04-02T21:12:48","guid":{"rendered":"https:\/\/novaluxeurope.com\/producto\/paris-corner-zahri-amara\/"},"modified":"2026-04-29T12:01:07","modified_gmt":"2026-04-29T12:01:07","slug":"paris-corner-zahri-amara","status":"publish","type":"product","link":"https:\/\/novaluxeurope.com\/en\/product\/paris-corner-zahri-amara\/","title":{"rendered":"Paris Corner Zahri Amara"},"content":{"rendered":"<p>El encanto de esta fragancia reside en que es perfecta tanto para hombre como para mujer. Todo el mundo encontr\u00e1 algo que le guste, en cada persona huele diferente. El eau de parfum unisex Paris Corner Zahri Amara seguramente no se perder\u00e1 en ning\u00fan caj\u00f3n de tu tocador y, adem\u00e1s, puedes compartirlo con tu media naranja.<\/p>\n<ul>\n<li>fragancia floral<\/li>\n<li>fragancia frutal<\/li>\n<li>fragancia amaderada<\/li>\n<li>fragancia alegre que no dejar\u00e1 de gustarte<\/li>\n<li>fragancia original para las ocasiones especiales<\/li>\n<li>fragancia unisex<\/li>\n<\/ul>\n<h4>Pir\u00e1mide olfativa<\/h4>\n<ul>\n<li><strong>Notas de entrada:<\/strong> grosella negra, frambuesa, t\u00e9 verde<\/li>\n<li><strong>Notas de coraz\u00f3n:<\/strong> peon\u00eda, arroz, pamporcino<\/li>\n<li><strong>Notas de salida:<\/strong> madera de cedro, almizcle, cashmeran<\/li>\n<\/ul>","protected":false},"excerpt":{"rendered":"<p>El encanto de esta fragancia reside en que es perfecta tanto para hombre como para mujer. Todo el mundo encontr\u00e1 algo que le guste, en cada persona huele diferente. El eau de parfum unisex Paris Corner Zahri Amara seguramente no se perder\u00e1 en ning\u00fan caj\u00f3n de tu tocador y, adem\u00e1s, puedes compartirlo con tu media [&hellip;]<\/p>\n","protected":false},"featured_media":1221,"comment_status":"open","ping_status":"closed","template":"","meta":[],"product_brand":[255],"product_cat":[225],"product_tag":[59,268,121,97,111,46,269,57,270],"class_list":{"0":"post-1222","1":"product","2":"type-product","3":"status-publish","4":"has-post-thumbnail","6":"product_brand-paris-corner","7":"product_cat-perfumes-y-fragancias","8":"product_tag-almizcle","9":"product_tag-arroz","10":"product_tag-cashmeran","11":"product_tag-frambuesa","12":"product_tag-grosella-negra","13":"product_tag-madera-de-cedro","14":"product_tag-pamporcino","15":"product_tag-peonia","16":"product_tag-te-verde","18":"first","19":"instock","20":"taxable","21":"shipping-taxable","22":"product-type-simple"},"_links":{"self":[{"href":"https:\/\/novaluxeurope.com\/en\/wp-json\/wp\/v2\/product\/1222","targetHints":{"allow":["GET"]}}],"collection":[{"href":"https:\/\/novaluxeurope.com\/en\/wp-json\/wp\/v2\/product"}],"about":[{"href":"https:\/\/novaluxeurope.com\/en\/wp-json\/wp\/v2\/types\/product"}],"replies":[{"embeddable":true,"href":"https:\/\/novaluxeurope.com\/en\/wp-json\/wp\/v2\/comments?post=1222"}],"wp:featuredmedia":[{"embeddable":true,"href":"https:\/\/novaluxeurope.com\/en\/wp-json\/wp\/v2\/media\/1221"}],"wp:attachment":[{"href":"https:\/\/novaluxeurope.com\/en\/wp-json\/wp\/v2\/media?parent=1222"}],"wp:term":[{"taxonomy":"product_brand","embeddable":true,"href":"https:\/\/novaluxeurope.com\/en\/wp-json\/wp\/v2\/product_brand?post=1222"},{"taxonomy":"product_cat","embeddable":true,"href":"https:\/\/novaluxeurope.com\/en\/wp-json\/wp\/v2\/product_cat?post=1222"},{"taxonomy":"product_tag","embeddable":true,"href":"https:\/\/novaluxeurope.com\/en\/wp-json\/wp\/v2\/product_tag?post=1222"}],"curies":[{"name":"wp","href":"https:\/\/api.w.org\/{rel}","templated":true}]}}