{"id":1219,"date":"2026-04-02T21:12:46","date_gmt":"2026-04-02T21:12:46","guid":{"rendered":"https:\/\/novaluxeurope.com\/producto\/paris-corner-december-ambar\/"},"modified":"2026-04-29T12:01:06","modified_gmt":"2026-04-29T12:01:06","slug":"paris-corner-december-ambar","status":"publish","type":"product","link":"https:\/\/novaluxeurope.com\/en\/product\/paris-corner-december-ambar\/","title":{"rendered":"Paris Corner December Ambar"},"content":{"rendered":"<p>\u00bfTienes una cita, vas a una fiesta o has quedado con tus amigos? El eau de parfum unisex Paris Corner December Ambar es perfecto para cualquier ocasi\u00f3n en la que desees brillar. Descubre t\u00fa tambi\u00e9n una fragancia que resaltar\u00e1 a la perfecci\u00f3n tu extraordinario atractivo.<\/p>\n<ul>\n<li>fragancia oriental<\/li>\n<li>fragancia gourmand<\/li>\n<li>para personas con un estilo no convencional<\/li>\n<li>fragancia unisex<\/li>\n<li>fragancia c\u00e1lida, ideal para las \u00e9pocas fr\u00edas<\/li>\n<\/ul>\n<h4>Pir\u00e1mide olfativa<\/h4>\n<ul>\n<li><strong>Notas de entrada:<\/strong> an\u00eds, manzana, coco<\/li>\n<li><strong>Notas de coraz\u00f3n:<\/strong> rosa, azafr\u00e1n, ciruela<\/li>\n<li><strong>Notas de salida:<\/strong> \u00e1mbar, benju\u00ed, caramelo, musgo, vainilla, madera de cedro<\/li>\n<\/ul>","protected":false},"excerpt":{"rendered":"<p>\u00bfTienes una cita, vas a una fiesta o has quedado con tus amigos? El eau de parfum unisex Paris Corner December Ambar es perfecto para cualquier ocasi\u00f3n en la que desees brillar. Descubre t\u00fa tambi\u00e9n una fragancia que resaltar\u00e1 a la perfecci\u00f3n tu extraordinario atractivo. fragancia oriental fragancia gourmand para personas con un estilo no [&hellip;]<\/p>\n","protected":false},"featured_media":1218,"comment_status":"open","ping_status":"closed","template":"","meta":[],"product_brand":[255],"product_cat":[225],"product_tag":[52,154,87,126,60,198,144,46,88,161,49,63],"class_list":{"0":"post-1219","1":"product","2":"type-product","3":"status-publish","4":"has-post-thumbnail","6":"product_brand-paris-corner","7":"product_cat-perfumes-y-fragancias","8":"product_tag-ambar","9":"product_tag-anis","10":"product_tag-azafran","11":"product_tag-benjui","12":"product_tag-caramelo","13":"product_tag-ciruela","14":"product_tag-coco","15":"product_tag-madera-de-cedro","16":"product_tag-manzana","17":"product_tag-musgo","18":"product_tag-rosa","19":"product_tag-vainilla","21":"first","22":"instock","23":"taxable","24":"shipping-taxable","25":"product-type-simple"},"_links":{"self":[{"href":"https:\/\/novaluxeurope.com\/en\/wp-json\/wp\/v2\/product\/1219","targetHints":{"allow":["GET"]}}],"collection":[{"href":"https:\/\/novaluxeurope.com\/en\/wp-json\/wp\/v2\/product"}],"about":[{"href":"https:\/\/novaluxeurope.com\/en\/wp-json\/wp\/v2\/types\/product"}],"replies":[{"embeddable":true,"href":"https:\/\/novaluxeurope.com\/en\/wp-json\/wp\/v2\/comments?post=1219"}],"wp:featuredmedia":[{"embeddable":true,"href":"https:\/\/novaluxeurope.com\/en\/wp-json\/wp\/v2\/media\/1218"}],"wp:attachment":[{"href":"https:\/\/novaluxeurope.com\/en\/wp-json\/wp\/v2\/media?parent=1219"}],"wp:term":[{"taxonomy":"product_brand","embeddable":true,"href":"https:\/\/novaluxeurope.com\/en\/wp-json\/wp\/v2\/product_brand?post=1219"},{"taxonomy":"product_cat","embeddable":true,"href":"https:\/\/novaluxeurope.com\/en\/wp-json\/wp\/v2\/product_cat?post=1219"},{"taxonomy":"product_tag","embeddable":true,"href":"https:\/\/novaluxeurope.com\/en\/wp-json\/wp\/v2\/product_tag?post=1219"}],"curies":[{"name":"wp","href":"https:\/\/api.w.org\/{rel}","templated":true}]}}