{"id":1216,"date":"2026-04-02T21:12:43","date_gmt":"2026-04-02T21:12:43","guid":{"rendered":"https:\/\/novaluxeurope.com\/producto\/paris-corner-choco-lait\/"},"modified":"2026-05-14T16:01:31","modified_gmt":"2026-05-14T16:01:31","slug":"paris-corner-choco-lait","status":"publish","type":"product","link":"https:\/\/novaluxeurope.com\/en\/product\/paris-corner-choco-lait\/","title":{"rendered":"Paris Corner Choco Lait"},"content":{"rendered":"<p>\u00bfTienes una cita, vas a una fiesta o has quedado con tus amigos? El eau de parfum unisex Paris Corner Choco Lait es perfecto para cualquier ocasi\u00f3n en la que desees brillar. Descubre t\u00fa tambi\u00e9n una fragancia que resaltar\u00e1 a la perfecci\u00f3n tu extraordinario atractivo.<\/p>\n<ul>\n<li>fragancia oriental<\/li>\n<li>fragancia amaderada<\/li>\n<li>para todas aquellas personas que no tienen miedo a destacar<\/li>\n<li>fragancia original para las ocasiones especiales<\/li>\n<li>fragancia unisex<\/li>\n<\/ul>\n<h4>Pir\u00e1mide olfativa<\/h4>\n<ul>\n<li><strong>Notas de entrada:<\/strong> manzana, cacao, pimienta rosada<\/li>\n<li><strong>Notas de coraz\u00f3n:<\/strong> ra\u00edz de orris, oud, incenso<\/li>\n<li><strong>Notas de salida:<\/strong> notas de madera seca, almizcle blanco, haba tonka<\/li>\n<\/ul>","protected":false},"excerpt":{"rendered":"<p>\u00bfTienes una cita, vas a una fiesta o has quedado con tus amigos? El eau de parfum unisex Paris Corner Choco Lait es perfecto para cualquier ocasi\u00f3n en la que desees brillar. Descubre t\u00fa tambi\u00e9n una fragancia que resaltar\u00e1 a la perfecci\u00f3n tu extraordinario atractivo. fragancia oriental fragancia amaderada para todas aquellas personas que no [&hellip;]<\/p>\n","protected":false},"featured_media":1215,"comment_status":"open","ping_status":"closed","template":"","meta":[],"product_brand":[255],"product_cat":[225],"product_tag":[169,259,79,185,88,62,48,181,267],"class_list":{"0":"post-1216","1":"product","2":"type-product","3":"status-publish","4":"has-post-thumbnail","6":"product_brand-paris-corner","7":"product_cat-perfumes-y-fragancias","8":"product_tag-almizcle-blanco","9":"product_tag-cacao","10":"product_tag-haba-tonka","11":"product_tag-incenso","12":"product_tag-manzana","13":"product_tag-notas-de-madera-seca","14":"product_tag-oud","15":"product_tag-pimienta-rosada","16":"product_tag-raiz-de-orris","18":"first","19":"instock","20":"taxable","21":"shipping-taxable","22":"product-type-simple"},"_links":{"self":[{"href":"https:\/\/novaluxeurope.com\/en\/wp-json\/wp\/v2\/product\/1216","targetHints":{"allow":["GET"]}}],"collection":[{"href":"https:\/\/novaluxeurope.com\/en\/wp-json\/wp\/v2\/product"}],"about":[{"href":"https:\/\/novaluxeurope.com\/en\/wp-json\/wp\/v2\/types\/product"}],"replies":[{"embeddable":true,"href":"https:\/\/novaluxeurope.com\/en\/wp-json\/wp\/v2\/comments?post=1216"}],"wp:featuredmedia":[{"embeddable":true,"href":"https:\/\/novaluxeurope.com\/en\/wp-json\/wp\/v2\/media\/1215"}],"wp:attachment":[{"href":"https:\/\/novaluxeurope.com\/en\/wp-json\/wp\/v2\/media?parent=1216"}],"wp:term":[{"taxonomy":"product_brand","embeddable":true,"href":"https:\/\/novaluxeurope.com\/en\/wp-json\/wp\/v2\/product_brand?post=1216"},{"taxonomy":"product_cat","embeddable":true,"href":"https:\/\/novaluxeurope.com\/en\/wp-json\/wp\/v2\/product_cat?post=1216"},{"taxonomy":"product_tag","embeddable":true,"href":"https:\/\/novaluxeurope.com\/en\/wp-json\/wp\/v2\/product_tag?post=1216"}],"curies":[{"name":"wp","href":"https:\/\/api.w.org\/{rel}","templated":true}]}}