{"id":1213,"date":"2026-04-02T21:12:41","date_gmt":"2026-04-02T21:12:41","guid":{"rendered":"https:\/\/novaluxeurope.com\/producto\/paris-corner-caramel-bash\/"},"modified":"2026-04-29T12:01:06","modified_gmt":"2026-04-29T12:01:06","slug":"paris-corner-caramel-bash","status":"publish","type":"product","link":"https:\/\/novaluxeurope.com\/en\/product\/paris-corner-caramel-bash\/","title":{"rendered":"Paris Corner Caramel Bash"},"content":{"rendered":"<p>Envu\u00e9lvete en una fragancia que se fundir\u00e1 perfectamente contigo y se convertir\u00e1 en tu nueva identidad. El eau de parfum unisex Paris Corner Caramel Bash te conquistar\u00e1 en cuanto lo pruebes y nunca dejar\u00e1 de sorprenderte.<\/p>\n<ul>\n<li>fragancia especiada<\/li>\n<li>fragancia dulce<\/li>\n<li>para optimistas incorregibles<\/li>\n<li>fragancia c\u00e1lida, ideal para las \u00e9pocas fr\u00edas<\/li>\n<li>fragancia unisex<\/li>\n<\/ul>\n<h4>Pir\u00e1mide olfativa<\/h4>\n<ul>\n<li><strong>Notas de entrada:<\/strong> cardamomo, clavo, bergamota<\/li>\n<li><strong>Notas de coraz\u00f3n:<\/strong> almendras, jazm\u00edn, rosa<\/li>\n<li><strong>Notas de salida:<\/strong> caramelo, vainilla, oud<\/li>\n<\/ul>","protected":false},"excerpt":{"rendered":"<p>Envu\u00e9lvete en una fragancia que se fundir\u00e1 perfectamente contigo y se convertir\u00e1 en tu nueva identidad. El eau de parfum unisex Paris Corner Caramel Bash te conquistar\u00e1 en cuanto lo pruebes y nunca dejar\u00e1 de sorprenderte. fragancia especiada fragancia dulce para optimistas incorregibles fragancia c\u00e1lida, ideal para las \u00e9pocas fr\u00edas fragancia unisex Pir\u00e1mide olfativa Notas [&hellip;]<\/p>\n","protected":false},"featured_media":1212,"comment_status":"open","ping_status":"closed","template":"","meta":[],"product_brand":[255],"product_cat":[225],"product_tag":[244,102,60,77,207,56,48,49,63],"class_list":{"0":"post-1213","1":"product","2":"type-product","3":"status-publish","4":"has-post-thumbnail","6":"product_brand-paris-corner","7":"product_cat-perfumes-y-fragancias","8":"product_tag-almendras","9":"product_tag-bergamota","10":"product_tag-caramelo","11":"product_tag-cardamomo","12":"product_tag-clavo","13":"product_tag-jazmin","14":"product_tag-oud","15":"product_tag-rosa","16":"product_tag-vainilla","18":"first","19":"instock","20":"taxable","21":"shipping-taxable","22":"product-type-simple"},"_links":{"self":[{"href":"https:\/\/novaluxeurope.com\/en\/wp-json\/wp\/v2\/product\/1213","targetHints":{"allow":["GET"]}}],"collection":[{"href":"https:\/\/novaluxeurope.com\/en\/wp-json\/wp\/v2\/product"}],"about":[{"href":"https:\/\/novaluxeurope.com\/en\/wp-json\/wp\/v2\/types\/product"}],"replies":[{"embeddable":true,"href":"https:\/\/novaluxeurope.com\/en\/wp-json\/wp\/v2\/comments?post=1213"}],"wp:featuredmedia":[{"embeddable":true,"href":"https:\/\/novaluxeurope.com\/en\/wp-json\/wp\/v2\/media\/1212"}],"wp:attachment":[{"href":"https:\/\/novaluxeurope.com\/en\/wp-json\/wp\/v2\/media?parent=1213"}],"wp:term":[{"taxonomy":"product_brand","embeddable":true,"href":"https:\/\/novaluxeurope.com\/en\/wp-json\/wp\/v2\/product_brand?post=1213"},{"taxonomy":"product_cat","embeddable":true,"href":"https:\/\/novaluxeurope.com\/en\/wp-json\/wp\/v2\/product_cat?post=1213"},{"taxonomy":"product_tag","embeddable":true,"href":"https:\/\/novaluxeurope.com\/en\/wp-json\/wp\/v2\/product_tag?post=1213"}],"curies":[{"name":"wp","href":"https:\/\/api.w.org\/{rel}","templated":true}]}}