{"id":1205,"date":"2026-04-02T21:12:37","date_gmt":"2026-04-02T21:12:37","guid":{"rendered":"https:\/\/novaluxeurope.com\/producto\/paris-corner-taskeen-wowie-edp-u-100-ml\/"},"modified":"2026-05-09T00:01:13","modified_gmt":"2026-05-09T00:01:13","slug":"paris-corner-taskeen-wowie-edp-u-100-ml","status":"publish","type":"product","link":"https:\/\/novaluxeurope.com\/en\/product\/paris-corner-taskeen-wowie-edp-u-100-ml\/","title":{"rendered":"Paris Corner Taskeen Wowie"},"content":{"rendered":"<p>Paris Corner Taskeen Wowie EDP 100 ml es una alegre e indulgente fragancia gourmand floral-frutal unisex que mezcla la chispeante frescura c\u00edtrica con c\u00e1lidas especias, riqueza alcoh\u00f3lica y dulzura cremosa. Lanzada en 2025, esta fragancia est\u00e1 dise\u00f1ada para quienes disfrutan de los perfumes expresivos y reconfortantes con un car\u00e1cter gourmand juguet\u00f3n pero refinado. La fragancia se abre con un radiante estallido de mandarina y naranja, realzado por ligeros aldeh\u00eddos que crean una chispa brillante similar al champ\u00e1n. En el coraz\u00f3n, el ron, el lirio y la canela se despliegan en una mezcla c\u00e1lida e intrigante, donde la suave elegancia floral se une a la profundidad especiada y alcoh\u00f3lica. A medida que la fragancia se asienta, la base revela un delicioso acabado goloso de haba tonka, caramelo y mantequilla. Esta fragancia cremosa y aterciopelada envuelve la piel en una reconfortante dulzura, dejando una estela suave e indulgente que resulta juguetona y acogedora sin llegar a ser abrumadora. Taskeen Wowie es glamour gourmand con un gui\u00f1o: una fragancia que sonr\u00ede antes de hablar. Es perfecta para las estaciones m\u00e1s fr\u00edas, para la noche o para los momentos en los que se desea un aroma alegre, reconfortante y cautivador sin esfuerzo. NOTAS DE PERFUME Notas de salida: Mandarina, Naranja, Aldeh\u00eddos Notas medias: Ron, lirio, canela Notas de fondo: Haba Tonka, Caramelo, Mantequilla<\/p>\n<h4>Pir\u00e1mide olfativa<\/h4>\n<ul>\n<li><strong>Notas de entrada:<\/strong> Mandar\u00edn, Naranja, Aldeh\u00eddos<\/li>\n<li><strong>Notas de coraz\u00f3n:<\/strong> Ron, Orris, Canela<\/li>\n<li><strong>Notas de salida:<\/strong> Haba Tonka, Caramelo, Mantequilla<\/li>\n<\/ul>","protected":false},"excerpt":{"rendered":"<p>Paris Corner Taskeen Wowie EDP 100 ml es una alegre e indulgente fragancia gourmand floral-frutal unisex que mezcla la chispeante frescura c\u00edtrica con c\u00e1lidas especias, riqueza alcoh\u00f3lica y dulzura cremosa. Lanzada en 2025, esta fragancia est\u00e1 dise\u00f1ada para quienes disfrutan de los perfumes expresivos y reconfortantes con un car\u00e1cter gourmand juguet\u00f3n pero refinado. La fragancia [&hellip;]<\/p>\n","protected":false},"featured_media":1204,"comment_status":"open","ping_status":"closed","template":"","meta":[],"product_brand":[255],"product_cat":[225],"product_tag":[264,94,60,79,122,265,98,266,183],"class_list":{"0":"post-1205","1":"product","2":"type-product","3":"status-publish","4":"has-post-thumbnail","6":"product_brand-paris-corner","7":"product_cat-perfumes-y-fragancias","8":"product_tag-aldehidos","9":"product_tag-canela","10":"product_tag-caramelo","11":"product_tag-haba-tonka","12":"product_tag-mandarin","13":"product_tag-mantequilla","14":"product_tag-naranja","15":"product_tag-orris","16":"product_tag-ron","18":"first","19":"instock","20":"taxable","21":"shipping-taxable","22":"product-type-simple"},"_links":{"self":[{"href":"https:\/\/novaluxeurope.com\/en\/wp-json\/wp\/v2\/product\/1205","targetHints":{"allow":["GET"]}}],"collection":[{"href":"https:\/\/novaluxeurope.com\/en\/wp-json\/wp\/v2\/product"}],"about":[{"href":"https:\/\/novaluxeurope.com\/en\/wp-json\/wp\/v2\/types\/product"}],"replies":[{"embeddable":true,"href":"https:\/\/novaluxeurope.com\/en\/wp-json\/wp\/v2\/comments?post=1205"}],"wp:featuredmedia":[{"embeddable":true,"href":"https:\/\/novaluxeurope.com\/en\/wp-json\/wp\/v2\/media\/1204"}],"wp:attachment":[{"href":"https:\/\/novaluxeurope.com\/en\/wp-json\/wp\/v2\/media?parent=1205"}],"wp:term":[{"taxonomy":"product_brand","embeddable":true,"href":"https:\/\/novaluxeurope.com\/en\/wp-json\/wp\/v2\/product_brand?post=1205"},{"taxonomy":"product_cat","embeddable":true,"href":"https:\/\/novaluxeurope.com\/en\/wp-json\/wp\/v2\/product_cat?post=1205"},{"taxonomy":"product_tag","embeddable":true,"href":"https:\/\/novaluxeurope.com\/en\/wp-json\/wp\/v2\/product_tag?post=1205"}],"curies":[{"name":"wp","href":"https:\/\/api.w.org\/{rel}","templated":true}]}}