{"id":1199,"date":"2026-04-02T21:12:33","date_gmt":"2026-04-02T21:12:33","guid":{"rendered":"https:\/\/novaluxeurope.com\/producto\/paris-corner-molten-caramel\/"},"modified":"2026-04-24T13:31:37","modified_gmt":"2026-04-24T13:31:37","slug":"paris-corner-molten-caramel","status":"publish","type":"product","link":"https:\/\/novaluxeurope.com\/en\/product\/paris-corner-molten-caramel\/","title":{"rendered":"Paris Corner Molten Caramel"},"content":{"rendered":"<p dir=\"ltr\"><strong>Disfruta de tu postre favorito<\/strong><\/p>\n<p dir=\"ltr\">El eau de parfum Paris Corner Molten Caramel es cremoso, c\u00e1lido e irresistiblemente gourmand, evocando ese postre que te hab\u00edas negado durante mucho tiempo\u2026 y que ahora disfrutas hasta el \u00faltimo bocado. Su aura suave y dulce te envuelve con calidez y deja una caricia perfumada que perdura mucho despu\u00e9s de la aplicaci\u00f3n.<\/p>\n<ul>\n<li value=\"1\">composici\u00f3n arom\u00e1tica gourmand con notas dulces<\/li>\n<li value=\"2\">ideal para los d\u00edas de oto\u00f1o e invierno<\/li>\n<li value=\"3\">unisex<\/li>\n<\/ul>\n<p dir=\"ltr\"><strong>Composici\u00f3n de la fragancia:<\/strong><br \/>Desde el primer instante te envuelve un rico acorde de chocolate blanco: suave y cremoso, casi fundi\u00e9ndose sobre la piel. A continuaci\u00f3n emergen suaves notas l\u00e1cteas y un caramelo aterciopelado. En la \u00faltima fase se revela el dulce resplandor del az\u00facar moreno, la sedosa vainilla y las pralin\u00e9s de frutos secos.<\/p>\n<h4>Pir\u00e1mide olfativa<\/h4>\n<ul>\n<li><strong>Notas de entrada:<\/strong> chocolate blanco<\/li>\n<li><strong>Notas de coraz\u00f3n:<\/strong> leche, caramelo<\/li>\n<li><strong>Notas de salida:<\/strong> az\u00facar moreno, vainilla, pralin\u00e9<\/li>\n<\/ul>","protected":false},"excerpt":{"rendered":"<p>Disfruta de tu postre favorito El eau de parfum Paris Corner Molten Caramel es cremoso, c\u00e1lido e irresistiblemente gourmand, evocando ese postre que te hab\u00edas negado durante mucho tiempo\u2026 y que ahora disfrutas hasta el \u00faltimo bocado. Su aura suave y dulce te envuelve con calidez y deja una caricia perfumada que perdura mucho despu\u00e9s [&hellip;]<\/p>\n","protected":false},"featured_media":1198,"comment_status":"open","ping_status":"closed","template":"","meta":[],"product_brand":[255],"product_cat":[225],"product_tag":[129,60,262,146,159,63],"class_list":{"0":"post-1199","1":"product","2":"type-product","3":"status-publish","4":"has-post-thumbnail","6":"product_brand-paris-corner","7":"product_cat-perfumes-y-fragancias","8":"product_tag-azucar-moreno","9":"product_tag-caramelo","10":"product_tag-chocolate-blanco","11":"product_tag-leche","12":"product_tag-praline","13":"product_tag-vainilla","15":"first","16":"instock","17":"taxable","18":"shipping-taxable","19":"product-type-simple"},"_links":{"self":[{"href":"https:\/\/novaluxeurope.com\/en\/wp-json\/wp\/v2\/product\/1199","targetHints":{"allow":["GET"]}}],"collection":[{"href":"https:\/\/novaluxeurope.com\/en\/wp-json\/wp\/v2\/product"}],"about":[{"href":"https:\/\/novaluxeurope.com\/en\/wp-json\/wp\/v2\/types\/product"}],"replies":[{"embeddable":true,"href":"https:\/\/novaluxeurope.com\/en\/wp-json\/wp\/v2\/comments?post=1199"}],"wp:featuredmedia":[{"embeddable":true,"href":"https:\/\/novaluxeurope.com\/en\/wp-json\/wp\/v2\/media\/1198"}],"wp:attachment":[{"href":"https:\/\/novaluxeurope.com\/en\/wp-json\/wp\/v2\/media?parent=1199"}],"wp:term":[{"taxonomy":"product_brand","embeddable":true,"href":"https:\/\/novaluxeurope.com\/en\/wp-json\/wp\/v2\/product_brand?post=1199"},{"taxonomy":"product_cat","embeddable":true,"href":"https:\/\/novaluxeurope.com\/en\/wp-json\/wp\/v2\/product_cat?post=1199"},{"taxonomy":"product_tag","embeddable":true,"href":"https:\/\/novaluxeurope.com\/en\/wp-json\/wp\/v2\/product_tag?post=1199"}],"curies":[{"name":"wp","href":"https:\/\/api.w.org\/{rel}","templated":true}]}}