{"id":1193,"date":"2026-04-02T21:12:25","date_gmt":"2026-04-02T21:12:25","guid":{"rendered":"https:\/\/novaluxeurope.com\/producto\/paris-corner-marshmallow-blush\/"},"modified":"2026-04-27T12:00:57","modified_gmt":"2026-04-27T12:00:57","slug":"paris-corner-marshmallow-blush","status":"publish","type":"product","link":"https:\/\/novaluxeurope.com\/en\/product\/paris-corner-marshmallow-blush\/","title":{"rendered":"Paris Corner Marshmallow Blush"},"content":{"rendered":"<p dir=\"ltr\"><strong>Una fragancia con la que tus d\u00edas ser\u00e1n un poco m\u00e1s dulces<\/strong><\/p>\n<p dir=\"ltr\">Cremoso y suave, el eau de parfum Paris Corner Marshmallow Blush nos trae a la mente una esponjosa nube de gominola que se deshace en la lengua. Haz que se funda con tu piel como si vivieras un sue\u00f1o hecho de golosinas.<\/p>\n<ul>\n<li value=\"1\">fragancia dulce y gourmand con notas frutales<\/li>\n<li value=\"2\">ideal para llevar durante el d\u00eda en los meses c\u00e1lidos<\/li>\n<li value=\"3\">composici\u00f3n unisex<\/li>\n<\/ul>\n<p dir=\"ltr\"><strong>Composici\u00f3n de la fragancia:<\/strong><br \/>La fragancia se abre con la jugosa fresa y la dulce frambuesa mezcladas con el lim\u00f3n, que irradia luz. A continuaci\u00f3n, sentir\u00e1s el embriagador azahar de naranjo junto a la esponjosa nata montada, que le aporta suavidad y cremosidad a toda la composici\u00f3n. La fragancia se asienta sobre la piel a trav\u00e9s de la pureza del almizcle, la calidez de la vainilla y la irresistible nube de gominola.<\/p>\n<p dir=\"ltr\"><strong>Historia de la fragancia:<\/strong><br \/>El frasco de tonos rosa pastel del eau de parfum Marshmallow Blush evoca un mundo de dulces caricias y besos de gominola. Cada vez que sientas esta fragancia, te estar\u00e1 invitando a un mundo donde todo es un poco m\u00e1s dulce. \u00bfAceptas la invitaci\u00f3n?<\/p>\n<h4>Pir\u00e1mide olfativa<\/h4>\n<ul>\n<li><strong>Notas de entrada:<\/strong> frambuesa, fresa, lim\u00f3n<\/li>\n<li><strong>Notas de coraz\u00f3n:<\/strong> ambroxan, flor de naranjo, nata montada<\/li>\n<li><strong>Notas de salida:<\/strong> marshmallow\/nube, almizcle, vainilla<\/li>\n<\/ul>","protected":false},"excerpt":{"rendered":"<p>Una fragancia con la que tus d\u00edas ser\u00e1n un poco m\u00e1s dulces Cremoso y suave, el eau de parfum Paris Corner Marshmallow Blush nos trae a la mente una esponjosa nube de gominola que se deshace en la lengua. Haz que se funda con tu piel como si vivieras un sue\u00f1o hecho de golosinas. fragancia [&hellip;]<\/p>\n","protected":false},"featured_media":1192,"comment_status":"open","ping_status":"closed","template":"","meta":[],"product_brand":[255],"product_cat":[225],"product_tag":[59,76,84,97,165,140,254,116,63],"class_list":{"0":"post-1193","1":"product","2":"type-product","3":"status-publish","4":"has-post-thumbnail","6":"product_brand-paris-corner","7":"product_cat-perfumes-y-fragancias","8":"product_tag-almizcle","9":"product_tag-ambroxan","10":"product_tag-flor-de-naranjo","11":"product_tag-frambuesa","12":"product_tag-fresa","13":"product_tag-limon","14":"product_tag-marshmallow-nube","15":"product_tag-nata-montada","16":"product_tag-vainilla","18":"first","19":"instock","20":"taxable","21":"shipping-taxable","22":"product-type-simple"},"_links":{"self":[{"href":"https:\/\/novaluxeurope.com\/en\/wp-json\/wp\/v2\/product\/1193","targetHints":{"allow":["GET"]}}],"collection":[{"href":"https:\/\/novaluxeurope.com\/en\/wp-json\/wp\/v2\/product"}],"about":[{"href":"https:\/\/novaluxeurope.com\/en\/wp-json\/wp\/v2\/types\/product"}],"replies":[{"embeddable":true,"href":"https:\/\/novaluxeurope.com\/en\/wp-json\/wp\/v2\/comments?post=1193"}],"wp:featuredmedia":[{"embeddable":true,"href":"https:\/\/novaluxeurope.com\/en\/wp-json\/wp\/v2\/media\/1192"}],"wp:attachment":[{"href":"https:\/\/novaluxeurope.com\/en\/wp-json\/wp\/v2\/media?parent=1193"}],"wp:term":[{"taxonomy":"product_brand","embeddable":true,"href":"https:\/\/novaluxeurope.com\/en\/wp-json\/wp\/v2\/product_brand?post=1193"},{"taxonomy":"product_cat","embeddable":true,"href":"https:\/\/novaluxeurope.com\/en\/wp-json\/wp\/v2\/product_cat?post=1193"},{"taxonomy":"product_tag","embeddable":true,"href":"https:\/\/novaluxeurope.com\/en\/wp-json\/wp\/v2\/product_tag?post=1193"}],"curies":[{"name":"wp","href":"https:\/\/api.w.org\/{rel}","templated":true}]}}