{"id":1182,"date":"2026-04-02T21:12:14","date_gmt":"2026-04-02T21:12:14","guid":{"rendered":"https:\/\/novaluxeurope.com\/producto\/paris-corner-khair-fusion\/"},"modified":"2026-05-08T16:01:10","modified_gmt":"2026-05-08T16:01:10","slug":"paris-corner-khair-fusion","status":"publish","type":"product","link":"https:\/\/novaluxeurope.com\/en\/product\/paris-corner-khair-fusion\/","title":{"rendered":"Paris Corner Khair Fusion"},"content":{"rendered":"<p dir=\"ltr\"><strong>Fragancia unisex que a\u00fana frescor y acordes refinados<\/strong><\/p>\n<p dir=\"ltr\">\u00bfQuieres causar una impresi\u00f3n seductora all\u00ed por donde pases? El eau de parfum unisex Paris Corner Oriental Collection Khair Fusion cautivar\u00e1 tus sentidos con una sinfon\u00eda de ingredientes arom\u00e1ticos seleccionados cuidadosamente que estimula tu \u00e1nimo.<\/p>\n<ul>\n<li value=\"1\">composici\u00f3n arom\u00e1tica con notas florales y frutales<\/li>\n<li value=\"2\">lanzada en el a\u00f1o 2023<\/li>\n<li value=\"3\">adecuada para uso diario<\/li>\n<\/ul>\n<p dir=\"ltr\"><strong>Composici\u00f3n de la fragancia:<\/strong><br \/>La fragancia se presenta con unas notas chispeantes de grosella negra, jugosa manzana roja, ex\u00f3tico lichi y refrescante lim\u00f3n italiano. En las notas de coraz\u00f3n aparecen las flores, representadas por el jazm\u00edn, la rosa y el pensamiento. En las de fondo se percibe la combinaci\u00f3n del sensual almizcle, la vainilla y la madera de s\u00e1ndalo y de cedro.<\/p>\n<p dir=\"ltr\"><strong>Historia de la fragancia:<\/strong><br \/>El eau de parfum para mujer y hombre Paris Corner Oriental Collection Khair Fusion se describe como una fragancia para cualquier ocasi\u00f3n que te vestir\u00e1 con una magia y una elegancia irresistibles.<\/p>\n<h4>Pir\u00e1mide olfativa<\/h4>\n<ul>\n<li><strong>Notas de entrada:<\/strong> lichi, grosella negra, manzana<\/li>\n<li><strong>Notas de coraz\u00f3n:<\/strong> jazm\u00edn, rosa, violeta<\/li>\n<li><strong>Notas de salida:<\/strong> madera de s\u00e1ndalo, vainilla, az\u00facar moreno<\/li>\n<\/ul>","protected":false},"excerpt":{"rendered":"<p>Fragancia unisex que a\u00fana frescor y acordes refinados \u00bfQuieres causar una impresi\u00f3n seductora all\u00ed por donde pases? El eau de parfum unisex Paris Corner Oriental Collection Khair Fusion cautivar\u00e1 tus sentidos con una sinfon\u00eda de ingredientes arom\u00e1ticos seleccionados cuidadosamente que estimula tu \u00e1nimo. composici\u00f3n arom\u00e1tica con notas florales y frutales lanzada en el a\u00f1o 2023 [&hellip;]<\/p>\n","protected":false},"featured_media":1181,"comment_status":"open","ping_status":"closed","template":"","meta":[],"product_brand":[255],"product_cat":[225],"product_tag":[129,111,56,108,47,88,49,63,51],"class_list":{"0":"post-1182","1":"product","2":"type-product","3":"status-publish","4":"has-post-thumbnail","6":"product_brand-paris-corner","7":"product_cat-perfumes-y-fragancias","8":"product_tag-azucar-moreno","9":"product_tag-grosella-negra","10":"product_tag-jazmin","11":"product_tag-lichi","12":"product_tag-madera-de-sandalo","13":"product_tag-manzana","14":"product_tag-rosa","15":"product_tag-vainilla","16":"product_tag-violeta","18":"first","19":"instock","20":"taxable","21":"shipping-taxable","22":"product-type-simple"},"_links":{"self":[{"href":"https:\/\/novaluxeurope.com\/en\/wp-json\/wp\/v2\/product\/1182","targetHints":{"allow":["GET"]}}],"collection":[{"href":"https:\/\/novaluxeurope.com\/en\/wp-json\/wp\/v2\/product"}],"about":[{"href":"https:\/\/novaluxeurope.com\/en\/wp-json\/wp\/v2\/types\/product"}],"replies":[{"embeddable":true,"href":"https:\/\/novaluxeurope.com\/en\/wp-json\/wp\/v2\/comments?post=1182"}],"wp:featuredmedia":[{"embeddable":true,"href":"https:\/\/novaluxeurope.com\/en\/wp-json\/wp\/v2\/media\/1181"}],"wp:attachment":[{"href":"https:\/\/novaluxeurope.com\/en\/wp-json\/wp\/v2\/media?parent=1182"}],"wp:term":[{"taxonomy":"product_brand","embeddable":true,"href":"https:\/\/novaluxeurope.com\/en\/wp-json\/wp\/v2\/product_brand?post=1182"},{"taxonomy":"product_cat","embeddable":true,"href":"https:\/\/novaluxeurope.com\/en\/wp-json\/wp\/v2\/product_cat?post=1182"},{"taxonomy":"product_tag","embeddable":true,"href":"https:\/\/novaluxeurope.com\/en\/wp-json\/wp\/v2\/product_tag?post=1182"}],"curies":[{"name":"wp","href":"https:\/\/api.w.org\/{rel}","templated":true}]}}