{"id":1177,"date":"2026-04-02T21:12:09","date_gmt":"2026-04-02T21:12:09","guid":{"rendered":"https:\/\/novaluxeurope.com\/producto\/paris-corner-oriental-collection-khair-confection\/"},"modified":"2026-05-04T16:01:13","modified_gmt":"2026-05-04T16:01:13","slug":"paris-corner-oriental-collection-khair-confection","status":"publish","type":"product","link":"https:\/\/novaluxeurope.com\/en\/product\/paris-corner-oriental-collection-khair-confection\/","title":{"rendered":"Paris Corner Oriental Collection Khair Confection"},"content":{"rendered":"<p dir=\"ltr\"><strong>La fragancia de una dulce tentaci\u00f3n<\/strong><\/p>\n<p dir=\"ltr\">El eau de parfum Paris Corner Khair Confection es como el primer bocado de tu postre favorito: adictivo, delicado y c\u00e1lido. Esta fragancia gourmand atraer\u00e1 a todos los amantes de los acordes dulces y sofisticados que desean un aroma irresistible y elegante al mismo tiempo.<\/p>\n<ul>\n<li value=\"1\">fragancia gourmand dulce con fondo floral<\/li>\n<li value=\"2\">ideal para llevar todo el a\u00f1o<\/li>\n<li value=\"3\">unisex<\/li>\n<\/ul>\n<p dir=\"ltr\"><strong>Composici\u00f3n de la fragancia:<\/strong><br \/>La fragancia comienza con pera dulce y jugosa junto con cremosa nata montada, lo que evoca un delicado postre preparado con cari\u00f1o. A continuaci\u00f3n, surgen notas florales de jazm\u00edn y ex\u00f3tico ylang-ylang, que aportan feminidad y majestuosidad a la fragancia. El aterciopelado cashmeran lo une todo como un abrazo dulce y suave. Para terminar surgen el esponjoso malvavisco, la dulce vainilla y la c\u00e1lida madera de s\u00e1ndalo.<\/p>\n<p dir=\"ltr\"><strong>Historia de la fragancia:<\/strong><br \/>El frasco del eau de parfum Khair Confection es tan seductor como la fragancia que contiene. Su transici\u00f3n de color del turquesa al \u00e1mbar y al dorado intenso evoca una sensaci\u00f3n de exotismo. Su enorme tap\u00f3n, con elaborados adornos orientales y acabado en punta, parece una corona, lo que resalta el valor de esta encantadora joya.<\/p>\n<h4>Pir\u00e1mide olfativa<\/h4>\n<ul>\n<li><strong>Notas de entrada:<\/strong> pera, nata montada<\/li>\n<li><strong>Notas de coraz\u00f3n:<\/strong> jazm\u00edn, ylang-ylang, cashmeran<\/li>\n<li><strong>Notas de salida:<\/strong> madera de s\u00e1ndalo, marshmallow\/nube, vainilla<\/li>\n<\/ul>","protected":false},"excerpt":{"rendered":"<p>La fragancia de una dulce tentaci\u00f3n El eau de parfum Paris Corner Khair Confection es como el primer bocado de tu postre favorito: adictivo, delicado y c\u00e1lido. Esta fragancia gourmand atraer\u00e1 a todos los amantes de los acordes dulces y sofisticados que desean un aroma irresistible y elegante al mismo tiempo. fragancia gourmand dulce con [&hellip;]<\/p>\n","protected":false},"featured_media":1176,"comment_status":"open","ping_status":"closed","template":"","meta":[],"product_brand":[255],"product_cat":[225],"product_tag":[121,56,47,254,116,112,63,149],"class_list":{"0":"post-1177","1":"product","2":"type-product","3":"status-publish","4":"has-post-thumbnail","6":"product_brand-paris-corner","7":"product_cat-perfumes-y-fragancias","8":"product_tag-cashmeran","9":"product_tag-jazmin","10":"product_tag-madera-de-sandalo","11":"product_tag-marshmallow-nube","12":"product_tag-nata-montada","13":"product_tag-pera","14":"product_tag-vainilla","15":"product_tag-ylang-ylang","17":"first","18":"instock","19":"taxable","20":"shipping-taxable","21":"product-type-simple"},"_links":{"self":[{"href":"https:\/\/novaluxeurope.com\/en\/wp-json\/wp\/v2\/product\/1177","targetHints":{"allow":["GET"]}}],"collection":[{"href":"https:\/\/novaluxeurope.com\/en\/wp-json\/wp\/v2\/product"}],"about":[{"href":"https:\/\/novaluxeurope.com\/en\/wp-json\/wp\/v2\/types\/product"}],"replies":[{"embeddable":true,"href":"https:\/\/novaluxeurope.com\/en\/wp-json\/wp\/v2\/comments?post=1177"}],"wp:featuredmedia":[{"embeddable":true,"href":"https:\/\/novaluxeurope.com\/en\/wp-json\/wp\/v2\/media\/1176"}],"wp:attachment":[{"href":"https:\/\/novaluxeurope.com\/en\/wp-json\/wp\/v2\/media?parent=1177"}],"wp:term":[{"taxonomy":"product_brand","embeddable":true,"href":"https:\/\/novaluxeurope.com\/en\/wp-json\/wp\/v2\/product_brand?post=1177"},{"taxonomy":"product_cat","embeddable":true,"href":"https:\/\/novaluxeurope.com\/en\/wp-json\/wp\/v2\/product_cat?post=1177"},{"taxonomy":"product_tag","embeddable":true,"href":"https:\/\/novaluxeurope.com\/en\/wp-json\/wp\/v2\/product_tag?post=1177"}],"curies":[{"name":"wp","href":"https:\/\/api.w.org\/{rel}","templated":true}]}}