{"id":1173,"date":"2026-04-02T20:47:25","date_gmt":"2026-04-02T20:47:25","guid":{"rendered":"https:\/\/novaluxeurope.com\/producto\/fragrance-world-cafe-n-cream\/"},"modified":"2026-05-06T20:29:15","modified_gmt":"2026-05-06T20:29:15","slug":"fragrance-world-cafe-n-cream","status":"publish","type":"product","link":"https:\/\/novaluxeurope.com\/en\/product\/fragrance-world-cafe-n-cream\/","title":{"rendered":"Fragrance World Cafe N&#8217; Cream"},"content":{"rendered":"<p>\u00bfTienes una cita, vas a una fiesta o has quedado con tus amigos? El eau de parfum unisex Fragrance World Cafe N&#8217; Cream es perfecto para cualquier ocasi\u00f3n en la que desees brillar. Descubre t\u00fa tambi\u00e9n una fragancia que resaltar\u00e1 a la perfecci\u00f3n tu extraordinario atractivo.<\/p>\n<ul>\n<li>fragancia gourmand<\/li>\n<li>fragancia dulce<\/li>\n<li>para optimistas incorregibles<\/li>\n<li>fragancia c\u00e1lida, ideal para las \u00e9pocas fr\u00edas<\/li>\n<\/ul>\n<h4>Pir\u00e1mide olfativa<\/h4>\n<ul>\n<li><strong>Notas de entrada:<\/strong> amaretto, caf\u00e9<\/li>\n<li><strong>Notas de coraz\u00f3n:<\/strong> galleta, helado, vainilla<\/li>\n<li><strong>Notas de salida:<\/strong> az\u00facar moreno, vainilla, \u00e1mbar<\/li>\n<\/ul>","protected":false},"excerpt":{"rendered":"<p>\u00bfTienes una cita, vas a una fiesta o has quedado con tus amigos? El eau de parfum unisex Fragrance World Cafe N&#8217; Cream es perfecto para cualquier ocasi\u00f3n en la que desees brillar. Descubre t\u00fa tambi\u00e9n una fragancia que resaltar\u00e1 a la perfecci\u00f3n tu extraordinario atractivo. fragancia gourmand fragancia dulce para optimistas incorregibles fragancia c\u00e1lida, [&hellip;]<\/p>\n","protected":false},"featured_media":1172,"comment_status":"open","ping_status":"closed","template":"","meta":[],"product_brand":[117],"product_cat":[225],"product_tag":[251,52,129,182,252,253,63],"class_list":{"0":"post-1173","1":"product","2":"type-product","3":"status-publish","4":"has-post-thumbnail","6":"product_brand-fragrance-world","7":"product_cat-perfumes-y-fragancias","8":"product_tag-amaretto","9":"product_tag-ambar","10":"product_tag-azucar-moreno","11":"product_tag-cafe","12":"product_tag-galleta","13":"product_tag-helado","14":"product_tag-vainilla","16":"first","17":"instock","18":"taxable","19":"shipping-taxable","20":"product-type-simple"},"_links":{"self":[{"href":"https:\/\/novaluxeurope.com\/en\/wp-json\/wp\/v2\/product\/1173","targetHints":{"allow":["GET"]}}],"collection":[{"href":"https:\/\/novaluxeurope.com\/en\/wp-json\/wp\/v2\/product"}],"about":[{"href":"https:\/\/novaluxeurope.com\/en\/wp-json\/wp\/v2\/types\/product"}],"replies":[{"embeddable":true,"href":"https:\/\/novaluxeurope.com\/en\/wp-json\/wp\/v2\/comments?post=1173"}],"wp:featuredmedia":[{"embeddable":true,"href":"https:\/\/novaluxeurope.com\/en\/wp-json\/wp\/v2\/media\/1172"}],"wp:attachment":[{"href":"https:\/\/novaluxeurope.com\/en\/wp-json\/wp\/v2\/media?parent=1173"}],"wp:term":[{"taxonomy":"product_brand","embeddable":true,"href":"https:\/\/novaluxeurope.com\/en\/wp-json\/wp\/v2\/product_brand?post=1173"},{"taxonomy":"product_cat","embeddable":true,"href":"https:\/\/novaluxeurope.com\/en\/wp-json\/wp\/v2\/product_cat?post=1173"},{"taxonomy":"product_tag","embeddable":true,"href":"https:\/\/novaluxeurope.com\/en\/wp-json\/wp\/v2\/product_tag?post=1173"}],"curies":[{"name":"wp","href":"https:\/\/api.w.org\/{rel}","templated":true}]}}