{"id":1149,"date":"2026-04-02T19:37:42","date_gmt":"2026-04-02T19:37:42","guid":{"rendered":"https:\/\/novaluxeurope.com\/producto\/ard-al-zaafaran-yara\/"},"modified":"2026-05-03T20:01:05","modified_gmt":"2026-05-03T20:01:05","slug":"ard-al-zaafaran-yara","status":"publish","type":"product","link":"https:\/\/novaluxeurope.com\/en\/product\/ard-al-zaafaran-yara\/","title":{"rendered":"Ard Al Zaafaran Yara"},"content":{"rendered":"<p dir=\"ltr\"><strong>Una fragancia seductora con notas de coraz\u00f3n gourmand<\/strong><\/p>\n<p dir=\"ltr\">El eau de parfum Ard Al Zaafaran Yara es como un dulce sue\u00f1o en un pa\u00eds tropical: sensual y agradablemente c\u00e1lido. Su composici\u00f3n arom\u00e1tica est\u00e1 repleta de notas florales y atalcadas que capturan el irresistible encanto femenino, creando una impresi\u00f3n tierna e inolvidable con su duraci\u00f3n y profundidad.<\/p>\n<ul>\n<li value=\"1\">fragancia floral dulce y atalcada con unas notas de coraz\u00f3n gourmand<\/li>\n<li value=\"2\">ideal para usar a diario, especialmente en primavera y verano<\/li>\n<li value=\"3\">para mujer<\/li>\n<\/ul>\n<p dir=\"ltr\"><strong>Composici\u00f3n de la fragancia:<\/strong><br \/>\nLa fragancia Yara se abre con una delicada combinaci\u00f3n de orqu\u00eddea, heliotropo y jugosa mandarina. Su ligero toque floral atalcado precede a un alegre frescor frutal. A continuaci\u00f3n se despliega ante ti un atractivo acorde gourmand con notas de frutas tropicales, aport\u00e1ndole a la fragancia un car\u00e1cter dulce y cremoso. El cierre se compone de sedosa vainilla, c\u00e1lida madera de s\u00e1ndalo y sensual almizcle: un final elegante para una composici\u00f3n perfectamente equilibrada.<\/p>\n<h4>Pir\u00e1mide olfativa<\/h4>\n<ul>\n<li><strong>Notas de entrada:<\/strong> verrucaria, mandarina, orqu\u00eddea<\/li>\n<li><strong>Notas de coraz\u00f3n:<\/strong> frutas tropicales, flores<\/li>\n<li><strong>Notas de salida:<\/strong> almizcle, madera de s\u00e1ndalo, vainilla<\/li>\n<\/ul>","protected":false},"excerpt":{"rendered":"<p>Una fragancia seductora con notas de coraz\u00f3n gourmand El eau de parfum Ard Al Zaafaran Yara es como un dulce sue\u00f1o en un pa\u00eds tropical: sensual y agradablemente c\u00e1lido. Su composici\u00f3n arom\u00e1tica est\u00e1 repleta de notas florales y atalcadas que capturan el irresistible encanto femenino, creando una impresi\u00f3n tierna e inolvidable con su duraci\u00f3n y [&hellip;]<\/p>\n","protected":false},"featured_media":1148,"comment_status":"open","ping_status":"closed","template":"","meta":[],"product_brand":[243],"product_cat":[225],"product_tag":[59,246,247,47,99,248,63,249],"class_list":{"0":"post-1149","1":"product","2":"type-product","3":"status-publish","4":"has-post-thumbnail","6":"product_brand-ard-al-zaafaran","7":"product_cat-perfumes-y-fragancias","8":"product_tag-almizcle","9":"product_tag-flores","10":"product_tag-frutas-tropicales","11":"product_tag-madera-de-sandalo","12":"product_tag-mandarina","13":"product_tag-orquidea","14":"product_tag-vainilla","15":"product_tag-verrucaria","17":"first","18":"instock","19":"taxable","20":"shipping-taxable","21":"product-type-simple"},"_links":{"self":[{"href":"https:\/\/novaluxeurope.com\/en\/wp-json\/wp\/v2\/product\/1149","targetHints":{"allow":["GET"]}}],"collection":[{"href":"https:\/\/novaluxeurope.com\/en\/wp-json\/wp\/v2\/product"}],"about":[{"href":"https:\/\/novaluxeurope.com\/en\/wp-json\/wp\/v2\/types\/product"}],"replies":[{"embeddable":true,"href":"https:\/\/novaluxeurope.com\/en\/wp-json\/wp\/v2\/comments?post=1149"}],"wp:featuredmedia":[{"embeddable":true,"href":"https:\/\/novaluxeurope.com\/en\/wp-json\/wp\/v2\/media\/1148"}],"wp:attachment":[{"href":"https:\/\/novaluxeurope.com\/en\/wp-json\/wp\/v2\/media?parent=1149"}],"wp:term":[{"taxonomy":"product_brand","embeddable":true,"href":"https:\/\/novaluxeurope.com\/en\/wp-json\/wp\/v2\/product_brand?post=1149"},{"taxonomy":"product_cat","embeddable":true,"href":"https:\/\/novaluxeurope.com\/en\/wp-json\/wp\/v2\/product_cat?post=1149"},{"taxonomy":"product_tag","embeddable":true,"href":"https:\/\/novaluxeurope.com\/en\/wp-json\/wp\/v2\/product_tag?post=1149"}],"curies":[{"name":"wp","href":"https:\/\/api.w.org\/{rel}","templated":true}]}}