{"id":1146,"date":"2026-04-02T19:37:39","date_gmt":"2026-04-02T19:37:39","guid":{"rendered":"https:\/\/novaluxeurope.com\/producto\/ard-al-zaafaran-dirham-wardi\/"},"modified":"2026-05-06T20:29:14","modified_gmt":"2026-05-06T20:29:14","slug":"ard-al-zaafaran-dirham-wardi","status":"publish","type":"product","link":"https:\/\/novaluxeurope.com\/en\/product\/ard-al-zaafaran-dirham-wardi\/","title":{"rendered":"Ard Al Zaafaran Dirham Wardi"},"content":{"rendered":"<p dir=\"ltr\"><strong>Una elegancia radiante en cada gota<\/strong><\/p>\n<p dir=\"ltr\">Envu\u00e9lvete en una armon\u00eda llena de frescor, flores y una calidez sensual. El eau de parfum Ard Al Zaafaran Dirham Wardi es como un ramo de emociones soleadas que te envuelve con unas notas de salida frutales, te transporta a un mundo de flores rom\u00e1nticas y culmina con unas notas de fondo c\u00e1lidas y elegantes.<\/p>\n<ul>\n<li value=\"1\">composici\u00f3n floral<\/li>\n<li value=\"2\">fragancia unisex tanto para hombre como para mujer<\/li>\n<li value=\"3\">la elecci\u00f3n ideal para los amantes de los perfumes sensuales y complejos<\/li>\n<\/ul>\n<p dir=\"ltr\"><strong>Composici\u00f3n de la fragancia<\/strong><br \/>La fragancia se inicia con la vibrante combinaci\u00f3n de almendras dulces, jugosa mandarina, fresco pomelo e intensa grosella negra, dando lugar a un comienzo chispeante y en\u00e9rgico. Paulatinamente surgen las notas de coraz\u00f3n, compuestas por un rico ramo floral en el que se entrelazan el jazm\u00edn, la rosa, el nardo, el ylang-ylang y la flor de azahar, brind\u00e1ndole a la fragancia un car\u00e1cter rom\u00e1ntico y elegante. Al final, la composici\u00f3n se cierra con c\u00e1lida madera de s\u00e1ndalo, sensual almizcle y \u00e1mbar, dejando una huella suave y duradera en la piel.<\/p>\n<p dir=\"ltr\"><strong>Historia de la fragancia<\/strong><br \/>El eau de parfum Ard Al Zaafaran Dirham Wardi presenta el equilibrio entre el frescor y la profundidad. Su composici\u00f3n floral-frutal evoca las tardes soleadas y una sensaci\u00f3n de alegr\u00eda, mientras que las notas de fondo c\u00e1lidas le aportan sensualidad y elegancia a la fragancia. Esta fragancia atemporal ha sido dise\u00f1ada para realzar tu belleza y tu confianza en cualquier situaci\u00f3n, tanto si la llevas a diario como en ocasiones especiales.<\/p>\n<h4>Pir\u00e1mide olfativa<\/h4>\n<ul>\n<li><strong>Notas de entrada:<\/strong> almendras, mandarina, pomelo, grosella negra<\/li>\n<li><strong>Notas de coraz\u00f3n:<\/strong> jazm\u00edn, rosa, tuberosa, ylang-ylang, flor de naranjo<\/li>\n<li><strong>Notas de salida:<\/strong> almizcle, madera de s\u00e1ndalo, \u00e1mbar<\/li>\n<\/ul>","protected":false},"excerpt":{"rendered":"<p>Una elegancia radiante en cada gota Envu\u00e9lvete en una armon\u00eda llena de frescor, flores y una calidez sensual. El eau de parfum Ard Al Zaafaran Dirham Wardi es como un ramo de emociones soleadas que te envuelve con unas notas de salida frutales, te transporta a un mundo de flores rom\u00e1nticas y culmina con unas [&hellip;]<\/p>\n","protected":false},"featured_media":1145,"comment_status":"open","ping_status":"closed","template":"","meta":[],"product_brand":[243],"product_cat":[225],"product_tag":[244,59,52,84,111,56,47,99,245,49,203,149],"class_list":{"0":"post-1146","1":"product","2":"type-product","3":"status-publish","4":"has-post-thumbnail","6":"product_brand-ard-al-zaafaran","7":"product_cat-perfumes-y-fragancias","8":"product_tag-almendras","9":"product_tag-almizcle","10":"product_tag-ambar","11":"product_tag-flor-de-naranjo","12":"product_tag-grosella-negra","13":"product_tag-jazmin","14":"product_tag-madera-de-sandalo","15":"product_tag-mandarina","16":"product_tag-pomelo","17":"product_tag-rosa","18":"product_tag-tuberosa","19":"product_tag-ylang-ylang","21":"first","22":"instock","23":"taxable","24":"shipping-taxable","25":"product-type-simple"},"_links":{"self":[{"href":"https:\/\/novaluxeurope.com\/en\/wp-json\/wp\/v2\/product\/1146","targetHints":{"allow":["GET"]}}],"collection":[{"href":"https:\/\/novaluxeurope.com\/en\/wp-json\/wp\/v2\/product"}],"about":[{"href":"https:\/\/novaluxeurope.com\/en\/wp-json\/wp\/v2\/types\/product"}],"replies":[{"embeddable":true,"href":"https:\/\/novaluxeurope.com\/en\/wp-json\/wp\/v2\/comments?post=1146"}],"wp:featuredmedia":[{"embeddable":true,"href":"https:\/\/novaluxeurope.com\/en\/wp-json\/wp\/v2\/media\/1145"}],"wp:attachment":[{"href":"https:\/\/novaluxeurope.com\/en\/wp-json\/wp\/v2\/media?parent=1146"}],"wp:term":[{"taxonomy":"product_brand","embeddable":true,"href":"https:\/\/novaluxeurope.com\/en\/wp-json\/wp\/v2\/product_brand?post=1146"},{"taxonomy":"product_cat","embeddable":true,"href":"https:\/\/novaluxeurope.com\/en\/wp-json\/wp\/v2\/product_cat?post=1146"},{"taxonomy":"product_tag","embeddable":true,"href":"https:\/\/novaluxeurope.com\/en\/wp-json\/wp\/v2\/product_tag?post=1146"}],"curies":[{"name":"wp","href":"https:\/\/api.w.org\/{rel}","templated":true}]}}