{"id":1135,"date":"2026-04-02T18:08:33","date_gmt":"2026-04-02T18:08:33","guid":{"rendered":"https:\/\/novaluxeurope.com\/producto\/arabiyat-prestige-la-di-da-for-her\/"},"modified":"2026-05-06T20:29:14","modified_gmt":"2026-05-06T20:29:14","slug":"arabiyat-prestige-la-di-da-for-her","status":"publish","type":"product","link":"https:\/\/novaluxeurope.com\/en\/product\/arabiyat-prestige-la-di-da-for-her\/","title":{"rendered":"Arabiyat Prestige La Di Da For Her"},"content":{"rendered":"<p>La combinaci\u00f3n de suavidad y fuerza que se esconde dentro de cada mujer se ha materializado en el mundo de las fragancias. El eau de parfum Arabiyat Prestige La Di Da For Her revelar\u00e1 poco a poco todas las caras de tu personalidad y resaltar\u00e1 a la perfecci\u00f3n tu extraordinario atractivo.<\/p>\n<ul>\n<li>fragancia dulce<\/li>\n<li>fragancia de \u00e1mbar<\/li>\n<li>una elecci\u00f3n ideal para mujeres de mente abierta<\/li>\n<li>fragancia adecuada para uso diario<\/li>\n<\/ul>\n<h4>Pir\u00e1mide olfativa<\/h4>\n<ul>\n<li><strong>Notas de entrada:<\/strong> lim\u00f3n, frambuesa, notas dulces<\/li>\n<li><strong>Notas de coraz\u00f3n:<\/strong> rosa, tuberosa, ylang-ylang<\/li>\n<li><strong>Notas de salida:<\/strong> almizcle, vainilla, benju\u00ed<\/li>\n<\/ul>","protected":false},"excerpt":{"rendered":"<p>La combinaci\u00f3n de suavidad y fuerza que se esconde dentro de cada mujer se ha materializado en el mundo de las fragancias. El eau de parfum Arabiyat Prestige La Di Da For Her revelar\u00e1 poco a poco todas las caras de tu personalidad y resaltar\u00e1 a la perfecci\u00f3n tu extraordinario atractivo. fragancia dulce fragancia de [&hellip;]<\/p>\n","protected":false},"featured_media":1134,"comment_status":"open","ping_status":"closed","template":"","meta":[],"product_brand":[238],"product_cat":[225],"product_tag":[59,126,97,140,239,49,203,63,149],"class_list":{"0":"post-1135","1":"product","2":"type-product","3":"status-publish","4":"has-post-thumbnail","6":"product_brand-arabiyat-prestige","7":"product_cat-perfumes-y-fragancias","8":"product_tag-almizcle","9":"product_tag-benjui","10":"product_tag-frambuesa","11":"product_tag-limon","12":"product_tag-notas-dulces","13":"product_tag-rosa","14":"product_tag-tuberosa","15":"product_tag-vainilla","16":"product_tag-ylang-ylang","18":"first","19":"instock","20":"taxable","21":"shipping-taxable","22":"product-type-simple"},"_links":{"self":[{"href":"https:\/\/novaluxeurope.com\/en\/wp-json\/wp\/v2\/product\/1135","targetHints":{"allow":["GET"]}}],"collection":[{"href":"https:\/\/novaluxeurope.com\/en\/wp-json\/wp\/v2\/product"}],"about":[{"href":"https:\/\/novaluxeurope.com\/en\/wp-json\/wp\/v2\/types\/product"}],"replies":[{"embeddable":true,"href":"https:\/\/novaluxeurope.com\/en\/wp-json\/wp\/v2\/comments?post=1135"}],"wp:featuredmedia":[{"embeddable":true,"href":"https:\/\/novaluxeurope.com\/en\/wp-json\/wp\/v2\/media\/1134"}],"wp:attachment":[{"href":"https:\/\/novaluxeurope.com\/en\/wp-json\/wp\/v2\/media?parent=1135"}],"wp:term":[{"taxonomy":"product_brand","embeddable":true,"href":"https:\/\/novaluxeurope.com\/en\/wp-json\/wp\/v2\/product_brand?post=1135"},{"taxonomy":"product_cat","embeddable":true,"href":"https:\/\/novaluxeurope.com\/en\/wp-json\/wp\/v2\/product_cat?post=1135"},{"taxonomy":"product_tag","embeddable":true,"href":"https:\/\/novaluxeurope.com\/en\/wp-json\/wp\/v2\/product_tag?post=1135"}],"curies":[{"name":"wp","href":"https:\/\/api.w.org\/{rel}","templated":true}]}}