{"id":1124,"date":"2026-04-02T18:08:28","date_gmt":"2026-04-02T18:08:28","guid":{"rendered":"https:\/\/novaluxeurope.com\/producto\/arabiyat-prestige-marwa\/"},"modified":"2026-05-07T16:01:20","modified_gmt":"2026-05-07T16:01:20","slug":"arabiyat-prestige-marwa","status":"publish","type":"product","link":"https:\/\/novaluxeurope.com\/en\/product\/arabiyat-prestige-marwa\/","title":{"rendered":"Arabiyat Prestige Marwa"},"content":{"rendered":"<p>\u00a1No pierdas el ritmo ni siquiera despu\u00e9s de un d\u00eda dif\u00edcil! El eau de parfum para hombre Arabiyat Prestige Marwa es una variada combinaci\u00f3n de ingredientes arom\u00e1ticos que no te cansar\u00e1 nunca y te mantendr\u00e1 al ritmo adecuado.<\/p>\n<ul>\n<li>fragancia arom\u00e1tica con notas herbales<\/li>\n<li>fragancia c\u00edtrica<\/li>\n<li>fragancia almizclada<\/li>\n<li>la elecci\u00f3n ideal para aventureros valientes<\/li>\n<li>fragancia adecuada para uso diario<\/li>\n<\/ul>\n<h4>Pir\u00e1mide olfativa<\/h4>\n<ul>\n<li><strong>Notas de entrada:<\/strong> bergamota, petitgrain (naranjo agrio), jengibre<\/li>\n<li><strong>Notas de coraz\u00f3n:<\/strong> geranio, t\u00e9, incenso<\/li>\n<li><strong>Notas de salida:<\/strong> ambroxan, madera de guayaco, almizcle<\/li>\n<\/ul>","protected":false},"excerpt":{"rendered":"<p>\u00a1No pierdas el ritmo ni siquiera despu\u00e9s de un d\u00eda dif\u00edcil! El eau de parfum para hombre Arabiyat Prestige Marwa es una variada combinaci\u00f3n de ingredientes arom\u00e1ticos que no te cansar\u00e1 nunca y te mantendr\u00e1 al ritmo adecuado. fragancia arom\u00e1tica con notas herbales fragancia c\u00edtrica fragancia almizclada la elecci\u00f3n ideal para aventureros valientes fragancia adecuada [&hellip;]<\/p>\n","protected":false},"featured_media":1123,"comment_status":"open","ping_status":"closed","template":"","meta":[],"product_brand":[238],"product_cat":[225],"product_tag":[59,76,102,131,185,180,147,236,237],"class_list":{"0":"post-1124","1":"product","2":"type-product","3":"status-publish","4":"has-post-thumbnail","6":"product_brand-arabiyat-prestige","7":"product_cat-perfumes-y-fragancias","8":"product_tag-almizcle","9":"product_tag-ambroxan","10":"product_tag-bergamota","11":"product_tag-geranio","12":"product_tag-incenso","13":"product_tag-jengibre","14":"product_tag-madera-de-guayaco","15":"product_tag-petitgrain-naranjo-agrio","16":"product_tag-te","18":"first","19":"outofstock","20":"taxable","21":"shipping-taxable","22":"product-type-simple"},"_links":{"self":[{"href":"https:\/\/novaluxeurope.com\/en\/wp-json\/wp\/v2\/product\/1124","targetHints":{"allow":["GET"]}}],"collection":[{"href":"https:\/\/novaluxeurope.com\/en\/wp-json\/wp\/v2\/product"}],"about":[{"href":"https:\/\/novaluxeurope.com\/en\/wp-json\/wp\/v2\/types\/product"}],"replies":[{"embeddable":true,"href":"https:\/\/novaluxeurope.com\/en\/wp-json\/wp\/v2\/comments?post=1124"}],"wp:featuredmedia":[{"embeddable":true,"href":"https:\/\/novaluxeurope.com\/en\/wp-json\/wp\/v2\/media\/1123"}],"wp:attachment":[{"href":"https:\/\/novaluxeurope.com\/en\/wp-json\/wp\/v2\/media?parent=1124"}],"wp:term":[{"taxonomy":"product_brand","embeddable":true,"href":"https:\/\/novaluxeurope.com\/en\/wp-json\/wp\/v2\/product_brand?post=1124"},{"taxonomy":"product_cat","embeddable":true,"href":"https:\/\/novaluxeurope.com\/en\/wp-json\/wp\/v2\/product_cat?post=1124"},{"taxonomy":"product_tag","embeddable":true,"href":"https:\/\/novaluxeurope.com\/en\/wp-json\/wp\/v2\/product_tag?post=1124"}],"curies":[{"name":"wp","href":"https:\/\/api.w.org\/{rel}","templated":true}]}}