{"id":1109,"date":"2026-04-01T16:39:11","date_gmt":"2026-04-01T16:39:11","guid":{"rendered":"https:\/\/novaluxeurope.com\/producto\/afnan-supremacy-in-oud-exp-u-150-ml\/"},"modified":"2026-04-24T13:14:29","modified_gmt":"2026-04-24T13:14:29","slug":"afnan-supremacy-in-oud-exp-u-150-ml","status":"publish","type":"product","link":"https:\/\/novaluxeurope.com\/en\/product\/afnan-supremacy-in-oud-exp-u-150-ml\/","title":{"rendered":"Afnan Supremacy In Oud EXP"},"content":{"rendered":"<p>Descubra la exquisita elegancia de Supremacy in Oud de Afnan , una fragancia unisex que trasciende los olores ordinarios. Lanzada en 2021, esta arom\u00e1tica fragancia especiada pertenece a la distinguida Colecci\u00f3n de Lujo de Afnan , que encarna las ricas tradiciones de la perfumer\u00eda de Oriente Medio. Supremacy in Oud se abre con una cautivadora mezcla de azafr\u00e1n, nuez moscada y lavanda , creando una introducci\u00f3n vibrante y vigorizante. A medida que la fragancia se despliega, el coraz\u00f3n revela una lujosa mezcla de madera de oud y notas dulces, creando un aroma c\u00e1lido y acogedor que perdura maravillosamente. Las notas de fondo de pachul\u00ed y almizcle proporcionan un acabado sofisticado, aportando a la fragancia una riqueza profunda y terrosa. Este Extrait de Parfum de 150 ml est\u00e1 dise\u00f1ado para dejar una impresi\u00f3n duradera, por lo que es la elecci\u00f3n perfecta para quienes buscan elegancia y fuerza en su fragancia. Creada por la renombrada casa de dise\u00f1o Afnan, Supremacy in Oud es un testimonio del arte y la herencia de las fragancias de Oriente Medio. Su atractivo unisex garantiza que pueda ser disfrutado por cualquiera que aprecie las cosas buenas de la vida. NOTAS DE PERFUME Notas de salida: Azafr\u00e1n, lavanda, nuez moscada Notas medias: Madera de agar, Dulce Notas de fondo: Almizcle, Pachul\u00ed<\/p>\n<h4>Pir\u00e1mide olfativa<\/h4>\n<ul>\n<li><strong>Notas de entrada:<\/strong> Azafr\u00e1n, Lavanda, Nuez moscada<\/li>\n<li><strong>Notas de coraz\u00f3n:<\/strong> Madera de agar, Dulce<\/li>\n<li><strong>Notas de salida:<\/strong> Almizcle, Pachul\u00ed<\/li>\n<\/ul>","protected":false},"excerpt":{"rendered":"<p>Descubra la exquisita elegancia de Supremacy in Oud de Afnan , una fragancia unisex que trasciende los olores ordinarios. Lanzada en 2021, esta arom\u00e1tica fragancia especiada pertenece a la distinguida Colecci\u00f3n de Lujo de Afnan , que encarna las ricas tradiciones de la perfumer\u00eda de Oriente Medio. Supremacy in Oud se abre con una cautivadora [&hellip;]<\/p>\n","protected":false},"featured_media":1108,"comment_status":"open","ping_status":"closed","template":"","meta":[],"product_brand":[119],"product_cat":[225],"product_tag":[59,87,233,73,68,95,67],"class_list":{"0":"post-1109","1":"product","2":"type-product","3":"status-publish","4":"has-post-thumbnail","6":"product_brand-afnan","7":"product_cat-perfumes-y-fragancias","8":"product_tag-almizcle","9":"product_tag-azafran","10":"product_tag-dulce","11":"product_tag-lavanda","12":"product_tag-madera-de-agar","13":"product_tag-nuez-moscada","14":"product_tag-pachuli","16":"first","17":"outofstock","18":"taxable","19":"shipping-taxable","20":"product-type-simple"},"_links":{"self":[{"href":"https:\/\/novaluxeurope.com\/en\/wp-json\/wp\/v2\/product\/1109","targetHints":{"allow":["GET"]}}],"collection":[{"href":"https:\/\/novaluxeurope.com\/en\/wp-json\/wp\/v2\/product"}],"about":[{"href":"https:\/\/novaluxeurope.com\/en\/wp-json\/wp\/v2\/types\/product"}],"replies":[{"embeddable":true,"href":"https:\/\/novaluxeurope.com\/en\/wp-json\/wp\/v2\/comments?post=1109"}],"wp:featuredmedia":[{"embeddable":true,"href":"https:\/\/novaluxeurope.com\/en\/wp-json\/wp\/v2\/media\/1108"}],"wp:attachment":[{"href":"https:\/\/novaluxeurope.com\/en\/wp-json\/wp\/v2\/media?parent=1109"}],"wp:term":[{"taxonomy":"product_brand","embeddable":true,"href":"https:\/\/novaluxeurope.com\/en\/wp-json\/wp\/v2\/product_brand?post=1109"},{"taxonomy":"product_cat","embeddable":true,"href":"https:\/\/novaluxeurope.com\/en\/wp-json\/wp\/v2\/product_cat?post=1109"},{"taxonomy":"product_tag","embeddable":true,"href":"https:\/\/novaluxeurope.com\/en\/wp-json\/wp\/v2\/product_tag?post=1109"}],"curies":[{"name":"wp","href":"https:\/\/api.w.org\/{rel}","templated":true}]}}