{"id":1104,"date":"2026-04-01T16:39:08","date_gmt":"2026-04-01T16:39:08","guid":{"rendered":"https:\/\/novaluxeurope.com\/producto\/afnan-turathi-homme-blue-gift-set\/"},"modified":"2026-04-24T13:14:29","modified_gmt":"2026-04-24T13:14:29","slug":"afnan-turathi-homme-blue-gift-set","status":"publish","type":"product","link":"https:\/\/novaluxeurope.com\/en\/product\/afnan-turathi-homme-blue-gift-set\/","title":{"rendered":"Afnan Turathi Homme Blue GIFT SET"},"content":{"rendered":"<p>Presentamos el set de regalo Afnan Men&#8217;s Turathi Blue , una perfecta colecci\u00f3n de fragancias lanzada en 2021 y dise\u00f1ada para cautivar y vigorizar. Elaborada por la prestigiosa casa de dise\u00f1o de Oriente Medio Afnan, esta arom\u00e1tica fragancia acu\u00e1tica es una extraordinaria mezcla de notas refrescantes y ex\u00f3ticas. Turathi Blue se abre con una explosi\u00f3n de c\u00edtricos vibrantes que despiertan al instante los sentidos. A medida que la fragancia evoluciona, las notas de coraz\u00f3n de \u00e1mbar y elementos amaderados crean un aura c\u00e1lida y sofisticada. Las notas de fondo de almizcle, pachul\u00ed y especias a\u00f1aden un acabado profundo y persistente que es a la vez audaz y cautivador. Este exquisito set de regalo incluye un Eau de Parfum de 90 ml, un Gel de Ducha de 100 ml y un B\u00e1lsamo After Shave de 100 ml, lo que lo convierte en la elecci\u00f3n ideal para el hombre moderno que valora el estilo y la elegancia. La fragancia Turathi Blue es perfecta para cualquier ocasi\u00f3n, ya sea un evento formal o un d\u00eda de paseo informal. El set de regalo Afnan Men&#8217;s Turathi Blue no es s\u00f3lo una fragancia, es toda una experiencia. La combinaci\u00f3n de su exclusiva familia arom\u00e1tica acu\u00e1tica y los lujosos componentes del set de regalo lo convierten en una elecci\u00f3n destacada para aquellos que buscan dejar una impresi\u00f3n duradera. JUEGO DE REGALO TURATHI BLUE TURATHI BLUE 90 ML EDP GEL DE DUCHA 100 ML B\u00c1LSAMO PARA DESPU\u00c9S DEL AFeitado 100 ML NOTAS DE PERFUME Notas altas: Bergamota, Mandarina Notas medias: Ambar, Amaderado Notas de Fondo: Almizcle, Pachuli, Picante Fresco<\/p>\n<h4>Pir\u00e1mide olfativa<\/h4>\n<ul>\n<li><strong>Notas de entrada:<\/strong> Bergamota, Mandar\u00edn<\/li>\n<li><strong>Notas de coraz\u00f3n:<\/strong> \u00c1mbar, Woody<\/li>\n<li><strong>Notas de salida:<\/strong> Almizcle, Pachul\u00ed, Fresco Picante<\/li>\n<\/ul>","protected":false},"excerpt":{"rendered":"<p>Presentamos el set de regalo Afnan Men&#8217;s Turathi Blue , una perfecta colecci\u00f3n de fragancias lanzada en 2021 y dise\u00f1ada para cautivar y vigorizar. Elaborada por la prestigiosa casa de dise\u00f1o de Oriente Medio Afnan, esta arom\u00e1tica fragancia acu\u00e1tica es una extraordinaria mezcla de notas refrescantes y ex\u00f3ticas. Turathi Blue se abre con una explosi\u00f3n [&hellip;]<\/p>\n","protected":false},"featured_media":1103,"comment_status":"open","ping_status":"closed","template":"","meta":[],"product_brand":[119],"product_cat":[225],"product_tag":[59,52,102,231,122,67,232],"class_list":{"0":"post-1104","1":"product","2":"type-product","3":"status-publish","4":"has-post-thumbnail","6":"product_brand-afnan","7":"product_cat-perfumes-y-fragancias","8":"product_tag-almizcle","9":"product_tag-ambar","10":"product_tag-bergamota","11":"product_tag-fresco-picante","12":"product_tag-mandarin","13":"product_tag-pachuli","14":"product_tag-woody","16":"first","17":"outofstock","18":"taxable","19":"shipping-taxable","20":"product-type-simple"},"_links":{"self":[{"href":"https:\/\/novaluxeurope.com\/en\/wp-json\/wp\/v2\/product\/1104","targetHints":{"allow":["GET"]}}],"collection":[{"href":"https:\/\/novaluxeurope.com\/en\/wp-json\/wp\/v2\/product"}],"about":[{"href":"https:\/\/novaluxeurope.com\/en\/wp-json\/wp\/v2\/types\/product"}],"replies":[{"embeddable":true,"href":"https:\/\/novaluxeurope.com\/en\/wp-json\/wp\/v2\/comments?post=1104"}],"wp:featuredmedia":[{"embeddable":true,"href":"https:\/\/novaluxeurope.com\/en\/wp-json\/wp\/v2\/media\/1103"}],"wp:attachment":[{"href":"https:\/\/novaluxeurope.com\/en\/wp-json\/wp\/v2\/media?parent=1104"}],"wp:term":[{"taxonomy":"product_brand","embeddable":true,"href":"https:\/\/novaluxeurope.com\/en\/wp-json\/wp\/v2\/product_brand?post=1104"},{"taxonomy":"product_cat","embeddable":true,"href":"https:\/\/novaluxeurope.com\/en\/wp-json\/wp\/v2\/product_cat?post=1104"},{"taxonomy":"product_tag","embeddable":true,"href":"https:\/\/novaluxeurope.com\/en\/wp-json\/wp\/v2\/product_tag?post=1104"}],"curies":[{"name":"wp","href":"https:\/\/api.w.org\/{rel}","templated":true}]}}