{"id":1052,"date":"2026-03-27T19:51:53","date_gmt":"2026-03-27T19:51:53","guid":{"rendered":"https:\/\/novaluxeurope.com\/producto\/french-avenue-coconut-leche\/"},"modified":"2026-05-06T20:29:14","modified_gmt":"2026-05-06T20:29:14","slug":"french-avenue-coconut-leche","status":"publish","type":"product","link":"https:\/\/novaluxeurope.com\/en\/product\/french-avenue-coconut-leche\/","title":{"rendered":"French Avenue Coconut Leche"},"content":{"rendered":"<p>\u00a1Sum\u00e9rgete t\u00fa tambi\u00e9n en una fragancia con la que estar\u00e1s de buen humor todo el d\u00eda! El eau de parfum para mujer French Avenue Coconut Leche es la expresi\u00f3n del optimismo y de una sensaci\u00f3n de felicidad absoluta.<\/p>\n<ul>\n<li>fragancia frutal<\/li>\n<li>fragancia dulce<\/li>\n<li>fragancia de \u00e1mbar<\/li>\n<li>para mujeres temperamentales y llenas de energ\u00eda<\/li>\n<li>fragancia adecuada para uso diario<\/li>\n<\/ul>\n<h4>Pir\u00e1mide olfativa<\/h4>\n<ul>\n<li><strong>Notas de entrada:<\/strong> coco<\/li>\n<li><strong>Notas de coraz\u00f3n:<\/strong> tuberosa<\/li>\n<li><strong>Notas de salida:<\/strong> vainilla, benju\u00ed<\/li>\n<\/ul>","protected":false},"excerpt":{"rendered":"<p>\u00a1Sum\u00e9rgete t\u00fa tambi\u00e9n en una fragancia con la que estar\u00e1s de buen humor todo el d\u00eda! El eau de parfum para mujer French Avenue Coconut Leche es la expresi\u00f3n del optimismo y de una sensaci\u00f3n de felicidad absoluta. fragancia frutal fragancia dulce fragancia de \u00e1mbar para mujeres temperamentales y llenas de energ\u00eda fragancia adecuada para [&hellip;]<\/p>\n","protected":false},"featured_media":1051,"comment_status":"open","ping_status":"closed","template":"","meta":[],"product_brand":[150],"product_cat":[225],"product_tag":[126,144,203,63],"class_list":{"0":"post-1052","1":"product","2":"type-product","3":"status-publish","4":"has-post-thumbnail","6":"product_brand-french-avenue","7":"product_cat-perfumes-y-fragancias","8":"product_tag-benjui","9":"product_tag-coco","10":"product_tag-tuberosa","11":"product_tag-vainilla","13":"first","14":"instock","15":"taxable","16":"shipping-taxable","17":"product-type-simple"},"_links":{"self":[{"href":"https:\/\/novaluxeurope.com\/en\/wp-json\/wp\/v2\/product\/1052","targetHints":{"allow":["GET"]}}],"collection":[{"href":"https:\/\/novaluxeurope.com\/en\/wp-json\/wp\/v2\/product"}],"about":[{"href":"https:\/\/novaluxeurope.com\/en\/wp-json\/wp\/v2\/types\/product"}],"replies":[{"embeddable":true,"href":"https:\/\/novaluxeurope.com\/en\/wp-json\/wp\/v2\/comments?post=1052"}],"wp:featuredmedia":[{"embeddable":true,"href":"https:\/\/novaluxeurope.com\/en\/wp-json\/wp\/v2\/media\/1051"}],"wp:attachment":[{"href":"https:\/\/novaluxeurope.com\/en\/wp-json\/wp\/v2\/media?parent=1052"}],"wp:term":[{"taxonomy":"product_brand","embeddable":true,"href":"https:\/\/novaluxeurope.com\/en\/wp-json\/wp\/v2\/product_brand?post=1052"},{"taxonomy":"product_cat","embeddable":true,"href":"https:\/\/novaluxeurope.com\/en\/wp-json\/wp\/v2\/product_cat?post=1052"},{"taxonomy":"product_tag","embeddable":true,"href":"https:\/\/novaluxeurope.com\/en\/wp-json\/wp\/v2\/product_tag?post=1052"}],"curies":[{"name":"wp","href":"https:\/\/api.w.org\/{rel}","templated":true}]}}