{"id":1046,"date":"2026-03-27T19:51:48","date_gmt":"2026-03-27T19:51:48","guid":{"rendered":"https:\/\/novaluxeurope.com\/producto\/french-avenue-cocoa-morado\/"},"modified":"2026-05-06T12:01:18","modified_gmt":"2026-05-06T12:01:18","slug":"french-avenue-cocoa-morado","status":"publish","type":"product","link":"https:\/\/novaluxeurope.com\/en\/product\/french-avenue-cocoa-morado\/","title":{"rendered":"French Avenue Cocoa Morado"},"content":{"rendered":"<p dir=\"ltr\"><strong>La magia p\u00farpura de oriente en un frasco<\/strong><\/p>\n<p dir=\"ltr\">Ad\u00e9ntrate en un mundo lleno de especias, dulces y sensuales profundidades. El eau de parfum French Avenue Cocoa Morado es una invitaci\u00f3n a descubrir unas notas orientales que se revelan poco a poco y que dejan una sensaci\u00f3n duradera. Es un perfume c\u00e1lido que te acaricia y da a tu estilo un toque de misterio.<\/p>\n<ul>\n<li value=\"1\">composici\u00f3n oriental con acordes amaderados<\/li>\n<li value=\"2\">ideal tanto para hombre como para mujer<\/li>\n<li value=\"3\">novedad del a\u00f1o 2024<\/li>\n<\/ul>\n<p dir=\"ltr\"><strong>Composici\u00f3n de la fragancia:<\/strong><br \/>Para empezar, te sumerge de inmediato en una explosi\u00f3n de especias: el azafr\u00e1n, el cardamomo, la canela, el jengibre y la nuez moscada se unen en una danza c\u00e1lida que evoca el ambiente de un bazar oriental. En las notas de coraz\u00f3n se suma la fragancia sutilmente dulce del d\u00e1til, la madera de oud y el cremoso caramelo, complementados con madera ambarina e incienso ahumado, que le proporcionan a la composici\u00f3n profundidad y nobleza. En las notas de fondo encontramos el dulzor de la vainilla de Madagascar y las habas tonka, que se maridan con la manteca de cacao, el sensual almizcle, el cuero, el benju\u00ed y el resinoso l\u00e1udano, creando una conclusi\u00f3n c\u00e1lida y bals\u00e1mica que perdura varias horas sobre la piel.<\/p>\n<p dir=\"ltr\"><strong>Historia de la fragancia:<\/strong><br \/>El eau de parfum French Avenue Cocoa Morado es una fragancia que cautiva con solo ver su frasco. Su intenso color p\u00farpura simboliza el misterio, la riqueza y la excepcionalidad que ofrece este aroma. Su rica composici\u00f3n refleja un viaje por Oriente, donde se mezclan las fragancias de las especias, el dulzor del caramelo y la profundidad ahumada del incienso. French Avenue ha creado de este modo un perfume que atrae por su originalidad y su calidad, situ\u00e1ndose por m\u00e9rito propio entre las marcas que ocupan una s\u00f3lida posici\u00f3n en la familia de los perfumes nicho.<\/p>\n<h4>Pir\u00e1mide olfativa<\/h4>\n<ul>\n<li><strong>Notas de entrada:<\/strong> cardamomo, canela, nuez moscada, pimienta rosada, azafr\u00e1n, jengibre<\/li>\n<li><strong>Notas de coraz\u00f3n:<\/strong> madera de agar, caramelo, d\u00e1tiles, davana, incenso, mirra, oud, ca\u00f1a de az\u00facar, madera \u00e1mbar<\/li>\n<li><strong>Notas de salida:<\/strong> benju\u00ed, manteca de cacao, l\u00e1dano, cuero, vainilla de Madagascar, mate, pachuli, haba tonka, almizcle<\/li>\n<\/ul>","protected":false},"excerpt":{"rendered":"<p>La magia p\u00farpura de oriente en un frasco Ad\u00e9ntrate en un mundo lleno de especias, dulces y sensuales profundidades. El eau de parfum French Avenue Cocoa Morado es una invitaci\u00f3n a descubrir unas notas orientales que se revelan poco a poco y que dejan una sensaci\u00f3n duradera. Es un perfume c\u00e1lido que te acaricia y [&hellip;]<\/p>\n","protected":false},"featured_media":1045,"comment_status":"open","ping_status":"closed","template":"","meta":[],"product_brand":[150],"product_cat":[225],"product_tag":[59,87,126,176,94,60,77,69,218,130,79,185,180,70,219,68,220,221,210,95,48,67,181,153],"class_list":{"0":"post-1046","1":"product","2":"type-product","3":"status-publish","4":"has-post-thumbnail","6":"product_brand-french-avenue","7":"product_cat-perfumes-y-fragancias","8":"product_tag-almizcle","9":"product_tag-azafran","10":"product_tag-benjui","11":"product_tag-cana-de-azucar","12":"product_tag-canela","13":"product_tag-caramelo","14":"product_tag-cardamomo","15":"product_tag-cuero","16":"product_tag-datiles","17":"product_tag-davana","18":"product_tag-haba-tonka","19":"product_tag-incenso","20":"product_tag-jengibre","21":"product_tag-ladano","22":"product_tag-madera-ambar","23":"product_tag-madera-de-agar","24":"product_tag-manteca-de-cacao","25":"product_tag-mate","26":"product_tag-mirra","27":"product_tag-nuez-moscada","28":"product_tag-oud","29":"product_tag-pachuli","30":"product_tag-pimienta-rosada","31":"product_tag-vainilla-de-madagascar","33":"first","34":"instock","35":"taxable","36":"shipping-taxable","37":"product-type-simple"},"_links":{"self":[{"href":"https:\/\/novaluxeurope.com\/en\/wp-json\/wp\/v2\/product\/1046","targetHints":{"allow":["GET"]}}],"collection":[{"href":"https:\/\/novaluxeurope.com\/en\/wp-json\/wp\/v2\/product"}],"about":[{"href":"https:\/\/novaluxeurope.com\/en\/wp-json\/wp\/v2\/types\/product"}],"replies":[{"embeddable":true,"href":"https:\/\/novaluxeurope.com\/en\/wp-json\/wp\/v2\/comments?post=1046"}],"wp:featuredmedia":[{"embeddable":true,"href":"https:\/\/novaluxeurope.com\/en\/wp-json\/wp\/v2\/media\/1045"}],"wp:attachment":[{"href":"https:\/\/novaluxeurope.com\/en\/wp-json\/wp\/v2\/media?parent=1046"}],"wp:term":[{"taxonomy":"product_brand","embeddable":true,"href":"https:\/\/novaluxeurope.com\/en\/wp-json\/wp\/v2\/product_brand?post=1046"},{"taxonomy":"product_cat","embeddable":true,"href":"https:\/\/novaluxeurope.com\/en\/wp-json\/wp\/v2\/product_cat?post=1046"},{"taxonomy":"product_tag","embeddable":true,"href":"https:\/\/novaluxeurope.com\/en\/wp-json\/wp\/v2\/product_tag?post=1046"}],"curies":[{"name":"wp","href":"https:\/\/api.w.org\/{rel}","templated":true}]}}