{"id":1041,"date":"2026-03-27T19:51:47","date_gmt":"2026-03-27T19:51:47","guid":{"rendered":"https:\/\/novaluxeurope.com\/producto\/french-avenue-chronicles-extrait-de-parfum-m-80-ml\/"},"modified":"2026-04-24T13:31:36","modified_gmt":"2026-04-24T13:31:36","slug":"french-avenue-chronicles-extrait-de-parfum-m-80-ml","status":"publish","type":"product","link":"https:\/\/novaluxeurope.com\/en\/product\/french-avenue-chronicles-extrait-de-parfum-m-80-ml\/","title":{"rendered":"French Avenue Chronicles Extrait de"},"content":{"rendered":"<p>French Avenue Chronicles Extrait de Parfum 80 ml es una fragancia masculina atrevida y sofisticada construida en torno a lujosas resinas, refinamiento empolvado y c\u00e1lida profundidad oriental. La fragancia se abre con una llamativa fusi\u00f3n de pimienta rosa y mirra, una explosi\u00f3n picante y resinosa que capta la atenci\u00f3n al instante y establece un tono enigm\u00e1tico. En la transici\u00f3n hacia el coraz\u00f3n, el iris y el heliotropo se despliegan con suavidad aterciopelada, tejiendo una elegancia empolvada y sutilmente dulce que realza el car\u00e1cter opulento de la fragancia. Este refinado matiz floral-empolvado a\u00f1ade un toque suave y moderno de caballero. Al secarse, Chronicles se funde en una base duradera de vainilla cremosa, haba tonka redonda y almizcle suave, creando una estela sensual y segura que perdura durante horas. Elaborado como un extrait de parfum , ofrece una mayor intensidad y un rendimiento superior &#8211; ideal para las noches , el clima m\u00e1s fr\u00edo , o cualquier ocasi\u00f3n en la que desea que su fragancia para hacer una impresi\u00f3n poderosa y memorable. NOTAS DE PERFUME Notas de salida: Pimienta rosa, Mirra Notas medias: Iris, Heliotropo Notas de Fondo: Vainilla, haba tonka, almizcle<\/p>\n<h4>Pir\u00e1mide olfativa<\/h4>\n<ul>\n<li><strong>Notas de entrada:<\/strong> Pimienta rosa, Mirra<\/li>\n<li><strong>Notas de coraz\u00f3n:<\/strong> Iris, Heliotropo<\/li>\n<li><strong>Notas de salida:<\/strong> Vainilla, Haba Tonka, Almizcle<\/li>\n<\/ul>","protected":false},"excerpt":{"rendered":"<p>French Avenue Chronicles Extrait de Parfum 80 ml es una fragancia masculina atrevida y sofisticada construida en torno a lujosas resinas, refinamiento empolvado y c\u00e1lida profundidad oriental. La fragancia se abre con una llamativa fusi\u00f3n de pimienta rosa y mirra, una explosi\u00f3n picante y resinosa que capta la atenci\u00f3n al instante y establece un tono [&hellip;]<\/p>\n","protected":false},"featured_media":1040,"comment_status":"open","ping_status":"closed","template":"","meta":[],"product_brand":[150],"product_cat":[225],"product_tag":[59,79,217,55,210,141,63],"class_list":{"0":"post-1041","1":"product","2":"type-product","3":"status-publish","4":"has-post-thumbnail","6":"product_brand-french-avenue","7":"product_cat-perfumes-y-fragancias","8":"product_tag-almizcle","9":"product_tag-haba-tonka","10":"product_tag-heliotropo","11":"product_tag-iris","12":"product_tag-mirra","13":"product_tag-pimienta-rosa","14":"product_tag-vainilla","16":"first","17":"instock","18":"taxable","19":"shipping-taxable","20":"product-type-simple"},"_links":{"self":[{"href":"https:\/\/novaluxeurope.com\/en\/wp-json\/wp\/v2\/product\/1041","targetHints":{"allow":["GET"]}}],"collection":[{"href":"https:\/\/novaluxeurope.com\/en\/wp-json\/wp\/v2\/product"}],"about":[{"href":"https:\/\/novaluxeurope.com\/en\/wp-json\/wp\/v2\/types\/product"}],"replies":[{"embeddable":true,"href":"https:\/\/novaluxeurope.com\/en\/wp-json\/wp\/v2\/comments?post=1041"}],"wp:featuredmedia":[{"embeddable":true,"href":"https:\/\/novaluxeurope.com\/en\/wp-json\/wp\/v2\/media\/1040"}],"wp:attachment":[{"href":"https:\/\/novaluxeurope.com\/en\/wp-json\/wp\/v2\/media?parent=1041"}],"wp:term":[{"taxonomy":"product_brand","embeddable":true,"href":"https:\/\/novaluxeurope.com\/en\/wp-json\/wp\/v2\/product_brand?post=1041"},{"taxonomy":"product_cat","embeddable":true,"href":"https:\/\/novaluxeurope.com\/en\/wp-json\/wp\/v2\/product_cat?post=1041"},{"taxonomy":"product_tag","embeddable":true,"href":"https:\/\/novaluxeurope.com\/en\/wp-json\/wp\/v2\/product_tag?post=1041"}],"curies":[{"name":"wp","href":"https:\/\/api.w.org\/{rel}","templated":true}]}}