{"id":1034,"date":"2026-03-27T19:51:44","date_gmt":"2026-03-27T19:51:44","guid":{"rendered":"https:\/\/novaluxeurope.com\/producto\/french-avenue-chocola-addict-edp-u-100-ml\/"},"modified":"2026-05-09T00:01:13","modified_gmt":"2026-05-09T00:01:13","slug":"french-avenue-chocola-addict-edp-u-100-ml","status":"publish","type":"product","link":"https:\/\/novaluxeurope.com\/en\/product\/french-avenue-chocola-addict-edp-u-100-ml\/","title":{"rendered":"French Avenue Chocola Addict"},"content":{"rendered":"<p>Chocola Addict de French Avenue es una opulenta fragancia unisex que combina con maestr\u00eda la dulzura gourmand con una calidez rica y resinosa. Lanzada en 2025, esta eau de parfum proporciona una suntuosa experiencia olfativa que es a la vez lujosa y refinada. La fragancia comienza con una deliciosa mezcla de \u00e1mbar, mandarina y chocolate. El \u00e1mbar c\u00e1lido y dorado a\u00f1ade una profundidad sensual y resinosa, mientras que la mandarina brillante inyecta una sutil chispa c\u00edtrica que equilibra la riqueza. El punto culminante de la apertura es el exquisito chocolate, que envuelve los sentidos en un velo cremoso e indulgente que cautiva de inmediato. A medida que el perfume evoluciona, el coraz\u00f3n revela una cautivadora fusi\u00f3n de incienso y cuero. El incienso ahumado y enigm\u00e1tico dota a la composici\u00f3n de misterio y encanto, mientras que la suave nota de cuero introduce un toque audaz y elegante. Esta combinaci\u00f3n forma un abrazo c\u00e1lido y seductor, reconfortante y sofisticado. La fragancia concluye con una base duradera de vainilla y mirra. La cremosa vainilla ofrece un suave dulzor que armoniza a la perfecci\u00f3n con la profunda riqueza bals\u00e1mica de la mirra. Juntos, crean una estela encantadora y duradera que desprende elegancia y encanto durante todo el d\u00eda. Chocola Addict es ideal para quienes aprecian las fragancias gourmand intensas y c\u00e1lidas. Tanto si le atraen las fragancias cargadas de chocolate como los ricos acordes ambarinos o los matices de incienso ahumado, este perfume ofrece un viaje olfativo memorable y lujoso. Perfecto para la noche, las estaciones m\u00e1s fr\u00edas y los momentos \u00edntimos, equilibra la indulgencia con una sofisticaci\u00f3n atemporal. NOTAS DE PERFUME Notas de salida: \u00c1mbar, Mandarina, Chocolate Notas medias: Incienso, Cuero Notas de Fondo: Vainilla, Mirra<\/p>\n<h4>Pir\u00e1mide olfativa<\/h4>\n<ul>\n<li><strong>Notas de entrada:<\/strong> \u00c1mbar, Mandarina, Chocolate<\/li>\n<li><strong>Notas de coraz\u00f3n:<\/strong> Incienso, Piel<\/li>\n<li><strong>Notas de salida:<\/strong> Vainilla, Mirra<\/li>\n<\/ul>","protected":false},"excerpt":{"rendered":"<p>Chocola Addict de French Avenue es una opulenta fragancia unisex que combina con maestr\u00eda la dulzura gourmand con una calidez rica y resinosa. Lanzada en 2025, esta eau de parfum proporciona una suntuosa experiencia olfativa que es a la vez lujosa y refinada. La fragancia comienza con una deliciosa mezcla de \u00e1mbar, mandarina y chocolate. [&hellip;]<\/p>\n","protected":false},"featured_media":1033,"comment_status":"open","ping_status":"closed","template":"","meta":[],"product_brand":[150],"product_cat":[225],"product_tag":[52,216,127,99,210,137,63],"class_list":{"0":"post-1034","1":"product","2":"type-product","3":"status-publish","4":"has-post-thumbnail","6":"product_brand-french-avenue","7":"product_cat-perfumes-y-fragancias","8":"product_tag-ambar","9":"product_tag-chocolate","10":"product_tag-incienso","11":"product_tag-mandarina","12":"product_tag-mirra","13":"product_tag-piel","14":"product_tag-vainilla","16":"first","17":"instock","18":"taxable","19":"shipping-taxable","20":"product-type-simple"},"_links":{"self":[{"href":"https:\/\/novaluxeurope.com\/en\/wp-json\/wp\/v2\/product\/1034","targetHints":{"allow":["GET"]}}],"collection":[{"href":"https:\/\/novaluxeurope.com\/en\/wp-json\/wp\/v2\/product"}],"about":[{"href":"https:\/\/novaluxeurope.com\/en\/wp-json\/wp\/v2\/types\/product"}],"replies":[{"embeddable":true,"href":"https:\/\/novaluxeurope.com\/en\/wp-json\/wp\/v2\/comments?post=1034"}],"wp:featuredmedia":[{"embeddable":true,"href":"https:\/\/novaluxeurope.com\/en\/wp-json\/wp\/v2\/media\/1033"}],"wp:attachment":[{"href":"https:\/\/novaluxeurope.com\/en\/wp-json\/wp\/v2\/media?parent=1034"}],"wp:term":[{"taxonomy":"product_brand","embeddable":true,"href":"https:\/\/novaluxeurope.com\/en\/wp-json\/wp\/v2\/product_brand?post=1034"},{"taxonomy":"product_cat","embeddable":true,"href":"https:\/\/novaluxeurope.com\/en\/wp-json\/wp\/v2\/product_cat?post=1034"},{"taxonomy":"product_tag","embeddable":true,"href":"https:\/\/novaluxeurope.com\/en\/wp-json\/wp\/v2\/product_tag?post=1034"}],"curies":[{"name":"wp","href":"https:\/\/api.w.org\/{rel}","templated":true}]}}