{"id":1028,"date":"2026-03-27T19:51:40","date_gmt":"2026-03-27T19:51:40","guid":{"rendered":"https:\/\/novaluxeurope.com\/producto\/french-avenue-azzure-aoud\/"},"modified":"2026-05-04T12:01:24","modified_gmt":"2026-05-04T12:01:24","slug":"french-avenue-azzure-aoud","status":"publish","type":"product","link":"https:\/\/novaluxeurope.com\/en\/product\/french-avenue-azzure-aoud\/","title":{"rendered":"French Avenue Azzure Aoud"},"content":{"rendered":"<p dir=\"ltr\"><strong>Un c\u00e1lido elixir de la elegancia<\/strong><\/p>\n<p dir=\"ltr\">Envu\u00e9lvete en una fragancia que atrae todas las miradas y despierta los sentidos. El eau de parfum French Avenue Azzure Aoud es profundo e intenso, lleno de un refinamiento que envuelve el cuerpo con elegancia y una calidez sensual.<\/p>\n<ul>\n<li value=\"1\">eau de parfum oriental y amaderado para hombre<\/li>\n<li value=\"2\">ideal para llevar de noche y en los fr\u00edos d\u00edas de invierno<\/li>\n<li value=\"3\">se lanz\u00f3 en el a\u00f1o 2024<\/li>\n<\/ul>\n<p dir=\"ltr\"><strong>Composici\u00f3n de la fragancia:<\/strong><br \/>Las notas de salida se inauguran con el sensual azafr\u00e1n, que se combina con la delicada rosa y la ex\u00f3tica pasiflora, evocando un comienzo apasionado. Despu\u00e9s la fragancia se despliega con unas notas de c\u00e1lido oud, dulce benju\u00ed y unos acordes terrosos de pachuli que le aportan profundidad. Al final, se asienta el elegante cuero, la c\u00e1lida y aterciopelada vainilla y unas ricas notas amaderadas que dejan una estela duradera.<\/p>\n<p dir=\"ltr\"><strong>Historia de la fragancia:<\/strong><br \/>El eau de parfum Azzure Aoud ha sido dise\u00f1ado para ser como una segunda piel. Es la elecci\u00f3n ideal para las noches en las que quieres realzar tu carisma natural y convertirte en el centro de atenci\u00f3n.<\/p>\n<h4>Pir\u00e1mide olfativa<\/h4>\n<ul>\n<li><strong>Notas de entrada:<\/strong> pasionaria, azafr\u00e1n, rosa<\/li>\n<li><strong>Notas de coraz\u00f3n:<\/strong> oud, pachuli, benju\u00ed<\/li>\n<li><strong>Notas de salida:<\/strong> cuero, c\u00edtrico escarchado, vainilla, \u00e1mbar<\/li>\n<\/ul>","protected":false},"excerpt":{"rendered":"<p>Un c\u00e1lido elixir de la elegancia Envu\u00e9lvete en una fragancia que atrae todas las miradas y despierta los sentidos. El eau de parfum French Avenue Azzure Aoud es profundo e intenso, lleno de un refinamiento que envuelve el cuerpo con elegancia y una calidez sensual. eau de parfum oriental y amaderado para hombre ideal para [&hellip;]<\/p>\n","protected":false},"featured_media":1027,"comment_status":"open","ping_status":"closed","template":"","meta":[],"product_brand":[150],"product_cat":[225],"product_tag":[52,87,126,213,69,48,67,214,49,63],"class_list":{"0":"post-1028","1":"product","2":"type-product","3":"status-publish","4":"has-post-thumbnail","6":"product_brand-french-avenue","7":"product_cat-perfumes-y-fragancias","8":"product_tag-ambar","9":"product_tag-azafran","10":"product_tag-benjui","11":"product_tag-citrico-escarchado","12":"product_tag-cuero","13":"product_tag-oud","14":"product_tag-pachuli","15":"product_tag-pasionaria","16":"product_tag-rosa","17":"product_tag-vainilla","19":"first","20":"instock","21":"taxable","22":"shipping-taxable","23":"product-type-simple"},"_links":{"self":[{"href":"https:\/\/novaluxeurope.com\/en\/wp-json\/wp\/v2\/product\/1028","targetHints":{"allow":["GET"]}}],"collection":[{"href":"https:\/\/novaluxeurope.com\/en\/wp-json\/wp\/v2\/product"}],"about":[{"href":"https:\/\/novaluxeurope.com\/en\/wp-json\/wp\/v2\/types\/product"}],"replies":[{"embeddable":true,"href":"https:\/\/novaluxeurope.com\/en\/wp-json\/wp\/v2\/comments?post=1028"}],"wp:featuredmedia":[{"embeddable":true,"href":"https:\/\/novaluxeurope.com\/en\/wp-json\/wp\/v2\/media\/1027"}],"wp:attachment":[{"href":"https:\/\/novaluxeurope.com\/en\/wp-json\/wp\/v2\/media?parent=1028"}],"wp:term":[{"taxonomy":"product_brand","embeddable":true,"href":"https:\/\/novaluxeurope.com\/en\/wp-json\/wp\/v2\/product_brand?post=1028"},{"taxonomy":"product_cat","embeddable":true,"href":"https:\/\/novaluxeurope.com\/en\/wp-json\/wp\/v2\/product_cat?post=1028"},{"taxonomy":"product_tag","embeddable":true,"href":"https:\/\/novaluxeurope.com\/en\/wp-json\/wp\/v2\/product_tag?post=1028"}],"curies":[{"name":"wp","href":"https:\/\/api.w.org\/{rel}","templated":true}]}}