{"id":1020,"date":"2026-03-27T19:51:38","date_gmt":"2026-03-27T19:51:38","guid":{"rendered":"https:\/\/novaluxeurope.com\/producto\/french-avenue-royal-blend-nero-extrait-de-parfum-u-100-ml\/"},"modified":"2026-05-06T20:29:14","modified_gmt":"2026-05-06T20:29:14","slug":"french-avenue-royal-blend-nero-extrait-de-parfum-u-100-ml","status":"publish","type":"product","link":"https:\/\/novaluxeurope.com\/en\/product\/french-avenue-royal-blend-nero-extrait-de-parfum-u-100-ml\/","title":{"rendered":"French Avenue Royal Blend Nero Extrait De"},"content":{"rendered":"<p>French Avenue Royal Blend Nero Extrait de Parfum 100 ml es una fragancia unisex lanzada en 2024, perteneciente a la familia oriental especiada . Se abre con una mezcla rica y acogedora de nuez moscada , manzana , bergamota y d\u00e1tiles , que combina especias c\u00e1lidas , frescura crujiente y dulce profundidad para una introducci\u00f3n cautivadora. El coraz\u00f3n revela una refinada mezcla de canela, madera seca y azafr\u00e1n, que a\u00f1ade complejidad y una sofisticada calidez. El fondo se despliega en una combinaci\u00f3n sensual y resinosa de vainilla, haba tonka, benju\u00ed y almizcle, dejando una estela duradera y elegante. Con su alta concentraci\u00f3n como Extrait de Parfum , Royal Blend Nero ofrece una longevidad excepcional y una fuerte proyecci\u00f3n, por lo que es ideal tanto para llevar de d\u00eda como de noche. Esta fragancia es perfecta para eventos formales, veladas rom\u00e1nticas y ocasiones especiales, especialmente durante el oto\u00f1o y el invierno, cuando sus notas c\u00e1lidas, especiadas y amaderadas pueden brillar de verdad. NOTAS DE PERFUME Notas de salida: Nuez moscada, Manzana, Bergamota, D\u00e1tiles Notas medias: Canela, Madera Seca, Azafr\u00e1n Notas de Fondo: Vainilla, haba tonka, benju\u00ed, almizcle<\/p>\n<h4>Pir\u00e1mide olfativa<\/h4>\n<ul>\n<li><strong>Notas de entrada:<\/strong> Nuez moscada, Manzana, Bergamota, Fechas<\/li>\n<li><strong>Notas de coraz\u00f3n:<\/strong> Canela, Madera seca, Azafr\u00e1n<\/li>\n<li><strong>Notas de salida:<\/strong> Vainilla, Haba Tonka, Benju\u00ed, Almizcle<\/li>\n<\/ul>","protected":false},"excerpt":{"rendered":"<p>French Avenue Royal Blend Nero Extrait de Parfum 100 ml es una fragancia unisex lanzada en 2024, perteneciente a la familia oriental especiada . Se abre con una mezcla rica y acogedora de nuez moscada , manzana , bergamota y d\u00e1tiles , que combina especias c\u00e1lidas , frescura crujiente y dulce profundidad para una introducci\u00f3n [&hellip;]<\/p>\n","protected":false},"featured_media":1019,"comment_status":"open","ping_status":"closed","template":"","meta":[],"product_brand":[150],"product_cat":[225],"product_tag":[59,87,126,102,94,211,79,212,88,95,63],"class_list":{"0":"post-1020","1":"product","2":"type-product","3":"status-publish","4":"has-post-thumbnail","6":"product_brand-french-avenue","7":"product_cat-perfumes-y-fragancias","8":"product_tag-almizcle","9":"product_tag-azafran","10":"product_tag-benjui","11":"product_tag-bergamota","12":"product_tag-canela","13":"product_tag-fechas","14":"product_tag-haba-tonka","15":"product_tag-madera-seca","16":"product_tag-manzana","17":"product_tag-nuez-moscada","18":"product_tag-vainilla","20":"first","21":"instock","22":"taxable","23":"shipping-taxable","24":"product-type-simple"},"_links":{"self":[{"href":"https:\/\/novaluxeurope.com\/en\/wp-json\/wp\/v2\/product\/1020","targetHints":{"allow":["GET"]}}],"collection":[{"href":"https:\/\/novaluxeurope.com\/en\/wp-json\/wp\/v2\/product"}],"about":[{"href":"https:\/\/novaluxeurope.com\/en\/wp-json\/wp\/v2\/types\/product"}],"replies":[{"embeddable":true,"href":"https:\/\/novaluxeurope.com\/en\/wp-json\/wp\/v2\/comments?post=1020"}],"wp:featuredmedia":[{"embeddable":true,"href":"https:\/\/novaluxeurope.com\/en\/wp-json\/wp\/v2\/media\/1019"}],"wp:attachment":[{"href":"https:\/\/novaluxeurope.com\/en\/wp-json\/wp\/v2\/media?parent=1020"}],"wp:term":[{"taxonomy":"product_brand","embeddable":true,"href":"https:\/\/novaluxeurope.com\/en\/wp-json\/wp\/v2\/product_brand?post=1020"},{"taxonomy":"product_cat","embeddable":true,"href":"https:\/\/novaluxeurope.com\/en\/wp-json\/wp\/v2\/product_cat?post=1020"},{"taxonomy":"product_tag","embeddable":true,"href":"https:\/\/novaluxeurope.com\/en\/wp-json\/wp\/v2\/product_tag?post=1020"}],"curies":[{"name":"wp","href":"https:\/\/api.w.org\/{rel}","templated":true}]}}