{"id":1013,"date":"2026-03-27T19:51:36","date_gmt":"2026-03-27T19:51:36","guid":{"rendered":"https:\/\/novaluxeurope.com\/producto\/french-avenue-royal-blend-extrait-de-parfum-u-100-ml\/"},"modified":"2026-05-06T20:29:14","modified_gmt":"2026-05-06T20:29:14","slug":"french-avenue-royal-blend-extrait-de-parfum-u-100-ml","status":"publish","type":"product","link":"https:\/\/novaluxeurope.com\/en\/product\/french-avenue-royal-blend-extrait-de-parfum-u-100-ml\/","title":{"rendered":"French Avenue Royal Blend Extrait De"},"content":{"rendered":"<p>French Avenue Royal Blend Extrait de Parfum 100 ml es una fragancia unisex lanzada en 2023, clasificada en la familia olfativa Amaderada Arom\u00e1tica . Se abre con una mezcla rica y acogedora de co\u00f1ac, canela y ciruela, que combina la calidez del alcohol, la profundidad especiada y la dulzura afrutada para una introducci\u00f3n impactante. El coraz\u00f3n revela una refinada mezcla de iris y mirra, que aporta elegancia, complejidad y un sutil car\u00e1cter resinoso. El fondo se despliega en un acorde c\u00e1lido y sensual de haba tonka, vainilla y s\u00e1ndalo, dejando una estela duradera y sofisticada. Con su alta concentraci\u00f3n como Extrait de Parfum, Royal Blend ofrece una longevidad excepcional y una fuerte proyecci\u00f3n, adecuada tanto para el d\u00eda como para la noche. Esta fragancia es perfecta para eventos formales, veladas rom\u00e1nticas y ocasiones especiales, especialmente durante el oto\u00f1o y el invierno, cuando sus facetas ricas, especiadas y amaderadas pueden brillar de verdad. NOTAS DE PERFUME Notas de salida: Co\u00f1ac, canela, ciruela Notas medias: Iris, Mirra Notas de Fondo: Haba Tonka, Vainilla, S\u00e1ndalo<\/p>\n<h4>Pir\u00e1mide olfativa<\/h4>\n<ul>\n<li><strong>Notas de entrada:<\/strong> Co\u00f1ac, Canela, Ciruela<\/li>\n<li><strong>Notas de coraz\u00f3n:<\/strong> Iris, Mirra<\/li>\n<li><strong>Notas de salida:<\/strong> Haba Tonka, Vainilla, S\u00e1ndalo<\/li>\n<\/ul>","protected":false},"excerpt":{"rendered":"<p>French Avenue Royal Blend Extrait de Parfum 100 ml es una fragancia unisex lanzada en 2023, clasificada en la familia olfativa Amaderada Arom\u00e1tica . Se abre con una mezcla rica y acogedora de co\u00f1ac, canela y ciruela, que combina la calidez del alcohol, la profundidad especiada y la dulzura afrutada para una introducci\u00f3n impactante. El [&hellip;]<\/p>\n","protected":false},"featured_media":1012,"comment_status":"open","ping_status":"closed","template":"","meta":[],"product_brand":[150],"product_cat":[225],"product_tag":[94,198,209,79,55,210,174,63],"class_list":{"0":"post-1013","1":"product","2":"type-product","3":"status-publish","4":"has-post-thumbnail","6":"product_brand-french-avenue","7":"product_cat-perfumes-y-fragancias","8":"product_tag-canela","9":"product_tag-ciruela","10":"product_tag-conac","11":"product_tag-haba-tonka","12":"product_tag-iris","13":"product_tag-mirra","14":"product_tag-sandalo","15":"product_tag-vainilla","17":"first","18":"instock","19":"taxable","20":"shipping-taxable","21":"product-type-simple"},"_links":{"self":[{"href":"https:\/\/novaluxeurope.com\/en\/wp-json\/wp\/v2\/product\/1013","targetHints":{"allow":["GET"]}}],"collection":[{"href":"https:\/\/novaluxeurope.com\/en\/wp-json\/wp\/v2\/product"}],"about":[{"href":"https:\/\/novaluxeurope.com\/en\/wp-json\/wp\/v2\/types\/product"}],"replies":[{"embeddable":true,"href":"https:\/\/novaluxeurope.com\/en\/wp-json\/wp\/v2\/comments?post=1013"}],"wp:featuredmedia":[{"embeddable":true,"href":"https:\/\/novaluxeurope.com\/en\/wp-json\/wp\/v2\/media\/1012"}],"wp:attachment":[{"href":"https:\/\/novaluxeurope.com\/en\/wp-json\/wp\/v2\/media?parent=1013"}],"wp:term":[{"taxonomy":"product_brand","embeddable":true,"href":"https:\/\/novaluxeurope.com\/en\/wp-json\/wp\/v2\/product_brand?post=1013"},{"taxonomy":"product_cat","embeddable":true,"href":"https:\/\/novaluxeurope.com\/en\/wp-json\/wp\/v2\/product_cat?post=1013"},{"taxonomy":"product_tag","embeddable":true,"href":"https:\/\/novaluxeurope.com\/en\/wp-json\/wp\/v2\/product_tag?post=1013"}],"curies":[{"name":"wp","href":"https:\/\/api.w.org\/{rel}","templated":true}]}}