{"id":1010,"date":"2026-03-27T19:51:35","date_gmt":"2026-03-27T19:51:35","guid":{"rendered":"https:\/\/novaluxeurope.com\/producto\/french-avenue-pinnace-noir\/"},"modified":"2026-05-06T20:29:13","modified_gmt":"2026-05-06T20:29:13","slug":"french-avenue-pinnace-noir","status":"publish","type":"product","link":"https:\/\/novaluxeurope.com\/en\/product\/french-avenue-pinnace-noir\/","title":{"rendered":"French Avenue Pinnace Noir"},"content":{"rendered":"<p dir=\"ltr\"><strong>Una sensualidad misteriosa en la piel<\/strong><\/p>\n<p dir=\"ltr\">\u00bfY si no tuvieras nada que temer de tu lado oscuro? El eau de parfum French Avenue Pinnace Noir dejar\u00e1 huella all\u00e1 donde vayas. Es misterioso, fresco, \u00fanico. Mu\u00e9strale al mundo tu integridad.<\/p>\n<ul>\n<li value=\"1\">fragancia frutal arom\u00e1tica para hombre<\/li>\n<li value=\"2\">creada por el perfumista Miroslav Petkov<\/li>\n<li value=\"3\">con un frasco de dise\u00f1o atractivo<\/li>\n<\/ul>\n<p dir=\"ltr\"><strong>Composici\u00f3n de la fragancia:<\/strong><br \/>Las notas de salida se iluminan con la crujiente manzana, la bergamota, el lim\u00f3n y la delicada flor de azahar, que aportan frescor y chispa. Despu\u00e9s surge la picante canela, el arom\u00e1tico pelargonio, el clavo y la madera rosa de Brasil. Las notas de fondo se componen de aterciopelada vainilla, cremosa madera de s\u00e1ndalo y refinado cedro, que dejan una huella profunda e inolvidable.<\/p>\n<p dir=\"ltr\"><strong>Historia de la fragancia:<\/strong><br \/>El eau de parfum Pinnace Noir del a\u00f1o 2024 revela el equilibrio entre el frescor y una elegancia oscura. El frasco refleja la est\u00e9tica French Avenue y representa la filosof\u00eda de la marca: ser un compa\u00f1ero en el camino que lleva a tus sue\u00f1os y deseos.<\/p>\n<h4>Pir\u00e1mide olfativa<\/h4>\n<ul>\n<li><strong>Notas de entrada:<\/strong> manzana, bergamota, lim\u00f3n, flor de naranjo<\/li>\n<li><strong>Notas de coraz\u00f3n:<\/strong> canela, clavo, geranio, palisandro<\/li>\n<li><strong>Notas de salida:<\/strong> madera de cedro, madera de s\u00e1ndalo, vainilla<\/li>\n<\/ul>","protected":false},"excerpt":{"rendered":"<p>Una sensualidad misteriosa en la piel \u00bfY si no tuvieras nada que temer de tu lado oscuro? El eau de parfum French Avenue Pinnace Noir dejar\u00e1 huella all\u00e1 donde vayas. Es misterioso, fresco, \u00fanico. Mu\u00e9strale al mundo tu integridad. fragancia frutal arom\u00e1tica para hombre creada por el perfumista Miroslav Petkov con un frasco de dise\u00f1o [&hellip;]<\/p>\n","protected":false},"featured_media":1009,"comment_status":"open","ping_status":"closed","template":"","meta":[],"product_brand":[150],"product_cat":[225],"product_tag":[102,94,207,84,131,140,46,47,88,208,63],"class_list":{"0":"post-1010","1":"product","2":"type-product","3":"status-publish","4":"has-post-thumbnail","6":"product_brand-french-avenue","7":"product_cat-perfumes-y-fragancias","8":"product_tag-bergamota","9":"product_tag-canela","10":"product_tag-clavo","11":"product_tag-flor-de-naranjo","12":"product_tag-geranio","13":"product_tag-limon","14":"product_tag-madera-de-cedro","15":"product_tag-madera-de-sandalo","16":"product_tag-manzana","17":"product_tag-palisandro","18":"product_tag-vainilla","20":"first","21":"instock","22":"taxable","23":"shipping-taxable","24":"product-type-simple"},"_links":{"self":[{"href":"https:\/\/novaluxeurope.com\/en\/wp-json\/wp\/v2\/product\/1010","targetHints":{"allow":["GET"]}}],"collection":[{"href":"https:\/\/novaluxeurope.com\/en\/wp-json\/wp\/v2\/product"}],"about":[{"href":"https:\/\/novaluxeurope.com\/en\/wp-json\/wp\/v2\/types\/product"}],"replies":[{"embeddable":true,"href":"https:\/\/novaluxeurope.com\/en\/wp-json\/wp\/v2\/comments?post=1010"}],"wp:featuredmedia":[{"embeddable":true,"href":"https:\/\/novaluxeurope.com\/en\/wp-json\/wp\/v2\/media\/1009"}],"wp:attachment":[{"href":"https:\/\/novaluxeurope.com\/en\/wp-json\/wp\/v2\/media?parent=1010"}],"wp:term":[{"taxonomy":"product_brand","embeddable":true,"href":"https:\/\/novaluxeurope.com\/en\/wp-json\/wp\/v2\/product_brand?post=1010"},{"taxonomy":"product_cat","embeddable":true,"href":"https:\/\/novaluxeurope.com\/en\/wp-json\/wp\/v2\/product_cat?post=1010"},{"taxonomy":"product_tag","embeddable":true,"href":"https:\/\/novaluxeurope.com\/en\/wp-json\/wp\/v2\/product_tag?post=1010"}],"curies":[{"name":"wp","href":"https:\/\/api.w.org\/{rel}","templated":true}]}}