{"id":1004,"date":"2026-03-27T19:51:31","date_gmt":"2026-03-27T19:51:31","guid":{"rendered":"https:\/\/novaluxeurope.com\/producto\/french-avenue-paradigm-extrait-de-parfum-u-100-ml\/"},"modified":"2026-04-29T16:00:54","modified_gmt":"2026-04-29T16:00:54","slug":"french-avenue-paradigm-extrait-de-parfum-u-100-ml","status":"publish","type":"product","link":"https:\/\/novaluxeurope.com\/en\/product\/french-avenue-paradigm-extrait-de-parfum-u-100-ml\/","title":{"rendered":"French Avenue Paradigm Extrait De"},"content":{"rendered":"<p>Descubra la refinada elegancia de French Avenue Paradigm Extrait De Parfum 100 ml , una fragancia unisex dise\u00f1ada para aquellos que aprecian la sofisticaci\u00f3n y la profundidad. Se abre con una vibrante mezcla de bergamota , manzana y ciruela , ofreciendo una introducci\u00f3n fresca y vigorizante que atrae a todos. En su coraz\u00f3n, la salvia sclarea, las bayas rosas y un toque de pimienta a\u00f1aden complejidad e intriga, uniendo la animada apertura con una base c\u00e1lida y lujosa. Las notas de fondo de vainilla, pachul\u00ed, almizcle y cuero proporcionan un acabado sensual y duradero, adecuado tanto para el d\u00eda como para la noche. Presentado en un elegante frasco octogonal de dise\u00f1o elegante y moderno, Paradigm Extrait De Parfum encarna la sofisticaci\u00f3n atemporal. Su armoniosa mezcla de acordes afrutados, especiados y amaderados la convierte en una elecci\u00f3n vers\u00e1til para cualquiera que busque una fragancia memorable de alta calidad. NOTAS DE PERFUME Notas de salida: Bergamota, manzana, ciruela Notas medias: Salvia sclarea, bayas rosas, pimienta Notas de fondo: Vainilla, Pachul\u00ed, Almizcle, Cuero<\/p>\n<h4>Pir\u00e1mide olfativa<\/h4>\n<ul>\n<li><strong>Notas de entrada:<\/strong> Bergamota, Manzana, Ciruela<\/li>\n<li><strong>Notas de coraz\u00f3n:<\/strong> Salvia sclarea, Pimienta, Bayas rosas<\/li>\n<li><strong>Notas de salida:<\/strong> Vainilla, Pachul\u00ed, Almizcle, Piel<\/li>\n<\/ul>","protected":false},"excerpt":{"rendered":"<p>Descubra la refinada elegancia de French Avenue Paradigm Extrait De Parfum 100 ml , una fragancia unisex dise\u00f1ada para aquellos que aprecian la sofisticaci\u00f3n y la profundidad. Se abre con una vibrante mezcla de bergamota , manzana y ciruela , ofreciendo una introducci\u00f3n fresca y vigorizante que atrae a todos. En su coraz\u00f3n, la salvia [&hellip;]<\/p>\n","protected":false},"featured_media":1003,"comment_status":"open","ping_status":"closed","template":"","meta":[],"product_brand":[150],"product_cat":[225],"product_tag":[59,204,102,198,88,67,137,205,206,63],"class_list":{"0":"post-1004","1":"product","2":"type-product","3":"status-publish","4":"has-post-thumbnail","6":"product_brand-french-avenue","7":"product_cat-perfumes-y-fragancias","8":"product_tag-almizcle","9":"product_tag-bayas-rosas","10":"product_tag-bergamota","11":"product_tag-ciruela","12":"product_tag-manzana","13":"product_tag-pachuli","14":"product_tag-piel","15":"product_tag-pimienta","16":"product_tag-salvia-sclarea","17":"product_tag-vainilla","19":"first","20":"instock","21":"taxable","22":"shipping-taxable","23":"product-type-simple"},"_links":{"self":[{"href":"https:\/\/novaluxeurope.com\/en\/wp-json\/wp\/v2\/product\/1004","targetHints":{"allow":["GET"]}}],"collection":[{"href":"https:\/\/novaluxeurope.com\/en\/wp-json\/wp\/v2\/product"}],"about":[{"href":"https:\/\/novaluxeurope.com\/en\/wp-json\/wp\/v2\/types\/product"}],"replies":[{"embeddable":true,"href":"https:\/\/novaluxeurope.com\/en\/wp-json\/wp\/v2\/comments?post=1004"}],"wp:featuredmedia":[{"embeddable":true,"href":"https:\/\/novaluxeurope.com\/en\/wp-json\/wp\/v2\/media\/1003"}],"wp:attachment":[{"href":"https:\/\/novaluxeurope.com\/en\/wp-json\/wp\/v2\/media?parent=1004"}],"wp:term":[{"taxonomy":"product_brand","embeddable":true,"href":"https:\/\/novaluxeurope.com\/en\/wp-json\/wp\/v2\/product_brand?post=1004"},{"taxonomy":"product_cat","embeddable":true,"href":"https:\/\/novaluxeurope.com\/en\/wp-json\/wp\/v2\/product_cat?post=1004"},{"taxonomy":"product_tag","embeddable":true,"href":"https:\/\/novaluxeurope.com\/en\/wp-json\/wp\/v2\/product_tag?post=1004"}],"curies":[{"name":"wp","href":"https:\/\/api.w.org\/{rel}","templated":true}]}}