{"id":1001,"date":"2026-03-27T19:51:29","date_gmt":"2026-03-27T19:51:29","guid":{"rendered":"https:\/\/novaluxeurope.com\/producto\/french-avenue-nectare-extradose\/"},"modified":"2026-04-24T13:31:35","modified_gmt":"2026-04-24T13:31:35","slug":"french-avenue-nectare-extradose","status":"publish","type":"product","link":"https:\/\/novaluxeurope.com\/en\/product\/french-avenue-nectare-extradose\/","title":{"rendered":"French Avenue Nectar\u00e9 Extradose"},"content":{"rendered":"<p>D\u00e9jate llevar hasta las tierras lejanas de Oriente, donde las ex\u00f3ticas especias flotan en el aire, suena una m\u00fasica r\u00edtmica y una decoraci\u00f3n dorada te deslumbrar\u00e1 con su belleza. El perfume unisex French Avenue Nectar\u00e9 Extradose cautivar\u00e1 tus sentidos con su c\u00e1lida composici\u00f3n arom\u00e1tica y su toque de lujo.<\/p>\n<ul>\n<li>fragancia c\u00edtrica<\/li>\n<li>fragancia gourmand<\/li>\n<li>para optimistas incorregibles<\/li>\n<li>fragancia adecuada para uso diario<\/li>\n<li>fragancia unisex<\/li>\n<\/ul>\n<h4>Pir\u00e1mide olfativa<\/h4>\n<ul>\n<li><strong>Notas de entrada:<\/strong> bergamota, naranja amarga, neroli, pera, jengibre<\/li>\n<li><strong>Notas de coraz\u00f3n:<\/strong> miel, flor de naranjo, tuberosa, jazm\u00edn<\/li>\n<li><strong>Notas de salida:<\/strong> tabaco, vainilla, nuez de nogal, notas amaderadas, almizcle<\/li>\n<\/ul>","protected":false},"excerpt":{"rendered":"<p>D\u00e9jate llevar hasta las tierras lejanas de Oriente, donde las ex\u00f3ticas especias flotan en el aire, suena una m\u00fasica r\u00edtmica y una decoraci\u00f3n dorada te deslumbrar\u00e1 con su belleza. El perfume unisex French Avenue Nectar\u00e9 Extradose cautivar\u00e1 tus sentidos con su c\u00e1lida composici\u00f3n arom\u00e1tica y su toque de lujo. fragancia c\u00edtrica fragancia gourmand para optimistas [&hellip;]<\/p>\n","protected":false},"featured_media":1000,"comment_status":"open","ping_status":"closed","template":"","meta":[],"product_brand":[150],"product_cat":[225],"product_tag":[59,102,84,56,180,200,201,148,179,202,112,163,203,63],"class_list":{"0":"post-1001","1":"product","2":"type-product","3":"status-publish","4":"has-post-thumbnail","6":"product_brand-french-avenue","7":"product_cat-perfumes-y-fragancias","8":"product_tag-almizcle","9":"product_tag-bergamota","10":"product_tag-flor-de-naranjo","11":"product_tag-jazmin","12":"product_tag-jengibre","13":"product_tag-miel","14":"product_tag-naranja-amarga","15":"product_tag-neroli","16":"product_tag-notas-amaderadas","17":"product_tag-nuez-de-nogal","18":"product_tag-pera","19":"product_tag-tabaco","20":"product_tag-tuberosa","21":"product_tag-vainilla","23":"first","24":"instock","25":"taxable","26":"shipping-taxable","27":"product-type-simple"},"_links":{"self":[{"href":"https:\/\/novaluxeurope.com\/en\/wp-json\/wp\/v2\/product\/1001","targetHints":{"allow":["GET"]}}],"collection":[{"href":"https:\/\/novaluxeurope.com\/en\/wp-json\/wp\/v2\/product"}],"about":[{"href":"https:\/\/novaluxeurope.com\/en\/wp-json\/wp\/v2\/types\/product"}],"replies":[{"embeddable":true,"href":"https:\/\/novaluxeurope.com\/en\/wp-json\/wp\/v2\/comments?post=1001"}],"wp:featuredmedia":[{"embeddable":true,"href":"https:\/\/novaluxeurope.com\/en\/wp-json\/wp\/v2\/media\/1000"}],"wp:attachment":[{"href":"https:\/\/novaluxeurope.com\/en\/wp-json\/wp\/v2\/media?parent=1001"}],"wp:term":[{"taxonomy":"product_brand","embeddable":true,"href":"https:\/\/novaluxeurope.com\/en\/wp-json\/wp\/v2\/product_brand?post=1001"},{"taxonomy":"product_cat","embeddable":true,"href":"https:\/\/novaluxeurope.com\/en\/wp-json\/wp\/v2\/product_cat?post=1001"},{"taxonomy":"product_tag","embeddable":true,"href":"https:\/\/novaluxeurope.com\/en\/wp-json\/wp\/v2\/product_tag?post=1001"}],"curies":[{"name":"wp","href":"https:\/\/api.w.org\/{rel}","templated":true}]}}