{"id":5564,"date":"2026-05-05T00:34:02","date_gmt":"2026-05-05T00:34:02","guid":{"rendered":"https:\/\/novaluxeurope.com\/?page_id=5564"},"modified":"2026-05-05T00:37:36","modified_gmt":"2026-05-05T00:37:36","slug":"manyo","status":"publish","type":"page","link":"https:\/\/novaluxeurope.com\/en\/marcas\/manyo\/","title":{"rendered":"Ma:nyo"},"content":{"rendered":"<div data-elementor-type=\"wp-page\" data-elementor-id=\"5564\" class=\"elementor elementor-5564\">\n\t\t\t\t<div class=\"elementor-element elementor-element-3a14cda7 e-flex e-con-boxed e-con e-parent\" data-id=\"3a14cda7\" data-element_type=\"container\" data-e-type=\"container\">\n\t\t\t\t\t<div class=\"e-con-inner\">\n\t\t<div class=\"elementor-element elementor-element-1288766f e-con-full e-flex e-con e-child\" data-id=\"1288766f\" data-element_type=\"container\" data-e-type=\"container\">\n\t\t\t\t<div class=\"elementor-element elementor-element-6b4de707 elementor-widget elementor-widget-heading\" data-id=\"6b4de707\" data-element_type=\"widget\" data-e-type=\"widget\" data-widget_type=\"heading.default\">\n\t\t\t\t\t<h1 class=\"elementor-heading-title elementor-size-default\">Ma:nyo<\/h1>\t\t\t\t<\/div>\n\t\t\t\t<div class=\"elementor-element elementor-element-3cc17872 elementor-widget elementor-widget-heading\" data-id=\"3cc17872\" data-element_type=\"widget\" data-e-type=\"widget\" data-widget_type=\"heading.default\">\n\t\t\t\t\t<p class=\"elementor-heading-title elementor-size-default\">La magia de la naturaleza y los fermentos para una piel impecable.<\/p>\t\t\t\t<\/div>\n\t\t\t\t<div class=\"elementor-element elementor-element-3a1fc6de elementor-widget elementor-widget-text-editor\" data-id=\"3a1fc6de\" data-element_type=\"widget\" data-e-type=\"widget\" data-widget_type=\"text-editor.default\">\n\t\t\t\t\t\t\t\t\t<p data-path-to-node=\"7\">Fundada en 2012, Ma:nyo (originalmente \u00abManyo Factory\u00bb, donde <i data-path-to-node=\"7\" data-index-in-node=\"62\">manyo<\/i> significa \u00abhechicera\u00bb en coreano) naci\u00f3 con la premisa de crear \u00abmagia\u00bb para la piel utilizando exclusivamente ingredientes puros, org\u00e1nicos y derivados de la naturaleza. La marca es una pionera indiscutida de la \u00abClean Beauty\u00bb en Asia, destac\u00e1ndose por sus f\u00f3rmulas avanzadas que incorporan fermentos de alt\u00edsima calidad como Bifida y Galactomyces. Sin embargo, su fama mundial se debe principalmente a su legendario <i data-path-to-node=\"7\" data-index-in-node=\"486\">Pure Cleansing Oil<\/i>, un producto que ha dominado ininterrumpidamente el puesto n\u00famero uno de ventas en Olive Young (la mayor tienda de belleza de Corea) y del cual se han vendido millones de unidades a nivel global.<\/p><p data-path-to-node=\"8\">Para el sector minorista y B2B, Ma:nyo representa una garant\u00eda de \u00e9xito comercial absoluto. Al ser una de las marcas m\u00e1s respetadas y consolidadas del mercado surcoreano, cuenta con una legi\u00f3n de consumidores sumamente informados y leales. Tener el <i data-path-to-node=\"8\" data-index-in-node=\"249\">Pure Cleansing Oil<\/i> o su famosa ampolla <i data-path-to-node=\"8\" data-index-in-node=\"288\">Bifida Biome Complex<\/i> en su cat\u00e1logo significa contar con verdaderos productos \u00abancla\u00bb que atraen tr\u00e1fico org\u00e1nico, aseguran una rotaci\u00f3n de inventario sumamente r\u00e1pida y garantizan una tasa de recompra excepcional por tratarse de b\u00e1sicos de la rutina diaria.<\/p>\t\t\t\t\t\t\t\t<\/div>\n\t\t\t\t<\/div>\n\t\t<div class=\"elementor-element elementor-element-17cc5b30 e-con-full e-flex e-con e-child\" data-id=\"17cc5b30\" data-element_type=\"container\" data-e-type=\"container\">\n\t\t\t\t<div class=\"elementor-element elementor-element-57d61aac elementor-widget elementor-widget-image\" data-id=\"57d61aac\" data-element_type=\"widget\" data-e-type=\"widget\" data-widget_type=\"image.default\">\n\t\t\t\t\t\t\t\t\t\t\t\t\t\t\t<img fetchpriority=\"high\" decoding=\"async\" width=\"837\" height=\"650\" src=\"https:\/\/novaluxeurope.com\/wp-content\/uploads\/2026\/05\/manyo-e1777941394128.webp\" class=\"attachment-full size-full wp-image-5567\" alt=\"Manyo productos\" srcset=\"https:\/\/novaluxeurope.com\/wp-content\/uploads\/2026\/05\/manyo-e1777941394128.webp 837w, https:\/\/novaluxeurope.com\/wp-content\/uploads\/2026\/05\/manyo-e1777941394128-300x233.webp 300w, https:\/\/novaluxeurope.com\/wp-content\/uploads\/2026\/05\/manyo-e1777941394128-768x596.webp 768w, https:\/\/novaluxeurope.com\/wp-content\/uploads\/2026\/05\/manyo-e1777941394128-15x12.webp 15w, https:\/\/novaluxeurope.com\/wp-content\/uploads\/2026\/05\/manyo-e1777941394128-800x621.webp 800w\" sizes=\"(max-width: 837px) 100vw, 837px\" \/>\t\t\t\t\t\t\t\t\t\t\t\t\t\t\t<\/div>\n\t\t\t\t<\/div>\n\t\t\t\t\t<\/div>\n\t\t\t\t<\/div>\n\t\t<div class=\"elementor-element elementor-element-68859683 e-flex e-con-boxed e-con e-parent\" data-id=\"68859683\" data-element_type=\"container\" data-e-type=\"container\">\n\t\t\t\t\t<div class=\"e-con-inner\">\n\t\t\t\t<div class=\"elementor-element elementor-element-81c7bf elementor-widget elementor-widget-heading\" data-id=\"81c7bf\" data-element_type=\"widget\" data-e-type=\"widget\" data-widget_type=\"heading.default\">\n\t\t\t\t\t<h3 class=\"elementor-heading-title elementor-size-default\">Los l\u00edderes en limpieza facial del K-Beauty<\/h3>\t\t\t\t<\/div>\n\t\t\t\t<div class=\"elementor-element elementor-element-6c64d2f9 elementor-widget elementor-widget-text-editor\" data-id=\"6c64d2f9\" data-element_type=\"widget\" data-e-type=\"widget\" data-widget_type=\"text-editor.default\">\n\t\t\t\t\t\t\t\t\t<p>Atraiga a los conocedores del K-Beauty con f\u00f3rmulas respetuosas del microbioma. Una marca de confianza absoluta que garantiza alta recompra en su negocio.<\/p>\t\t\t\t\t\t\t\t<\/div>\n\t\t\t\t<div class=\"elementor-element elementor-element-2bbf733f elementor-widget elementor-widget-shortcode\" data-id=\"2bbf733f\" data-element_type=\"widget\" data-e-type=\"widget\" data-widget_type=\"shortcode.default\">\n\t\t\t\t\t\t\t<div class=\"elementor-shortcode\">    \n    <div class=\"grilla-marcas-custom cols-4\">\n                    <div class=\"tarjeta-producto-custom\">\n                <a href=\"https:\/\/novaluxeurope.com\/en\/product\/bifida-biome-aqua-barrier-cream-80ml\/\" class=\"imagen-link\">\n                    <img decoding=\"async\" width=\"300\" height=\"300\" src=\"https:\/\/novaluxeurope.com\/wp-content\/uploads\/2026\/05\/MNS02-BFaC80-300x300.png\" class=\"attachment-woocommerce_thumbnail size-woocommerce_thumbnail\" alt=\"Bifida Biome Aqua Barrier Cream 80Ml\" srcset=\"https:\/\/novaluxeurope.com\/wp-content\/uploads\/2026\/05\/MNS02-BFaC80-300x300.png 300w, https:\/\/novaluxeurope.com\/wp-content\/uploads\/2026\/05\/MNS02-BFaC80-150x150.png 150w, https:\/\/novaluxeurope.com\/wp-content\/uploads\/2026\/05\/MNS02-BFaC80-768x768.png 768w, https:\/\/novaluxeurope.com\/wp-content\/uploads\/2026\/05\/MNS02-BFaC80-12x12.png 12w, https:\/\/novaluxeurope.com\/wp-content\/uploads\/2026\/05\/MNS02-BFaC80-800x800.png 800w, https:\/\/novaluxeurope.com\/wp-content\/uploads\/2026\/05\/MNS02-BFaC80-100x100.png 100w, https:\/\/novaluxeurope.com\/wp-content\/uploads\/2026\/05\/MNS02-BFaC80.png 1000w\" sizes=\"(max-width: 300px) 100vw, 300px\" \/>                <\/a>\n                <h3 class=\"titulo-custom\">Bifida Biome Aqua Barrier Cream 80Ml<\/h3>\n                \n                                    <div class=\"sku-custom\">EAN: 8809730950560<\/div>\n                                \n                <a href=\"https:\/\/novaluxeurope.com\/en\/product\/bifida-biome-aqua-barrier-cream-80ml\/\" class=\"btn-leer-mas-custom\">Read more<\/a>\n            <\/div>\n                    <div class=\"tarjeta-producto-custom\">\n                <a href=\"https:\/\/novaluxeurope.com\/en\/product\/bifida-biome-complex-ampoule-30ml\/\" class=\"imagen-link\">\n                    <img decoding=\"async\" width=\"300\" height=\"300\" src=\"https:\/\/novaluxeurope.com\/wp-content\/uploads\/2026\/05\/MNS02-BFA30-300x300.png\" class=\"attachment-woocommerce_thumbnail size-woocommerce_thumbnail\" alt=\"Bifida Biome Complex Ampoule 30Ml\" srcset=\"https:\/\/novaluxeurope.com\/wp-content\/uploads\/2026\/05\/MNS02-BFA30-300x300.png 300w, https:\/\/novaluxeurope.com\/wp-content\/uploads\/2026\/05\/MNS02-BFA30-150x150.png 150w, https:\/\/novaluxeurope.com\/wp-content\/uploads\/2026\/05\/MNS02-BFA30-768x768.png 768w, https:\/\/novaluxeurope.com\/wp-content\/uploads\/2026\/05\/MNS02-BFA30-12x12.png 12w, https:\/\/novaluxeurope.com\/wp-content\/uploads\/2026\/05\/MNS02-BFA30-800x800.png 800w, https:\/\/novaluxeurope.com\/wp-content\/uploads\/2026\/05\/MNS02-BFA30-100x100.png 100w, https:\/\/novaluxeurope.com\/wp-content\/uploads\/2026\/05\/MNS02-BFA30.png 1000w\" sizes=\"(max-width: 300px) 100vw, 300px\" \/>                <\/a>\n                <h3 class=\"titulo-custom\">Bifida Biome Complex Ampoule 30Ml<\/h3>\n                \n                                    <div class=\"sku-custom\">EAN: 8809657114687<\/div>\n                                \n                <a href=\"https:\/\/novaluxeurope.com\/en\/product\/bifida-biome-complex-ampoule-30ml\/\" class=\"btn-leer-mas-custom\">Read more<\/a>\n            <\/div>\n                    <div class=\"tarjeta-producto-custom\">\n                <a href=\"https:\/\/novaluxeurope.com\/en\/product\/galactomy-enzyme-peeling-gel-75ml\/\" class=\"imagen-link\">\n                    <img loading=\"lazy\" decoding=\"async\" width=\"300\" height=\"300\" src=\"https:\/\/novaluxeurope.com\/wp-content\/uploads\/2026\/05\/MNS01-PI_1-300x300.jpg\" class=\"attachment-woocommerce_thumbnail size-woocommerce_thumbnail\" alt=\"Galactomy Enzyme Peeling Gel 75Ml\" srcset=\"https:\/\/novaluxeurope.com\/wp-content\/uploads\/2026\/05\/MNS01-PI_1-300x300.jpg 300w, https:\/\/novaluxeurope.com\/wp-content\/uploads\/2026\/05\/MNS01-PI_1-1024x1024.jpg 1024w, https:\/\/novaluxeurope.com\/wp-content\/uploads\/2026\/05\/MNS01-PI_1-150x150.jpg 150w, https:\/\/novaluxeurope.com\/wp-content\/uploads\/2026\/05\/MNS01-PI_1-768x768.jpg 768w, https:\/\/novaluxeurope.com\/wp-content\/uploads\/2026\/05\/MNS01-PI_1-1536x1536.jpg 1536w, https:\/\/novaluxeurope.com\/wp-content\/uploads\/2026\/05\/MNS01-PI_1-2048x2048.jpg 2048w, https:\/\/novaluxeurope.com\/wp-content\/uploads\/2026\/05\/MNS01-PI_1-12x12.jpg 12w, https:\/\/novaluxeurope.com\/wp-content\/uploads\/2026\/05\/MNS01-PI_1-800x800.jpg 800w, https:\/\/novaluxeurope.com\/wp-content\/uploads\/2026\/05\/MNS01-PI_1-100x100.jpg 100w\" sizes=\"(max-width: 300px) 100vw, 300px\" \/>                <\/a>\n                <h3 class=\"titulo-custom\">Galactomy Enzyme Peeling Gel 75Ml<\/h3>\n                \n                                    <div class=\"sku-custom\">EAN: 8809730951499<\/div>\n                                \n                <a href=\"https:\/\/novaluxeurope.com\/en\/product\/galactomy-enzyme-peeling-gel-75ml\/\" class=\"btn-leer-mas-custom\">Read more<\/a>\n            <\/div>\n                    <div class=\"tarjeta-producto-custom\">\n                <a href=\"https:\/\/novaluxeurope.com\/en\/product\/galac-niacin-essence-mask\/\" class=\"imagen-link\">\n                    <img loading=\"lazy\" decoding=\"async\" width=\"300\" height=\"300\" src=\"https:\/\/novaluxeurope.com\/wp-content\/uploads\/2026\/05\/MNP08-GalM-300x300.png\" class=\"attachment-woocommerce_thumbnail size-woocommerce_thumbnail\" alt=\"Galac Niacin Essence Mask\" srcset=\"https:\/\/novaluxeurope.com\/wp-content\/uploads\/2026\/05\/MNP08-GalM-300x300.png 300w, https:\/\/novaluxeurope.com\/wp-content\/uploads\/2026\/05\/MNP08-GalM-150x150.png 150w, https:\/\/novaluxeurope.com\/wp-content\/uploads\/2026\/05\/MNP08-GalM-768x768.png 768w, https:\/\/novaluxeurope.com\/wp-content\/uploads\/2026\/05\/MNP08-GalM-12x12.png 12w, https:\/\/novaluxeurope.com\/wp-content\/uploads\/2026\/05\/MNP08-GalM-800x800.png 800w, https:\/\/novaluxeurope.com\/wp-content\/uploads\/2026\/05\/MNP08-GalM-100x100.png 100w, https:\/\/novaluxeurope.com\/wp-content\/uploads\/2026\/05\/MNP08-GalM.png 1000w\" sizes=\"(max-width: 300px) 100vw, 300px\" \/>                <\/a>\n                <h3 class=\"titulo-custom\">Galac Niacin Essence Mask<\/h3>\n                \n                                    <div class=\"sku-custom\">EAN: 8809730950546<\/div>\n                                \n                <a href=\"https:\/\/novaluxeurope.com\/en\/product\/galac-niacin-essence-mask\/\" class=\"btn-leer-mas-custom\">Read more<\/a>\n            <\/div>\n                    <div class=\"tarjeta-producto-custom\">\n                <a href=\"https:\/\/novaluxeurope.com\/en\/product\/puredeep-cleansing-foam-100ml\/\" class=\"imagen-link\">\n                    <img loading=\"lazy\" decoding=\"async\" width=\"300\" height=\"300\" src=\"https:\/\/novaluxeurope.com\/wp-content\/uploads\/2026\/05\/MNC10-F_1-300x300.png\" class=\"attachment-woocommerce_thumbnail size-woocommerce_thumbnail\" alt=\"Pure&amp;Deep Cleansing Foam 100Ml\" srcset=\"https:\/\/novaluxeurope.com\/wp-content\/uploads\/2026\/05\/MNC10-F_1-300x300.png 300w, https:\/\/novaluxeurope.com\/wp-content\/uploads\/2026\/05\/MNC10-F_1-150x150.png 150w, https:\/\/novaluxeurope.com\/wp-content\/uploads\/2026\/05\/MNC10-F_1-768x768.png 768w, https:\/\/novaluxeurope.com\/wp-content\/uploads\/2026\/05\/MNC10-F_1-12x12.png 12w, https:\/\/novaluxeurope.com\/wp-content\/uploads\/2026\/05\/MNC10-F_1-800x800.png 800w, https:\/\/novaluxeurope.com\/wp-content\/uploads\/2026\/05\/MNC10-F_1-100x100.png 100w, https:\/\/novaluxeurope.com\/wp-content\/uploads\/2026\/05\/MNC10-F_1.png 1000w\" sizes=\"(max-width: 300px) 100vw, 300px\" \/>                <\/a>\n                <h3 class=\"titulo-custom\">Pure&amp;Deep Cleansing Foam 100Ml<\/h3>\n                \n                                    <div class=\"sku-custom\">EAN: 8809730952212<\/div>\n                                \n                <a href=\"https:\/\/novaluxeurope.com\/en\/product\/puredeep-cleansing-foam-100ml\/\" class=\"btn-leer-mas-custom\">Read more<\/a>\n            <\/div>\n                    <div class=\"tarjeta-producto-custom\">\n                <a href=\"https:\/\/novaluxeurope.com\/en\/product\/panthetoin-essence-toner-200ml\/\" class=\"imagen-link\">\n                    <img loading=\"lazy\" decoding=\"async\" width=\"300\" height=\"300\" src=\"https:\/\/novaluxeurope.com\/wp-content\/uploads\/2026\/05\/MNS16-T200-300x300.png\" class=\"attachment-woocommerce_thumbnail size-woocommerce_thumbnail\" alt=\"Panthetoin Essence Toner 200ml\" srcset=\"https:\/\/novaluxeurope.com\/wp-content\/uploads\/2026\/05\/MNS16-T200-300x300.png 300w, https:\/\/novaluxeurope.com\/wp-content\/uploads\/2026\/05\/MNS16-T200-150x150.png 150w, https:\/\/novaluxeurope.com\/wp-content\/uploads\/2026\/05\/MNS16-T200-768x768.png 768w, https:\/\/novaluxeurope.com\/wp-content\/uploads\/2026\/05\/MNS16-T200-12x12.png 12w, https:\/\/novaluxeurope.com\/wp-content\/uploads\/2026\/05\/MNS16-T200-800x800.png 800w, https:\/\/novaluxeurope.com\/wp-content\/uploads\/2026\/05\/MNS16-T200-100x100.png 100w, https:\/\/novaluxeurope.com\/wp-content\/uploads\/2026\/05\/MNS16-T200.png 1000w\" sizes=\"(max-width: 300px) 100vw, 300px\" \/>                <\/a>\n                <h3 class=\"titulo-custom\">Panthetoin Essence Toner 200ml<\/h3>\n                \n                                    <div class=\"sku-custom\">EAN: 8809730955107<\/div>\n                                \n                <a href=\"https:\/\/novaluxeurope.com\/en\/product\/panthetoin-essence-toner-200ml\/\" class=\"btn-leer-mas-custom\">Read more<\/a>\n            <\/div>\n                    <div class=\"tarjeta-producto-custom\">\n                <a href=\"https:\/\/novaluxeurope.com\/en\/product\/panthetoin-cream-80ml\/\" class=\"imagen-link\">\n                    <img loading=\"lazy\" decoding=\"async\" width=\"300\" height=\"300\" src=\"https:\/\/novaluxeurope.com\/wp-content\/uploads\/2026\/05\/MNS16-C80-300x300.png\" class=\"attachment-woocommerce_thumbnail size-woocommerce_thumbnail\" alt=\"Panthetoin Cream 80ml\" srcset=\"https:\/\/novaluxeurope.com\/wp-content\/uploads\/2026\/05\/MNS16-C80-300x300.png 300w, https:\/\/novaluxeurope.com\/wp-content\/uploads\/2026\/05\/MNS16-C80-150x150.png 150w, https:\/\/novaluxeurope.com\/wp-content\/uploads\/2026\/05\/MNS16-C80-768x768.png 768w, https:\/\/novaluxeurope.com\/wp-content\/uploads\/2026\/05\/MNS16-C80-12x12.png 12w, https:\/\/novaluxeurope.com\/wp-content\/uploads\/2026\/05\/MNS16-C80-800x800.png 800w, https:\/\/novaluxeurope.com\/wp-content\/uploads\/2026\/05\/MNS16-C80-100x100.png 100w, https:\/\/novaluxeurope.com\/wp-content\/uploads\/2026\/05\/MNS16-C80.png 1000w\" sizes=\"(max-width: 300px) 100vw, 300px\" \/>                <\/a>\n                <h3 class=\"titulo-custom\">Panthetoin Cream 80ml<\/h3>\n                \n                                    <div class=\"sku-custom\">EAN: 8809730955114<\/div>\n                                \n                <a href=\"https:\/\/novaluxeurope.com\/en\/product\/panthetoin-cream-80ml\/\" class=\"btn-leer-mas-custom\">Read more<\/a>\n            <\/div>\n                    <div class=\"tarjeta-producto-custom\">\n                <a href=\"https:\/\/novaluxeurope.com\/en\/product\/galac-niacin-3-0-essence-60ml\/\" class=\"imagen-link\">\n                    <img loading=\"lazy\" decoding=\"async\" width=\"300\" height=\"300\" src=\"https:\/\/novaluxeurope.com\/wp-content\/uploads\/2026\/05\/MNS08-3S60-300x300.png\" class=\"attachment-woocommerce_thumbnail size-woocommerce_thumbnail\" alt=\"Galac Niacin 3.0 Essence 60ml\" srcset=\"https:\/\/novaluxeurope.com\/wp-content\/uploads\/2026\/05\/MNS08-3S60-300x300.png 300w, https:\/\/novaluxeurope.com\/wp-content\/uploads\/2026\/05\/MNS08-3S60-150x150.png 150w, https:\/\/novaluxeurope.com\/wp-content\/uploads\/2026\/05\/MNS08-3S60-768x768.png 768w, https:\/\/novaluxeurope.com\/wp-content\/uploads\/2026\/05\/MNS08-3S60-12x12.png 12w, https:\/\/novaluxeurope.com\/wp-content\/uploads\/2026\/05\/MNS08-3S60-800x800.png 800w, https:\/\/novaluxeurope.com\/wp-content\/uploads\/2026\/05\/MNS08-3S60-100x100.png 100w, https:\/\/novaluxeurope.com\/wp-content\/uploads\/2026\/05\/MNS08-3S60.png 1000w\" sizes=\"(max-width: 300px) 100vw, 300px\" \/>                <\/a>\n                <h3 class=\"titulo-custom\">Galac Niacin 3.0 Essence 60ml<\/h3>\n                \n                                    <div class=\"sku-custom\">EAN: 8809730958436<\/div>\n                                \n                <a href=\"https:\/\/novaluxeurope.com\/en\/product\/galac-niacin-3-0-essence-60ml\/\" class=\"btn-leer-mas-custom\">Read more<\/a>\n            <\/div>\n            <\/div>\n\n    <style>\n        \/* Aplicaci\u00f3n de Estilos Globales del Shortcode *\/\n        .grilla-marcas-custom {\n            display: grid;\n            grid-template-columns: repeat(4, 1fr);\n            gap: 25px;\n            margin: 20px 0;\n            padding: 0;\n            font-family: 'DM Sans', sans-serif; \/* Tipograf\u00eda principal *\/\n        }\n\n        .tarjeta-producto-custom {\n            border: 1px solid #f0f0f0;\n            border-radius: 4px; \/* Un poco m\u00e1s sutil *\/\n            padding: 20px;\n            text-align: center;\n            background: #ffffff;\n            transition: all 0.3s ease;\n            display: flex;\n            flex-direction: column;\n            justify-content: space-between;\n        }\n\n        .tarjeta-producto-custom:hover {\n            box-shadow: 0 10px 25px rgba(0,0,0,0.05);\n            border-color: #C5A059; \/* Borde sutil al color del bot\u00f3n en el hover *\/\n        }\n\n        .titulo-custom {\n            font-family: 'DM Sans', sans-serif;\n            font-size: 16px;\n            color: #333333; \/* Negro oscuro solicitado *\/\n            margin: 15px 0 8px;\n            line-height: 1.3;\n            font-weight: 500;\n            text-transform: capitalize;\n        }\n\n        .sku-custom {\n            font-family: 'DM Sans', sans-serif;\n            font-size: 12px;\n            color: #333333; \/* Negro oscuro solicitado *\/\n            opacity: 0.7;\n            margin-bottom: 20px;\n            letter-spacing: 0.5px;\n        }\n\n        .btn-leer-mas-custom {\n            display: block;\n            background-color: #C5A059; \/* Color de fondo solicitado *\/\n            color: #333333 !important; \/* Color de texto solicitado *\/\n            padding: 14px 10px;\n            border-radius: 2px; \/* Estilo m\u00e1s cuadrado\/elegante *\/\n            text-decoration: none !important;\n            text-transform: uppercase;\n            font-family: 'DM Sans', sans-serif;\n            font-size: 12px;\n            font-weight: 700 !important;\n            letter-spacing: 1px;\n            margin-top: auto;\n            transition: opacity 0.3s ease;\n        }\n\n        .btn-leer-mas-custom:hover {\n            opacity: 0.9;\n            color: #333333 !important;\n        }\n\n        \/* Ajustes de Imagen *\/\n        .tarjeta-producto-custom img {\n            max-width: 100%;\n            height: auto;\n            margin-bottom: 5px;\n        }\n\n        \/* Responsividad *\/\n        @media (max-width: 992px) {\n            .grilla-marcas-custom { grid-template-columns: repeat(3, 1fr); }\n        }\n        @media (max-width: 768px) {\n            .grilla-marcas-custom { grid-template-columns: repeat(2, 1fr); }\n        }\n        @media (max-width: 480px) {\n            .grilla-marcas-custom { grid-template-columns: 1fr; }\n        }\n    <\/style>\n\n    <\/div>\n\t\t\t\t\t\t<\/div>\n\t\t\t\t<div class=\"elementor-element elementor-element-547d35dd elementor-align-justify elementor-mobile-align-justify elementor-widget__width-initial elementor-widget-mobile__width-inherit solo-logueados elementor-widget elementor-widget-button\" data-id=\"547d35dd\" data-element_type=\"widget\" data-e-type=\"widget\" data-widget_type=\"button.default\">\n\t\t\t\t\t\t\t\t\t\t<a class=\"elementor-button elementor-button-link elementor-size-sm\" href=\"\/en\/marca\/afnan\/\">\n\t\t\t\t\t\t<span class=\"elementor-button-content-wrapper\">\n\t\t\t\t\t\t\t\t\t<span class=\"elementor-button-text\">View All Products<\/span>\n\t\t\t\t\t<\/span>\n\t\t\t\t\t<\/a>\n\t\t\t\t\t\t\t\t<\/div>\n\t\t\t\t\t<\/div>\n\t\t\t\t<\/div>\n\t\t\t\t<\/div>","protected":false},"excerpt":{"rendered":"<p>Ma:nyo La magia de la naturaleza y los fermentos para una piel impecable. Fundada en 2012, Ma:nyo (originalmente \u00abManyo Factory\u00bb, donde manyo significa \u00abhechicera\u00bb en coreano) naci\u00f3 con la premisa de crear \u00abmagia\u00bb para la piel utilizando exclusivamente ingredientes puros, org\u00e1nicos y derivados de la naturaleza. La marca es una pionera indiscutida de la \u00abClean [&hellip;]<\/p>\n","protected":false},"author":1,"featured_media":0,"parent":41,"menu_order":0,"comment_status":"closed","ping_status":"closed","template":"","meta":{"footnotes":""},"class_list":["post-5564","page","type-page","status-publish","hentry"],"_links":{"self":[{"href":"https:\/\/novaluxeurope.com\/en\/wp-json\/wp\/v2\/pages\/5564","targetHints":{"allow":["GET"]}}],"collection":[{"href":"https:\/\/novaluxeurope.com\/en\/wp-json\/wp\/v2\/pages"}],"about":[{"href":"https:\/\/novaluxeurope.com\/en\/wp-json\/wp\/v2\/types\/page"}],"author":[{"embeddable":true,"href":"https:\/\/novaluxeurope.com\/en\/wp-json\/wp\/v2\/users\/1"}],"replies":[{"embeddable":true,"href":"https:\/\/novaluxeurope.com\/en\/wp-json\/wp\/v2\/comments?post=5564"}],"version-history":[{"count":7,"href":"https:\/\/novaluxeurope.com\/en\/wp-json\/wp\/v2\/pages\/5564\/revisions"}],"predecessor-version":[{"id":5573,"href":"https:\/\/novaluxeurope.com\/en\/wp-json\/wp\/v2\/pages\/5564\/revisions\/5573"}],"up":[{"embeddable":true,"href":"https:\/\/novaluxeurope.com\/en\/wp-json\/wp\/v2\/pages\/41"}],"wp:attachment":[{"href":"https:\/\/novaluxeurope.com\/en\/wp-json\/wp\/v2\/media?parent=5564"}],"curies":[{"name":"wp","href":"https:\/\/api.w.org\/{rel}","templated":true}]}}