{"id":5551,"date":"2026-05-05T00:27:08","date_gmt":"2026-05-05T00:27:08","guid":{"rendered":"https:\/\/novaluxeurope.com\/?page_id=5551"},"modified":"2026-05-05T00:29:04","modified_gmt":"2026-05-05T00:29:04","slug":"purito-seoul","status":"publish","type":"page","link":"https:\/\/novaluxeurope.com\/en\/marcas\/purito-seoul\/","title":{"rendered":"Purito Seoul"},"content":{"rendered":"<div data-elementor-type=\"wp-page\" data-elementor-id=\"5551\" class=\"elementor elementor-5551\">\n\t\t\t\t<div class=\"elementor-element elementor-element-5d12fb78 e-flex e-con-boxed e-con e-parent\" data-id=\"5d12fb78\" data-element_type=\"container\" data-e-type=\"container\">\n\t\t\t\t\t<div class=\"e-con-inner\">\n\t\t<div class=\"elementor-element elementor-element-525d0190 e-con-full e-flex e-con e-child\" data-id=\"525d0190\" data-element_type=\"container\" data-e-type=\"container\">\n\t\t\t\t<div class=\"elementor-element elementor-element-443f03db elementor-widget elementor-widget-heading\" data-id=\"443f03db\" data-element_type=\"widget\" data-e-type=\"widget\" data-widget_type=\"heading.default\">\n\t\t\t\t\t<h1 class=\"elementor-heading-title elementor-size-default\">Purito Seoul<\/h1>\t\t\t\t<\/div>\n\t\t\t\t<div class=\"elementor-element elementor-element-55032faf elementor-widget elementor-widget-heading\" data-id=\"55032faf\" data-element_type=\"widget\" data-e-type=\"widget\" data-widget_type=\"heading.default\">\n\t\t\t\t\t<p class=\"elementor-heading-title elementor-size-default\">Belleza limpia y sostenible inspirada en el coraz\u00f3n de Se\u00fal.<\/p>\t\t\t\t<\/div>\n\t\t\t\t<div class=\"elementor-element elementor-element-2858b2fb elementor-widget elementor-widget-text-editor\" data-id=\"2858b2fb\" data-element_type=\"widget\" data-e-type=\"widget\" data-widget_type=\"text-editor.default\">\n\t\t\t\t\t\t\t\t\t<p data-path-to-node=\"7\">Purito Seoul (originalmente conocida como PURITO) es una marca l\u00edder y pionera en el movimiento global del \u00abClean Beauty\u00bb. Su evoluci\u00f3n y cambio de nombre reflejan la sinergia entre la vanguardia urbana de Se\u00fal y el respeto absoluto por la naturaleza. La marca se destaca por sus formulaciones 100% veganas, libres de crueldad animal, empaques ecol\u00f3gicos y la estricta exclusi\u00f3n de fragancias artificiales y qu\u00edmicos agresivos. Sus l\u00edneas centradas en ingredientes calmantes, como la multipremiada <i data-path-to-node=\"7\" data-index-in-node=\"498\">Centella Unscented<\/i>, la avena y el pantenol, son reconocidas mundialmente como la salvaci\u00f3n para las pieles m\u00e1s sensibles, reactivas y propensas al acn\u00e9.<\/p><p data-path-to-node=\"8\">Para el sector minorista y B2B, Purito Seoul representa una base de clientes sumamente leal e informada. El consumidor actual exige transparencia y sostenibilidad, y esta marca cumple con los est\u00e1ndares \u00e9ticos y dermatol\u00f3gicos m\u00e1s altos del mercado. Incorporar Purito Seoul a su cat\u00e1logo significa captar a un nicho de compradores conscientes de r\u00e1pido crecimiento, garantizando una excelente rotaci\u00f3n de productos de uso diario, un \u00edndice de recompra casi absoluto y una reputaci\u00f3n impecable para su negocio.<\/p>\t\t\t\t\t\t\t\t<\/div>\n\t\t\t\t<\/div>\n\t\t<div class=\"elementor-element elementor-element-d3352e4 e-con-full e-flex e-con e-child\" data-id=\"d3352e4\" data-element_type=\"container\" data-e-type=\"container\">\n\t\t\t\t<div class=\"elementor-element elementor-element-43b3cfda elementor-widget elementor-widget-image\" data-id=\"43b3cfda\" data-element_type=\"widget\" data-e-type=\"widget\" data-widget_type=\"image.default\">\n\t\t\t\t\t\t\t\t\t\t\t\t\t\t\t<img fetchpriority=\"high\" decoding=\"async\" width=\"716\" height=\"716\" src=\"https:\/\/novaluxeurope.com\/wp-content\/uploads\/2026\/05\/purito.webp\" class=\"attachment-full size-full wp-image-5553\" alt=\"Purito Seoul producto\" srcset=\"https:\/\/novaluxeurope.com\/wp-content\/uploads\/2026\/05\/purito.webp 716w, https:\/\/novaluxeurope.com\/wp-content\/uploads\/2026\/05\/purito-300x300.webp 300w, https:\/\/novaluxeurope.com\/wp-content\/uploads\/2026\/05\/purito-150x150.webp 150w, https:\/\/novaluxeurope.com\/wp-content\/uploads\/2026\/05\/purito-12x12.webp 12w, https:\/\/novaluxeurope.com\/wp-content\/uploads\/2026\/05\/purito-100x100.webp 100w\" sizes=\"(max-width: 716px) 100vw, 716px\" \/>\t\t\t\t\t\t\t\t\t\t\t\t\t\t\t<\/div>\n\t\t\t\t<\/div>\n\t\t\t\t\t<\/div>\n\t\t\t\t<\/div>\n\t\t<div class=\"elementor-element elementor-element-10bb69b5 e-flex e-con-boxed e-con e-parent\" data-id=\"10bb69b5\" data-element_type=\"container\" data-e-type=\"container\">\n\t\t\t\t\t<div class=\"e-con-inner\">\n\t\t\t\t<div class=\"elementor-element elementor-element-750110 elementor-widget elementor-widget-heading\" data-id=\"750110\" data-element_type=\"widget\" data-e-type=\"widget\" data-widget_type=\"heading.default\">\n\t\t\t\t\t<h3 class=\"elementor-heading-title elementor-size-default\">Los imprescindibles de la belleza limpia y vegana<\/h3>\t\t\t\t<\/div>\n\t\t\t\t<div class=\"elementor-element elementor-element-340aa318 elementor-widget elementor-widget-text-editor\" data-id=\"340aa318\" data-element_type=\"widget\" data-e-type=\"widget\" data-widget_type=\"text-editor.default\">\n\t\t\t\t\t\t\t\t\t<p>Incorpore a su oferta las ic\u00f3nicas l\u00edneas sin fragancia, formuladas espec\u00edficamente para reparar la barrera cut\u00e1nea. Productos esenciales que aseguran ventas constantes y alta recompra.<\/p>\t\t\t\t\t\t\t\t<\/div>\n\t\t\t\t<div class=\"elementor-element elementor-element-2d934320 elementor-widget elementor-widget-shortcode\" data-id=\"2d934320\" data-element_type=\"widget\" data-e-type=\"widget\" data-widget_type=\"shortcode.default\">\n\t\t\t\t\t\t\t<div class=\"elementor-shortcode\">    \n    <div class=\"grilla-marcas-custom cols-4\">\n                    <div class=\"tarjeta-producto-custom\">\n                <a href=\"https:\/\/novaluxeurope.com\/en\/product\/purito-daily-soft-touch-sunscreen-renewer-60ml\/\" class=\"imagen-link\">\n                    <img decoding=\"async\" width=\"300\" height=\"300\" src=\"https:\/\/novaluxeurope.com\/wp-content\/uploads\/2026\/05\/PRSM13-SCREU-300x300.png\" class=\"attachment-woocommerce_thumbnail size-woocommerce_thumbnail\" alt=\"Purito Daily Soft Touch Sunscreen (Renewer) 60Ml\" srcset=\"https:\/\/novaluxeurope.com\/wp-content\/uploads\/2026\/05\/PRSM13-SCREU-300x300.png 300w, https:\/\/novaluxeurope.com\/wp-content\/uploads\/2026\/05\/PRSM13-SCREU-150x150.png 150w, https:\/\/novaluxeurope.com\/wp-content\/uploads\/2026\/05\/PRSM13-SCREU-12x12.png 12w, https:\/\/novaluxeurope.com\/wp-content\/uploads\/2026\/05\/PRSM13-SCREU-100x100.png 100w, https:\/\/novaluxeurope.com\/wp-content\/uploads\/2026\/05\/PRSM13-SCREU.png 500w\" sizes=\"(max-width: 300px) 100vw, 300px\" \/>                <\/a>\n                <h3 class=\"titulo-custom\">Purito Daily Soft Touch Sunscreen (Renewer) 60Ml<\/h3>\n                \n                                    <div class=\"sku-custom\">EAN: 8809563102600<\/div>\n                                \n                <a href=\"https:\/\/novaluxeurope.com\/en\/product\/purito-daily-soft-touch-sunscreen-renewer-60ml\/\" class=\"btn-leer-mas-custom\">Read more<\/a>\n            <\/div>\n                    <div class=\"tarjeta-producto-custom\">\n                <a href=\"https:\/\/novaluxeurope.com\/en\/product\/renewal-oat-in-calming-gel-cream-100ml\/\" class=\"imagen-link\">\n                    <img decoding=\"async\" width=\"300\" height=\"300\" src=\"https:\/\/novaluxeurope.com\/wp-content\/uploads\/2026\/05\/PRS07-GELR_2-300x300.png\" class=\"attachment-woocommerce_thumbnail size-woocommerce_thumbnail\" alt=\"*Renewal Oat-In Calming Gel Cream 100Ml\" srcset=\"https:\/\/novaluxeurope.com\/wp-content\/uploads\/2026\/05\/PRS07-GELR_2-300x300.png 300w, https:\/\/novaluxeurope.com\/wp-content\/uploads\/2026\/05\/PRS07-GELR_2-150x150.png 150w, https:\/\/novaluxeurope.com\/wp-content\/uploads\/2026\/05\/PRS07-GELR_2-12x12.png 12w, https:\/\/novaluxeurope.com\/wp-content\/uploads\/2026\/05\/PRS07-GELR_2-100x100.png 100w, https:\/\/novaluxeurope.com\/wp-content\/uploads\/2026\/05\/PRS07-GELR_2.png 500w\" sizes=\"(max-width: 300px) 100vw, 300px\" \/>                <\/a>\n                <h3 class=\"titulo-custom\">*Renewal Oat-In Calming Gel Cream 100Ml<\/h3>\n                \n                                    <div class=\"sku-custom\">EAN: 8809563101054<\/div>\n                                \n                <a href=\"https:\/\/novaluxeurope.com\/en\/product\/renewal-oat-in-calming-gel-cream-100ml\/\" class=\"btn-leer-mas-custom\">Read more<\/a>\n            <\/div>\n                    <div class=\"tarjeta-producto-custom\">\n                <a href=\"https:\/\/novaluxeurope.com\/en\/product\/fermented-complex-94-boosting-essence-150ml\/\" class=\"imagen-link\">\n                    <img loading=\"lazy\" decoding=\"async\" width=\"300\" height=\"300\" src=\"https:\/\/novaluxeurope.com\/wp-content\/uploads\/2026\/05\/PRS06-S-300x300.png\" class=\"attachment-woocommerce_thumbnail size-woocommerce_thumbnail\" alt=\"Fermented Complex 94 Boosting Essence 150Ml\" srcset=\"https:\/\/novaluxeurope.com\/wp-content\/uploads\/2026\/05\/PRS06-S-300x300.png 300w, https:\/\/novaluxeurope.com\/wp-content\/uploads\/2026\/05\/PRS06-S-150x150.png 150w, https:\/\/novaluxeurope.com\/wp-content\/uploads\/2026\/05\/PRS06-S-12x12.png 12w, https:\/\/novaluxeurope.com\/wp-content\/uploads\/2026\/05\/PRS06-S-100x100.png 100w, https:\/\/novaluxeurope.com\/wp-content\/uploads\/2026\/05\/PRS06-S.png 500w\" sizes=\"(max-width: 300px) 100vw, 300px\" \/>                <\/a>\n                <h3 class=\"titulo-custom\">Fermented Complex 94 Boosting Essence 150Ml<\/h3>\n                \n                                    <div class=\"sku-custom\">EAN: 8809563102006<\/div>\n                                \n                <a href=\"https:\/\/novaluxeurope.com\/en\/product\/fermented-complex-94-boosting-essence-150ml\/\" class=\"btn-leer-mas-custom\">Read more<\/a>\n            <\/div>\n                    <div class=\"tarjeta-producto-custom\">\n                <a href=\"https:\/\/novaluxeurope.com\/en\/product\/wonder-releaf-centella-toner-unscented-200ml\/\" class=\"imagen-link\">\n                    <img loading=\"lazy\" decoding=\"async\" width=\"300\" height=\"300\" src=\"https:\/\/novaluxeurope.com\/wp-content\/uploads\/2026\/05\/PRS02-CTU-300x300.png\" class=\"attachment-woocommerce_thumbnail size-woocommerce_thumbnail\" alt=\"Wonder Releaf Centella Toner Unscented 200Ml\" srcset=\"https:\/\/novaluxeurope.com\/wp-content\/uploads\/2026\/05\/PRS02-CTU-300x300.png 300w, https:\/\/novaluxeurope.com\/wp-content\/uploads\/2026\/05\/PRS02-CTU-150x150.png 150w, https:\/\/novaluxeurope.com\/wp-content\/uploads\/2026\/05\/PRS02-CTU-12x12.png 12w, https:\/\/novaluxeurope.com\/wp-content\/uploads\/2026\/05\/PRS02-CTU-100x100.png 100w, https:\/\/novaluxeurope.com\/wp-content\/uploads\/2026\/05\/PRS02-CTU.png 500w\" sizes=\"(max-width: 300px) 100vw, 300px\" \/>                <\/a>\n                <h3 class=\"titulo-custom\">Wonder Releaf Centella Toner Unscented 200Ml<\/h3>\n                \n                                    <div class=\"sku-custom\">EAN: 8809563100347<\/div>\n                                \n                <a href=\"https:\/\/novaluxeurope.com\/en\/product\/wonder-releaf-centella-toner-unscented-200ml\/\" class=\"btn-leer-mas-custom\">Read more<\/a>\n            <\/div>\n                    <div class=\"tarjeta-producto-custom\">\n                <a href=\"https:\/\/novaluxeurope.com\/en\/product\/from-green-cleansing-oil-200ml\/\" class=\"imagen-link\">\n                    <img loading=\"lazy\" decoding=\"async\" width=\"300\" height=\"300\" src=\"https:\/\/novaluxeurope.com\/wp-content\/uploads\/2026\/05\/PRC14-OCEU-300x300.png\" class=\"attachment-woocommerce_thumbnail size-woocommerce_thumbnail\" alt=\"From Green Cleansing Oil 200Ml\" srcset=\"https:\/\/novaluxeurope.com\/wp-content\/uploads\/2026\/05\/PRC14-OCEU-300x300.png 300w, https:\/\/novaluxeurope.com\/wp-content\/uploads\/2026\/05\/PRC14-OCEU-150x150.png 150w, https:\/\/novaluxeurope.com\/wp-content\/uploads\/2026\/05\/PRC14-OCEU-12x12.png 12w, https:\/\/novaluxeurope.com\/wp-content\/uploads\/2026\/05\/PRC14-OCEU-100x100.png 100w, https:\/\/novaluxeurope.com\/wp-content\/uploads\/2026\/05\/PRC14-OCEU.png 500w\" sizes=\"(max-width: 300px) 100vw, 300px\" \/>                <\/a>\n                <h3 class=\"titulo-custom\">From Green Cleansing Oil 200Ml<\/h3>\n                \n                                    <div class=\"sku-custom\">EAN: 8809563102532<\/div>\n                                \n                <a href=\"https:\/\/novaluxeurope.com\/en\/product\/from-green-cleansing-oil-200ml\/\" class=\"btn-leer-mas-custom\">Read more<\/a>\n            <\/div>\n                    <div class=\"tarjeta-producto-custom\">\n                <a href=\"https:\/\/novaluxeurope.com\/en\/product\/multi-pdrn-collagen-egf-serum-30ml\/\" class=\"imagen-link\">\n                    <img decoding=\"async\" src=\"https:\/\/novaluxeurope.com\/wp-content\/plugins\/woocommerce\/assets\/images\/placeholder.webp\" width=\"300\" class=\"woocommerce-placeholder wp-post-image\" alt=\"Placeholder\" data-no-translation-alt=\"\"\/>                <\/a>\n                <h3 class=\"titulo-custom\">Multi Pdrn Collagen Egf Serum 30Ml<\/h3>\n                \n                                    <div class=\"sku-custom\">EAN: 8809563104246<\/div>\n                                \n                <a href=\"https:\/\/novaluxeurope.com\/en\/product\/multi-pdrn-collagen-egf-serum-30ml\/\" class=\"btn-leer-mas-custom\">Read more<\/a>\n            <\/div>\n                    <div class=\"tarjeta-producto-custom\">\n                <a href=\"https:\/\/novaluxeurope.com\/en\/product\/retinol-retinal-2000-nad-serum-30ml\/\" class=\"imagen-link\">\n                    <img decoding=\"async\" src=\"https:\/\/novaluxeurope.com\/wp-content\/plugins\/woocommerce\/assets\/images\/placeholder.webp\" width=\"300\" class=\"woocommerce-placeholder wp-post-image\" alt=\"Placeholder\" data-no-translation-alt=\"\"\/>                <\/a>\n                <h3 class=\"titulo-custom\">Retinol Retinal 2000 Nad+ Serum 30Ml<\/h3>\n                \n                                    <div class=\"sku-custom\">EAN: 8809563104239<\/div>\n                                \n                <a href=\"https:\/\/novaluxeurope.com\/en\/product\/retinol-retinal-2000-nad-serum-30ml\/\" class=\"btn-leer-mas-custom\">Read more<\/a>\n            <\/div>\n                    <div class=\"tarjeta-producto-custom\">\n                <a href=\"https:\/\/novaluxeurope.com\/en\/product\/galacto-niacin-97-power-essence-60ml\/\" class=\"imagen-link\">\n                    <img loading=\"lazy\" decoding=\"async\" width=\"300\" height=\"300\" src=\"https:\/\/novaluxeurope.com\/wp-content\/uploads\/2026\/05\/PRS05-S-300x300.png\" class=\"attachment-woocommerce_thumbnail size-woocommerce_thumbnail\" alt=\"Galacto Niacin 97 Power Essence 60Ml\" srcset=\"https:\/\/novaluxeurope.com\/wp-content\/uploads\/2026\/05\/PRS05-S-300x300.png 300w, https:\/\/novaluxeurope.com\/wp-content\/uploads\/2026\/05\/PRS05-S-150x150.png 150w, https:\/\/novaluxeurope.com\/wp-content\/uploads\/2026\/05\/PRS05-S-12x12.png 12w, https:\/\/novaluxeurope.com\/wp-content\/uploads\/2026\/05\/PRS05-S-100x100.png 100w, https:\/\/novaluxeurope.com\/wp-content\/uploads\/2026\/05\/PRS05-S.png 500w\" sizes=\"(max-width: 300px) 100vw, 300px\" \/>                <\/a>\n                <h3 class=\"titulo-custom\">Galacto Niacin 97 Power Essence 60Ml<\/h3>\n                \n                                    <div class=\"sku-custom\">EAN: 8809563102013<\/div>\n                                \n                <a href=\"https:\/\/novaluxeurope.com\/en\/product\/galacto-niacin-97-power-essence-60ml\/\" class=\"btn-leer-mas-custom\">Read more<\/a>\n            <\/div>\n            <\/div>\n\n    <style>\n        \/* Aplicaci\u00f3n de Estilos Globales del Shortcode *\/\n        .grilla-marcas-custom {\n            display: grid;\n            grid-template-columns: repeat(4, 1fr);\n            gap: 25px;\n            margin: 20px 0;\n            padding: 0;\n            font-family: 'DM Sans', sans-serif; \/* Tipograf\u00eda principal *\/\n        }\n\n        .tarjeta-producto-custom {\n            border: 1px solid #f0f0f0;\n            border-radius: 4px; \/* Un poco m\u00e1s sutil *\/\n            padding: 20px;\n            text-align: center;\n            background: #ffffff;\n            transition: all 0.3s ease;\n            display: flex;\n            flex-direction: column;\n            justify-content: space-between;\n        }\n\n        .tarjeta-producto-custom:hover {\n            box-shadow: 0 10px 25px rgba(0,0,0,0.05);\n            border-color: #C5A059; \/* Borde sutil al color del bot\u00f3n en el hover *\/\n        }\n\n        .titulo-custom {\n            font-family: 'DM Sans', sans-serif;\n            font-size: 16px;\n            color: #333333; \/* Negro oscuro solicitado *\/\n            margin: 15px 0 8px;\n            line-height: 1.3;\n            font-weight: 500;\n            text-transform: capitalize;\n        }\n\n        .sku-custom {\n            font-family: 'DM Sans', sans-serif;\n            font-size: 12px;\n            color: #333333; \/* Negro oscuro solicitado *\/\n            opacity: 0.7;\n            margin-bottom: 20px;\n            letter-spacing: 0.5px;\n        }\n\n        .btn-leer-mas-custom {\n            display: block;\n            background-color: #C5A059; \/* Color de fondo solicitado *\/\n            color: #333333 !important; \/* Color de texto solicitado *\/\n            padding: 14px 10px;\n            border-radius: 2px; \/* Estilo m\u00e1s cuadrado\/elegante *\/\n            text-decoration: none !important;\n            text-transform: uppercase;\n            font-family: 'DM Sans', sans-serif;\n            font-size: 12px;\n            font-weight: 700 !important;\n            letter-spacing: 1px;\n            margin-top: auto;\n            transition: opacity 0.3s ease;\n        }\n\n        .btn-leer-mas-custom:hover {\n            opacity: 0.9;\n            color: #333333 !important;\n        }\n\n        \/* Ajustes de Imagen *\/\n        .tarjeta-producto-custom img {\n            max-width: 100%;\n            height: auto;\n            margin-bottom: 5px;\n        }\n\n        \/* Responsividad *\/\n        @media (max-width: 992px) {\n            .grilla-marcas-custom { grid-template-columns: repeat(3, 1fr); }\n        }\n        @media (max-width: 768px) {\n            .grilla-marcas-custom { grid-template-columns: repeat(2, 1fr); }\n        }\n        @media (max-width: 480px) {\n            .grilla-marcas-custom { grid-template-columns: 1fr; }\n        }\n    <\/style>\n\n    <\/div>\n\t\t\t\t\t\t<\/div>\n\t\t\t\t<div class=\"elementor-element elementor-element-15b56f78 elementor-align-justify elementor-mobile-align-justify elementor-widget__width-initial elementor-widget-mobile__width-inherit solo-logueados elementor-widget elementor-widget-button\" data-id=\"15b56f78\" data-element_type=\"widget\" data-e-type=\"widget\" data-widget_type=\"button.default\">\n\t\t\t\t\t\t\t\t\t\t<a class=\"elementor-button elementor-button-link elementor-size-sm\" href=\"\/en\/marca\/afnan\/\">\n\t\t\t\t\t\t<span class=\"elementor-button-content-wrapper\">\n\t\t\t\t\t\t\t\t\t<span class=\"elementor-button-text\">View All Products<\/span>\n\t\t\t\t\t<\/span>\n\t\t\t\t\t<\/a>\n\t\t\t\t\t\t\t\t<\/div>\n\t\t\t\t\t<\/div>\n\t\t\t\t<\/div>\n\t\t\t\t<\/div>","protected":false},"excerpt":{"rendered":"<p>Purito Seoul Belleza limpia y sostenible inspirada en el coraz\u00f3n de Se\u00fal. Purito Seoul (originalmente conocida como PURITO) es una marca l\u00edder y pionera en el movimiento global del \u00abClean Beauty\u00bb. Su evoluci\u00f3n y cambio de nombre reflejan la sinergia entre la vanguardia urbana de Se\u00fal y el respeto absoluto por la naturaleza. La marca [&hellip;]<\/p>\n","protected":false},"author":1,"featured_media":0,"parent":41,"menu_order":0,"comment_status":"closed","ping_status":"closed","template":"","meta":{"footnotes":""},"class_list":["post-5551","page","type-page","status-publish","hentry"],"_links":{"self":[{"href":"https:\/\/novaluxeurope.com\/en\/wp-json\/wp\/v2\/pages\/5551","targetHints":{"allow":["GET"]}}],"collection":[{"href":"https:\/\/novaluxeurope.com\/en\/wp-json\/wp\/v2\/pages"}],"about":[{"href":"https:\/\/novaluxeurope.com\/en\/wp-json\/wp\/v2\/types\/page"}],"author":[{"embeddable":true,"href":"https:\/\/novaluxeurope.com\/en\/wp-json\/wp\/v2\/users\/1"}],"replies":[{"embeddable":true,"href":"https:\/\/novaluxeurope.com\/en\/wp-json\/wp\/v2\/comments?post=5551"}],"version-history":[{"count":4,"href":"https:\/\/novaluxeurope.com\/en\/wp-json\/wp\/v2\/pages\/5551\/revisions"}],"predecessor-version":[{"id":5557,"href":"https:\/\/novaluxeurope.com\/en\/wp-json\/wp\/v2\/pages\/5551\/revisions\/5557"}],"up":[{"embeddable":true,"href":"https:\/\/novaluxeurope.com\/en\/wp-json\/wp\/v2\/pages\/41"}],"wp:attachment":[{"href":"https:\/\/novaluxeurope.com\/en\/wp-json\/wp\/v2\/media?parent=5551"}],"curies":[{"name":"wp","href":"https:\/\/api.w.org\/{rel}","templated":true}]}}