{"id":5538,"date":"2026-05-05T00:20:23","date_gmt":"2026-05-05T00:20:23","guid":{"rendered":"https:\/\/novaluxeurope.com\/?page_id=5538"},"modified":"2026-05-05T00:23:20","modified_gmt":"2026-05-05T00:23:20","slug":"benton","status":"publish","type":"page","link":"https:\/\/novaluxeurope.com\/en\/marcas\/benton\/","title":{"rendered":"Benton"},"content":{"rendered":"<div data-elementor-type=\"wp-page\" data-elementor-id=\"5538\" class=\"elementor elementor-5538\">\n\t\t\t\t<div class=\"elementor-element elementor-element-274ef7a e-flex e-con-boxed e-con e-parent\" data-id=\"274ef7a\" data-element_type=\"container\" data-e-type=\"container\">\n\t\t\t\t\t<div class=\"e-con-inner\">\n\t\t<div class=\"elementor-element elementor-element-3326ba7 e-con-full e-flex e-con e-child\" data-id=\"3326ba7\" data-element_type=\"container\" data-e-type=\"container\">\n\t\t\t\t<div class=\"elementor-element elementor-element-66741ff8 elementor-widget elementor-widget-heading\" data-id=\"66741ff8\" data-element_type=\"widget\" data-e-type=\"widget\" data-widget_type=\"heading.default\">\n\t\t\t\t\t<h1 class=\"elementor-heading-title elementor-size-default\">Benton<\/h1>\t\t\t\t<\/div>\n\t\t\t\t<div class=\"elementor-element elementor-element-42089bcf elementor-widget elementor-widget-heading\" data-id=\"42089bcf\" data-element_type=\"widget\" data-e-type=\"widget\" data-widget_type=\"heading.default\">\n\t\t\t\t\t<p class=\"elementor-heading-title elementor-size-default\">F\u00f3rmulas limpias y eficaces, libres de qu\u00edmicos nocivos.<\/p>\t\t\t\t<\/div>\n\t\t\t\t<div class=\"elementor-element elementor-element-6f6f550 elementor-widget elementor-widget-text-editor\" data-id=\"6f6f550\" data-element_type=\"widget\" data-e-type=\"widget\" data-widget_type=\"text-editor.default\">\n\t\t\t\t\t\t\t\t\t<p data-path-to-node=\"7\">Inspirada en la pel\u00edcula <i data-path-to-node=\"7\" data-index-in-node=\"25\">El curioso caso de Benjamin Button<\/i>, Benton naci\u00f3 en 2011 con la clara misi\u00f3n de restaurar la piel a su estado original, sano y juvenil. Como marca pionera en el movimiento \u00abClean Beauty\u00bb (belleza limpia) en Corea del Sur, Benton se distingue por priorizar ingredientes naturales de alt\u00edsima calidad y excluir por completo conservantes sint\u00e9ticos, fragancias artificiales y qu\u00edmicos da\u00f1inos. Sus l\u00edneas m\u00e1s ic\u00f3nicas, como <i data-path-to-node=\"7\" data-index-in-node=\"446\">Snail Bee<\/i> (una potente combinaci\u00f3n de mucina de caracol y veneno de abeja) y <i data-path-to-node=\"7\" data-index-in-node=\"523\">Aloe Propolis<\/i>, son mundialmente reconocidas por su excepcional capacidad para calmar, regenerar y tratar pieles sensibles, reactivas o propensas al acn\u00e9.<\/p><p data-path-to-node=\"8\">Para el sector minorista y B2B, Benton representa un est\u00e1ndar de confianza absoluta. Al ofrecer cosm\u00e9tica \u00abcruelty-free\u00bb enfocada en la salud dermatol\u00f3gica real, la marca captura a un nicho de consumidores sumamente leales y exigentes que leen meticulosamente las listas de ingredientes. Incorporar Benton a su cat\u00e1logo le permite ofrecer soluciones seguras y de eficacia comprobada, asegurando una rotaci\u00f3n estable, un \u00edndice alt\u00edsimo de recompra y un prestigio elevado para su negocio.<\/p>\t\t\t\t\t\t\t\t<\/div>\n\t\t\t\t<\/div>\n\t\t<div class=\"elementor-element elementor-element-7bba7068 e-con-full e-flex e-con e-child\" data-id=\"7bba7068\" data-element_type=\"container\" data-e-type=\"container\">\n\t\t\t\t<div class=\"elementor-element elementor-element-324e4cd7 elementor-widget elementor-widget-image\" data-id=\"324e4cd7\" data-element_type=\"widget\" data-e-type=\"widget\" data-widget_type=\"image.default\">\n\t\t\t\t\t\t\t\t\t\t\t\t\t\t\t<img fetchpriority=\"high\" decoding=\"async\" width=\"1100\" height=\"780\" src=\"https:\/\/novaluxeurope.com\/wp-content\/uploads\/2026\/05\/benton.webp\" class=\"attachment-full size-full wp-image-5541\" alt=\"Benton Productos\" srcset=\"https:\/\/novaluxeurope.com\/wp-content\/uploads\/2026\/05\/benton.webp 1100w, https:\/\/novaluxeurope.com\/wp-content\/uploads\/2026\/05\/benton-300x213.webp 300w, https:\/\/novaluxeurope.com\/wp-content\/uploads\/2026\/05\/benton-1024x726.webp 1024w, https:\/\/novaluxeurope.com\/wp-content\/uploads\/2026\/05\/benton-768x545.webp 768w, https:\/\/novaluxeurope.com\/wp-content\/uploads\/2026\/05\/benton-18x12.webp 18w, https:\/\/novaluxeurope.com\/wp-content\/uploads\/2026\/05\/benton-800x567.webp 800w\" sizes=\"(max-width: 1100px) 100vw, 1100px\" \/>\t\t\t\t\t\t\t\t\t\t\t\t\t\t\t<\/div>\n\t\t\t\t<\/div>\n\t\t\t\t\t<\/div>\n\t\t\t\t<\/div>\n\t\t<div class=\"elementor-element elementor-element-5787e307 e-flex e-con-boxed e-con e-parent\" data-id=\"5787e307\" data-element_type=\"container\" data-e-type=\"container\">\n\t\t\t\t\t<div class=\"e-con-inner\">\n\t\t\t\t<div class=\"elementor-element elementor-element-25e9f43b elementor-widget elementor-widget-heading\" data-id=\"25e9f43b\" data-element_type=\"widget\" data-e-type=\"widget\" data-widget_type=\"heading.default\">\n\t\t\t\t\t<h3 class=\"elementor-heading-title elementor-size-default\">Los ic\u00f3nicos tratamientos naturales de Snail Bee y Aloe<\/h3>\t\t\t\t<\/div>\n\t\t\t\t<div class=\"elementor-element elementor-element-5b967866 elementor-widget elementor-widget-text-editor\" data-id=\"5b967866\" data-element_type=\"widget\" data-e-type=\"widget\" data-widget_type=\"text-editor.default\">\n\t\t\t\t\t\t\t\t\t<p>Incorpore soluciones dermatol\u00f3gicas reconocidas globalmente por su poder calmante y restaurador. Excelente rentabilidad impulsada por una base de usuarios constante.<\/p>\t\t\t\t\t\t\t\t<\/div>\n\t\t\t\t<div class=\"elementor-element elementor-element-2228f618 elementor-widget elementor-widget-shortcode\" data-id=\"2228f618\" data-element_type=\"widget\" data-e-type=\"widget\" data-widget_type=\"shortcode.default\">\n\t\t\t\t\t\t\t<div class=\"elementor-shortcode\">    \n    <div class=\"grilla-marcas-custom cols-4\">\n                    <div class=\"tarjeta-producto-custom\">\n                <a href=\"https:\/\/novaluxeurope.com\/en\/product\/air-fit-uv-defense-sun-cream\/\" class=\"imagen-link\">\n                    <img decoding=\"async\" width=\"300\" height=\"300\" src=\"https:\/\/novaluxeurope.com\/wp-content\/uploads\/2026\/04\/BentonSM59-Asun_1-300x300.jpg\" class=\"attachment-woocommerce_thumbnail size-woocommerce_thumbnail\" alt=\"Air Fit Uv Defense Sun Cream\" srcset=\"https:\/\/novaluxeurope.com\/wp-content\/uploads\/2026\/04\/BentonSM59-Asun_1-300x300.jpg 300w, https:\/\/novaluxeurope.com\/wp-content\/uploads\/2026\/04\/BentonSM59-Asun_1-1024x1024.jpg 1024w, https:\/\/novaluxeurope.com\/wp-content\/uploads\/2026\/04\/BentonSM59-Asun_1-150x150.jpg 150w, https:\/\/novaluxeurope.com\/wp-content\/uploads\/2026\/04\/BentonSM59-Asun_1-768x768.jpg 768w, https:\/\/novaluxeurope.com\/wp-content\/uploads\/2026\/04\/BentonSM59-Asun_1-12x12.jpg 12w, https:\/\/novaluxeurope.com\/wp-content\/uploads\/2026\/04\/BentonSM59-Asun_1-800x800.jpg 800w, https:\/\/novaluxeurope.com\/wp-content\/uploads\/2026\/04\/BentonSM59-Asun_1-100x100.jpg 100w, https:\/\/novaluxeurope.com\/wp-content\/uploads\/2026\/04\/BentonSM59-Asun_1.jpg 1500w\" sizes=\"(max-width: 300px) 100vw, 300px\" \/>                <\/a>\n                <h3 class=\"titulo-custom\">Air Fit Uv Defense Sun Cream<\/h3>\n                \n                                    <div class=\"sku-custom\">EAN: 8809566991553<\/div>\n                                \n                <a href=\"https:\/\/novaluxeurope.com\/en\/product\/air-fit-uv-defense-sun-cream\/\" class=\"btn-leer-mas-custom\">Read more<\/a>\n            <\/div>\n                    <div class=\"tarjeta-producto-custom\">\n                <a href=\"https:\/\/novaluxeurope.com\/en\/product\/benton-guava-pore-cleansing-oil-200ml\/\" class=\"imagen-link\">\n                    <img decoding=\"async\" width=\"300\" height=\"300\" src=\"https:\/\/novaluxeurope.com\/wp-content\/uploads\/2026\/04\/BentonS14-oil-300x300.jpg\" class=\"attachment-woocommerce_thumbnail size-woocommerce_thumbnail\" alt=\"Benton Guava Pore Cleansing Oil 200ml\" srcset=\"https:\/\/novaluxeurope.com\/wp-content\/uploads\/2026\/04\/BentonS14-oil-300x300.jpg 300w, https:\/\/novaluxeurope.com\/wp-content\/uploads\/2026\/04\/BentonS14-oil-150x150.jpg 150w, https:\/\/novaluxeurope.com\/wp-content\/uploads\/2026\/04\/BentonS14-oil-768x768.jpg 768w, https:\/\/novaluxeurope.com\/wp-content\/uploads\/2026\/04\/BentonS14-oil-12x12.jpg 12w, https:\/\/novaluxeurope.com\/wp-content\/uploads\/2026\/04\/BentonS14-oil-800x800.jpg 800w, https:\/\/novaluxeurope.com\/wp-content\/uploads\/2026\/04\/BentonS14-oil-100x100.jpg 100w, https:\/\/novaluxeurope.com\/wp-content\/uploads\/2026\/04\/BentonS14-oil.jpg 1000w\" sizes=\"(max-width: 300px) 100vw, 300px\" \/>                <\/a>\n                <h3 class=\"titulo-custom\">Benton Guava Pore Cleansing Oil 200ml<\/h3>\n                \n                                    <div class=\"sku-custom\">EAN: 8809566993311<\/div>\n                                \n                <a href=\"https:\/\/novaluxeurope.com\/en\/product\/benton-guava-pore-cleansing-oil-200ml\/\" class=\"btn-leer-mas-custom\">Read more<\/a>\n            <\/div>\n                    <div class=\"tarjeta-producto-custom\">\n                <a href=\"https:\/\/novaluxeurope.com\/en\/product\/benton-guava-moisture-soothing-serum-30ml\/\" class=\"imagen-link\">\n                    <img loading=\"lazy\" decoding=\"async\" width=\"300\" height=\"300\" src=\"https:\/\/novaluxeurope.com\/wp-content\/uploads\/2026\/04\/BentonS14-S-300x300.jpg\" class=\"attachment-woocommerce_thumbnail size-woocommerce_thumbnail\" alt=\"Benton Guava Moisture Soothing Serum 30ml\" srcset=\"https:\/\/novaluxeurope.com\/wp-content\/uploads\/2026\/04\/BentonS14-S-300x300.jpg 300w, https:\/\/novaluxeurope.com\/wp-content\/uploads\/2026\/04\/BentonS14-S-150x150.jpg 150w, https:\/\/novaluxeurope.com\/wp-content\/uploads\/2026\/04\/BentonS14-S-768x768.jpg 768w, https:\/\/novaluxeurope.com\/wp-content\/uploads\/2026\/04\/BentonS14-S-12x12.jpg 12w, https:\/\/novaluxeurope.com\/wp-content\/uploads\/2026\/04\/BentonS14-S-100x100.jpg 100w, https:\/\/novaluxeurope.com\/wp-content\/uploads\/2026\/04\/BentonS14-S.jpg 800w\" sizes=\"(max-width: 300px) 100vw, 300px\" \/>                <\/a>\n                <h3 class=\"titulo-custom\">Benton Guava Moisture Soothing Serum 30ml<\/h3>\n                \n                                    <div class=\"sku-custom\">EAN: 8809566993342<\/div>\n                                \n                <a href=\"https:\/\/novaluxeurope.com\/en\/product\/benton-guava-moisture-soothing-serum-30ml\/\" class=\"btn-leer-mas-custom\">Read more<\/a>\n            <\/div>\n                    <div class=\"tarjeta-producto-custom\">\n                <a href=\"https:\/\/novaluxeurope.com\/en\/product\/guava-moisture-soothing-cream-80ml\/\" class=\"imagen-link\">\n                    <img loading=\"lazy\" decoding=\"async\" width=\"300\" height=\"300\" src=\"https:\/\/novaluxeurope.com\/wp-content\/uploads\/2026\/04\/BentonS14-C-300x300.jpg\" class=\"attachment-woocommerce_thumbnail size-woocommerce_thumbnail\" alt=\"Guava Moisture Soothing Cream 80ml\" srcset=\"https:\/\/novaluxeurope.com\/wp-content\/uploads\/2026\/04\/BentonS14-C-300x300.jpg 300w, https:\/\/novaluxeurope.com\/wp-content\/uploads\/2026\/04\/BentonS14-C-1024x1024.jpg 1024w, https:\/\/novaluxeurope.com\/wp-content\/uploads\/2026\/04\/BentonS14-C-150x150.jpg 150w, https:\/\/novaluxeurope.com\/wp-content\/uploads\/2026\/04\/BentonS14-C-768x768.jpg 768w, https:\/\/novaluxeurope.com\/wp-content\/uploads\/2026\/04\/BentonS14-C-12x12.jpg 12w, https:\/\/novaluxeurope.com\/wp-content\/uploads\/2026\/04\/BentonS14-C-800x800.jpg 800w, https:\/\/novaluxeurope.com\/wp-content\/uploads\/2026\/04\/BentonS14-C-100x100.jpg 100w, https:\/\/novaluxeurope.com\/wp-content\/uploads\/2026\/04\/BentonS14-C.jpg 1500w\" sizes=\"(max-width: 300px) 100vw, 300px\" \/>                <\/a>\n                <h3 class=\"titulo-custom\">Guava Moisture Soothing Cream 80ml<\/h3>\n                \n                                    <div class=\"sku-custom\">EAN: 8809566993007<\/div>\n                                \n                <a href=\"https:\/\/novaluxeurope.com\/en\/product\/guava-moisture-soothing-cream-80ml\/\" class=\"btn-leer-mas-custom\">Read more<\/a>\n            <\/div>\n                    <div class=\"tarjeta-producto-custom\">\n                <a href=\"https:\/\/novaluxeurope.com\/en\/product\/fermentation-eye-cream-30g\/\" class=\"imagen-link\">\n                    <img loading=\"lazy\" decoding=\"async\" width=\"300\" height=\"300\" src=\"https:\/\/novaluxeurope.com\/wp-content\/uploads\/2026\/04\/BentonS04-ECR-300x300.png\" class=\"attachment-woocommerce_thumbnail size-woocommerce_thumbnail\" alt=\"Fermentation Eye Cream 30g\" srcset=\"https:\/\/novaluxeurope.com\/wp-content\/uploads\/2026\/04\/BentonS04-ECR-300x300.png 300w, https:\/\/novaluxeurope.com\/wp-content\/uploads\/2026\/04\/BentonS04-ECR-150x150.png 150w, https:\/\/novaluxeurope.com\/wp-content\/uploads\/2026\/04\/BentonS04-ECR-12x12.png 12w, https:\/\/novaluxeurope.com\/wp-content\/uploads\/2026\/04\/BentonS04-ECR-100x100.png 100w, https:\/\/novaluxeurope.com\/wp-content\/uploads\/2026\/04\/BentonS04-ECR.png 500w\" sizes=\"(max-width: 300px) 100vw, 300px\" \/>                <\/a>\n                <h3 class=\"titulo-custom\">Fermentation Eye Cream 30g<\/h3>\n                \n                                    <div class=\"sku-custom\">EAN: 8809566991720<\/div>\n                                \n                <a href=\"https:\/\/novaluxeurope.com\/en\/product\/fermentation-eye-cream-30g\/\" class=\"btn-leer-mas-custom\">Read more<\/a>\n            <\/div>\n                    <div class=\"tarjeta-producto-custom\">\n                <a href=\"https:\/\/novaluxeurope.com\/en\/product\/fermentation-essence-100ml\/\" class=\"imagen-link\">\n                    <img loading=\"lazy\" decoding=\"async\" width=\"300\" height=\"300\" src=\"https:\/\/novaluxeurope.com\/wp-content\/uploads\/2026\/04\/BentonS04-EssenceR-300x300.png\" class=\"attachment-woocommerce_thumbnail size-woocommerce_thumbnail\" alt=\"Fermentation Essence 100ml\" srcset=\"https:\/\/novaluxeurope.com\/wp-content\/uploads\/2026\/04\/BentonS04-EssenceR-300x300.png 300w, https:\/\/novaluxeurope.com\/wp-content\/uploads\/2026\/04\/BentonS04-EssenceR-150x150.png 150w, https:\/\/novaluxeurope.com\/wp-content\/uploads\/2026\/04\/BentonS04-EssenceR-12x12.png 12w, https:\/\/novaluxeurope.com\/wp-content\/uploads\/2026\/04\/BentonS04-EssenceR-100x100.png 100w, https:\/\/novaluxeurope.com\/wp-content\/uploads\/2026\/04\/BentonS04-EssenceR.png 500w\" sizes=\"(max-width: 300px) 100vw, 300px\" \/>                <\/a>\n                <h3 class=\"titulo-custom\">Fermentation Essence 100ml<\/h3>\n                \n                                    <div class=\"sku-custom\">EAN: 8809566991713<\/div>\n                                \n                <a href=\"https:\/\/novaluxeurope.com\/en\/product\/fermentation-essence-100ml\/\" class=\"btn-leer-mas-custom\">Read more<\/a>\n            <\/div>\n                    <div class=\"tarjeta-producto-custom\">\n                <a href=\"https:\/\/novaluxeurope.com\/en\/product\/honest-eyelash-serum-10ml\/\" class=\"imagen-link\">\n                    <img loading=\"lazy\" decoding=\"async\" width=\"300\" height=\"300\" src=\"https:\/\/novaluxeurope.com\/wp-content\/uploads\/2026\/04\/BentonS03-Seye_1-300x300.png\" class=\"attachment-woocommerce_thumbnail size-woocommerce_thumbnail\" alt=\"Honest Eyelash Serum 10ml\" srcset=\"https:\/\/novaluxeurope.com\/wp-content\/uploads\/2026\/04\/BentonS03-Seye_1-300x300.png 300w, https:\/\/novaluxeurope.com\/wp-content\/uploads\/2026\/04\/BentonS03-Seye_1-150x150.png 150w, https:\/\/novaluxeurope.com\/wp-content\/uploads\/2026\/04\/BentonS03-Seye_1-12x12.png 12w, https:\/\/novaluxeurope.com\/wp-content\/uploads\/2026\/04\/BentonS03-Seye_1-100x100.png 100w, https:\/\/novaluxeurope.com\/wp-content\/uploads\/2026\/04\/BentonS03-Seye_1.png 500w\" sizes=\"(max-width: 300px) 100vw, 300px\" \/>                <\/a>\n                <h3 class=\"titulo-custom\">Honest Eyelash Serum 10ml<\/h3>\n                \n                                    <div class=\"sku-custom\">EAN: 8809566991362<\/div>\n                                \n                <a href=\"https:\/\/novaluxeurope.com\/en\/product\/honest-eyelash-serum-10ml\/\" class=\"btn-leer-mas-custom\">Read more<\/a>\n            <\/div>\n                    <div class=\"tarjeta-producto-custom\">\n                <a href=\"https:\/\/novaluxeurope.com\/en\/product\/aloe-propolis-soothing-gel-100ml\/\" class=\"imagen-link\">\n                    <img loading=\"lazy\" decoding=\"async\" width=\"300\" height=\"300\" src=\"https:\/\/novaluxeurope.com\/wp-content\/uploads\/2026\/04\/BentonS02-soothinggelR_2-300x300.png\" class=\"attachment-woocommerce_thumbnail size-woocommerce_thumbnail\" alt=\"Aloe Propolis Soothing Gel 100ml\" srcset=\"https:\/\/novaluxeurope.com\/wp-content\/uploads\/2026\/04\/BentonS02-soothinggelR_2-300x300.png 300w, https:\/\/novaluxeurope.com\/wp-content\/uploads\/2026\/04\/BentonS02-soothinggelR_2-150x150.png 150w, https:\/\/novaluxeurope.com\/wp-content\/uploads\/2026\/04\/BentonS02-soothinggelR_2-12x12.png 12w, https:\/\/novaluxeurope.com\/wp-content\/uploads\/2026\/04\/BentonS02-soothinggelR_2-100x100.png 100w, https:\/\/novaluxeurope.com\/wp-content\/uploads\/2026\/04\/BentonS02-soothinggelR_2.png 500w\" sizes=\"(max-width: 300px) 100vw, 300px\" \/>                <\/a>\n                <h3 class=\"titulo-custom\">Aloe Propolis Soothing Gel 100ml<\/h3>\n                \n                                    <div class=\"sku-custom\">EAN: 8809566991744<\/div>\n                                \n                <a href=\"https:\/\/novaluxeurope.com\/en\/product\/aloe-propolis-soothing-gel-100ml\/\" class=\"btn-leer-mas-custom\">Read more<\/a>\n            <\/div>\n            <\/div>\n\n    <style>\n        \/* Aplicaci\u00f3n de Estilos Globales del Shortcode *\/\n        .grilla-marcas-custom {\n            display: grid;\n            grid-template-columns: repeat(4, 1fr);\n            gap: 25px;\n            margin: 20px 0;\n            padding: 0;\n            font-family: 'DM Sans', sans-serif; \/* Tipograf\u00eda principal *\/\n        }\n\n        .tarjeta-producto-custom {\n            border: 1px solid #f0f0f0;\n            border-radius: 4px; \/* Un poco m\u00e1s sutil *\/\n            padding: 20px;\n            text-align: center;\n            background: #ffffff;\n            transition: all 0.3s ease;\n            display: flex;\n            flex-direction: column;\n            justify-content: space-between;\n        }\n\n        .tarjeta-producto-custom:hover {\n            box-shadow: 0 10px 25px rgba(0,0,0,0.05);\n            border-color: #C5A059; \/* Borde sutil al color del bot\u00f3n en el hover *\/\n        }\n\n        .titulo-custom {\n            font-family: 'DM Sans', sans-serif;\n            font-size: 16px;\n            color: #333333; \/* Negro oscuro solicitado *\/\n            margin: 15px 0 8px;\n            line-height: 1.3;\n            font-weight: 500;\n            text-transform: capitalize;\n        }\n\n        .sku-custom {\n            font-family: 'DM Sans', sans-serif;\n            font-size: 12px;\n            color: #333333; \/* Negro oscuro solicitado *\/\n            opacity: 0.7;\n            margin-bottom: 20px;\n            letter-spacing: 0.5px;\n        }\n\n        .btn-leer-mas-custom {\n            display: block;\n            background-color: #C5A059; \/* Color de fondo solicitado *\/\n            color: #333333 !important; \/* Color de texto solicitado *\/\n            padding: 14px 10px;\n            border-radius: 2px; \/* Estilo m\u00e1s cuadrado\/elegante *\/\n            text-decoration: none !important;\n            text-transform: uppercase;\n            font-family: 'DM Sans', sans-serif;\n            font-size: 12px;\n            font-weight: 700 !important;\n            letter-spacing: 1px;\n            margin-top: auto;\n            transition: opacity 0.3s ease;\n        }\n\n        .btn-leer-mas-custom:hover {\n            opacity: 0.9;\n            color: #333333 !important;\n        }\n\n        \/* Ajustes de Imagen *\/\n        .tarjeta-producto-custom img {\n            max-width: 100%;\n            height: auto;\n            margin-bottom: 5px;\n        }\n\n        \/* Responsividad *\/\n        @media (max-width: 992px) {\n            .grilla-marcas-custom { grid-template-columns: repeat(3, 1fr); }\n        }\n        @media (max-width: 768px) {\n            .grilla-marcas-custom { grid-template-columns: repeat(2, 1fr); }\n        }\n        @media (max-width: 480px) {\n            .grilla-marcas-custom { grid-template-columns: 1fr; }\n        }\n    <\/style>\n\n    <\/div>\n\t\t\t\t\t\t<\/div>\n\t\t\t\t<div class=\"elementor-element elementor-element-571b2026 elementor-align-justify elementor-mobile-align-justify elementor-widget__width-initial elementor-widget-mobile__width-inherit solo-logueados elementor-widget elementor-widget-button\" data-id=\"571b2026\" data-element_type=\"widget\" data-e-type=\"widget\" data-widget_type=\"button.default\">\n\t\t\t\t\t\t\t\t\t\t<a class=\"elementor-button elementor-button-link elementor-size-sm\" href=\"\/en\/marca\/afnan\/\">\n\t\t\t\t\t\t<span class=\"elementor-button-content-wrapper\">\n\t\t\t\t\t\t\t\t\t<span class=\"elementor-button-text\">View All Products<\/span>\n\t\t\t\t\t<\/span>\n\t\t\t\t\t<\/a>\n\t\t\t\t\t\t\t\t<\/div>\n\t\t\t\t\t<\/div>\n\t\t\t\t<\/div>\n\t\t\t\t<\/div>","protected":false},"excerpt":{"rendered":"<p>Benton F\u00f3rmulas limpias y eficaces, libres de qu\u00edmicos nocivos. Inspirada en la pel\u00edcula El curioso caso de Benjamin Button, Benton naci\u00f3 en 2011 con la clara misi\u00f3n de restaurar la piel a su estado original, sano y juvenil. Como marca pionera en el movimiento \u00abClean Beauty\u00bb (belleza limpia) en Corea del Sur, Benton se distingue [&hellip;]<\/p>\n","protected":false},"author":1,"featured_media":0,"parent":41,"menu_order":0,"comment_status":"closed","ping_status":"closed","template":"","meta":{"footnotes":""},"class_list":["post-5538","page","type-page","status-publish","hentry"],"_links":{"self":[{"href":"https:\/\/novaluxeurope.com\/en\/wp-json\/wp\/v2\/pages\/5538","targetHints":{"allow":["GET"]}}],"collection":[{"href":"https:\/\/novaluxeurope.com\/en\/wp-json\/wp\/v2\/pages"}],"about":[{"href":"https:\/\/novaluxeurope.com\/en\/wp-json\/wp\/v2\/types\/page"}],"author":[{"embeddable":true,"href":"https:\/\/novaluxeurope.com\/en\/wp-json\/wp\/v2\/users\/1"}],"replies":[{"embeddable":true,"href":"https:\/\/novaluxeurope.com\/en\/wp-json\/wp\/v2\/comments?post=5538"}],"version-history":[{"count":4,"href":"https:\/\/novaluxeurope.com\/en\/wp-json\/wp\/v2\/pages\/5538\/revisions"}],"predecessor-version":[{"id":5544,"href":"https:\/\/novaluxeurope.com\/en\/wp-json\/wp\/v2\/pages\/5538\/revisions\/5544"}],"up":[{"embeddable":true,"href":"https:\/\/novaluxeurope.com\/en\/wp-json\/wp\/v2\/pages\/41"}],"wp:attachment":[{"href":"https:\/\/novaluxeurope.com\/en\/wp-json\/wp\/v2\/media?parent=5538"}],"curies":[{"name":"wp","href":"https:\/\/api.w.org\/{rel}","templated":true}]}}