{"id":4422,"date":"2026-04-24T23:28:35","date_gmt":"2026-04-24T23:28:35","guid":{"rendered":"https:\/\/novaluxeurope.com\/?page_id=4422"},"modified":"2026-04-29T15:27:39","modified_gmt":"2026-04-29T15:27:39","slug":"dr-althea","status":"publish","type":"page","link":"https:\/\/novaluxeurope.com\/en\/marcas\/dr-althea\/","title":{"rendered":"Dr. Althea"},"content":{"rendered":"\t\t<div data-elementor-type=\"wp-page\" data-elementor-id=\"4422\" class=\"elementor elementor-4422\">\n\t\t\t\t<div class=\"elementor-element elementor-element-23040cea e-flex e-con-boxed e-con e-parent\" data-id=\"23040cea\" data-element_type=\"container\" data-e-type=\"container\">\n\t\t\t\t\t<div class=\"e-con-inner\">\n\t\t<div class=\"elementor-element elementor-element-1e070abd e-con-full e-flex e-con e-child\" data-id=\"1e070abd\" data-element_type=\"container\" data-e-type=\"container\">\n\t\t\t\t<div class=\"elementor-element elementor-element-43256b70 elementor-widget elementor-widget-heading\" data-id=\"43256b70\" data-element_type=\"widget\" data-e-type=\"widget\" data-widget_type=\"heading.default\">\n\t\t\t\t\t<h1 class=\"elementor-heading-title elementor-size-default\">Dr. Althea<\/h1>\t\t\t\t<\/div>\n\t\t\t\t<div class=\"elementor-element elementor-element-27e7a655 elementor-widget elementor-widget-heading\" data-id=\"27e7a655\" data-element_type=\"widget\" data-e-type=\"widget\" data-widget_type=\"heading.default\">\n\t\t\t\t\t<p class=\"elementor-heading-title elementor-size-default\">Soluciones cient\u00edficas y f\u00f3rmulas limpias para el cuidado de la piel sensible<\/p>\t\t\t\t<\/div>\n\t\t\t\t<div class=\"elementor-element elementor-element-2dd2529c elementor-widget elementor-widget-text-editor\" data-id=\"2dd2529c\" data-element_type=\"widget\" data-e-type=\"widget\" data-widget_type=\"text-editor.default\">\n\t\t\t\t\t\t\t\t\t<p data-path-to-node=\"10\">Fundada en 2014, Dr. Althea ha redefinido el concepto de la derma-cosm\u00e9tica coreana al demostrar que las f\u00f3rmulas cl\u00ednicas de alta eficacia tambi\u00e9n pueden presentarse con una est\u00e9tica excepcionalmente sofisticada. Con un fuerte compromiso hacia la \u00abClean Beauty\u00bb (belleza limpia), la marca se especializa en crear soluciones seguras y gentiles para las pieles m\u00e1s sensibles o comprometidas. Sus productos combinan extractos bot\u00e1nicos puros con potentes activos dermatol\u00f3gicos, destac\u00e1ndose mundialmente por sus f\u00f3rmulas reparadoras de la barrera cut\u00e1nea, calmantes y de hidrataci\u00f3n profunda.<\/p><p data-path-to-node=\"11\">Para el sector minorista y B2B, Dr. Althea representa una oportunidad comercial de alt\u00edsimo valor. Impulsada por recientes \u00e9xitos virales en redes sociales que han disparado su demanda global, la marca atrae a un consumidor exigente que busca resultados reales sin renunciar al lujo visual. Sus envases minimalistas y elegantes embellecen de inmediato cualquier estanter\u00eda f\u00edsica o cat\u00e1logo digital. Incorporar Dr. Althea a su negocio le permite ofrecer cosm\u00e9tica cl\u00ednica de tendencia, asegurando la lealtad del cliente, excelentes m\u00e1rgenes de rentabilidad y un posicionamiento de calidad superior.<\/p>\t\t\t\t\t\t\t\t<\/div>\n\t\t\t\t<\/div>\n\t\t<div class=\"elementor-element elementor-element-17326d50 e-con-full e-flex e-con e-child\" data-id=\"17326d50\" data-element_type=\"container\" data-e-type=\"container\">\n\t\t\t\t<div class=\"elementor-element elementor-element-5715100d elementor-widget elementor-widget-image\" data-id=\"5715100d\" data-element_type=\"widget\" data-e-type=\"widget\" data-widget_type=\"image.default\">\n\t\t\t\t\t\t\t\t\t\t\t\t\t\t\t<img fetchpriority=\"high\" decoding=\"async\" width=\"1024\" height=\"1160\" src=\"https:\/\/novaluxeurope.com\/wp-content\/uploads\/2026\/04\/dr-althea-imagen.webp\" class=\"attachment-full size-full wp-image-4425\" alt=\"Dr Althea Producto\" srcset=\"https:\/\/novaluxeurope.com\/wp-content\/uploads\/2026\/04\/dr-althea-imagen.webp 1024w, https:\/\/novaluxeurope.com\/wp-content\/uploads\/2026\/04\/dr-althea-imagen-265x300.webp 265w, https:\/\/novaluxeurope.com\/wp-content\/uploads\/2026\/04\/dr-althea-imagen-904x1024.webp 904w, https:\/\/novaluxeurope.com\/wp-content\/uploads\/2026\/04\/dr-althea-imagen-768x870.webp 768w, https:\/\/novaluxeurope.com\/wp-content\/uploads\/2026\/04\/dr-althea-imagen-11x12.webp 11w, https:\/\/novaluxeurope.com\/wp-content\/uploads\/2026\/04\/dr-althea-imagen-300x340.webp 300w, https:\/\/novaluxeurope.com\/wp-content\/uploads\/2026\/04\/dr-althea-imagen-800x906.webp 800w\" sizes=\"(max-width: 1024px) 100vw, 1024px\" \/>\t\t\t\t\t\t\t\t\t\t\t\t\t\t\t<\/div>\n\t\t\t\t<\/div>\n\t\t\t\t\t<\/div>\n\t\t\t\t<\/div>\n\t\t<div class=\"elementor-element elementor-element-4089cec9 e-flex e-con-boxed e-con e-parent\" data-id=\"4089cec9\" data-element_type=\"container\" data-e-type=\"container\">\n\t\t\t\t\t<div class=\"e-con-inner\">\n\t\t\t\t<div class=\"elementor-element elementor-element-200b2f00 elementor-widget elementor-widget-heading\" data-id=\"200b2f00\" data-element_type=\"widget\" data-e-type=\"widget\" data-widget_type=\"heading.default\">\n\t\t\t\t\t<h3 class=\"elementor-heading-title elementor-size-default\">Descubra la elegancia cl\u00ednica de Dr. Althea<\/h3>\t\t\t\t<\/div>\n\t\t\t\t<div class=\"elementor-element elementor-element-44311f5e elementor-widget elementor-widget-text-editor\" data-id=\"44311f5e\" data-element_type=\"widget\" data-e-type=\"widget\" data-widget_type=\"text-editor.default\">\n\t\t\t\t\t\t\t\t\t<p>Eleve el prestigio de su cat\u00e1logo con f\u00f3rmulas limpias, envases de dise\u00f1o sofisticado y tratamientos dermatol\u00f3gicos de alta demanda que garantizan la fidelizaci\u00f3n de sus clientes.<\/p>\t\t\t\t\t\t\t\t<\/div>\n\t\t\t\t<div class=\"elementor-element elementor-element-7f5c1de8 elementor-widget elementor-widget-shortcode\" data-id=\"7f5c1de8\" data-element_type=\"widget\" data-e-type=\"widget\" data-widget_type=\"shortcode.default\">\n\t\t\t\t\t\t\t<div class=\"elementor-shortcode\">    \n    <div class=\"grilla-marcas-custom cols-4\">\n                    <div class=\"tarjeta-producto-custom\">\n                <a href=\"https:\/\/novaluxeurope.com\/en\/product\/anastatica-skin-conditioning-toner-250ml\/\" class=\"imagen-link\">\n                    <img decoding=\"async\" width=\"300\" height=\"300\" src=\"https:\/\/novaluxeurope.com\/wp-content\/uploads\/2026\/05\/DRAS01-TAEU-300x300.jpg\" class=\"attachment-woocommerce_thumbnail size-woocommerce_thumbnail\" alt=\"Anastatica Skin Conditioning Toner 250ml\" srcset=\"https:\/\/novaluxeurope.com\/wp-content\/uploads\/2026\/05\/DRAS01-TAEU-300x300.jpg 300w, https:\/\/novaluxeurope.com\/wp-content\/uploads\/2026\/05\/DRAS01-TAEU-150x150.jpg 150w, https:\/\/novaluxeurope.com\/wp-content\/uploads\/2026\/05\/DRAS01-TAEU-12x12.jpg 12w, https:\/\/novaluxeurope.com\/wp-content\/uploads\/2026\/05\/DRAS01-TAEU-100x100.jpg 100w, https:\/\/novaluxeurope.com\/wp-content\/uploads\/2026\/05\/DRAS01-TAEU.jpg 500w\" sizes=\"(max-width: 300px) 100vw, 300px\" \/>                <\/a>\n                <h3 class=\"titulo-custom\">Anastatica Skin Conditioning Toner 250ml<\/h3>\n                \n                                    <div class=\"sku-custom\">EAN: 8809447253152<\/div>\n                                \n                <a href=\"https:\/\/novaluxeurope.com\/en\/product\/anastatica-skin-conditioning-toner-250ml\/\" class=\"btn-leer-mas-custom\">Leer m\u00e1s<\/a>\n            <\/div>\n                    <div class=\"tarjeta-producto-custom\">\n                <a href=\"https:\/\/novaluxeurope.com\/en\/product\/eu-aqua-glowing-sunscreen-45ml\/\" class=\"imagen-link\">\n                    <img decoding=\"async\" width=\"300\" height=\"300\" src=\"https:\/\/novaluxeurope.com\/wp-content\/uploads\/2026\/05\/DRASM06-SCAEU-300x300.jpg\" class=\"attachment-woocommerce_thumbnail size-woocommerce_thumbnail\" alt=\"[Eu] Aqua Glowing Sunscreen 45ml\" srcset=\"https:\/\/novaluxeurope.com\/wp-content\/uploads\/2026\/05\/DRASM06-SCAEU-300x300.jpg 300w, https:\/\/novaluxeurope.com\/wp-content\/uploads\/2026\/05\/DRASM06-SCAEU-150x150.jpg 150w, https:\/\/novaluxeurope.com\/wp-content\/uploads\/2026\/05\/DRASM06-SCAEU-12x12.jpg 12w, https:\/\/novaluxeurope.com\/wp-content\/uploads\/2026\/05\/DRASM06-SCAEU-100x100.jpg 100w, https:\/\/novaluxeurope.com\/wp-content\/uploads\/2026\/05\/DRASM06-SCAEU.jpg 500w\" sizes=\"(max-width: 300px) 100vw, 300px\" \/>                <\/a>\n                <h3 class=\"titulo-custom\">[Eu] Aqua Glowing Sunscreen 45ml<\/h3>\n                \n                                    <div class=\"sku-custom\">EAN: 8809447255972<\/div>\n                                \n                <a href=\"https:\/\/novaluxeurope.com\/en\/product\/eu-aqua-glowing-sunscreen-45ml\/\" class=\"btn-leer-mas-custom\">Leer m\u00e1s<\/a>\n            <\/div>\n                    <div class=\"tarjeta-producto-custom\">\n                <a href=\"https:\/\/novaluxeurope.com\/en\/product\/eu15-niacinamide-purity-serum-30ml\/\" class=\"imagen-link\">\n                    <img loading=\"lazy\" decoding=\"async\" width=\"300\" height=\"336\" src=\"https:\/\/novaluxeurope.com\/wp-content\/uploads\/2026\/04\/DRAS01-SMNeu-300x336.jpg\" class=\"attachment-woocommerce_thumbnail size-woocommerce_thumbnail\" alt=\"[Eu]15% Niacinamide Purity Serum 30ml\" srcset=\"https:\/\/novaluxeurope.com\/wp-content\/uploads\/2026\/04\/DRAS01-SMNeu-300x336.jpg 300w, https:\/\/novaluxeurope.com\/wp-content\/uploads\/2026\/04\/DRAS01-SMNeu-268x300.jpg 268w, https:\/\/novaluxeurope.com\/wp-content\/uploads\/2026\/04\/DRAS01-SMNeu-914x1024.jpg 914w, https:\/\/novaluxeurope.com\/wp-content\/uploads\/2026\/04\/DRAS01-SMNeu-768x860.jpg 768w, https:\/\/novaluxeurope.com\/wp-content\/uploads\/2026\/04\/DRAS01-SMNeu-11x12.jpg 11w, https:\/\/novaluxeurope.com\/wp-content\/uploads\/2026\/04\/DRAS01-SMNeu-800x896.jpg 800w, https:\/\/novaluxeurope.com\/wp-content\/uploads\/2026\/04\/DRAS01-SMNeu.jpg 1333w\" sizes=\"(max-width: 300px) 100vw, 300px\" \/>                <\/a>\n                <h3 class=\"titulo-custom\">[Eu]15% Niacinamide Purity Serum 30ml<\/h3>\n                \n                                    <div class=\"sku-custom\">EAN: 8809447254609<\/div>\n                                \n                <a href=\"https:\/\/novaluxeurope.com\/en\/product\/eu15-niacinamide-purity-serum-30ml\/\" class=\"btn-leer-mas-custom\">Leer m\u00e1s<\/a>\n            <\/div>\n                    <div class=\"tarjeta-producto-custom\">\n                <a href=\"https:\/\/novaluxeurope.com\/en\/product\/eu-345-relief-cream-mist-100ml\/\" class=\"imagen-link\">\n                    <img loading=\"lazy\" decoding=\"async\" width=\"300\" height=\"300\" src=\"https:\/\/novaluxeurope.com\/wp-content\/uploads\/2026\/04\/DRAS01-M100EU-300x300.jpg\" class=\"attachment-woocommerce_thumbnail size-woocommerce_thumbnail\" alt=\"[Eu] 345 Relief Cream Mist 100ml\" srcset=\"https:\/\/novaluxeurope.com\/wp-content\/uploads\/2026\/04\/DRAS01-M100EU-300x300.jpg 300w, https:\/\/novaluxeurope.com\/wp-content\/uploads\/2026\/04\/DRAS01-M100EU-1024x1024.jpg 1024w, https:\/\/novaluxeurope.com\/wp-content\/uploads\/2026\/04\/DRAS01-M100EU-150x150.jpg 150w, https:\/\/novaluxeurope.com\/wp-content\/uploads\/2026\/04\/DRAS01-M100EU-768x768.jpg 768w, https:\/\/novaluxeurope.com\/wp-content\/uploads\/2026\/04\/DRAS01-M100EU-12x12.jpg 12w, https:\/\/novaluxeurope.com\/wp-content\/uploads\/2026\/04\/DRAS01-M100EU-800x800.jpg 800w, https:\/\/novaluxeurope.com\/wp-content\/uploads\/2026\/04\/DRAS01-M100EU-100x100.jpg 100w, https:\/\/novaluxeurope.com\/wp-content\/uploads\/2026\/04\/DRAS01-M100EU.jpg 1080w\" sizes=\"(max-width: 300px) 100vw, 300px\" \/>                <\/a>\n                <h3 class=\"titulo-custom\">[Eu] 345 Relief Cream Mist 100ml<\/h3>\n                \n                                    <div class=\"sku-custom\">EAN: 8809447256115<\/div>\n                                \n                <a href=\"https:\/\/novaluxeurope.com\/en\/product\/eu-345-relief-cream-mist-100ml\/\" class=\"btn-leer-mas-custom\">Leer m\u00e1s<\/a>\n            <\/div>\n                    <div class=\"tarjeta-producto-custom\">\n                <a href=\"https:\/\/novaluxeurope.com\/en\/product\/eumulti-action-infusion-serum-30ml\/\" class=\"imagen-link\">\n                    <img loading=\"lazy\" decoding=\"async\" width=\"300\" height=\"336\" src=\"https:\/\/novaluxeurope.com\/wp-content\/uploads\/2026\/04\/DRAS01-SMeu-300x336.jpg\" class=\"attachment-woocommerce_thumbnail size-woocommerce_thumbnail\" alt=\"[Eu]Multi-Action Infusion Serum 30ml\" srcset=\"https:\/\/novaluxeurope.com\/wp-content\/uploads\/2026\/04\/DRAS01-SMeu-300x336.jpg 300w, https:\/\/novaluxeurope.com\/wp-content\/uploads\/2026\/04\/DRAS01-SMeu-268x300.jpg 268w, https:\/\/novaluxeurope.com\/wp-content\/uploads\/2026\/04\/DRAS01-SMeu-914x1024.jpg 914w, https:\/\/novaluxeurope.com\/wp-content\/uploads\/2026\/04\/DRAS01-SMeu-768x860.jpg 768w, https:\/\/novaluxeurope.com\/wp-content\/uploads\/2026\/04\/DRAS01-SMeu-11x12.jpg 11w, https:\/\/novaluxeurope.com\/wp-content\/uploads\/2026\/04\/DRAS01-SMeu-800x896.jpg 800w, https:\/\/novaluxeurope.com\/wp-content\/uploads\/2026\/04\/DRAS01-SMeu.jpg 1333w\" sizes=\"(max-width: 300px) 100vw, 300px\" \/>                <\/a>\n                <h3 class=\"titulo-custom\">[Eu]Multi-Action Infusion Serum 30ml<\/h3>\n                \n                                    <div class=\"sku-custom\">EAN: 8809447254203<\/div>\n                                \n                <a href=\"https:\/\/novaluxeurope.com\/en\/product\/eumulti-action-infusion-serum-30ml\/\" class=\"btn-leer-mas-custom\">Leer m\u00e1s<\/a>\n            <\/div>\n                    <div class=\"tarjeta-producto-custom\">\n                <a href=\"https:\/\/novaluxeurope.com\/en\/product\/eurenew-345-repair-cream-50ml\/\" class=\"imagen-link\">\n                    <img loading=\"lazy\" decoding=\"async\" width=\"300\" height=\"300\" src=\"https:\/\/novaluxeurope.com\/wp-content\/uploads\/2026\/04\/DRAS01-CRRREU-300x300.jpg\" class=\"attachment-woocommerce_thumbnail size-woocommerce_thumbnail\" alt=\"[Eu][Renew] 345 Repair Cream 50ml\" srcset=\"https:\/\/novaluxeurope.com\/wp-content\/uploads\/2026\/04\/DRAS01-CRRREU-300x300.jpg 300w, https:\/\/novaluxeurope.com\/wp-content\/uploads\/2026\/04\/DRAS01-CRRREU-1024x1024.jpg 1024w, https:\/\/novaluxeurope.com\/wp-content\/uploads\/2026\/04\/DRAS01-CRRREU-150x150.jpg 150w, https:\/\/novaluxeurope.com\/wp-content\/uploads\/2026\/04\/DRAS01-CRRREU-768x768.jpg 768w, https:\/\/novaluxeurope.com\/wp-content\/uploads\/2026\/04\/DRAS01-CRRREU-12x12.jpg 12w, https:\/\/novaluxeurope.com\/wp-content\/uploads\/2026\/04\/DRAS01-CRRREU-800x800.jpg 800w, https:\/\/novaluxeurope.com\/wp-content\/uploads\/2026\/04\/DRAS01-CRRREU-100x100.jpg 100w, https:\/\/novaluxeurope.com\/wp-content\/uploads\/2026\/04\/DRAS01-CRRREU.jpg 1080w\" sizes=\"(max-width: 300px) 100vw, 300px\" \/>                <\/a>\n                <h3 class=\"titulo-custom\">[Eu][Renew] 345 Repair Cream 50ml<\/h3>\n                \n                                    <div class=\"sku-custom\">EAN: 8809447256221<\/div>\n                                \n                <a href=\"https:\/\/novaluxeurope.com\/en\/product\/eurenew-345-repair-cream-50ml\/\" class=\"btn-leer-mas-custom\">Leer m\u00e1s<\/a>\n            <\/div>\n                    <div class=\"tarjeta-producto-custom\">\n                <a href=\"https:\/\/novaluxeurope.com\/en\/product\/eu-rapid-firm-sculpting-cream-45ml\/\" class=\"imagen-link\">\n                    <img loading=\"lazy\" decoding=\"async\" width=\"300\" height=\"300\" src=\"https:\/\/novaluxeurope.com\/wp-content\/uploads\/2026\/04\/DRAS01-CReu-300x300.jpg\" class=\"attachment-woocommerce_thumbnail size-woocommerce_thumbnail\" alt=\"[Eu] Rapid Firm Sculpting Cream 45ml\" srcset=\"https:\/\/novaluxeurope.com\/wp-content\/uploads\/2026\/04\/DRAS01-CReu-300x300.jpg 300w, https:\/\/novaluxeurope.com\/wp-content\/uploads\/2026\/04\/DRAS01-CReu-150x150.jpg 150w, https:\/\/novaluxeurope.com\/wp-content\/uploads\/2026\/04\/DRAS01-CReu-12x12.jpg 12w, https:\/\/novaluxeurope.com\/wp-content\/uploads\/2026\/04\/DRAS01-CReu-100x100.jpg 100w, https:\/\/novaluxeurope.com\/wp-content\/uploads\/2026\/04\/DRAS01-CReu.jpg 500w\" sizes=\"(max-width: 300px) 100vw, 300px\" \/>                <\/a>\n                <h3 class=\"titulo-custom\">[Eu] Rapid Firm Sculpting Cream 45ml<\/h3>\n                \n                                    <div class=\"sku-custom\">EAN: 8809447251745<\/div>\n                                \n                <a href=\"https:\/\/novaluxeurope.com\/en\/product\/eu-rapid-firm-sculpting-cream-45ml\/\" class=\"btn-leer-mas-custom\">Leer m\u00e1s<\/a>\n            <\/div>\n                    <div class=\"tarjeta-producto-custom\">\n                <a href=\"https:\/\/novaluxeurope.com\/en\/product\/eu-reju-5000-cream-20g-pdrn-5000ppm\/\" class=\"imagen-link\">\n                    <img loading=\"lazy\" decoding=\"async\" width=\"300\" height=\"300\" src=\"https:\/\/novaluxeurope.com\/wp-content\/uploads\/2026\/04\/DRAS01-CRrjEU-300x300.jpg\" class=\"attachment-woocommerce_thumbnail size-woocommerce_thumbnail\" alt=\"[Eu] Reju 5000 Cream 20g (Pdrn 5,000Ppm)\" srcset=\"https:\/\/novaluxeurope.com\/wp-content\/uploads\/2026\/04\/DRAS01-CRrjEU-300x300.jpg 300w, https:\/\/novaluxeurope.com\/wp-content\/uploads\/2026\/04\/DRAS01-CRrjEU-150x150.jpg 150w, https:\/\/novaluxeurope.com\/wp-content\/uploads\/2026\/04\/DRAS01-CRrjEU-12x12.jpg 12w, https:\/\/novaluxeurope.com\/wp-content\/uploads\/2026\/04\/DRAS01-CRrjEU-100x100.jpg 100w, https:\/\/novaluxeurope.com\/wp-content\/uploads\/2026\/04\/DRAS01-CRrjEU.jpg 466w\" sizes=\"(max-width: 300px) 100vw, 300px\" \/>                <\/a>\n                <h3 class=\"titulo-custom\">[Eu] Reju 5000 Cream 20g (Pdrn 5,000Ppm)<\/h3>\n                \n                                    <div class=\"sku-custom\">EAN: 8809447256412<\/div>\n                                \n                <a href=\"https:\/\/novaluxeurope.com\/en\/product\/eu-reju-5000-cream-20g-pdrn-5000ppm\/\" class=\"btn-leer-mas-custom\">Leer m\u00e1s<\/a>\n            <\/div>\n            <\/div>\n\n    <style>\n        \/* Aplicaci\u00f3n de Estilos Globales del Shortcode *\/\n        .grilla-marcas-custom {\n            display: grid;\n            grid-template-columns: repeat(4, 1fr);\n            gap: 25px;\n            margin: 20px 0;\n            padding: 0;\n            font-family: 'DM Sans', sans-serif; \/* Tipograf\u00eda principal *\/\n        }\n\n        .tarjeta-producto-custom {\n            border: 1px solid #f0f0f0;\n            border-radius: 4px; \/* Un poco m\u00e1s sutil *\/\n            padding: 20px;\n            text-align: center;\n            background: #ffffff;\n            transition: all 0.3s ease;\n            display: flex;\n            flex-direction: column;\n            justify-content: space-between;\n        }\n\n        .tarjeta-producto-custom:hover {\n            box-shadow: 0 10px 25px rgba(0,0,0,0.05);\n            border-color: #C5A059; \/* Borde sutil al color del bot\u00f3n en el hover *\/\n        }\n\n        .titulo-custom {\n            font-family: 'DM Sans', sans-serif;\n            font-size: 16px;\n            color: #333333; \/* Negro oscuro solicitado *\/\n            margin: 15px 0 8px;\n            line-height: 1.3;\n            font-weight: 500;\n            text-transform: capitalize;\n        }\n\n        .sku-custom {\n            font-family: 'DM Sans', sans-serif;\n            font-size: 12px;\n            color: #333333; \/* Negro oscuro solicitado *\/\n            opacity: 0.7;\n            margin-bottom: 20px;\n            letter-spacing: 0.5px;\n        }\n\n        .btn-leer-mas-custom {\n            display: block;\n            background-color: #C5A059; \/* Color de fondo solicitado *\/\n            color: #333333 !important; \/* Color de texto solicitado *\/\n            padding: 14px 10px;\n            border-radius: 2px; \/* Estilo m\u00e1s cuadrado\/elegante *\/\n            text-decoration: none !important;\n            text-transform: uppercase;\n            font-family: 'DM Sans', sans-serif;\n            font-size: 12px;\n            font-weight: 700 !important;\n            letter-spacing: 1px;\n            margin-top: auto;\n            transition: opacity 0.3s ease;\n        }\n\n        .btn-leer-mas-custom:hover {\n            opacity: 0.9;\n            color: #333333 !important;\n        }\n\n        \/* Ajustes de Imagen *\/\n        .tarjeta-producto-custom img {\n            max-width: 100%;\n            height: auto;\n            margin-bottom: 5px;\n        }\n\n        \/* Responsividad *\/\n        @media (max-width: 992px) {\n            .grilla-marcas-custom { grid-template-columns: repeat(3, 1fr); }\n        }\n        @media (max-width: 768px) {\n            .grilla-marcas-custom { grid-template-columns: repeat(2, 1fr); }\n        }\n        @media (max-width: 480px) {\n            .grilla-marcas-custom { grid-template-columns: 1fr; }\n        }\n    <\/style>\n\n    <\/div>\n\t\t\t\t\t\t<\/div>\n\t\t\t\t<div class=\"elementor-element elementor-element-20e0c8f0 elementor-align-justify elementor-mobile-align-justify elementor-widget__width-initial elementor-widget-mobile__width-inherit solo-logueados elementor-widget elementor-widget-button\" data-id=\"20e0c8f0\" data-element_type=\"widget\" data-e-type=\"widget\" data-widget_type=\"button.default\">\n\t\t\t\t\t\t\t\t\t\t<a class=\"elementor-button elementor-button-link elementor-size-sm\" href=\"\/marca\/dr-althea\/\">\n\t\t\t\t\t\t<span class=\"elementor-button-content-wrapper\">\n\t\t\t\t\t\t\t\t\t<span class=\"elementor-button-text\">Ver Todos los Productos<\/span>\n\t\t\t\t\t<\/span>\n\t\t\t\t\t<\/a>\n\t\t\t\t\t\t\t\t<\/div>\n\t\t\t\t\t<\/div>\n\t\t\t\t<\/div>\n\t\t\t\t<\/div>\n\t\t","protected":false},"excerpt":{"rendered":"<p>Dr. Althea Soluciones cient\u00edficas y f\u00f3rmulas limpias para el cuidado de la piel sensible Fundada en 2014, Dr. Althea ha redefinido el concepto de la derma-cosm\u00e9tica coreana al demostrar que las f\u00f3rmulas cl\u00ednicas de alta eficacia tambi\u00e9n pueden presentarse con una est\u00e9tica excepcionalmente sofisticada. Con un fuerte compromiso hacia la \u00abClean Beauty\u00bb (belleza limpia), la [&hellip;]<\/p>\n","protected":false},"author":1,"featured_media":0,"parent":41,"menu_order":0,"comment_status":"closed","ping_status":"closed","template":"","meta":{"footnotes":""},"class_list":["post-4422","page","type-page","status-publish","hentry"],"_links":{"self":[{"href":"https:\/\/novaluxeurope.com\/en\/wp-json\/wp\/v2\/pages\/4422","targetHints":{"allow":["GET"]}}],"collection":[{"href":"https:\/\/novaluxeurope.com\/en\/wp-json\/wp\/v2\/pages"}],"about":[{"href":"https:\/\/novaluxeurope.com\/en\/wp-json\/wp\/v2\/types\/page"}],"author":[{"embeddable":true,"href":"https:\/\/novaluxeurope.com\/en\/wp-json\/wp\/v2\/users\/1"}],"replies":[{"embeddable":true,"href":"https:\/\/novaluxeurope.com\/en\/wp-json\/wp\/v2\/comments?post=4422"}],"version-history":[{"count":7,"href":"https:\/\/novaluxeurope.com\/en\/wp-json\/wp\/v2\/pages\/4422\/revisions"}],"predecessor-version":[{"id":4517,"href":"https:\/\/novaluxeurope.com\/en\/wp-json\/wp\/v2\/pages\/4422\/revisions\/4517"}],"up":[{"embeddable":true,"href":"https:\/\/novaluxeurope.com\/en\/wp-json\/wp\/v2\/pages\/41"}],"wp:attachment":[{"href":"https:\/\/novaluxeurope.com\/en\/wp-json\/wp\/v2\/media?parent=4422"}],"curies":[{"name":"wp","href":"https:\/\/api.w.org\/{rel}","templated":true}]}}