{"id":4415,"date":"2026-04-24T23:24:24","date_gmt":"2026-04-24T23:24:24","guid":{"rendered":"https:\/\/novaluxeurope.com\/?page_id=4415"},"modified":"2026-04-29T15:25:16","modified_gmt":"2026-04-29T15:25:16","slug":"tocobo-2","status":"publish","type":"page","link":"https:\/\/novaluxeurope.com\/en\/marcas\/tocobo-2\/","title":{"rendered":"Tocobo"},"content":{"rendered":"\t\t<div data-elementor-type=\"wp-page\" data-elementor-id=\"4415\" class=\"elementor elementor-4415\">\n\t\t\t\t<div class=\"elementor-element elementor-element-69ccd83d e-flex e-con-boxed e-con e-parent\" data-id=\"69ccd83d\" data-element_type=\"container\" data-e-type=\"container\">\n\t\t\t\t\t<div class=\"e-con-inner\">\n\t\t<div class=\"elementor-element elementor-element-735f896d e-con-full e-flex e-con e-child\" data-id=\"735f896d\" data-element_type=\"container\" data-e-type=\"container\">\n\t\t\t\t<div class=\"elementor-element elementor-element-6b1ac3dc elementor-widget elementor-widget-heading\" data-id=\"6b1ac3dc\" data-element_type=\"widget\" data-e-type=\"widget\" data-widget_type=\"heading.default\">\n\t\t\t\t\t<h1 class=\"elementor-heading-title elementor-size-default\">Tocobo<\/h1>\t\t\t\t<\/div>\n\t\t\t\t<div class=\"elementor-element elementor-element-13a950a9 elementor-widget elementor-widget-heading\" data-id=\"13a950a9\" data-element_type=\"widget\" data-e-type=\"widget\" data-widget_type=\"heading.default\">\n\t\t\t\t\t<p class=\"elementor-heading-title elementor-size-default\">Innovaci\u00f3n coreana y f\u00f3rmulas limpias para una piel radiante<\/p>\t\t\t\t<\/div>\n\t\t\t\t<div class=\"elementor-element elementor-element-7995629a elementor-widget elementor-widget-text-editor\" data-id=\"7995629a\" data-element_type=\"widget\" data-e-type=\"widget\" data-widget_type=\"text-editor.default\">\n\t\t\t\t\t\t\t\t\t<p data-path-to-node=\"10\">Nacida bajo la filosof\u00eda de valorar la esencia y seguir la intuici\u00f3n, <strong>Tocobo<\/strong> es una de las marcas de K-Beauty m\u00e1s frescas, modernas y visualmente cautivadoras del mercado actual. Su compromiso central es el \u00abClean Beauty\u00bb: todos sus productos cuentan con certificaci\u00f3n vegana, son libres de crueldad animal y est\u00e1n formulados con ingredientes seguros y altamente efectivos. Tocobo ha logrado un \u00e9xito rotundo en redes sociales gracias a productos virales como su ic\u00f3nico protector solar en barra (<i data-path-to-node=\"10\" data-index-in-node=\"497\">Cotton Soft Sun Stick<\/i>) y sus b\u00e1lsamos labiales, combinando texturas innovadoras con resultados impecables.<\/p><p data-path-to-node=\"11\">Para el sector minorista y B2B, Tocobo representa una herramienta de atracci\u00f3n magn\u00e9tica. Su empaque caracter\u00edstico, con tonos pastel y dise\u00f1os vanguardistas, est\u00e1 milim\u00e9tricamente pensado para captar la atenci\u00f3n del consumidor moderno, generando una alta tasa de compras por impulso. Incorporar Tocobo a su negocio no solo significa ofrecer cosm\u00e9tica \u00e9tica y de vanguardia, sino tambi\u00e9n dinamizar su cat\u00e1logo con productos altamente \u00abinstagrameables\u00bb que aseguran rotaci\u00f3n, tr\u00e1fico joven a su tienda y excelentes oportunidades de venta.<\/p>\t\t\t\t\t\t\t\t<\/div>\n\t\t\t\t<\/div>\n\t\t<div class=\"elementor-element elementor-element-b700b25 e-con-full e-flex e-con e-child\" data-id=\"b700b25\" data-element_type=\"container\" data-e-type=\"container\">\n\t\t\t\t<div class=\"elementor-element elementor-element-6208b86e elementor-widget elementor-widget-image\" data-id=\"6208b86e\" data-element_type=\"widget\" data-e-type=\"widget\" data-widget_type=\"image.default\">\n\t\t\t\t\t\t\t\t\t\t\t\t\t\t\t<img fetchpriority=\"high\" decoding=\"async\" width=\"540\" height=\"540\" src=\"https:\/\/novaluxeurope.com\/wp-content\/uploads\/2026\/04\/tocobo-imagen.webp\" class=\"attachment-full size-full wp-image-4418\" alt=\"Tocobo Stick Producto\" srcset=\"https:\/\/novaluxeurope.com\/wp-content\/uploads\/2026\/04\/tocobo-imagen.webp 540w, https:\/\/novaluxeurope.com\/wp-content\/uploads\/2026\/04\/tocobo-imagen-300x300.webp 300w, https:\/\/novaluxeurope.com\/wp-content\/uploads\/2026\/04\/tocobo-imagen-150x150.webp 150w, https:\/\/novaluxeurope.com\/wp-content\/uploads\/2026\/04\/tocobo-imagen-12x12.webp 12w, https:\/\/novaluxeurope.com\/wp-content\/uploads\/2026\/04\/tocobo-imagen-100x100.webp 100w\" sizes=\"(max-width: 540px) 100vw, 540px\" \/>\t\t\t\t\t\t\t\t\t\t\t\t\t\t\t<\/div>\n\t\t\t\t<\/div>\n\t\t\t\t\t<\/div>\n\t\t\t\t<\/div>\n\t\t<div class=\"elementor-element elementor-element-38586a5d e-flex e-con-boxed e-con e-parent\" data-id=\"38586a5d\" data-element_type=\"container\" data-e-type=\"container\">\n\t\t\t\t\t<div class=\"e-con-inner\">\n\t\t\t\t<div class=\"elementor-element elementor-element-6021789f elementor-widget elementor-widget-heading\" data-id=\"6021789f\" data-element_type=\"widget\" data-e-type=\"widget\" data-widget_type=\"heading.default\">\n\t\t\t\t\t<h3 class=\"elementor-heading-title elementor-size-default\">Est\u00e9tica, tendencia y eficacia: Colecci\u00f3n Tocobo<\/h3>\t\t\t\t<\/div>\n\t\t\t\t<div class=\"elementor-element elementor-element-4065bf1d elementor-widget elementor-widget-text-editor\" data-id=\"4065bf1d\" data-element_type=\"widget\" data-e-type=\"widget\" data-widget_type=\"text-editor.default\">\n\t\t\t\t\t\t\t\t\t<p>Dinamice su inventario con cosm\u00e9tica intuitiva y altamente atractiva. La combinaci\u00f3n perfecta entre rendimiento dermatol\u00f3gico, protecci\u00f3n solar de vanguardia y \u00e9xito comercial comprobado.<\/p>\t\t\t\t\t\t\t\t<\/div>\n\t\t\t\t<div class=\"elementor-element elementor-element-5b287b3b elementor-widget elementor-widget-shortcode\" data-id=\"5b287b3b\" data-element_type=\"widget\" data-e-type=\"widget\" data-widget_type=\"shortcode.default\">\n\t\t\t\t\t\t\t<div class=\"elementor-shortcode\">    \n    <div class=\"grilla-marcas-custom cols-4\">\n                    <div class=\"tarjeta-producto-custom\">\n                <a href=\"https:\/\/novaluxeurope.com\/en\/product\/global-juicy-berry-plumping-lip-oil-15-coral-soda\/\" class=\"imagen-link\">\n                    <img decoding=\"async\" src=\"https:\/\/novaluxeurope.com\/wp-content\/plugins\/woocommerce\/assets\/images\/placeholder.webp\" width=\"300\" class=\"woocommerce-placeholder wp-post-image\" alt=\"Placeholder\"\/>                <\/a>\n                <h3 class=\"titulo-custom\">[Global] Juicy Berry Plumping Lip Oil 15 Coral Soda<\/h3>\n                \n                                    <div class=\"sku-custom\">EAN: 8809835062076<\/div>\n                                \n                <a href=\"https:\/\/novaluxeurope.com\/en\/product\/global-juicy-berry-plumping-lip-oil-15-coral-soda\/\" class=\"btn-leer-mas-custom\">Leer m\u00e1s<\/a>\n            <\/div>\n                    <div class=\"tarjeta-producto-custom\">\n                <a href=\"https:\/\/novaluxeurope.com\/en\/product\/eu-juicy-berry-plumping-lip-oil-12-cherry-ade\/\" class=\"imagen-link\">\n                    <img decoding=\"async\" src=\"https:\/\/novaluxeurope.com\/wp-content\/plugins\/woocommerce\/assets\/images\/placeholder.webp\" width=\"300\" class=\"woocommerce-placeholder wp-post-image\" alt=\"Placeholder\"\/>                <\/a>\n                <h3 class=\"titulo-custom\">[Eu] Juicy Berry Plumping Lip Oil 12 Cherry Ade<\/h3>\n                \n                                    <div class=\"sku-custom\">EAN: 8809835062045<\/div>\n                                \n                <a href=\"https:\/\/novaluxeurope.com\/en\/product\/eu-juicy-berry-plumping-lip-oil-12-cherry-ade\/\" class=\"btn-leer-mas-custom\">Leer m\u00e1s<\/a>\n            <\/div>\n                    <div class=\"tarjeta-producto-custom\">\n                <a href=\"https:\/\/novaluxeurope.com\/en\/product\/cica-calming-gel-cream-75ml\/\" class=\"imagen-link\">\n                    <img decoding=\"async\" width=\"300\" height=\"300\" src=\"https:\/\/novaluxeurope.com\/wp-content\/uploads\/2026\/05\/glecraem-300x300.jpg\" class=\"attachment-woocommerce_thumbnail size-woocommerce_thumbnail\" alt=\"Cica Calming Gel Cream 75ml\" srcset=\"https:\/\/novaluxeurope.com\/wp-content\/uploads\/2026\/05\/glecraem-300x300.jpg 300w, https:\/\/novaluxeurope.com\/wp-content\/uploads\/2026\/05\/glecraem-150x150.jpg 150w, https:\/\/novaluxeurope.com\/wp-content\/uploads\/2026\/05\/glecraem-12x12.jpg 12w, https:\/\/novaluxeurope.com\/wp-content\/uploads\/2026\/05\/glecraem-100x100.jpg 100w, https:\/\/novaluxeurope.com\/wp-content\/uploads\/2026\/05\/glecraem.jpg 500w\" sizes=\"(max-width: 300px) 100vw, 300px\" \/>                <\/a>\n                <h3 class=\"titulo-custom\">Cica Calming Gel Cream 75ml<\/h3>\n                \n                                    <div class=\"sku-custom\">EAN: 8809835060591<\/div>\n                                \n                <a href=\"https:\/\/novaluxeurope.com\/en\/product\/cica-calming-gel-cream-75ml\/\" class=\"btn-leer-mas-custom\">Leer m\u00e1s<\/a>\n            <\/div>\n                    <div class=\"tarjeta-producto-custom\">\n                <a href=\"https:\/\/novaluxeurope.com\/en\/product\/gl-cica-calming-aqua-pad-60ea\/\" class=\"imagen-link\">\n                    <img decoding=\"async\" width=\"300\" height=\"300\" src=\"https:\/\/novaluxeurope.com\/wp-content\/uploads\/2026\/05\/TKBS13-TPEU-300x300.jpg\" class=\"attachment-woocommerce_thumbnail size-woocommerce_thumbnail\" alt=\"[Gl] Cica Calming Aqua Pad 60Ea\" srcset=\"https:\/\/novaluxeurope.com\/wp-content\/uploads\/2026\/05\/TKBS13-TPEU-300x300.jpg 300w, https:\/\/novaluxeurope.com\/wp-content\/uploads\/2026\/05\/TKBS13-TPEU-150x150.jpg 150w, https:\/\/novaluxeurope.com\/wp-content\/uploads\/2026\/05\/TKBS13-TPEU-12x12.jpg 12w, https:\/\/novaluxeurope.com\/wp-content\/uploads\/2026\/05\/TKBS13-TPEU-100x100.jpg 100w, https:\/\/novaluxeurope.com\/wp-content\/uploads\/2026\/05\/TKBS13-TPEU.jpg 500w\" sizes=\"(max-width: 300px) 100vw, 300px\" \/>                <\/a>\n                <h3 class=\"titulo-custom\">[Gl] Cica Calming Aqua Pad 60Ea<\/h3>\n                \n                                    <div class=\"sku-custom\">EAN: 8809835061079<\/div>\n                                \n                <a href=\"https:\/\/novaluxeurope.com\/en\/product\/gl-cica-calming-aqua-pad-60ea\/\" class=\"btn-leer-mas-custom\">Leer m\u00e1s<\/a>\n            <\/div>\n                    <div class=\"tarjeta-producto-custom\">\n                <a href=\"https:\/\/novaluxeurope.com\/en\/product\/gl-vita-berry-pore-toner-150ml\/\" class=\"imagen-link\">\n                    <img loading=\"lazy\" decoding=\"async\" width=\"300\" height=\"300\" src=\"https:\/\/novaluxeurope.com\/wp-content\/uploads\/2026\/05\/TKBS07-TEU-300x300.jpg\" class=\"attachment-woocommerce_thumbnail size-woocommerce_thumbnail\" alt=\"[Gl] Vita Berry Pore Toner 150ml\" srcset=\"https:\/\/novaluxeurope.com\/wp-content\/uploads\/2026\/05\/TKBS07-TEU-300x300.jpg 300w, https:\/\/novaluxeurope.com\/wp-content\/uploads\/2026\/05\/TKBS07-TEU-150x150.jpg 150w, https:\/\/novaluxeurope.com\/wp-content\/uploads\/2026\/05\/TKBS07-TEU-12x12.jpg 12w, https:\/\/novaluxeurope.com\/wp-content\/uploads\/2026\/05\/TKBS07-TEU-100x100.jpg 100w, https:\/\/novaluxeurope.com\/wp-content\/uploads\/2026\/05\/TKBS07-TEU.jpg 500w\" sizes=\"(max-width: 300px) 100vw, 300px\" \/>                <\/a>\n                <h3 class=\"titulo-custom\">[Gl] Vita Berry Pore Toner 150ml<\/h3>\n                \n                                    <div class=\"sku-custom\">EAN: 8809835060065<\/div>\n                                \n                <a href=\"https:\/\/novaluxeurope.com\/en\/product\/gl-vita-berry-pore-toner-150ml\/\" class=\"btn-leer-mas-custom\">Leer m\u00e1s<\/a>\n            <\/div>\n                    <div class=\"tarjeta-producto-custom\">\n                <a href=\"https:\/\/novaluxeurope.com\/en\/product\/global-juicy-berry-plumping-lip-oil-07-plum-jam\/\" class=\"imagen-link\">\n                    <img loading=\"lazy\" decoding=\"async\" width=\"300\" height=\"266\" src=\"https:\/\/novaluxeurope.com\/wp-content\/uploads\/2026\/05\/TKBCM14-LO07EU-300x266.jpg\" class=\"attachment-woocommerce_thumbnail size-woocommerce_thumbnail\" alt=\"[Global] Juicy Berry Plumping Lip Oil 07 Plum Jam\" srcset=\"https:\/\/novaluxeurope.com\/wp-content\/uploads\/2026\/05\/TKBCM14-LO07EU-300x266.jpg 300w, https:\/\/novaluxeurope.com\/wp-content\/uploads\/2026\/05\/TKBCM14-LO07EU-14x12.jpg 14w, https:\/\/novaluxeurope.com\/wp-content\/uploads\/2026\/05\/TKBCM14-LO07EU.jpg 676w\" sizes=\"(max-width: 300px) 100vw, 300px\" \/>                <\/a>\n                <h3 class=\"titulo-custom\">[Global] Juicy Berry Plumping Lip Oil 07 Plum Jam<\/h3>\n                \n                                    <div class=\"sku-custom\">EAN: 8809835061529<\/div>\n                                \n                <a href=\"https:\/\/novaluxeurope.com\/en\/product\/global-juicy-berry-plumping-lip-oil-07-plum-jam\/\" class=\"btn-leer-mas-custom\">Leer m\u00e1s<\/a>\n            <\/div>\n                    <div class=\"tarjeta-producto-custom\">\n                <a href=\"https:\/\/novaluxeurope.com\/en\/product\/bifida-biome-essence-50ml\/\" class=\"imagen-link\">\n                    <img loading=\"lazy\" decoding=\"async\" width=\"300\" height=\"300\" src=\"https:\/\/novaluxeurope.com\/wp-content\/uploads\/2026\/05\/TKBS02-S-300x300.jpg\" class=\"attachment-woocommerce_thumbnail size-woocommerce_thumbnail\" alt=\"Bifida Biome Essence 50ml\" srcset=\"https:\/\/novaluxeurope.com\/wp-content\/uploads\/2026\/05\/TKBS02-S-300x300.jpg 300w, https:\/\/novaluxeurope.com\/wp-content\/uploads\/2026\/05\/TKBS02-S-150x150.jpg 150w, https:\/\/novaluxeurope.com\/wp-content\/uploads\/2026\/05\/TKBS02-S-12x12.jpg 12w, https:\/\/novaluxeurope.com\/wp-content\/uploads\/2026\/05\/TKBS02-S-100x100.jpg 100w, https:\/\/novaluxeurope.com\/wp-content\/uploads\/2026\/05\/TKBS02-S.jpg 500w\" sizes=\"(max-width: 300px) 100vw, 300px\" \/>                <\/a>\n                <h3 class=\"titulo-custom\">Bifida Biome Essence 50ml<\/h3>\n                \n                                    <div class=\"sku-custom\">EAN: 8809835060010<\/div>\n                                \n                <a href=\"https:\/\/novaluxeurope.com\/en\/product\/bifida-biome-essence-50ml\/\" class=\"btn-leer-mas-custom\">Leer m\u00e1s<\/a>\n            <\/div>\n                    <div class=\"tarjeta-producto-custom\">\n                <a href=\"https:\/\/novaluxeurope.com\/en\/product\/vita-glazed-lip-mask-20ml\/\" class=\"imagen-link\">\n                    <img loading=\"lazy\" decoding=\"async\" width=\"300\" height=\"300\" src=\"https:\/\/novaluxeurope.com\/wp-content\/uploads\/2026\/05\/TKBS07-LipM-300x300.png\" class=\"attachment-woocommerce_thumbnail size-woocommerce_thumbnail\" alt=\"Vita Glazed Lip Mask 20ml\" srcset=\"https:\/\/novaluxeurope.com\/wp-content\/uploads\/2026\/05\/TKBS07-LipM-300x300.png 300w, https:\/\/novaluxeurope.com\/wp-content\/uploads\/2026\/05\/TKBS07-LipM-150x150.png 150w, https:\/\/novaluxeurope.com\/wp-content\/uploads\/2026\/05\/TKBS07-LipM-12x12.png 12w, https:\/\/novaluxeurope.com\/wp-content\/uploads\/2026\/05\/TKBS07-LipM-100x100.png 100w, https:\/\/novaluxeurope.com\/wp-content\/uploads\/2026\/05\/TKBS07-LipM.png 400w\" sizes=\"(max-width: 300px) 100vw, 300px\" \/>                <\/a>\n                <h3 class=\"titulo-custom\">Vita Glazed Lip Mask 20ml<\/h3>\n                \n                                    <div class=\"sku-custom\">EAN: 8809835060225<\/div>\n                                \n                <a href=\"https:\/\/novaluxeurope.com\/en\/product\/vita-glazed-lip-mask-20ml\/\" class=\"btn-leer-mas-custom\">Leer m\u00e1s<\/a>\n            <\/div>\n            <\/div>\n\n    <style>\n        \/* Aplicaci\u00f3n de Estilos Globales del Shortcode *\/\n        .grilla-marcas-custom {\n            display: grid;\n            grid-template-columns: repeat(4, 1fr);\n            gap: 25px;\n            margin: 20px 0;\n            padding: 0;\n            font-family: 'DM Sans', sans-serif; \/* Tipograf\u00eda principal *\/\n        }\n\n        .tarjeta-producto-custom {\n            border: 1px solid #f0f0f0;\n            border-radius: 4px; \/* Un poco m\u00e1s sutil *\/\n            padding: 20px;\n            text-align: center;\n            background: #ffffff;\n            transition: all 0.3s ease;\n            display: flex;\n            flex-direction: column;\n            justify-content: space-between;\n        }\n\n        .tarjeta-producto-custom:hover {\n            box-shadow: 0 10px 25px rgba(0,0,0,0.05);\n            border-color: #C5A059; \/* Borde sutil al color del bot\u00f3n en el hover *\/\n        }\n\n        .titulo-custom {\n            font-family: 'DM Sans', sans-serif;\n            font-size: 16px;\n            color: #333333; \/* Negro oscuro solicitado *\/\n            margin: 15px 0 8px;\n            line-height: 1.3;\n            font-weight: 500;\n            text-transform: capitalize;\n        }\n\n        .sku-custom {\n            font-family: 'DM Sans', sans-serif;\n            font-size: 12px;\n            color: #333333; \/* Negro oscuro solicitado *\/\n            opacity: 0.7;\n            margin-bottom: 20px;\n            letter-spacing: 0.5px;\n        }\n\n        .btn-leer-mas-custom {\n            display: block;\n            background-color: #C5A059; \/* Color de fondo solicitado *\/\n            color: #333333 !important; \/* Color de texto solicitado *\/\n            padding: 14px 10px;\n            border-radius: 2px; \/* Estilo m\u00e1s cuadrado\/elegante *\/\n            text-decoration: none !important;\n            text-transform: uppercase;\n            font-family: 'DM Sans', sans-serif;\n            font-size: 12px;\n            font-weight: 700 !important;\n            letter-spacing: 1px;\n            margin-top: auto;\n            transition: opacity 0.3s ease;\n        }\n\n        .btn-leer-mas-custom:hover {\n            opacity: 0.9;\n            color: #333333 !important;\n        }\n\n        \/* Ajustes de Imagen *\/\n        .tarjeta-producto-custom img {\n            max-width: 100%;\n            height: auto;\n            margin-bottom: 5px;\n        }\n\n        \/* Responsividad *\/\n        @media (max-width: 992px) {\n            .grilla-marcas-custom { grid-template-columns: repeat(3, 1fr); }\n        }\n        @media (max-width: 768px) {\n            .grilla-marcas-custom { grid-template-columns: repeat(2, 1fr); }\n        }\n        @media (max-width: 480px) {\n            .grilla-marcas-custom { grid-template-columns: 1fr; }\n        }\n    <\/style>\n\n    <\/div>\n\t\t\t\t\t\t<\/div>\n\t\t\t\t<div class=\"elementor-element elementor-element-5ddb269c elementor-align-justify elementor-mobile-align-justify elementor-widget__width-initial elementor-widget-mobile__width-inherit solo-logueados elementor-widget elementor-widget-button\" data-id=\"5ddb269c\" data-element_type=\"widget\" data-e-type=\"widget\" data-widget_type=\"button.default\">\n\t\t\t\t\t\t\t\t\t\t<a class=\"elementor-button elementor-button-link elementor-size-sm\" href=\"\/marca\/tocobo\/\">\n\t\t\t\t\t\t<span class=\"elementor-button-content-wrapper\">\n\t\t\t\t\t\t\t\t\t<span class=\"elementor-button-text\">Ver Todos los Productos<\/span>\n\t\t\t\t\t<\/span>\n\t\t\t\t\t<\/a>\n\t\t\t\t\t\t\t\t<\/div>\n\t\t\t\t\t<\/div>\n\t\t\t\t<\/div>\n\t\t\t\t<\/div>\n\t\t","protected":false},"excerpt":{"rendered":"<p>Tocobo Innovaci\u00f3n coreana y f\u00f3rmulas limpias para una piel radiante Nacida bajo la filosof\u00eda de valorar la esencia y seguir la intuici\u00f3n, Tocobo es una de las marcas de K-Beauty m\u00e1s frescas, modernas y visualmente cautivadoras del mercado actual. Su compromiso central es el \u00abClean Beauty\u00bb: todos sus productos cuentan con certificaci\u00f3n vegana, son libres [&hellip;]<\/p>\n","protected":false},"author":1,"featured_media":0,"parent":41,"menu_order":0,"comment_status":"closed","ping_status":"closed","template":"","meta":{"footnotes":""},"class_list":["post-4415","page","type-page","status-publish","hentry"],"_links":{"self":[{"href":"https:\/\/novaluxeurope.com\/en\/wp-json\/wp\/v2\/pages\/4415","targetHints":{"allow":["GET"]}}],"collection":[{"href":"https:\/\/novaluxeurope.com\/en\/wp-json\/wp\/v2\/pages"}],"about":[{"href":"https:\/\/novaluxeurope.com\/en\/wp-json\/wp\/v2\/types\/page"}],"author":[{"embeddable":true,"href":"https:\/\/novaluxeurope.com\/en\/wp-json\/wp\/v2\/users\/1"}],"replies":[{"embeddable":true,"href":"https:\/\/novaluxeurope.com\/en\/wp-json\/wp\/v2\/comments?post=4415"}],"version-history":[{"count":7,"href":"https:\/\/novaluxeurope.com\/en\/wp-json\/wp\/v2\/pages\/4415\/revisions"}],"predecessor-version":[{"id":4514,"href":"https:\/\/novaluxeurope.com\/en\/wp-json\/wp\/v2\/pages\/4415\/revisions\/4514"}],"up":[{"embeddable":true,"href":"https:\/\/novaluxeurope.com\/en\/wp-json\/wp\/v2\/pages\/41"}],"wp:attachment":[{"href":"https:\/\/novaluxeurope.com\/en\/wp-json\/wp\/v2\/media?parent=4415"}],"curies":[{"name":"wp","href":"https:\/\/api.w.org\/{rel}","templated":true}]}}