{"id":4386,"date":"2026-04-24T23:00:22","date_gmt":"2026-04-24T23:00:22","guid":{"rendered":"https:\/\/novaluxeurope.com\/?page_id=4386"},"modified":"2026-04-24T23:06:16","modified_gmt":"2026-04-24T23:06:16","slug":"medicube-2","status":"publish","type":"page","link":"https:\/\/novaluxeurope.com\/en\/marcas\/medicube-2\/","title":{"rendered":"Medicube"},"content":{"rendered":"\t\t<div data-elementor-type=\"wp-page\" data-elementor-id=\"4386\" class=\"elementor elementor-4386\">\n\t\t\t\t<div class=\"elementor-element elementor-element-3c13df10 e-flex e-con-boxed e-con e-parent\" data-id=\"3c13df10\" data-element_type=\"container\" data-e-type=\"container\">\n\t\t\t\t\t<div class=\"e-con-inner\">\n\t\t<div class=\"elementor-element elementor-element-72a9404e e-con-full e-flex e-con e-child\" data-id=\"72a9404e\" data-element_type=\"container\" data-e-type=\"container\">\n\t\t\t\t<div class=\"elementor-element elementor-element-36334991 elementor-widget elementor-widget-heading\" data-id=\"36334991\" data-element_type=\"widget\" data-e-type=\"widget\" data-widget_type=\"heading.default\">\n\t\t\t\t\t<h1 class=\"elementor-heading-title elementor-size-default\">Medicube<\/h1>\t\t\t\t<\/div>\n\t\t\t\t<div class=\"elementor-element elementor-element-6f286118 elementor-widget elementor-widget-heading\" data-id=\"6f286118\" data-element_type=\"widget\" data-e-type=\"widget\" data-widget_type=\"heading.default\">\n\t\t\t\t\t<p class=\"elementor-heading-title elementor-size-default\">La evoluci\u00f3n del K-Beauty: ciencia, tecnolog\u00eda y eficacia dermatol\u00f3gica<\/p>\t\t\t\t<\/div>\n\t\t\t\t<div class=\"elementor-element elementor-element-2a3ab704 elementor-widget elementor-widget-text-editor\" data-id=\"2a3ab704\" data-element_type=\"widget\" data-e-type=\"widget\" data-widget_type=\"text-editor.default\">\n\t\t\t\t\t\t\t\t\t<p data-path-to-node=\"11\">Concebida bajo el lema \u00abInvestigaci\u00f3n implacable para obtener resultados reales\u00bb, Medicube es la marca l\u00edder en derma-cosm\u00e9tica y tecnolog\u00eda del cuidado de la piel en Corea del Sur. Su enfoque se centra en crear soluciones altamente eficaces y cl\u00ednicamente testadas para problemas cut\u00e1neos espec\u00edficos, desde el tratamiento del acn\u00e9 (con su exitosa l\u00ednea Red) hasta el cuidado intensivo de los poros (donde sus ic\u00f3nicos \u00abZero Pore Pads\u00bb han roto r\u00e9cords de ventas globales). Adem\u00e1s, Medicube ha revolucionado la industria con su aclamada l\u00ednea de dispositivos de belleza de alta tecnolog\u00eda (Age-R), llevando los tratamientos de spa profesional a la rutina diaria.<\/p><p data-path-to-node=\"12\">Para el negocio B2B, Medicube es un motor de rentabilidad inigualable. La eficacia demostrada de sus f\u00f3rmulas genera una profunda confianza y una alt\u00edsima tasa de recompra en el consumidor. Por otro lado, la incorporaci\u00f3n de sus populares dispositivos electr\u00f3nicos le permite al minorista elevar significativamente su ticket promedio y destacarse de la competencia. Trabajar con Medicube es ofrecer a sus clientes el est\u00e1ndar m\u00e1s alto de innovaci\u00f3n cl\u00ednica, garantizando prestigio y altos m\u00e1rgenes de ganancia en su tienda.<\/p>\t\t\t\t\t\t\t\t<\/div>\n\t\t\t\t<\/div>\n\t\t<div class=\"elementor-element elementor-element-265045a3 e-con-full e-flex e-con e-child\" data-id=\"265045a3\" data-element_type=\"container\" data-e-type=\"container\">\n\t\t\t\t<div class=\"elementor-element elementor-element-29e88d90 elementor-widget elementor-widget-image\" data-id=\"29e88d90\" data-element_type=\"widget\" data-e-type=\"widget\" data-widget_type=\"image.default\">\n\t\t\t\t\t\t\t\t\t\t\t\t\t\t\t<img fetchpriority=\"high\" decoding=\"async\" width=\"960\" height=\"960\" src=\"https:\/\/novaluxeurope.com\/wp-content\/uploads\/2026\/04\/medicube-imagen-2.webp\" class=\"attachment-full size-full wp-image-4389\" alt=\"\" srcset=\"https:\/\/novaluxeurope.com\/wp-content\/uploads\/2026\/04\/medicube-imagen-2.webp 960w, https:\/\/novaluxeurope.com\/wp-content\/uploads\/2026\/04\/medicube-imagen-2-300x300.webp 300w, https:\/\/novaluxeurope.com\/wp-content\/uploads\/2026\/04\/medicube-imagen-2-150x150.webp 150w, https:\/\/novaluxeurope.com\/wp-content\/uploads\/2026\/04\/medicube-imagen-2-768x768.webp 768w, https:\/\/novaluxeurope.com\/wp-content\/uploads\/2026\/04\/medicube-imagen-2-12x12.webp 12w, https:\/\/novaluxeurope.com\/wp-content\/uploads\/2026\/04\/medicube-imagen-2-800x800.webp 800w, https:\/\/novaluxeurope.com\/wp-content\/uploads\/2026\/04\/medicube-imagen-2-100x100.webp 100w\" sizes=\"(max-width: 960px) 100vw, 960px\" \/>\t\t\t\t\t\t\t\t\t\t\t\t\t\t\t<\/div>\n\t\t\t\t<\/div>\n\t\t\t\t\t<\/div>\n\t\t\t\t<\/div>\n\t\t<div class=\"elementor-element elementor-element-a58bfcf e-flex e-con-boxed e-con e-parent\" data-id=\"a58bfcf\" data-element_type=\"container\" data-e-type=\"container\">\n\t\t\t\t\t<div class=\"e-con-inner\">\n\t\t\t\t<div class=\"elementor-element elementor-element-5c4bd03 elementor-widget elementor-widget-heading\" data-id=\"5c4bd03\" data-element_type=\"widget\" data-e-type=\"widget\" data-widget_type=\"heading.default\">\n\t\t\t\t\t<h3 class=\"elementor-heading-title elementor-size-default\">Descubra las soluciones dermatol\u00f3gicas l\u00edderes del mercado<\/h3>\t\t\t\t<\/div>\n\t\t\t\t<div class=\"elementor-element elementor-element-753141e2 elementor-widget elementor-widget-text-editor\" data-id=\"753141e2\" data-element_type=\"widget\" data-e-type=\"widget\" data-widget_type=\"text-editor.default\">\n\t\t\t\t\t\t\t\t\t<p>Atraiga a los consumidores m\u00e1s exigentes con f\u00f3rmulas probadas y tecnolog\u00eda innovadora. El complemento perfecto para un cat\u00e1logo de K-Beauty que busca destacarse por su prestigio y rentabilidad<\/p>\t\t\t\t\t\t\t\t<\/div>\n\t\t\t\t<div class=\"elementor-element elementor-element-22ea3fa2 elementor-widget elementor-widget-shortcode\" data-id=\"22ea3fa2\" data-element_type=\"widget\" data-e-type=\"widget\" data-widget_type=\"shortcode.default\">\n\t\t\t\t\t\t\t<div class=\"elementor-shortcode\">    \n    <div class=\"grilla-marcas-custom cols-4\">\n                    <div class=\"tarjeta-producto-custom\">\n                <a href=\"https:\/\/novaluxeurope.com\/en\/product\/eup-zero-pore-serum-2-0-37ml\/\" class=\"imagen-link\">\n                    <img decoding=\"async\" width=\"300\" height=\"300\" src=\"https:\/\/novaluxeurope.com\/wp-content\/uploads\/2026\/05\/MECUS08-S2.0REUP_1-300x300.png\" class=\"attachment-woocommerce_thumbnail size-woocommerce_thumbnail\" alt=\"[Eup] Zero Pore Serum 2.0 37Ml\" srcset=\"https:\/\/novaluxeurope.com\/wp-content\/uploads\/2026\/05\/MECUS08-S2.0REUP_1-300x300.png 300w, https:\/\/novaluxeurope.com\/wp-content\/uploads\/2026\/05\/MECUS08-S2.0REUP_1-1024x1024.png 1024w, https:\/\/novaluxeurope.com\/wp-content\/uploads\/2026\/05\/MECUS08-S2.0REUP_1-150x150.png 150w, https:\/\/novaluxeurope.com\/wp-content\/uploads\/2026\/05\/MECUS08-S2.0REUP_1-768x768.png 768w, https:\/\/novaluxeurope.com\/wp-content\/uploads\/2026\/05\/MECUS08-S2.0REUP_1-1536x1536.png 1536w, https:\/\/novaluxeurope.com\/wp-content\/uploads\/2026\/05\/MECUS08-S2.0REUP_1-2048x2048.png 2048w, https:\/\/novaluxeurope.com\/wp-content\/uploads\/2026\/05\/MECUS08-S2.0REUP_1-12x12.png 12w, https:\/\/novaluxeurope.com\/wp-content\/uploads\/2026\/05\/MECUS08-S2.0REUP_1-800x800.png 800w, https:\/\/novaluxeurope.com\/wp-content\/uploads\/2026\/05\/MECUS08-S2.0REUP_1-100x100.png 100w\" sizes=\"(max-width: 300px) 100vw, 300px\" \/>                <\/a>\n                <h3 class=\"titulo-custom\">[Eup] Zero Pore Serum 2.0 37Ml<\/h3>\n                \n                                    <div class=\"sku-custom\">EAN: 8800256118892<\/div>\n                                \n                <a href=\"https:\/\/novaluxeurope.com\/en\/product\/eup-zero-pore-serum-2-0-37ml\/\" class=\"btn-leer-mas-custom\">Leer m\u00e1s<\/a>\n            <\/div>\n                    <div class=\"tarjeta-producto-custom\">\n                <a href=\"https:\/\/novaluxeurope.com\/en\/product\/eup-zero-pore-pad-2-0-70pcs\/\" class=\"imagen-link\">\n                    <img decoding=\"async\" width=\"300\" height=\"304\" src=\"https:\/\/novaluxeurope.com\/wp-content\/uploads\/2026\/05\/MECUS08-TPEUP-300x304.jpg\" class=\"attachment-woocommerce_thumbnail size-woocommerce_thumbnail\" alt=\"[Eup] Zero Pore Pad 2.0 (70Pcs)\" srcset=\"https:\/\/novaluxeurope.com\/wp-content\/uploads\/2026\/05\/MECUS08-TPEUP-300x304.jpg 300w, https:\/\/novaluxeurope.com\/wp-content\/uploads\/2026\/05\/MECUS08-TPEUP-296x300.jpg 296w, https:\/\/novaluxeurope.com\/wp-content\/uploads\/2026\/05\/MECUS08-TPEUP-12x12.jpg 12w, https:\/\/novaluxeurope.com\/wp-content\/uploads\/2026\/05\/MECUS08-TPEUP-100x100.jpg 100w, https:\/\/novaluxeurope.com\/wp-content\/uploads\/2026\/05\/MECUS08-TPEUP.jpg 500w\" sizes=\"(max-width: 300px) 100vw, 300px\" \/>                <\/a>\n                <h3 class=\"titulo-custom\">[Eup] Zero Pore Pad 2.0 (70Pcs)<\/h3>\n                \n                                    <div class=\"sku-custom\">EAN: 8800289479915<\/div>\n                                \n                <a href=\"https:\/\/novaluxeurope.com\/en\/product\/eup-zero-pore-pad-2-0-70pcs\/\" class=\"btn-leer-mas-custom\">Leer m\u00e1s<\/a>\n            <\/div>\n                    <div class=\"tarjeta-producto-custom\">\n                <a href=\"https:\/\/novaluxeurope.com\/en\/product\/eup-pdrn-pink-peptide-serum-30ml\/\" class=\"imagen-link\">\n                    <img decoding=\"async\" src=\"https:\/\/novaluxeurope.com\/wp-content\/plugins\/woocommerce\/assets\/images\/placeholder.webp\" width=\"300\" class=\"woocommerce-placeholder wp-post-image\" alt=\"Placeholder\"\/>                <\/a>\n                <h3 class=\"titulo-custom\">[Eup] Pdrn Pink Peptide Serum 30Ml<\/h3>\n                \n                                    <div class=\"sku-custom\">EAN: 8800289474989<\/div>\n                                \n                <a href=\"https:\/\/novaluxeurope.com\/en\/product\/eup-pdrn-pink-peptide-serum-30ml\/\" class=\"btn-leer-mas-custom\">Leer m\u00e1s<\/a>\n            <\/div>\n                    <div class=\"tarjeta-producto-custom\">\n                <a href=\"https:\/\/novaluxeurope.com\/en\/product\/eup-pdrn-pink-exosome-shot-serum-7500-30ml\/\" class=\"imagen-link\">\n                    <img loading=\"lazy\" decoding=\"async\" width=\"300\" height=\"320\" src=\"https:\/\/novaluxeurope.com\/wp-content\/uploads\/2026\/05\/MECUS13-AE7500EUP-300x320.png\" class=\"attachment-woocommerce_thumbnail size-woocommerce_thumbnail\" alt=\"[Eup] Pdrn Pink Exosome Shot Serum 7500 30Ml\" srcset=\"https:\/\/novaluxeurope.com\/wp-content\/uploads\/2026\/05\/MECUS13-AE7500EUP-300x320.png 300w, https:\/\/novaluxeurope.com\/wp-content\/uploads\/2026\/05\/MECUS13-AE7500EUP-281x300.png 281w, https:\/\/novaluxeurope.com\/wp-content\/uploads\/2026\/05\/MECUS13-AE7500EUP-960x1024.png 960w, https:\/\/novaluxeurope.com\/wp-content\/uploads\/2026\/05\/MECUS13-AE7500EUP-768x819.png 768w, https:\/\/novaluxeurope.com\/wp-content\/uploads\/2026\/05\/MECUS13-AE7500EUP-11x12.png 11w, https:\/\/novaluxeurope.com\/wp-content\/uploads\/2026\/05\/MECUS13-AE7500EUP-800x853.png 800w, https:\/\/novaluxeurope.com\/wp-content\/uploads\/2026\/05\/MECUS13-AE7500EUP.png 1260w\" sizes=\"(max-width: 300px) 100vw, 300px\" \/>                <\/a>\n                <h3 class=\"titulo-custom\">[Eup] Pdrn Pink Exosome Shot Serum 7500 30Ml<\/h3>\n                \n                                    <div class=\"sku-custom\">EAN: 8800289461910<\/div>\n                                \n                <a href=\"https:\/\/novaluxeurope.com\/en\/product\/eup-pdrn-pink-exosome-shot-serum-7500-30ml\/\" class=\"btn-leer-mas-custom\">Leer m\u00e1s<\/a>\n            <\/div>\n                    <div class=\"tarjeta-producto-custom\">\n                <a href=\"https:\/\/novaluxeurope.com\/en\/product\/eup-pdrn-pink-collagen-gel-mask-4ea\/\" class=\"imagen-link\">\n                    <img decoding=\"async\" src=\"https:\/\/novaluxeurope.com\/wp-content\/plugins\/woocommerce\/assets\/images\/placeholder.webp\" width=\"300\" class=\"woocommerce-placeholder wp-post-image\" alt=\"Placeholder\"\/>                <\/a>\n                <h3 class=\"titulo-custom\">[Eup] Pdrn Pink Collagen Gel Mask 4Ea<\/h3>\n                \n                                    <div class=\"sku-custom\">EAN: 8800289474873<\/div>\n                                \n                <a href=\"https:\/\/novaluxeurope.com\/en\/product\/eup-pdrn-pink-collagen-gel-mask-4ea\/\" class=\"btn-leer-mas-custom\">Leer m\u00e1s<\/a>\n            <\/div>\n                    <div class=\"tarjeta-producto-custom\">\n                <a href=\"https:\/\/novaluxeurope.com\/en\/product\/eup-pdrn-pink-vita-coating-mask-1ea\/\" class=\"imagen-link\">\n                    <img loading=\"lazy\" decoding=\"async\" width=\"300\" height=\"300\" src=\"https:\/\/novaluxeurope.com\/wp-content\/uploads\/2026\/05\/MECUP13-MPEUP-300x300.png\" class=\"attachment-woocommerce_thumbnail size-woocommerce_thumbnail\" alt=\"[Eup] Pdrn Pink Vita Coating Mask 1Ea\" srcset=\"https:\/\/novaluxeurope.com\/wp-content\/uploads\/2026\/05\/MECUP13-MPEUP-300x300.png 300w, https:\/\/novaluxeurope.com\/wp-content\/uploads\/2026\/05\/MECUP13-MPEUP-150x150.png 150w, https:\/\/novaluxeurope.com\/wp-content\/uploads\/2026\/05\/MECUP13-MPEUP-12x12.png 12w, https:\/\/novaluxeurope.com\/wp-content\/uploads\/2026\/05\/MECUP13-MPEUP-100x100.png 100w, https:\/\/novaluxeurope.com\/wp-content\/uploads\/2026\/05\/MECUP13-MPEUP.png 400w\" sizes=\"(max-width: 300px) 100vw, 300px\" \/>                <\/a>\n                <h3 class=\"titulo-custom\">[Eup] Pdrn Pink Vita Coating Mask 1Ea<\/h3>\n                \n                                    <div class=\"sku-custom\">EAN: 8800289461613<\/div>\n                                \n                <a href=\"https:\/\/novaluxeurope.com\/en\/product\/eup-pdrn-pink-vita-coating-mask-1ea\/\" class=\"btn-leer-mas-custom\">Leer m\u00e1s<\/a>\n            <\/div>\n                    <div class=\"tarjeta-producto-custom\">\n                <a href=\"https:\/\/novaluxeurope.com\/en\/product\/euppdrn-pink-hyaluronic-moisturizing-cream-50ml\/\" class=\"imagen-link\">\n                    <img decoding=\"async\" src=\"https:\/\/novaluxeurope.com\/wp-content\/plugins\/woocommerce\/assets\/images\/placeholder.webp\" width=\"300\" class=\"woocommerce-placeholder wp-post-image\" alt=\"Placeholder\"\/>                <\/a>\n                <h3 class=\"titulo-custom\">[Eup]Pdrn Pink Hyaluronic Moisturizing Cream 50Ml<\/h3>\n                \n                                    <div class=\"sku-custom\">EAN: 8800289474736<\/div>\n                                \n                <a href=\"https:\/\/novaluxeurope.com\/en\/product\/euppdrn-pink-hyaluronic-moisturizing-cream-50ml\/\" class=\"btn-leer-mas-custom\">Leer m\u00e1s<\/a>\n            <\/div>\n                    <div class=\"tarjeta-producto-custom\">\n                <a href=\"https:\/\/novaluxeurope.com\/en\/product\/eup70pcs-medicube-red-succinic-acid-peeling-pad\/\" class=\"imagen-link\">\n                    <img loading=\"lazy\" decoding=\"async\" width=\"300\" height=\"320\" src=\"https:\/\/novaluxeurope.com\/wp-content\/uploads\/2026\/05\/MECUS01-FPEUP-300x320.png\" class=\"attachment-woocommerce_thumbnail size-woocommerce_thumbnail\" alt=\"[Eup][70Pcs] Medicube Red Succinic Acid Peeling Pad\" srcset=\"https:\/\/novaluxeurope.com\/wp-content\/uploads\/2026\/05\/MECUS01-FPEUP-300x320.png 300w, https:\/\/novaluxeurope.com\/wp-content\/uploads\/2026\/05\/MECUS01-FPEUP-281x300.png 281w, https:\/\/novaluxeurope.com\/wp-content\/uploads\/2026\/05\/MECUS01-FPEUP-960x1024.png 960w, https:\/\/novaluxeurope.com\/wp-content\/uploads\/2026\/05\/MECUS01-FPEUP-768x819.png 768w, https:\/\/novaluxeurope.com\/wp-content\/uploads\/2026\/05\/MECUS01-FPEUP-11x12.png 11w, https:\/\/novaluxeurope.com\/wp-content\/uploads\/2026\/05\/MECUS01-FPEUP-800x853.png 800w, https:\/\/novaluxeurope.com\/wp-content\/uploads\/2026\/05\/MECUS01-FPEUP.png 1260w\" sizes=\"(max-width: 300px) 100vw, 300px\" \/>                <\/a>\n                <h3 class=\"titulo-custom\">[Eup][70Pcs] Medicube Red Succinic Acid Peeling Pad<\/h3>\n                \n                                    <div class=\"sku-custom\">EAN: 8800289473135<\/div>\n                                \n                <a href=\"https:\/\/novaluxeurope.com\/en\/product\/eup70pcs-medicube-red-succinic-acid-peeling-pad\/\" class=\"btn-leer-mas-custom\">Leer m\u00e1s<\/a>\n            <\/div>\n            <\/div>\n\n    <style>\n        \/* Aplicaci\u00f3n de Estilos Globales del Shortcode *\/\n        .grilla-marcas-custom {\n            display: grid;\n            grid-template-columns: repeat(4, 1fr);\n            gap: 25px;\n            margin: 20px 0;\n            padding: 0;\n            font-family: 'DM Sans', sans-serif; \/* Tipograf\u00eda principal *\/\n        }\n\n        .tarjeta-producto-custom {\n            border: 1px solid #f0f0f0;\n            border-radius: 4px; \/* Un poco m\u00e1s sutil *\/\n            padding: 20px;\n            text-align: center;\n            background: #ffffff;\n            transition: all 0.3s ease;\n            display: flex;\n            flex-direction: column;\n            justify-content: space-between;\n        }\n\n        .tarjeta-producto-custom:hover {\n            box-shadow: 0 10px 25px rgba(0,0,0,0.05);\n            border-color: #C5A059; \/* Borde sutil al color del bot\u00f3n en el hover *\/\n        }\n\n        .titulo-custom {\n            font-family: 'DM Sans', sans-serif;\n            font-size: 16px;\n            color: #333333; \/* Negro oscuro solicitado *\/\n            margin: 15px 0 8px;\n            line-height: 1.3;\n            font-weight: 500;\n            text-transform: capitalize;\n        }\n\n        .sku-custom {\n            font-family: 'DM Sans', sans-serif;\n            font-size: 12px;\n            color: #333333; \/* Negro oscuro solicitado *\/\n            opacity: 0.7;\n            margin-bottom: 20px;\n            letter-spacing: 0.5px;\n        }\n\n        .btn-leer-mas-custom {\n            display: block;\n            background-color: #C5A059; \/* Color de fondo solicitado *\/\n            color: #333333 !important; \/* Color de texto solicitado *\/\n            padding: 14px 10px;\n            border-radius: 2px; \/* Estilo m\u00e1s cuadrado\/elegante *\/\n            text-decoration: none !important;\n            text-transform: uppercase;\n            font-family: 'DM Sans', sans-serif;\n            font-size: 12px;\n            font-weight: 700 !important;\n            letter-spacing: 1px;\n            margin-top: auto;\n            transition: opacity 0.3s ease;\n        }\n\n        .btn-leer-mas-custom:hover {\n            opacity: 0.9;\n            color: #333333 !important;\n        }\n\n        \/* Ajustes de Imagen *\/\n        .tarjeta-producto-custom img {\n            max-width: 100%;\n            height: auto;\n            margin-bottom: 5px;\n        }\n\n        \/* Responsividad *\/\n        @media (max-width: 992px) {\n            .grilla-marcas-custom { grid-template-columns: repeat(3, 1fr); }\n        }\n        @media (max-width: 768px) {\n            .grilla-marcas-custom { grid-template-columns: repeat(2, 1fr); }\n        }\n        @media (max-width: 480px) {\n            .grilla-marcas-custom { grid-template-columns: 1fr; }\n        }\n    <\/style>\n\n    <\/div>\n\t\t\t\t\t\t<\/div>\n\t\t\t\t<div class=\"elementor-element elementor-element-a7c1bb7 elementor-align-justify elementor-mobile-align-justify elementor-widget__width-initial elementor-widget-mobile__width-inherit solo-logueados elementor-widget elementor-widget-button\" data-id=\"a7c1bb7\" data-element_type=\"widget\" data-e-type=\"widget\" data-widget_type=\"button.default\">\n\t\t\t\t\t\t\t\t\t\t<a class=\"elementor-button elementor-button-link elementor-size-sm\" href=\"\/marca\/medicube\/\">\n\t\t\t\t\t\t<span class=\"elementor-button-content-wrapper\">\n\t\t\t\t\t\t\t\t\t<span class=\"elementor-button-text\">Ver Todos los Productos<\/span>\n\t\t\t\t\t<\/span>\n\t\t\t\t\t<\/a>\n\t\t\t\t\t\t\t\t<\/div>\n\t\t\t\t\t<\/div>\n\t\t\t\t<\/div>\n\t\t\t\t<\/div>\n\t\t","protected":false},"excerpt":{"rendered":"<p>Medicube La evoluci\u00f3n del K-Beauty: ciencia, tecnolog\u00eda y eficacia dermatol\u00f3gica Concebida bajo el lema \u00abInvestigaci\u00f3n implacable para obtener resultados reales\u00bb, Medicube es la marca l\u00edder en derma-cosm\u00e9tica y tecnolog\u00eda del cuidado de la piel en Corea del Sur. Su enfoque se centra en crear soluciones altamente eficaces y cl\u00ednicamente testadas para problemas cut\u00e1neos espec\u00edficos, desde [&hellip;]<\/p>\n","protected":false},"author":1,"featured_media":0,"parent":41,"menu_order":0,"comment_status":"closed","ping_status":"closed","template":"","meta":{"footnotes":""},"class_list":["post-4386","page","type-page","status-publish","hentry"],"_links":{"self":[{"href":"https:\/\/novaluxeurope.com\/en\/wp-json\/wp\/v2\/pages\/4386","targetHints":{"allow":["GET"]}}],"collection":[{"href":"https:\/\/novaluxeurope.com\/en\/wp-json\/wp\/v2\/pages"}],"about":[{"href":"https:\/\/novaluxeurope.com\/en\/wp-json\/wp\/v2\/types\/page"}],"author":[{"embeddable":true,"href":"https:\/\/novaluxeurope.com\/en\/wp-json\/wp\/v2\/users\/1"}],"replies":[{"embeddable":true,"href":"https:\/\/novaluxeurope.com\/en\/wp-json\/wp\/v2\/comments?post=4386"}],"version-history":[{"count":4,"href":"https:\/\/novaluxeurope.com\/en\/wp-json\/wp\/v2\/pages\/4386\/revisions"}],"predecessor-version":[{"id":4392,"href":"https:\/\/novaluxeurope.com\/en\/wp-json\/wp\/v2\/pages\/4386\/revisions\/4392"}],"up":[{"embeddable":true,"href":"https:\/\/novaluxeurope.com\/en\/wp-json\/wp\/v2\/pages\/41"}],"wp:attachment":[{"href":"https:\/\/novaluxeurope.com\/en\/wp-json\/wp\/v2\/media?parent=4386"}],"curies":[{"name":"wp","href":"https:\/\/api.w.org\/{rel}","templated":true}]}}