{"id":4376,"date":"2026-04-24T22:54:00","date_gmt":"2026-04-24T22:54:00","guid":{"rendered":"https:\/\/novaluxeurope.com\/?page_id=4376"},"modified":"2026-04-24T22:59:43","modified_gmt":"2026-04-24T22:59:43","slug":"haruharu-wonder","status":"publish","type":"page","link":"https:\/\/novaluxeurope.com\/en\/marcas\/haruharu-wonder\/","title":{"rendered":"Haruharu Wonder"},"content":{"rendered":"\t\t<div data-elementor-type=\"wp-page\" data-elementor-id=\"4376\" class=\"elementor elementor-4376\">\n\t\t\t\t<div class=\"elementor-element elementor-element-36e101db e-flex e-con-boxed e-con e-parent\" data-id=\"36e101db\" data-element_type=\"container\" data-e-type=\"container\">\n\t\t\t\t\t<div class=\"e-con-inner\">\n\t\t<div class=\"elementor-element elementor-element-3ebb252 e-con-full e-flex e-con e-child\" data-id=\"3ebb252\" data-element_type=\"container\" data-e-type=\"container\">\n\t\t\t\t<div class=\"elementor-element elementor-element-7fb33c6c elementor-widget elementor-widget-heading\" data-id=\"7fb33c6c\" data-element_type=\"widget\" data-e-type=\"widget\" data-widget_type=\"heading.default\">\n\t\t\t\t\t<h1 class=\"elementor-heading-title elementor-size-default\">Haruharu Wonder<\/h1>\t\t\t\t<\/div>\n\t\t\t\t<div class=\"elementor-element elementor-element-7a719def elementor-widget elementor-widget-heading\" data-id=\"7a719def\" data-element_type=\"widget\" data-e-type=\"widget\" data-widget_type=\"heading.default\">\n\t\t\t\t\t<p class=\"elementor-heading-title elementor-size-default\">El poder antioxidante del arroz negro<\/p>\t\t\t\t<\/div>\n\t\t\t\t<div class=\"elementor-element elementor-element-79c61a9b elementor-widget elementor-widget-text-editor\" data-id=\"79c61a9b\" data-element_type=\"widget\" data-e-type=\"widget\" data-widget_type=\"text-editor.default\">\n\t\t\t\t\t\t\t\t\t<p data-path-to-node=\"10\"><strong>Haruharu<\/strong> (que significa \u00abd\u00eda a d\u00eda\u00bb en coreano) es una marca de cosm\u00e9tica enfocada en el estilo de vida que ha conquistado el mercado global al fusionar los mejores ingredientes de la naturaleza con biotecnolog\u00eda de vanguardia. Fiel a su filosof\u00eda de \u00abClean Beauty\u00bb, Haruharu Wonder ofrece f\u00f3rmulas veganas, libres de crueldad y compuestas en m\u00e1s de un 95% por ingredientes derivados de la naturaleza. Su ic\u00f3nica l\u00ednea de Arroz Negro Fermentado es aclamada mundialmente por su alt\u00edsimo poder antioxidante y utiliza una tecnolog\u00eda patentada de absorci\u00f3n profunda (Ultra Deep Technology) que asegura que los activos penetren eficazmente en la piel.<\/p><p data-path-to-node=\"11\">Para el sector minorista y B2B, incorporar Haruharu Wonder es una decisi\u00f3n altamente estrat\u00e9gica. La marca responde a la creciente demanda mundial por productos cosm\u00e9ticos \u00e9ticos, seguros y efectivos. Adem\u00e1s de su formulaci\u00f3n premium, cuenta con un dise\u00f1o de envases minimalista y sumamente atractivo que capta de inmediato la atenci\u00f3n en estanter\u00edas f\u00edsicas y tiendas online. Es la opci\u00f3n ideal para enriquecer su cat\u00e1logo con un producto de tendencia que atrae a consumidores exigentes, garantizando lealtad a la marca y un excelente flujo de ventas.<\/p>\t\t\t\t\t\t\t\t<\/div>\n\t\t\t\t<\/div>\n\t\t<div class=\"elementor-element elementor-element-286f6ca9 e-con-full e-flex e-con e-child\" data-id=\"286f6ca9\" data-element_type=\"container\" data-e-type=\"container\">\n\t\t\t\t<div class=\"elementor-element elementor-element-7a0fac1c elementor-widget elementor-widget-image\" data-id=\"7a0fac1c\" data-element_type=\"widget\" data-e-type=\"widget\" data-widget_type=\"image.default\">\n\t\t\t\t\t\t\t\t\t\t\t\t\t\t\t<img fetchpriority=\"high\" decoding=\"async\" width=\"960\" height=\"1200\" src=\"https:\/\/novaluxeurope.com\/wp-content\/uploads\/2026\/04\/haruharu-wonder-imagen.webp\" class=\"attachment-full size-full wp-image-4379\" alt=\"Haruharu wonder productos\" srcset=\"https:\/\/novaluxeurope.com\/wp-content\/uploads\/2026\/04\/haruharu-wonder-imagen.webp 960w, https:\/\/novaluxeurope.com\/wp-content\/uploads\/2026\/04\/haruharu-wonder-imagen-240x300.webp 240w, https:\/\/novaluxeurope.com\/wp-content\/uploads\/2026\/04\/haruharu-wonder-imagen-819x1024.webp 819w, https:\/\/novaluxeurope.com\/wp-content\/uploads\/2026\/04\/haruharu-wonder-imagen-768x960.webp 768w, https:\/\/novaluxeurope.com\/wp-content\/uploads\/2026\/04\/haruharu-wonder-imagen-10x12.webp 10w, https:\/\/novaluxeurope.com\/wp-content\/uploads\/2026\/04\/haruharu-wonder-imagen-300x375.webp 300w, https:\/\/novaluxeurope.com\/wp-content\/uploads\/2026\/04\/haruharu-wonder-imagen-800x1000.webp 800w\" sizes=\"(max-width: 960px) 100vw, 960px\" \/>\t\t\t\t\t\t\t\t\t\t\t\t\t\t\t<\/div>\n\t\t\t\t<\/div>\n\t\t\t\t\t<\/div>\n\t\t\t\t<\/div>\n\t\t<div class=\"elementor-element elementor-element-e9019a8 e-flex e-con-boxed e-con e-parent\" data-id=\"e9019a8\" data-element_type=\"container\" data-e-type=\"container\">\n\t\t\t\t\t<div class=\"e-con-inner\">\n\t\t\t\t<div class=\"elementor-element elementor-element-4c5f99e3 elementor-widget elementor-widget-heading\" data-id=\"4c5f99e3\" data-element_type=\"widget\" data-e-type=\"widget\" data-widget_type=\"heading.default\">\n\t\t\t\t\t<h3 class=\"elementor-heading-title elementor-size-default\">Belleza limpia y vegana: Colecci\u00f3n Haruharu Wonder<\/h3>\t\t\t\t<\/div>\n\t\t\t\t<div class=\"elementor-element elementor-element-2734bc8f elementor-widget elementor-widget-text-editor\" data-id=\"2734bc8f\" data-element_type=\"widget\" data-e-type=\"widget\" data-widget_type=\"text-editor.default\">\n\t\t\t\t\t\t\t\t\t<p>Incorpore a su cat\u00e1logo la tendencia l\u00edder en cuidado facial \u00e9tico. Productos con un 95% de ingredientes naturales y un dise\u00f1o est\u00e9tico que impulsa la rotaci\u00f3n comercia<\/p>\t\t\t\t\t\t\t\t<\/div>\n\t\t\t\t<div class=\"elementor-element elementor-element-57f88ab0 elementor-widget elementor-widget-shortcode\" data-id=\"57f88ab0\" data-element_type=\"widget\" data-e-type=\"widget\" data-widget_type=\"shortcode.default\">\n\t\t\t\t\t\t\t<div class=\"elementor-shortcode\">    \n    <div class=\"grilla-marcas-custom cols-4\">\n                    <div class=\"tarjeta-producto-custom\">\n                <a href=\"https:\/\/novaluxeurope.com\/en\/product\/eu-centella-3-pha-gentle-liquid-exfoliating-serum-120ml\/\" class=\"imagen-link\">\n                    <img decoding=\"async\" width=\"300\" height=\"300\" src=\"https:\/\/novaluxeurope.com\/wp-content\/uploads\/2026\/05\/HRS06-Seu-300x300.jpg\" class=\"attachment-woocommerce_thumbnail size-woocommerce_thumbnail\" alt=\"[Eu] Centella 3% Pha Gentle Liquid Exfoliating Serum 120ml\" srcset=\"https:\/\/novaluxeurope.com\/wp-content\/uploads\/2026\/05\/HRS06-Seu-300x300.jpg 300w, https:\/\/novaluxeurope.com\/wp-content\/uploads\/2026\/05\/HRS06-Seu-150x150.jpg 150w, https:\/\/novaluxeurope.com\/wp-content\/uploads\/2026\/05\/HRS06-Seu-12x12.jpg 12w, https:\/\/novaluxeurope.com\/wp-content\/uploads\/2026\/05\/HRS06-Seu-100x100.jpg 100w, https:\/\/novaluxeurope.com\/wp-content\/uploads\/2026\/05\/HRS06-Seu.jpg 344w\" sizes=\"(max-width: 300px) 100vw, 300px\" \/>                <\/a>\n                <h3 class=\"titulo-custom\">[Eu] Centella 3% Pha Gentle Liquid Exfoliating Serum 120ml<\/h3>\n                \n                                    <div class=\"sku-custom\">EAN: 8809532221646<\/div>\n                                \n                <a href=\"https:\/\/novaluxeurope.com\/en\/product\/eu-centella-3-pha-gentle-liquid-exfoliating-serum-120ml\/\" class=\"btn-leer-mas-custom\">Leer m\u00e1s<\/a>\n            <\/div>\n                    <div class=\"tarjeta-producto-custom\">\n                <a href=\"https:\/\/novaluxeurope.com\/en\/product\/haruharu-black-rice-hyaluronic-toner-150ml\/\" class=\"imagen-link\">\n                    <img decoding=\"async\" width=\"300\" height=\"300\" src=\"https:\/\/novaluxeurope.com\/wp-content\/uploads\/2026\/04\/haru-1-300x300.jpg\" class=\"attachment-woocommerce_thumbnail size-woocommerce_thumbnail\" alt=\"HARUHARU. Black Rice Hyaluronic Toner\" srcset=\"https:\/\/novaluxeurope.com\/wp-content\/uploads\/2026\/04\/haru-1-300x300.jpg 300w, https:\/\/novaluxeurope.com\/wp-content\/uploads\/2026\/04\/haru-1-150x150.jpg 150w, https:\/\/novaluxeurope.com\/wp-content\/uploads\/2026\/04\/haru-1-768x768.jpg 768w, https:\/\/novaluxeurope.com\/wp-content\/uploads\/2026\/04\/haru-1-800x800.jpg 800w, https:\/\/novaluxeurope.com\/wp-content\/uploads\/2026\/04\/haru-1-100x100.jpg 100w, https:\/\/novaluxeurope.com\/wp-content\/uploads\/2026\/04\/haru-1.jpg 1024w\" sizes=\"(max-width: 300px) 100vw, 300px\" \/>                <\/a>\n                <h3 class=\"titulo-custom\">HARUHARU. Black Rice Hyaluronic Toner<\/h3>\n                \n                                    <div class=\"sku-custom\">EAN: 8809532221462<\/div>\n                                \n                <a href=\"https:\/\/novaluxeurope.com\/en\/product\/haruharu-black-rice-hyaluronic-toner-150ml\/\" class=\"btn-leer-mas-custom\">Leer m\u00e1s<\/a>\n            <\/div>\n                    <div class=\"tarjeta-producto-custom\">\n                <a href=\"https:\/\/novaluxeurope.com\/en\/product\/haruharu-black-rice-moisture-deep-cleansing-oil-150ml\/\" class=\"imagen-link\">\n                    <img loading=\"lazy\" decoding=\"async\" width=\"300\" height=\"300\" src=\"https:\/\/novaluxeurope.com\/wp-content\/uploads\/2026\/04\/haru-2-300x300.webp\" class=\"attachment-woocommerce_thumbnail size-woocommerce_thumbnail\" alt=\"HARUHARU. Black Rice Moisture Deep Cleansing Oil\" srcset=\"https:\/\/novaluxeurope.com\/wp-content\/uploads\/2026\/04\/haru-2-300x300.webp 300w, https:\/\/novaluxeurope.com\/wp-content\/uploads\/2026\/04\/haru-2-150x150.webp 150w, https:\/\/novaluxeurope.com\/wp-content\/uploads\/2026\/04\/haru-2-768x768.webp 768w, https:\/\/novaluxeurope.com\/wp-content\/uploads\/2026\/04\/haru-2-100x100.webp 100w, https:\/\/novaluxeurope.com\/wp-content\/uploads\/2026\/04\/haru-2.webp 800w\" sizes=\"(max-width: 300px) 100vw, 300px\" \/>                <\/a>\n                <h3 class=\"titulo-custom\">HARUHARU. Black Rice Moisture Deep Cleansing Oil<\/h3>\n                \n                                    <div class=\"sku-custom\">EAN: 8809532221349<\/div>\n                                \n                <a href=\"https:\/\/novaluxeurope.com\/en\/product\/haruharu-black-rice-moisture-deep-cleansing-oil-150ml\/\" class=\"btn-leer-mas-custom\">Leer m\u00e1s<\/a>\n            <\/div>\n            <\/div>\n\n    <style>\n        \/* Aplicaci\u00f3n de Estilos Globales del Shortcode *\/\n        .grilla-marcas-custom {\n            display: grid;\n            grid-template-columns: repeat(4, 1fr);\n            gap: 25px;\n            margin: 20px 0;\n            padding: 0;\n            font-family: 'DM Sans', sans-serif; \/* Tipograf\u00eda principal *\/\n        }\n\n        .tarjeta-producto-custom {\n            border: 1px solid #f0f0f0;\n            border-radius: 4px; \/* Un poco m\u00e1s sutil *\/\n            padding: 20px;\n            text-align: center;\n            background: #ffffff;\n            transition: all 0.3s ease;\n            display: flex;\n            flex-direction: column;\n            justify-content: space-between;\n        }\n\n        .tarjeta-producto-custom:hover {\n            box-shadow: 0 10px 25px rgba(0,0,0,0.05);\n            border-color: #C5A059; \/* Borde sutil al color del bot\u00f3n en el hover *\/\n        }\n\n        .titulo-custom {\n            font-family: 'DM Sans', sans-serif;\n            font-size: 16px;\n            color: #333333; \/* Negro oscuro solicitado *\/\n            margin: 15px 0 8px;\n            line-height: 1.3;\n            font-weight: 500;\n            text-transform: capitalize;\n        }\n\n        .sku-custom {\n            font-family: 'DM Sans', sans-serif;\n            font-size: 12px;\n            color: #333333; \/* Negro oscuro solicitado *\/\n            opacity: 0.7;\n            margin-bottom: 20px;\n            letter-spacing: 0.5px;\n        }\n\n        .btn-leer-mas-custom {\n            display: block;\n            background-color: #C5A059; \/* Color de fondo solicitado *\/\n            color: #333333 !important; \/* Color de texto solicitado *\/\n            padding: 14px 10px;\n            border-radius: 2px; \/* Estilo m\u00e1s cuadrado\/elegante *\/\n            text-decoration: none !important;\n            text-transform: uppercase;\n            font-family: 'DM Sans', sans-serif;\n            font-size: 12px;\n            font-weight: 700 !important;\n            letter-spacing: 1px;\n            margin-top: auto;\n            transition: opacity 0.3s ease;\n        }\n\n        .btn-leer-mas-custom:hover {\n            opacity: 0.9;\n            color: #333333 !important;\n        }\n\n        \/* Ajustes de Imagen *\/\n        .tarjeta-producto-custom img {\n            max-width: 100%;\n            height: auto;\n            margin-bottom: 5px;\n        }\n\n        \/* Responsividad *\/\n        @media (max-width: 992px) {\n            .grilla-marcas-custom { grid-template-columns: repeat(3, 1fr); }\n        }\n        @media (max-width: 768px) {\n            .grilla-marcas-custom { grid-template-columns: repeat(2, 1fr); }\n        }\n        @media (max-width: 480px) {\n            .grilla-marcas-custom { grid-template-columns: 1fr; }\n        }\n    <\/style>\n\n    <\/div>\n\t\t\t\t\t\t<\/div>\n\t\t\t\t<div class=\"elementor-element elementor-element-34a4ed78 elementor-align-justify elementor-mobile-align-justify elementor-widget__width-initial elementor-widget-mobile__width-inherit solo-logueados elementor-widget elementor-widget-button\" data-id=\"34a4ed78\" data-element_type=\"widget\" data-e-type=\"widget\" data-widget_type=\"button.default\">\n\t\t\t\t\t\t\t\t\t\t<a class=\"elementor-button elementor-button-link elementor-size-sm\" href=\"\/marca\/haruharu-wonder\/\">\n\t\t\t\t\t\t<span class=\"elementor-button-content-wrapper\">\n\t\t\t\t\t\t\t\t\t<span class=\"elementor-button-text\">Ver Todos los Productos<\/span>\n\t\t\t\t\t<\/span>\n\t\t\t\t\t<\/a>\n\t\t\t\t\t\t\t\t<\/div>\n\t\t\t\t\t<\/div>\n\t\t\t\t<\/div>\n\t\t\t\t<\/div>\n\t\t","protected":false},"excerpt":{"rendered":"<p>Haruharu Wonder El poder antioxidante del arroz negro Haruharu (que significa \u00abd\u00eda a d\u00eda\u00bb en coreano) es una marca de cosm\u00e9tica enfocada en el estilo de vida que ha conquistado el mercado global al fusionar los mejores ingredientes de la naturaleza con biotecnolog\u00eda de vanguardia. Fiel a su filosof\u00eda de \u00abClean Beauty\u00bb, Haruharu Wonder ofrece [&hellip;]<\/p>\n","protected":false},"author":1,"featured_media":0,"parent":41,"menu_order":0,"comment_status":"closed","ping_status":"closed","template":"","meta":{"footnotes":""},"class_list":["post-4376","page","type-page","status-publish","hentry"],"_links":{"self":[{"href":"https:\/\/novaluxeurope.com\/en\/wp-json\/wp\/v2\/pages\/4376","targetHints":{"allow":["GET"]}}],"collection":[{"href":"https:\/\/novaluxeurope.com\/en\/wp-json\/wp\/v2\/pages"}],"about":[{"href":"https:\/\/novaluxeurope.com\/en\/wp-json\/wp\/v2\/types\/page"}],"author":[{"embeddable":true,"href":"https:\/\/novaluxeurope.com\/en\/wp-json\/wp\/v2\/users\/1"}],"replies":[{"embeddable":true,"href":"https:\/\/novaluxeurope.com\/en\/wp-json\/wp\/v2\/comments?post=4376"}],"version-history":[{"count":7,"href":"https:\/\/novaluxeurope.com\/en\/wp-json\/wp\/v2\/pages\/4376\/revisions"}],"predecessor-version":[{"id":4385,"href":"https:\/\/novaluxeurope.com\/en\/wp-json\/wp\/v2\/pages\/4376\/revisions\/4385"}],"up":[{"embeddable":true,"href":"https:\/\/novaluxeurope.com\/en\/wp-json\/wp\/v2\/pages\/41"}],"wp:attachment":[{"href":"https:\/\/novaluxeurope.com\/en\/wp-json\/wp\/v2\/media?parent=4376"}],"curies":[{"name":"wp","href":"https:\/\/api.w.org\/{rel}","templated":true}]}}