{"id":4344,"date":"2026-04-24T20:31:17","date_gmt":"2026-04-24T20:31:17","guid":{"rendered":"https:\/\/novaluxeurope.com\/?page_id=4344"},"modified":"2026-04-29T14:25:45","modified_gmt":"2026-04-29T14:25:45","slug":"anua-2","status":"publish","type":"page","link":"https:\/\/novaluxeurope.com\/en\/marcas\/anua-2\/","title":{"rendered":"Anua"},"content":{"rendered":"\t\t<div data-elementor-type=\"wp-page\" data-elementor-id=\"4344\" class=\"elementor elementor-4344\">\n\t\t\t\t<div class=\"elementor-element elementor-element-1742f1a4 e-flex e-con-boxed e-con e-parent\" data-id=\"1742f1a4\" data-element_type=\"container\" data-e-type=\"container\">\n\t\t\t\t\t<div class=\"e-con-inner\">\n\t\t<div class=\"elementor-element elementor-element-7d744810 e-con-full e-flex e-con e-child\" data-id=\"7d744810\" data-element_type=\"container\" data-e-type=\"container\">\n\t\t\t\t<div class=\"elementor-element elementor-element-202b3c70 elementor-widget elementor-widget-heading\" data-id=\"202b3c70\" data-element_type=\"widget\" data-e-type=\"widget\" data-widget_type=\"heading.default\">\n\t\t\t\t\t<h1 class=\"elementor-heading-title elementor-size-default\">Anua<\/h1>\t\t\t\t<\/div>\n\t\t\t\t<div class=\"elementor-element elementor-element-73ab9b6b elementor-widget elementor-widget-heading\" data-id=\"73ab9b6b\" data-element_type=\"widget\" data-e-type=\"widget\" data-widget_type=\"heading.default\">\n\t\t\t\t\t<p class=\"elementor-heading-title elementor-size-default\">Cosm\u00e9tica coreana minimalista para resultados puros y visibles<\/p>\t\t\t\t<\/div>\n\t\t\t\t<div class=\"elementor-element elementor-element-9c4f2bc elementor-widget elementor-widget-text-editor\" data-id=\"9c4f2bc\" data-element_type=\"widget\" data-e-type=\"widget\" data-widget_type=\"text-editor.default\">\n\t\t\t\t\t\t\t\t\t<p data-path-to-node=\"10\">Nacida en Corea del Sur bajo la premisa de que una piel saludable refleja un estilo de vida equilibrado y sin estr\u00e9s, <strong>Anua<\/strong> se ha convertido r\u00e1pidamente en una de las marcas de K-Beauty m\u00e1s buscadas a nivel mundial. Su filosof\u00eda se basa en el minimalismo y en formulaciones \u00abClean Beauty\u00bb (belleza limpia), eliminando componentes innecesarios y enfoc\u00e1ndose en ingredientes bot\u00e1nicos de m\u00e1xima pureza. Su l\u00ednea estrella, basada en el extracto de Heartleaf (Houttuynia Cordata), es mundialmente reconocida por sus extraordinarias propiedades calmantes y antiinflamatorias, siendo la soluci\u00f3n ideal para pieles sensibles o con tendencia al acn\u00e9.<\/p><p data-path-to-node=\"11\">Para el negocio minorista, Anua representa una oportunidad comercial inmejorable. Gracias a su enorme viralidad en redes sociales y su alt\u00edsima demanda por parte de los consumidores m\u00e1s j\u00f3venes y conscientes del cuidado de la piel, sus productos tienen un nivel de rotaci\u00f3n excepcional. Incorporar Anua a su cat\u00e1logo significa ofrecer cosm\u00e9tica de tendencia internacional, envases de dise\u00f1o est\u00e9tico y resultados comprobados que garantizan la fidelizaci\u00f3n absoluta del cliente.<\/p>\t\t\t\t\t\t\t\t<\/div>\n\t\t\t\t<\/div>\n\t\t<div class=\"elementor-element elementor-element-413edfbe e-con-full e-flex e-con e-child\" data-id=\"413edfbe\" data-element_type=\"container\" data-e-type=\"container\">\n\t\t\t\t<div class=\"elementor-element elementor-element-4ccdc98 elementor-widget elementor-widget-image\" data-id=\"4ccdc98\" data-element_type=\"widget\" data-e-type=\"widget\" data-widget_type=\"image.default\">\n\t\t\t\t\t\t\t\t\t\t\t\t\t\t\t<img fetchpriority=\"high\" decoding=\"async\" width=\"1228\" height=\"1228\" src=\"https:\/\/novaluxeurope.com\/wp-content\/uploads\/2026\/04\/anua-imagen.webp\" class=\"attachment-full size-full wp-image-4347\" alt=\"\" srcset=\"https:\/\/novaluxeurope.com\/wp-content\/uploads\/2026\/04\/anua-imagen.webp 1228w, https:\/\/novaluxeurope.com\/wp-content\/uploads\/2026\/04\/anua-imagen-300x300.webp 300w, https:\/\/novaluxeurope.com\/wp-content\/uploads\/2026\/04\/anua-imagen-1024x1024.webp 1024w, https:\/\/novaluxeurope.com\/wp-content\/uploads\/2026\/04\/anua-imagen-150x150.webp 150w, https:\/\/novaluxeurope.com\/wp-content\/uploads\/2026\/04\/anua-imagen-768x768.webp 768w, https:\/\/novaluxeurope.com\/wp-content\/uploads\/2026\/04\/anua-imagen-12x12.webp 12w, https:\/\/novaluxeurope.com\/wp-content\/uploads\/2026\/04\/anua-imagen-800x800.webp 800w, https:\/\/novaluxeurope.com\/wp-content\/uploads\/2026\/04\/anua-imagen-100x100.webp 100w\" sizes=\"(max-width: 1228px) 100vw, 1228px\" \/>\t\t\t\t\t\t\t\t\t\t\t\t\t\t\t<\/div>\n\t\t\t\t<\/div>\n\t\t\t\t\t<\/div>\n\t\t\t\t<\/div>\n\t\t<div class=\"elementor-element elementor-element-64549606 e-flex e-con-boxed e-con e-parent\" data-id=\"64549606\" data-element_type=\"container\" data-e-type=\"container\">\n\t\t\t\t\t<div class=\"e-con-inner\">\n\t\t\t\t<div class=\"elementor-element elementor-element-10703327 elementor-widget elementor-widget-heading\" data-id=\"10703327\" data-element_type=\"widget\" data-e-type=\"widget\" data-widget_type=\"heading.default\">\n\t\t\t\t\t<h3 class=\"elementor-heading-title elementor-size-default\">Est\u00e9tica coreana en tendencia<\/h3>\t\t\t\t<\/div>\n\t\t\t\t<div class=\"elementor-element elementor-element-bab93f elementor-widget elementor-widget-text-editor\" data-id=\"bab93f\" data-element_type=\"widget\" data-e-type=\"widget\" data-widget_type=\"text-editor.default\">\n\t\t\t\t\t\t\t\t\t<p>Expanda su inventario con los productos de K-beauty m\u00e1s buscados. Productos de venta global que combinan ingredientes naturales con resultados probados.<\/p>\t\t\t\t\t\t\t\t<\/div>\n\t\t\t\t<div class=\"elementor-element elementor-element-15e106a1 elementor-widget elementor-widget-shortcode\" data-id=\"15e106a1\" data-element_type=\"widget\" data-e-type=\"widget\" data-widget_type=\"shortcode.default\">\n\t\t\t\t\t\t\t<div class=\"elementor-shortcode\">    \n    <div class=\"grilla-marcas-custom cols-4\">\n                    <div class=\"tarjeta-producto-custom\">\n                <a href=\"https:\/\/novaluxeurope.com\/en\/product\/eu-rice-70-intensive-moisturizing-milk-150ml\/\" class=\"imagen-link\">\n                    <img decoding=\"async\" src=\"https:\/\/novaluxeurope.com\/wp-content\/plugins\/woocommerce\/assets\/images\/placeholder.webp\" width=\"300\" class=\"woocommerce-placeholder wp-post-image\" alt=\"Placeholder\"\/>                <\/a>\n                <h3 class=\"titulo-custom\">[Eu] Rice 70 Intensive Moisturizing Milk 150Ml<\/h3>\n                \n                                    <div class=\"sku-custom\">EAN: 8809640738999<\/div>\n                                \n                <a href=\"https:\/\/novaluxeurope.com\/en\/product\/eu-rice-70-intensive-moisturizing-milk-150ml\/\" class=\"btn-leer-mas-custom\">Leer m\u00e1s<\/a>\n            <\/div>\n                    <div class=\"tarjeta-producto-custom\">\n                <a href=\"https:\/\/novaluxeurope.com\/en\/product\/eu-niacinamide-5-txa-brightening-pad-210ml-60ea\/\" class=\"imagen-link\">\n                    <img decoding=\"async\" width=\"300\" height=\"300\" src=\"https:\/\/novaluxeurope.com\/wp-content\/uploads\/2026\/05\/ANS10-NPadEU-300x300.png\" class=\"attachment-woocommerce_thumbnail size-woocommerce_thumbnail\" alt=\"[Eu] Niacinamide 5 Txa Brightening Pad 210Ml (60Ea)\" srcset=\"https:\/\/novaluxeurope.com\/wp-content\/uploads\/2026\/05\/ANS10-NPadEU-300x300.png 300w, https:\/\/novaluxeurope.com\/wp-content\/uploads\/2026\/05\/ANS10-NPadEU-150x150.png 150w, https:\/\/novaluxeurope.com\/wp-content\/uploads\/2026\/05\/ANS10-NPadEU-12x12.png 12w, https:\/\/novaluxeurope.com\/wp-content\/uploads\/2026\/05\/ANS10-NPadEU-100x100.png 100w, https:\/\/novaluxeurope.com\/wp-content\/uploads\/2026\/05\/ANS10-NPadEU.png 500w\" sizes=\"(max-width: 300px) 100vw, 300px\" \/>                <\/a>\n                <h3 class=\"titulo-custom\">[Eu] Niacinamide 5 Txa Brightening Pad 210Ml (60Ea)<\/h3>\n                \n                                    <div class=\"sku-custom\">EAN: 8809640739422<\/div>\n                                \n                <a href=\"https:\/\/novaluxeurope.com\/en\/product\/eu-niacinamide-5-txa-brightening-pad-210ml-60ea\/\" class=\"btn-leer-mas-custom\">Leer m\u00e1s<\/a>\n            <\/div>\n                    <div class=\"tarjeta-producto-custom\">\n                <a href=\"https:\/\/novaluxeurope.com\/en\/product\/eu-ultra-thin-spot-cover-patch-75ea\/\" class=\"imagen-link\">\n                    <img decoding=\"async\" width=\"300\" height=\"300\" src=\"https:\/\/novaluxeurope.com\/wp-content\/uploads\/2026\/05\/ANS10-PATCHEU-300x300.png\" class=\"attachment-woocommerce_thumbnail size-woocommerce_thumbnail\" alt=\"[Eu] Ultra Thin Spot Cover Patch 75Ea\" srcset=\"https:\/\/novaluxeurope.com\/wp-content\/uploads\/2026\/05\/ANS10-PATCHEU-300x300.png 300w, https:\/\/novaluxeurope.com\/wp-content\/uploads\/2026\/05\/ANS10-PATCHEU-150x150.png 150w, https:\/\/novaluxeurope.com\/wp-content\/uploads\/2026\/05\/ANS10-PATCHEU-12x12.png 12w, https:\/\/novaluxeurope.com\/wp-content\/uploads\/2026\/05\/ANS10-PATCHEU-100x100.png 100w, https:\/\/novaluxeurope.com\/wp-content\/uploads\/2026\/05\/ANS10-PATCHEU.png 450w\" sizes=\"(max-width: 300px) 100vw, 300px\" \/>                <\/a>\n                <h3 class=\"titulo-custom\">[Eu] Ultra Thin Spot Cover Patch 75Ea<\/h3>\n                \n                                    <div class=\"sku-custom\">EAN: 8809640739057<\/div>\n                                \n                <a href=\"https:\/\/novaluxeurope.com\/en\/product\/eu-ultra-thin-spot-cover-patch-75ea\/\" class=\"btn-leer-mas-custom\">Leer m\u00e1s<\/a>\n            <\/div>\n                    <div class=\"tarjeta-producto-custom\">\n                <a href=\"https:\/\/novaluxeurope.com\/en\/product\/eu-zero-cast-moisturizing-finish-sunscreen-50ml\/\" class=\"imagen-link\">\n                    <img loading=\"lazy\" decoding=\"async\" width=\"300\" height=\"300\" src=\"https:\/\/novaluxeurope.com\/wp-content\/uploads\/2026\/05\/ANSM10-SCZCEU-300x300.png\" class=\"attachment-woocommerce_thumbnail size-woocommerce_thumbnail\" alt=\"[Eu] Zero-Cast Moisturizing Finish Sunscreen 50Ml\" srcset=\"https:\/\/novaluxeurope.com\/wp-content\/uploads\/2026\/05\/ANSM10-SCZCEU-300x300.png 300w, https:\/\/novaluxeurope.com\/wp-content\/uploads\/2026\/05\/ANSM10-SCZCEU-150x150.png 150w, https:\/\/novaluxeurope.com\/wp-content\/uploads\/2026\/05\/ANSM10-SCZCEU-12x12.png 12w, https:\/\/novaluxeurope.com\/wp-content\/uploads\/2026\/05\/ANSM10-SCZCEU-100x100.png 100w, https:\/\/novaluxeurope.com\/wp-content\/uploads\/2026\/05\/ANSM10-SCZCEU.png 600w\" sizes=\"(max-width: 300px) 100vw, 300px\" \/>                <\/a>\n                <h3 class=\"titulo-custom\">[Eu] Zero-Cast Moisturizing Finish Sunscreen 50Ml<\/h3>\n                \n                                    <div class=\"sku-custom\">EAN: 8800307371276<\/div>\n                                \n                <a href=\"https:\/\/novaluxeurope.com\/en\/product\/eu-zero-cast-moisturizing-finish-sunscreen-50ml\/\" class=\"btn-leer-mas-custom\">Leer m\u00e1s<\/a>\n            <\/div>\n                    <div class=\"tarjeta-producto-custom\">\n                <a href=\"https:\/\/novaluxeurope.com\/en\/product\/eu-renew-heartleaf-silky-moisture-sunscreen-50ml\/\" class=\"imagen-link\">\n                    <img loading=\"lazy\" decoding=\"async\" width=\"300\" height=\"300\" src=\"https:\/\/novaluxeurope.com\/wp-content\/uploads\/2026\/05\/ANSM01-SCEUR-300x300.png\" class=\"attachment-woocommerce_thumbnail size-woocommerce_thumbnail\" alt=\"[Eu] [Renew] Heartleaf Silky Moisture Sunscreen 50Ml\" srcset=\"https:\/\/novaluxeurope.com\/wp-content\/uploads\/2026\/05\/ANSM01-SCEUR-300x300.png 300w, https:\/\/novaluxeurope.com\/wp-content\/uploads\/2026\/05\/ANSM01-SCEUR-150x150.png 150w, https:\/\/novaluxeurope.com\/wp-content\/uploads\/2026\/05\/ANSM01-SCEUR-12x12.png 12w, https:\/\/novaluxeurope.com\/wp-content\/uploads\/2026\/05\/ANSM01-SCEUR-100x100.png 100w, https:\/\/novaluxeurope.com\/wp-content\/uploads\/2026\/05\/ANSM01-SCEUR.png 550w\" sizes=\"(max-width: 300px) 100vw, 300px\" \/>                <\/a>\n                <h3 class=\"titulo-custom\">[Eu] [Renew] Heartleaf Silky Moisture Sunscreen 50Ml<\/h3>\n                \n                                    <div class=\"sku-custom\">EAN: 8809640737275<\/div>\n                                \n                <a href=\"https:\/\/novaluxeurope.com\/en\/product\/eu-renew-heartleaf-silky-moisture-sunscreen-50ml\/\" class=\"btn-leer-mas-custom\">Leer m\u00e1s<\/a>\n            <\/div>\n                    <div class=\"tarjeta-producto-custom\">\n                <a href=\"https:\/\/novaluxeurope.com\/en\/product\/eu-renew-rice-7-ceramide-hydrating-barrier-serum-50ml\/\" class=\"imagen-link\">\n                    <img loading=\"lazy\" decoding=\"async\" width=\"300\" height=\"300\" src=\"https:\/\/novaluxeurope.com\/wp-content\/uploads\/2026\/05\/ANS11-SEUR-300x300.png\" class=\"attachment-woocommerce_thumbnail size-woocommerce_thumbnail\" alt=\"[Eu] [Renew] Rice 7 Ceramide Hydrating Barrier Serum 50Ml\" srcset=\"https:\/\/novaluxeurope.com\/wp-content\/uploads\/2026\/05\/ANS11-SEUR-300x300.png 300w, https:\/\/novaluxeurope.com\/wp-content\/uploads\/2026\/05\/ANS11-SEUR-150x150.png 150w, https:\/\/novaluxeurope.com\/wp-content\/uploads\/2026\/05\/ANS11-SEUR-12x12.png 12w, https:\/\/novaluxeurope.com\/wp-content\/uploads\/2026\/05\/ANS11-SEUR-100x100.png 100w, https:\/\/novaluxeurope.com\/wp-content\/uploads\/2026\/05\/ANS11-SEUR.png 450w\" sizes=\"(max-width: 300px) 100vw, 300px\" \/>                <\/a>\n                <h3 class=\"titulo-custom\">[Eu] [Renew] Rice 7 Ceramide Hydrating Barrier Serum 50Ml<\/h3>\n                \n                                    <div class=\"sku-custom\">EAN: 8809640736131<\/div>\n                                \n                <a href=\"https:\/\/novaluxeurope.com\/en\/product\/eu-renew-rice-7-ceramide-hydrating-barrier-serum-50ml\/\" class=\"btn-leer-mas-custom\">Leer m\u00e1s<\/a>\n            <\/div>\n                    <div class=\"tarjeta-producto-custom\">\n                <a href=\"https:\/\/novaluxeurope.com\/en\/product\/eu-azelaic-acid-10-hyaluron-redness-soothing-serum-30ml\/\" class=\"imagen-link\">\n                    <img loading=\"lazy\" decoding=\"async\" width=\"300\" height=\"388\" src=\"https:\/\/novaluxeurope.com\/wp-content\/uploads\/2026\/05\/ANS10-SAZEU-300x388.png\" class=\"attachment-woocommerce_thumbnail size-woocommerce_thumbnail\" alt=\"[Eu] Azelaic Acid 10 Hyaluron Redness Soothing Serum 30Ml\" srcset=\"https:\/\/novaluxeurope.com\/wp-content\/uploads\/2026\/05\/ANS10-SAZEU-300x388.png 300w, https:\/\/novaluxeurope.com\/wp-content\/uploads\/2026\/05\/ANS10-SAZEU-232x300.png 232w, https:\/\/novaluxeurope.com\/wp-content\/uploads\/2026\/05\/ANS10-SAZEU-791x1024.png 791w, https:\/\/novaluxeurope.com\/wp-content\/uploads\/2026\/05\/ANS10-SAZEU-768x994.png 768w, https:\/\/novaluxeurope.com\/wp-content\/uploads\/2026\/05\/ANS10-SAZEU-1187x1536.png 1187w, https:\/\/novaluxeurope.com\/wp-content\/uploads\/2026\/05\/ANS10-SAZEU-1582x2048.png 1582w, https:\/\/novaluxeurope.com\/wp-content\/uploads\/2026\/05\/ANS10-SAZEU-9x12.png 9w, https:\/\/novaluxeurope.com\/wp-content\/uploads\/2026\/05\/ANS10-SAZEU-800x1035.png 800w, https:\/\/novaluxeurope.com\/wp-content\/uploads\/2026\/05\/ANS10-SAZEU-scaled.png 1978w\" sizes=\"(max-width: 300px) 100vw, 300px\" \/>                <\/a>\n                <h3 class=\"titulo-custom\">[Eu] Azelaic Acid 10 Hyaluron Redness Soothing Serum 30Ml<\/h3>\n                \n                                    <div class=\"sku-custom\">EAN: 8809640739019<\/div>\n                                \n                <a href=\"https:\/\/novaluxeurope.com\/en\/product\/eu-azelaic-acid-10-hyaluron-redness-soothing-serum-30ml\/\" class=\"btn-leer-mas-custom\">Leer m\u00e1s<\/a>\n            <\/div>\n                    <div class=\"tarjeta-producto-custom\">\n                <a href=\"https:\/\/novaluxeurope.com\/en\/product\/eu-pdrn-hyaluronic-acid-100-moisture-cream-60ml\/\" class=\"imagen-link\">\n                    <img loading=\"lazy\" decoding=\"async\" width=\"300\" height=\"300\" src=\"https:\/\/novaluxeurope.com\/wp-content\/uploads\/2026\/05\/ANS10-CPHEU-300x300.png\" class=\"attachment-woocommerce_thumbnail size-woocommerce_thumbnail\" alt=\"[Eu] Pdrn Hyaluronic Acid 100 Moisture Cream 60Ml\" srcset=\"https:\/\/novaluxeurope.com\/wp-content\/uploads\/2026\/05\/ANS10-CPHEU-300x300.png 300w, https:\/\/novaluxeurope.com\/wp-content\/uploads\/2026\/05\/ANS10-CPHEU-150x150.png 150w, https:\/\/novaluxeurope.com\/wp-content\/uploads\/2026\/05\/ANS10-CPHEU-12x12.png 12w, https:\/\/novaluxeurope.com\/wp-content\/uploads\/2026\/05\/ANS10-CPHEU-100x100.png 100w, https:\/\/novaluxeurope.com\/wp-content\/uploads\/2026\/05\/ANS10-CPHEU.png 600w\" sizes=\"(max-width: 300px) 100vw, 300px\" \/>                <\/a>\n                <h3 class=\"titulo-custom\">[Eu] Pdrn Hyaluronic Acid 100 Moisture Cream 60Ml<\/h3>\n                \n                                    <div class=\"sku-custom\">EAN: 8800307371252<\/div>\n                                \n                <a href=\"https:\/\/novaluxeurope.com\/en\/product\/eu-pdrn-hyaluronic-acid-100-moisture-cream-60ml\/\" class=\"btn-leer-mas-custom\">Leer m\u00e1s<\/a>\n            <\/div>\n            <\/div>\n\n    <style>\n        \/* Aplicaci\u00f3n de Estilos Globales del Shortcode *\/\n        .grilla-marcas-custom {\n            display: grid;\n            grid-template-columns: repeat(4, 1fr);\n            gap: 25px;\n            margin: 20px 0;\n            padding: 0;\n            font-family: 'DM Sans', sans-serif; \/* Tipograf\u00eda principal *\/\n        }\n\n        .tarjeta-producto-custom {\n            border: 1px solid #f0f0f0;\n            border-radius: 4px; \/* Un poco m\u00e1s sutil *\/\n            padding: 20px;\n            text-align: center;\n            background: #ffffff;\n            transition: all 0.3s ease;\n            display: flex;\n            flex-direction: column;\n            justify-content: space-between;\n        }\n\n        .tarjeta-producto-custom:hover {\n            box-shadow: 0 10px 25px rgba(0,0,0,0.05);\n            border-color: #C5A059; \/* Borde sutil al color del bot\u00f3n en el hover *\/\n        }\n\n        .titulo-custom {\n            font-family: 'DM Sans', sans-serif;\n            font-size: 16px;\n            color: #333333; \/* Negro oscuro solicitado *\/\n            margin: 15px 0 8px;\n            line-height: 1.3;\n            font-weight: 500;\n            text-transform: capitalize;\n        }\n\n        .sku-custom {\n            font-family: 'DM Sans', sans-serif;\n            font-size: 12px;\n            color: #333333; \/* Negro oscuro solicitado *\/\n            opacity: 0.7;\n            margin-bottom: 20px;\n            letter-spacing: 0.5px;\n        }\n\n        .btn-leer-mas-custom {\n            display: block;\n            background-color: #C5A059; \/* Color de fondo solicitado *\/\n            color: #333333 !important; \/* Color de texto solicitado *\/\n            padding: 14px 10px;\n            border-radius: 2px; \/* Estilo m\u00e1s cuadrado\/elegante *\/\n            text-decoration: none !important;\n            text-transform: uppercase;\n            font-family: 'DM Sans', sans-serif;\n            font-size: 12px;\n            font-weight: 700 !important;\n            letter-spacing: 1px;\n            margin-top: auto;\n            transition: opacity 0.3s ease;\n        }\n\n        .btn-leer-mas-custom:hover {\n            opacity: 0.9;\n            color: #333333 !important;\n        }\n\n        \/* Ajustes de Imagen *\/\n        .tarjeta-producto-custom img {\n            max-width: 100%;\n            height: auto;\n            margin-bottom: 5px;\n        }\n\n        \/* Responsividad *\/\n        @media (max-width: 992px) {\n            .grilla-marcas-custom { grid-template-columns: repeat(3, 1fr); }\n        }\n        @media (max-width: 768px) {\n            .grilla-marcas-custom { grid-template-columns: repeat(2, 1fr); }\n        }\n        @media (max-width: 480px) {\n            .grilla-marcas-custom { grid-template-columns: 1fr; }\n        }\n    <\/style>\n\n    <\/div>\n\t\t\t\t\t\t<\/div>\n\t\t\t\t<div class=\"elementor-element elementor-element-49d76b38 elementor-align-justify elementor-mobile-align-justify elementor-widget__width-initial elementor-widget-mobile__width-inherit solo-logueados elementor-widget elementor-widget-button\" data-id=\"49d76b38\" data-element_type=\"widget\" data-e-type=\"widget\" data-widget_type=\"button.default\">\n\t\t\t\t\t\t\t\t\t\t<a class=\"elementor-button elementor-button-link elementor-size-sm\" href=\"\/marca\/anua\/\">\n\t\t\t\t\t\t<span class=\"elementor-button-content-wrapper\">\n\t\t\t\t\t\t\t\t\t<span class=\"elementor-button-text\">Ver Todos los Productos<\/span>\n\t\t\t\t\t<\/span>\n\t\t\t\t\t<\/a>\n\t\t\t\t\t\t\t\t<\/div>\n\t\t\t\t\t<\/div>\n\t\t\t\t<\/div>\n\t\t\t\t<\/div>\n\t\t","protected":false},"excerpt":{"rendered":"<p>Anua Cosm\u00e9tica coreana minimalista para resultados puros y visibles Nacida en Corea del Sur bajo la premisa de que una piel saludable refleja un estilo de vida equilibrado y sin estr\u00e9s, Anua se ha convertido r\u00e1pidamente en una de las marcas de K-Beauty m\u00e1s buscadas a nivel mundial. Su filosof\u00eda se basa en el minimalismo [&hellip;]<\/p>\n","protected":false},"author":1,"featured_media":0,"parent":41,"menu_order":0,"comment_status":"closed","ping_status":"closed","template":"","meta":{"footnotes":""},"class_list":["post-4344","page","type-page","status-publish","hentry"],"_links":{"self":[{"href":"https:\/\/novaluxeurope.com\/en\/wp-json\/wp\/v2\/pages\/4344","targetHints":{"allow":["GET"]}}],"collection":[{"href":"https:\/\/novaluxeurope.com\/en\/wp-json\/wp\/v2\/pages"}],"about":[{"href":"https:\/\/novaluxeurope.com\/en\/wp-json\/wp\/v2\/types\/page"}],"author":[{"embeddable":true,"href":"https:\/\/novaluxeurope.com\/en\/wp-json\/wp\/v2\/users\/1"}],"replies":[{"embeddable":true,"href":"https:\/\/novaluxeurope.com\/en\/wp-json\/wp\/v2\/comments?post=4344"}],"version-history":[{"count":7,"href":"https:\/\/novaluxeurope.com\/en\/wp-json\/wp\/v2\/pages\/4344\/revisions"}],"predecessor-version":[{"id":4511,"href":"https:\/\/novaluxeurope.com\/en\/wp-json\/wp\/v2\/pages\/4344\/revisions\/4511"}],"up":[{"embeddable":true,"href":"https:\/\/novaluxeurope.com\/en\/wp-json\/wp\/v2\/pages\/41"}],"wp:attachment":[{"href":"https:\/\/novaluxeurope.com\/en\/wp-json\/wp\/v2\/media?parent=4344"}],"curies":[{"name":"wp","href":"https:\/\/api.w.org\/{rel}","templated":true}]}}