{"id":4332,"date":"2026-04-24T19:58:44","date_gmt":"2026-04-24T19:58:44","guid":{"rendered":"https:\/\/novaluxeurope.com\/?page_id=4332"},"modified":"2026-04-24T20:01:37","modified_gmt":"2026-04-24T20:01:37","slug":"riiffs-2","status":"publish","type":"page","link":"https:\/\/novaluxeurope.com\/en\/marcas\/riiffs-2\/","title":{"rendered":"RiiFFS"},"content":{"rendered":"<div data-elementor-type=\"wp-page\" data-elementor-id=\"4332\" class=\"elementor elementor-4332\">\n\t\t\t\t<div class=\"elementor-element elementor-element-3538484e e-flex e-con-boxed e-con e-parent\" data-id=\"3538484e\" data-element_type=\"container\" data-e-type=\"container\">\n\t\t\t\t\t<div class=\"e-con-inner\">\n\t\t<div class=\"elementor-element elementor-element-563883b3 e-con-full e-flex e-con e-child\" data-id=\"563883b3\" data-element_type=\"container\" data-e-type=\"container\">\n\t\t\t\t<div class=\"elementor-element elementor-element-6e9aff3f elementor-widget elementor-widget-heading\" data-id=\"6e9aff3f\" data-element_type=\"widget\" data-e-type=\"widget\" data-widget_type=\"heading.default\">\n\t\t\t\t\t<h1 class=\"elementor-heading-title elementor-size-default\">RiiFFS Perfumes<\/h1>\t\t\t\t<\/div>\n\t\t\t\t<div class=\"elementor-element elementor-element-2fc12bf1 elementor-widget elementor-widget-heading\" data-id=\"2fc12bf1\" data-element_type=\"widget\" data-e-type=\"widget\" data-widget_type=\"heading.default\">\n\t\t\t\t\t<p class=\"elementor-heading-title elementor-size-default\">Contemporary fragrances inspired by Arabic heritage<\/p>\t\t\t\t<\/div>\n\t\t\t\t<div class=\"elementor-element elementor-element-7fac0565 elementor-widget elementor-widget-text-editor\" data-id=\"7fac0565\" data-element_type=\"widget\" data-e-type=\"widget\" data-widget_type=\"text-editor.default\">\n\t\t\t\t\t\t\t\t\t<p data-path-to-node=\"1\">RiiFFS is a Dubai-based fragrance brand operating under Sterling Perfumes Industries, one of the largest perfume manufacturers in the Middle East. With a rapidly growing international presence, RiiFFS has expanded beyond the Gulf region into Europe, Asia, Africa, and North America, gaining recognition for its long-lasting scents and accessible luxury approach.<\/p><p data-path-to-node=\"2\">More than just a perfume house, RiiFFS represents a modern interpretation of Arabic perfumery, combining craftsmanship, innovation, and careful design. Each fragrance is crafted using meticulously selected ingredients\u2014ranging from oud, amber, and musk to fresh flowers and gourmand nuances\u2014resulting in distinctive compositions that satisfy a wide variety of olfactory preferences. The elegant bottle designs and refined packaging underscore the brand's commitment to aesthetic detail and quality.<\/p><p data-path-to-node=\"3\">Backed by the manufacturing expertise of Sterling Perfumes, RiiFFS continues to evolve with a diverse product portfolio tailored to a young, multicultural, and trend-conscious audience. Its philosophy focuses on offering memorable fragrances with high performance, transforming everyday moments into personal olfactory signatures and bringing the richness of Middle Eastern perfumery within everyone's reach.<\/p>\t\t\t\t\t\t\t\t<\/div>\n\t\t\t\t<\/div>\n\t\t<div class=\"elementor-element elementor-element-302f0712 e-con-full e-flex e-con e-child\" data-id=\"302f0712\" data-element_type=\"container\" data-e-type=\"container\">\n\t\t\t\t<div class=\"elementor-element elementor-element-6cf40c48 elementor-widget elementor-widget-image\" data-id=\"6cf40c48\" data-element_type=\"widget\" data-e-type=\"widget\" data-widget_type=\"image.default\">\n\t\t\t\t\t\t\t\t\t\t\t\t\t\t\t<img fetchpriority=\"high\" decoding=\"async\" width=\"1080\" height=\"1350\" src=\"https:\/\/novaluxeurope.com\/wp-content\/uploads\/2026\/04\/riiffs.jpg\" class=\"attachment-full size-full wp-image-4334\" alt=\"\" srcset=\"https:\/\/novaluxeurope.com\/wp-content\/uploads\/2026\/04\/riiffs.jpg 1080w, https:\/\/novaluxeurope.com\/wp-content\/uploads\/2026\/04\/riiffs-240x300.jpg 240w, https:\/\/novaluxeurope.com\/wp-content\/uploads\/2026\/04\/riiffs-819x1024.jpg 819w, https:\/\/novaluxeurope.com\/wp-content\/uploads\/2026\/04\/riiffs-768x960.jpg 768w, https:\/\/novaluxeurope.com\/wp-content\/uploads\/2026\/04\/riiffs-10x12.jpg 10w, https:\/\/novaluxeurope.com\/wp-content\/uploads\/2026\/04\/riiffs-300x375.jpg 300w, https:\/\/novaluxeurope.com\/wp-content\/uploads\/2026\/04\/riiffs-800x1000.jpg 800w\" sizes=\"(max-width: 1080px) 100vw, 1080px\" \/>\t\t\t\t\t\t\t\t\t\t\t\t\t\t\t<\/div>\n\t\t\t\t<\/div>\n\t\t\t\t\t<\/div>\n\t\t\t\t<\/div>\n\t\t<div class=\"elementor-element elementor-element-3205f566 e-flex e-con-boxed e-con e-parent\" data-id=\"3205f566\" data-element_type=\"container\" data-e-type=\"container\">\n\t\t\t\t\t<div class=\"e-con-inner\">\n\t\t\t\t<div class=\"elementor-element elementor-element-4bf34e9f elementor-widget elementor-widget-heading\" data-id=\"4bf34e9f\" data-element_type=\"widget\" data-e-type=\"widget\" data-widget_type=\"heading.default\">\n\t\t\t\t\t<h3 class=\"elementor-heading-title elementor-size-default\">Discover the exclusive world of RiiFFS<\/h3>\t\t\t\t<\/div>\n\t\t\t\t<div class=\"elementor-element elementor-element-24dbaa55 elementor-widget elementor-widget-text-editor\" data-id=\"24dbaa55\" data-element_type=\"widget\" data-e-type=\"widget\" data-widget_type=\"text-editor.default\">\n\t\t\t\t\t\t\t\t\t<p>Discover the bold character of RiiFFS perfumes, where modern craftsmanship meets the depth of Arabic inspiration and exceptional longevity.<\/p>\t\t\t\t\t\t\t\t<\/div>\n\t\t\t\t<div class=\"elementor-element elementor-element-2de5e941 elementor-widget elementor-widget-shortcode\" data-id=\"2de5e941\" data-element_type=\"widget\" data-e-type=\"widget\" data-widget_type=\"shortcode.default\">\n\t\t\t\t\t\t\t<div class=\"elementor-shortcode\">    \n    <div class=\"grilla-marcas-custom cols-4\">\n                    <div class=\"tarjeta-producto-custom\">\n                <a href=\"https:\/\/novaluxeurope.com\/en\/product\/riiffs-momento-extrait-de-parfum-u-100-ml\/\" class=\"imagen-link\">\n                    <img decoding=\"async\" width=\"300\" height=\"300\" src=\"https:\/\/novaluxeurope.com\/wp-content\/uploads\/2026\/04\/riiffs-momento-extrait-de-parfum-u-100-ml-1-300x300.png\" class=\"attachment-woocommerce_thumbnail size-woocommerce_thumbnail\" alt=\"Riiffs Momento Extrait de\" srcset=\"https:\/\/novaluxeurope.com\/wp-content\/uploads\/2026\/04\/riiffs-momento-extrait-de-parfum-u-100-ml-1-300x300.png 300w, https:\/\/novaluxeurope.com\/wp-content\/uploads\/2026\/04\/riiffs-momento-extrait-de-parfum-u-100-ml-1-150x150.png 150w, https:\/\/novaluxeurope.com\/wp-content\/uploads\/2026\/04\/riiffs-momento-extrait-de-parfum-u-100-ml-1-768x768.png 768w, https:\/\/novaluxeurope.com\/wp-content\/uploads\/2026\/04\/riiffs-momento-extrait-de-parfum-u-100-ml-1-100x100.png 100w, https:\/\/novaluxeurope.com\/wp-content\/uploads\/2026\/04\/riiffs-momento-extrait-de-parfum-u-100-ml-1.png 800w\" sizes=\"(max-width: 300px) 100vw, 300px\" \/>                <\/a>\n                <h3 class=\"titulo-custom\">Riiffs Momento Extrait de<\/h3>\n                \n                                    <div class=\"sku-custom\">EAN: 6297001574201<\/div>\n                                \n                <a href=\"https:\/\/novaluxeurope.com\/en\/product\/riiffs-momento-extrait-de-parfum-u-100-ml\/\" class=\"btn-leer-mas-custom\">Read more<\/a>\n            <\/div>\n                    <div class=\"tarjeta-producto-custom\">\n                <a href=\"https:\/\/novaluxeurope.com\/en\/product\/riiffs-freeze-extrait-de-parfum-u-100-ml\/\" class=\"imagen-link\">\n                    <img decoding=\"async\" width=\"300\" height=\"300\" src=\"https:\/\/novaluxeurope.com\/wp-content\/uploads\/2026\/04\/riiffs-freeze-extrait-de-parfum-u-100-ml-1-300x300.jpg\" class=\"attachment-woocommerce_thumbnail size-woocommerce_thumbnail\" alt=\"Riiffs Freeze Extrait de\" srcset=\"https:\/\/novaluxeurope.com\/wp-content\/uploads\/2026\/04\/riiffs-freeze-extrait-de-parfum-u-100-ml-1-300x300.jpg 300w, https:\/\/novaluxeurope.com\/wp-content\/uploads\/2026\/04\/riiffs-freeze-extrait-de-parfum-u-100-ml-1-150x150.jpg 150w, https:\/\/novaluxeurope.com\/wp-content\/uploads\/2026\/04\/riiffs-freeze-extrait-de-parfum-u-100-ml-1-768x768.jpg 768w, https:\/\/novaluxeurope.com\/wp-content\/uploads\/2026\/04\/riiffs-freeze-extrait-de-parfum-u-100-ml-1-100x100.jpg 100w, https:\/\/novaluxeurope.com\/wp-content\/uploads\/2026\/04\/riiffs-freeze-extrait-de-parfum-u-100-ml-1.jpg 800w\" sizes=\"(max-width: 300px) 100vw, 300px\" \/>                <\/a>\n                <h3 class=\"titulo-custom\">Riiffs Freeze Extrait de<\/h3>\n                \n                                    <div class=\"sku-custom\">EAN: 6295151504031<\/div>\n                                \n                <a href=\"https:\/\/novaluxeurope.com\/en\/product\/riiffs-freeze-extrait-de-parfum-u-100-ml\/\" class=\"btn-leer-mas-custom\">Read more<\/a>\n            <\/div>\n            <\/div>\n\n    <style>\n        \/* Aplicaci\u00f3n de Estilos Globales del Shortcode *\/\n        .grilla-marcas-custom {\n            display: grid;\n            grid-template-columns: repeat(4, 1fr);\n            gap: 25px;\n            margin: 20px 0;\n            padding: 0;\n            font-family: 'DM Sans', sans-serif; \/* Tipograf\u00eda principal *\/\n        }\n\n        .tarjeta-producto-custom {\n            border: 1px solid #f0f0f0;\n            border-radius: 4px; \/* Un poco m\u00e1s sutil *\/\n            padding: 20px;\n            text-align: center;\n            background: #ffffff;\n            transition: all 0.3s ease;\n            display: flex;\n            flex-direction: column;\n            justify-content: space-between;\n        }\n\n        .tarjeta-producto-custom:hover {\n            box-shadow: 0 10px 25px rgba(0,0,0,0.05);\n            border-color: #C5A059; \/* Borde sutil al color del bot\u00f3n en el hover *\/\n        }\n\n        .titulo-custom {\n            font-family: 'DM Sans', sans-serif;\n            font-size: 16px;\n            color: #333333; \/* Negro oscuro solicitado *\/\n            margin: 15px 0 8px;\n            line-height: 1.3;\n            font-weight: 500;\n            text-transform: capitalize;\n        }\n\n        .sku-custom {\n            font-family: 'DM Sans', sans-serif;\n            font-size: 12px;\n            color: #333333; \/* Negro oscuro solicitado *\/\n            opacity: 0.7;\n            margin-bottom: 20px;\n            letter-spacing: 0.5px;\n        }\n\n        .btn-leer-mas-custom {\n            display: block;\n            background-color: #C5A059; \/* Color de fondo solicitado *\/\n            color: #333333 !important; \/* Color de texto solicitado *\/\n            padding: 14px 10px;\n            border-radius: 2px; \/* Estilo m\u00e1s cuadrado\/elegante *\/\n            text-decoration: none !important;\n            text-transform: uppercase;\n            font-family: 'DM Sans', sans-serif;\n            font-size: 12px;\n            font-weight: 700 !important;\n            letter-spacing: 1px;\n            margin-top: auto;\n            transition: opacity 0.3s ease;\n        }\n\n        .btn-leer-mas-custom:hover {\n            opacity: 0.9;\n            color: #333333 !important;\n        }\n\n        \/* Ajustes de Imagen *\/\n        .tarjeta-producto-custom img {\n            max-width: 100%;\n            height: auto;\n            margin-bottom: 5px;\n        }\n\n        \/* Responsividad *\/\n        @media (max-width: 992px) {\n            .grilla-marcas-custom { grid-template-columns: repeat(3, 1fr); }\n        }\n        @media (max-width: 768px) {\n            .grilla-marcas-custom { grid-template-columns: repeat(2, 1fr); }\n        }\n        @media (max-width: 480px) {\n            .grilla-marcas-custom { grid-template-columns: 1fr; }\n        }\n    <\/style>\n\n    <\/div>\n\t\t\t\t\t\t<\/div>\n\t\t\t\t\t<\/div>\n\t\t\t\t<\/div>\n\t\t\t\t<\/div>","protected":false},"excerpt":{"rendered":"<p>RiiFFS Perfumes Fragancias contempor\u00e1neas inspiradas en la herencia \u00e1rabe RiiFFS es una marca de fragancias con sede en Dub\u00e1i que opera bajo Sterling Perfumes Industries, uno de los mayores fabricantes de perfumes de Oriente Medio. Con una presencia internacional en r\u00e1pido crecimiento, RiiFFS se ha expandido m\u00e1s all\u00e1 de la regi\u00f3n del Golfo hacia Europa, [&hellip;]<\/p>\n","protected":false},"author":1,"featured_media":0,"parent":41,"menu_order":0,"comment_status":"closed","ping_status":"closed","template":"","meta":{"footnotes":""},"class_list":["post-4332","page","type-page","status-publish","hentry"],"_links":{"self":[{"href":"https:\/\/novaluxeurope.com\/en\/wp-json\/wp\/v2\/pages\/4332","targetHints":{"allow":["GET"]}}],"collection":[{"href":"https:\/\/novaluxeurope.com\/en\/wp-json\/wp\/v2\/pages"}],"about":[{"href":"https:\/\/novaluxeurope.com\/en\/wp-json\/wp\/v2\/types\/page"}],"author":[{"embeddable":true,"href":"https:\/\/novaluxeurope.com\/en\/wp-json\/wp\/v2\/users\/1"}],"replies":[{"embeddable":true,"href":"https:\/\/novaluxeurope.com\/en\/wp-json\/wp\/v2\/comments?post=4332"}],"version-history":[{"count":4,"href":"https:\/\/novaluxeurope.com\/en\/wp-json\/wp\/v2\/pages\/4332\/revisions"}],"predecessor-version":[{"id":4337,"href":"https:\/\/novaluxeurope.com\/en\/wp-json\/wp\/v2\/pages\/4332\/revisions\/4337"}],"up":[{"embeddable":true,"href":"https:\/\/novaluxeurope.com\/en\/wp-json\/wp\/v2\/pages\/41"}],"wp:attachment":[{"href":"https:\/\/novaluxeurope.com\/en\/wp-json\/wp\/v2\/media?parent=4332"}],"curies":[{"name":"wp","href":"https:\/\/api.w.org\/{rel}","templated":true}]}}