{"id":4294,"date":"2026-04-24T19:01:09","date_gmt":"2026-04-24T19:01:09","guid":{"rendered":"https:\/\/novaluxeurope.com\/?page_id=4294"},"modified":"2026-04-24T19:12:54","modified_gmt":"2026-04-24T19:12:54","slug":"ard-al-zaafaran-2","status":"publish","type":"page","link":"https:\/\/novaluxeurope.com\/en\/marcas\/ard-al-zaafaran-2\/","title":{"rendered":"Ard Al Zaafaran"},"content":{"rendered":"<div data-elementor-type=\"wp-page\" data-elementor-id=\"4294\" class=\"elementor elementor-4294\">\n\t\t\t\t<div class=\"elementor-element elementor-element-46c4a56a e-flex e-con-boxed e-con e-parent\" data-id=\"46c4a56a\" data-element_type=\"container\" data-e-type=\"container\">\n\t\t\t\t\t<div class=\"e-con-inner\">\n\t\t<div class=\"elementor-element elementor-element-7ecc45ad e-con-full e-flex e-con e-child\" data-id=\"7ecc45ad\" data-element_type=\"container\" data-e-type=\"container\">\n\t\t\t\t<div class=\"elementor-element elementor-element-3c0043b6 elementor-widget elementor-widget-heading\" data-id=\"3c0043b6\" data-element_type=\"widget\" data-e-type=\"widget\" data-widget_type=\"heading.default\">\n\t\t\t\t\t<h1 class=\"elementor-heading-title elementor-size-default\">Ard Al Zaafaran<\/h1>\t\t\t\t<\/div>\n\t\t\t\t<div class=\"elementor-element elementor-element-243f35ef elementor-widget elementor-widget-heading\" data-id=\"243f35ef\" data-element_type=\"widget\" data-e-type=\"widget\" data-widget_type=\"heading.default\">\n\t\t\t\t\t<p class=\"elementor-heading-title elementor-size-default\">The excellence of Arabic perfumery for the modern world.<\/p>\t\t\t\t<\/div>\n\t\t\t\t<div class=\"elementor-element elementor-element-13b8c153 elementor-widget elementor-widget-text-editor\" data-id=\"13b8c153\" data-element_type=\"widget\" data-e-type=\"widget\" data-widget_type=\"text-editor.default\">\n\t\t\t\t\t\t\t\t\t<p data-path-to-node=\"9\">Founded in the heart of the United Arab Emirates, Ard Al Zaafaran (which poetically translates to \"The Land of Saffron\") is one of the most recognized and fastest-growing perfume houses in the world of oriental fragrance. Its philosophy focuses on democratizing the luxury of Arabic perfumes, offering high-quality creations that pay tribute to the traditional scents of the Middle East.<\/p><p data-path-to-node=\"10\">Their fragrances are characterized by a masterful combination of premium ingredients such as oud (agarwood), musk, amber, rose and, of course, saffron. With spectacularly designed packaging and outstanding olfactory performance (great projection and longevity), Ard Al Zaafaran allows retailers and distributors to offer their customers an authentic sensory experience from Dubai. It is the ideal brand for those looking to incorporate exotic, high-demand, and excellently profitable fragrances into their catalog.<\/p>\t\t\t\t\t\t\t\t<\/div>\n\t\t\t\t<\/div>\n\t\t<div class=\"elementor-element elementor-element-24a017bf e-con-full e-flex e-con e-child\" data-id=\"24a017bf\" data-element_type=\"container\" data-e-type=\"container\">\n\t\t\t\t<div class=\"elementor-element elementor-element-7d7cafff elementor-widget elementor-widget-image\" data-id=\"7d7cafff\" data-element_type=\"widget\" data-e-type=\"widget\" data-widget_type=\"image.default\">\n\t\t\t\t\t\t\t\t\t\t\t\t\t\t\t<img fetchpriority=\"high\" decoding=\"async\" width=\"1228\" height=\"1228\" src=\"https:\/\/novaluxeurope.com\/wp-content\/uploads\/2026\/04\/ard-al-zaafaran-imagen.webp\" class=\"attachment-full size-full wp-image-4297\" alt=\"Ard Al Zaafaran Dirham Oud\" srcset=\"https:\/\/novaluxeurope.com\/wp-content\/uploads\/2026\/04\/ard-al-zaafaran-imagen.webp 1228w, https:\/\/novaluxeurope.com\/wp-content\/uploads\/2026\/04\/ard-al-zaafaran-imagen-300x300.webp 300w, https:\/\/novaluxeurope.com\/wp-content\/uploads\/2026\/04\/ard-al-zaafaran-imagen-1024x1024.webp 1024w, https:\/\/novaluxeurope.com\/wp-content\/uploads\/2026\/04\/ard-al-zaafaran-imagen-150x150.webp 150w, https:\/\/novaluxeurope.com\/wp-content\/uploads\/2026\/04\/ard-al-zaafaran-imagen-768x768.webp 768w, https:\/\/novaluxeurope.com\/wp-content\/uploads\/2026\/04\/ard-al-zaafaran-imagen-12x12.webp 12w, https:\/\/novaluxeurope.com\/wp-content\/uploads\/2026\/04\/ard-al-zaafaran-imagen-800x800.webp 800w, https:\/\/novaluxeurope.com\/wp-content\/uploads\/2026\/04\/ard-al-zaafaran-imagen-100x100.webp 100w\" sizes=\"(max-width: 1228px) 100vw, 1228px\" \/>\t\t\t\t\t\t\t\t\t\t\t\t\t\t\t<\/div>\n\t\t\t\t<\/div>\n\t\t\t\t\t<\/div>\n\t\t\t\t<\/div>\n\t\t<div class=\"elementor-element elementor-element-4be9ce1b e-flex e-con-boxed e-con e-parent\" data-id=\"4be9ce1b\" data-element_type=\"container\" data-e-type=\"container\">\n\t\t\t\t\t<div class=\"e-con-inner\">\n\t\t\t\t<div class=\"elementor-element elementor-element-4517b3ea elementor-widget elementor-widget-heading\" data-id=\"4517b3ea\" data-element_type=\"widget\" data-e-type=\"widget\" data-widget_type=\"heading.default\">\n\t\t\t\t\t<h3 class=\"elementor-heading-title elementor-size-default\">Luxury and tradition: Ard Al Zaafaran Collection<\/h3>\t\t\t\t<\/div>\n\t\t\t\t<div class=\"elementor-element elementor-element-1d7ff80d elementor-widget elementor-widget-text-editor\" data-id=\"1d7ff80d\" data-element_type=\"widget\" data-e-type=\"widget\" data-widget_type=\"text-editor.default\">\n\t\t\t\t\t\t\t\t\t<p>Explore our selection of high-impact fragrances. Intense, long-lasting scents and exquisite presentations that guarantee success in your store.<\/p>\t\t\t\t\t\t\t\t<\/div>\n\t\t\t\t<div class=\"elementor-element elementor-element-48162538 elementor-widget elementor-widget-shortcode\" data-id=\"48162538\" data-element_type=\"widget\" data-e-type=\"widget\" data-widget_type=\"shortcode.default\">\n\t\t\t\t\t\t\t<div class=\"elementor-shortcode\">    \n    <div class=\"grilla-marcas-custom cols-4\">\n                    <div class=\"tarjeta-producto-custom\">\n                <a href=\"https:\/\/novaluxeurope.com\/en\/product\/ard-al-zaafaran-yara\/\" class=\"imagen-link\">\n                    <img decoding=\"async\" width=\"300\" height=\"300\" src=\"https:\/\/novaluxeurope.com\/wp-content\/uploads\/2026\/04\/ard-al-zaafaran-yara-1-300x300.jpg\" class=\"attachment-woocommerce_thumbnail size-woocommerce_thumbnail\" alt=\"Ard Al Zaafaran Yara\" srcset=\"https:\/\/novaluxeurope.com\/wp-content\/uploads\/2026\/04\/ard-al-zaafaran-yara-1-300x300.jpg 300w, https:\/\/novaluxeurope.com\/wp-content\/uploads\/2026\/04\/ard-al-zaafaran-yara-1-1024x1024.jpg 1024w, https:\/\/novaluxeurope.com\/wp-content\/uploads\/2026\/04\/ard-al-zaafaran-yara-1-150x150.jpg 150w, https:\/\/novaluxeurope.com\/wp-content\/uploads\/2026\/04\/ard-al-zaafaran-yara-1-768x768.jpg 768w, https:\/\/novaluxeurope.com\/wp-content\/uploads\/2026\/04\/ard-al-zaafaran-yara-1-1536x1536.jpg 1536w, https:\/\/novaluxeurope.com\/wp-content\/uploads\/2026\/04\/ard-al-zaafaran-yara-1-800x800.jpg 800w, https:\/\/novaluxeurope.com\/wp-content\/uploads\/2026\/04\/ard-al-zaafaran-yara-1-100x100.jpg 100w, https:\/\/novaluxeurope.com\/wp-content\/uploads\/2026\/04\/ard-al-zaafaran-yara-1.jpg 1600w\" sizes=\"(max-width: 300px) 100vw, 300px\" \/>                <\/a>\n                <h3 class=\"titulo-custom\">Ard Al Zaafaran Yara<\/h3>\n                \n                                    <div class=\"sku-custom\">EAN: 6295199793930<\/div>\n                                \n                <a href=\"https:\/\/novaluxeurope.com\/en\/product\/ard-al-zaafaran-yara\/\" class=\"btn-leer-mas-custom\">Read more<\/a>\n            <\/div>\n                    <div class=\"tarjeta-producto-custom\">\n                <a href=\"https:\/\/novaluxeurope.com\/en\/product\/ard-al-zaafaran-dirham-wardi\/\" class=\"imagen-link\">\n                    <img decoding=\"async\" width=\"300\" height=\"300\" src=\"https:\/\/novaluxeurope.com\/wp-content\/uploads\/2026\/04\/ard-al-zaafaran-dirham-wardi-1-300x300.jpg\" class=\"attachment-woocommerce_thumbnail size-woocommerce_thumbnail\" alt=\"Ard Al Zaafaran Dirham Wardi\" srcset=\"https:\/\/novaluxeurope.com\/wp-content\/uploads\/2026\/04\/ard-al-zaafaran-dirham-wardi-1-300x300.jpg 300w, https:\/\/novaluxeurope.com\/wp-content\/uploads\/2026\/04\/ard-al-zaafaran-dirham-wardi-1-1024x1024.jpg 1024w, https:\/\/novaluxeurope.com\/wp-content\/uploads\/2026\/04\/ard-al-zaafaran-dirham-wardi-1-150x150.jpg 150w, https:\/\/novaluxeurope.com\/wp-content\/uploads\/2026\/04\/ard-al-zaafaran-dirham-wardi-1-768x768.jpg 768w, https:\/\/novaluxeurope.com\/wp-content\/uploads\/2026\/04\/ard-al-zaafaran-dirham-wardi-1-1536x1536.jpg 1536w, https:\/\/novaluxeurope.com\/wp-content\/uploads\/2026\/04\/ard-al-zaafaran-dirham-wardi-1-800x800.jpg 800w, https:\/\/novaluxeurope.com\/wp-content\/uploads\/2026\/04\/ard-al-zaafaran-dirham-wardi-1-100x100.jpg 100w, https:\/\/novaluxeurope.com\/wp-content\/uploads\/2026\/04\/ard-al-zaafaran-dirham-wardi-1.jpg 1600w\" sizes=\"(max-width: 300px) 100vw, 300px\" \/>                <\/a>\n                <h3 class=\"titulo-custom\">Ard Al Zaafaran Dirham Wardi<\/h3>\n                \n                                    <div class=\"sku-custom\">EAN: 6295199791714<\/div>\n                                \n                <a href=\"https:\/\/novaluxeurope.com\/en\/product\/ard-al-zaafaran-dirham-wardi\/\" class=\"btn-leer-mas-custom\">Read more<\/a>\n            <\/div>\n                    <div class=\"tarjeta-producto-custom\">\n                <a href=\"https:\/\/novaluxeurope.com\/en\/product\/ard-al-zaafaran-dirham-oud-unisex-edp-100ml\/\" class=\"imagen-link\">\n                    <img loading=\"lazy\" decoding=\"async\" width=\"300\" height=\"300\" src=\"https:\/\/novaluxeurope.com\/wp-content\/uploads\/2026\/04\/ard-al-zaafaran-dirham-oud-unisex-edp-100ml-1-300x300.webp\" class=\"attachment-woocommerce_thumbnail size-woocommerce_thumbnail\" alt=\"Ard Al Zaafaran Dirham Oud Unisex\" srcset=\"https:\/\/novaluxeurope.com\/wp-content\/uploads\/2026\/04\/ard-al-zaafaran-dirham-oud-unisex-edp-100ml-1-300x300.webp 300w, https:\/\/novaluxeurope.com\/wp-content\/uploads\/2026\/04\/ard-al-zaafaran-dirham-oud-unisex-edp-100ml-1-1024x1024.webp 1024w, https:\/\/novaluxeurope.com\/wp-content\/uploads\/2026\/04\/ard-al-zaafaran-dirham-oud-unisex-edp-100ml-1-150x150.webp 150w, https:\/\/novaluxeurope.com\/wp-content\/uploads\/2026\/04\/ard-al-zaafaran-dirham-oud-unisex-edp-100ml-1-768x768.webp 768w, https:\/\/novaluxeurope.com\/wp-content\/uploads\/2026\/04\/ard-al-zaafaran-dirham-oud-unisex-edp-100ml-1-800x800.webp 800w, https:\/\/novaluxeurope.com\/wp-content\/uploads\/2026\/04\/ard-al-zaafaran-dirham-oud-unisex-edp-100ml-1-100x100.webp 100w, https:\/\/novaluxeurope.com\/wp-content\/uploads\/2026\/04\/ard-al-zaafaran-dirham-oud-unisex-edp-100ml-1.webp 1100w\" sizes=\"(max-width: 300px) 100vw, 300px\" \/>                <\/a>\n                <h3 class=\"titulo-custom\">Ard Al Zaafaran Dirham Oud Unisex<\/h3>\n                \n                                    <div class=\"sku-custom\">EAN: 6295199793817<\/div>\n                                \n                <a href=\"https:\/\/novaluxeurope.com\/en\/product\/ard-al-zaafaran-dirham-oud-unisex-edp-100ml\/\" class=\"btn-leer-mas-custom\">Read more<\/a>\n            <\/div>\n                    <div class=\"tarjeta-producto-custom\">\n                <a href=\"https:\/\/novaluxeurope.com\/en\/product\/ard-al-zaafaran-bint-hooran\/\" class=\"imagen-link\">\n                    <img loading=\"lazy\" decoding=\"async\" width=\"300\" height=\"300\" src=\"https:\/\/novaluxeurope.com\/wp-content\/uploads\/2026\/04\/ard-al-zaafaran-bint-hooran-1-300x300.jpg\" class=\"attachment-woocommerce_thumbnail size-woocommerce_thumbnail\" alt=\"Ard Al Zaafaran Bint Hooran\" srcset=\"https:\/\/novaluxeurope.com\/wp-content\/uploads\/2026\/04\/ard-al-zaafaran-bint-hooran-1-300x300.jpg 300w, https:\/\/novaluxeurope.com\/wp-content\/uploads\/2026\/04\/ard-al-zaafaran-bint-hooran-1-1024x1024.jpg 1024w, https:\/\/novaluxeurope.com\/wp-content\/uploads\/2026\/04\/ard-al-zaafaran-bint-hooran-1-150x150.jpg 150w, https:\/\/novaluxeurope.com\/wp-content\/uploads\/2026\/04\/ard-al-zaafaran-bint-hooran-1-768x768.jpg 768w, https:\/\/novaluxeurope.com\/wp-content\/uploads\/2026\/04\/ard-al-zaafaran-bint-hooran-1-1536x1536.jpg 1536w, https:\/\/novaluxeurope.com\/wp-content\/uploads\/2026\/04\/ard-al-zaafaran-bint-hooran-1-800x800.jpg 800w, https:\/\/novaluxeurope.com\/wp-content\/uploads\/2026\/04\/ard-al-zaafaran-bint-hooran-1-100x100.jpg 100w, https:\/\/novaluxeurope.com\/wp-content\/uploads\/2026\/04\/ard-al-zaafaran-bint-hooran-1.jpg 1600w\" sizes=\"(max-width: 300px) 100vw, 300px\" \/>                <\/a>\n                <h3 class=\"titulo-custom\">Ard Al Zaafaran Bint Hooran<\/h3>\n                \n                                    <div class=\"sku-custom\">EAN: 6295199795538<\/div>\n                                \n                <a href=\"https:\/\/novaluxeurope.com\/en\/product\/ard-al-zaafaran-bint-hooran\/\" class=\"btn-leer-mas-custom\">Read more<\/a>\n            <\/div>\n            <\/div>\n\n    <style>\n        \/* Aplicaci\u00f3n de Estilos Globales del Shortcode *\/\n        .grilla-marcas-custom {\n            display: grid;\n            grid-template-columns: repeat(4, 1fr);\n            gap: 25px;\n            margin: 20px 0;\n            padding: 0;\n            font-family: 'DM Sans', sans-serif; \/* Tipograf\u00eda principal *\/\n        }\n\n        .tarjeta-producto-custom {\n            border: 1px solid #f0f0f0;\n            border-radius: 4px; \/* Un poco m\u00e1s sutil *\/\n            padding: 20px;\n            text-align: center;\n            background: #ffffff;\n            transition: all 0.3s ease;\n            display: flex;\n            flex-direction: column;\n            justify-content: space-between;\n        }\n\n        .tarjeta-producto-custom:hover {\n            box-shadow: 0 10px 25px rgba(0,0,0,0.05);\n            border-color: #C5A059; \/* Borde sutil al color del bot\u00f3n en el hover *\/\n        }\n\n        .titulo-custom {\n            font-family: 'DM Sans', sans-serif;\n            font-size: 16px;\n            color: #333333; \/* Negro oscuro solicitado *\/\n            margin: 15px 0 8px;\n            line-height: 1.3;\n            font-weight: 500;\n            text-transform: capitalize;\n        }\n\n        .sku-custom {\n            font-family: 'DM Sans', sans-serif;\n            font-size: 12px;\n            color: #333333; \/* Negro oscuro solicitado *\/\n            opacity: 0.7;\n            margin-bottom: 20px;\n            letter-spacing: 0.5px;\n        }\n\n        .btn-leer-mas-custom {\n            display: block;\n            background-color: #C5A059; \/* Color de fondo solicitado *\/\n            color: #333333 !important; \/* Color de texto solicitado *\/\n            padding: 14px 10px;\n            border-radius: 2px; \/* Estilo m\u00e1s cuadrado\/elegante *\/\n            text-decoration: none !important;\n            text-transform: uppercase;\n            font-family: 'DM Sans', sans-serif;\n            font-size: 12px;\n            font-weight: 700 !important;\n            letter-spacing: 1px;\n            margin-top: auto;\n            transition: opacity 0.3s ease;\n        }\n\n        .btn-leer-mas-custom:hover {\n            opacity: 0.9;\n            color: #333333 !important;\n        }\n\n        \/* Ajustes de Imagen *\/\n        .tarjeta-producto-custom img {\n            max-width: 100%;\n            height: auto;\n            margin-bottom: 5px;\n        }\n\n        \/* Responsividad *\/\n        @media (max-width: 992px) {\n            .grilla-marcas-custom { grid-template-columns: repeat(3, 1fr); }\n        }\n        @media (max-width: 768px) {\n            .grilla-marcas-custom { grid-template-columns: repeat(2, 1fr); }\n        }\n        @media (max-width: 480px) {\n            .grilla-marcas-custom { grid-template-columns: 1fr; }\n        }\n    <\/style>\n\n    <\/div>\n\t\t\t\t\t\t<\/div>\n\t\t\t\t<div class=\"elementor-element elementor-element-2a55c8e0 elementor-align-justify elementor-mobile-align-justify elementor-widget__width-initial elementor-widget-mobile__width-inherit solo-logueados elementor-widget elementor-widget-button\" data-id=\"2a55c8e0\" data-element_type=\"widget\" data-e-type=\"widget\" data-widget_type=\"button.default\">\n\t\t\t\t\t\t\t\t\t\t<a class=\"elementor-button elementor-button-link elementor-size-sm\" href=\"\/en\/marca\/ard-al-zaafaran\/\">\n\t\t\t\t\t\t<span class=\"elementor-button-content-wrapper\">\n\t\t\t\t\t\t\t\t\t<span class=\"elementor-button-text\">View All Products<\/span>\n\t\t\t\t\t<\/span>\n\t\t\t\t\t<\/a>\n\t\t\t\t\t\t\t\t<\/div>\n\t\t\t\t\t<\/div>\n\t\t\t\t<\/div>\n\t\t\t\t<\/div>","protected":false},"excerpt":{"rendered":"<p>Ard Al Zaafaran La excelencia de la perfumer\u00eda \u00e1rabe para el mundo moderno. Fundada en el coraz\u00f3n de los Emiratos \u00c1rabes Unidos, Ard Al Zaafaran (que se traduce po\u00e9ticamente como \u00abLa Tierra del Azafr\u00e1n\u00bb) es una de las casas perfumeras m\u00e1s reconocidas y de mayor crecimiento en el mundo de la fragancia oriental. Su filosof\u00eda [&hellip;]<\/p>\n","protected":false},"author":1,"featured_media":0,"parent":41,"menu_order":0,"comment_status":"closed","ping_status":"closed","template":"","meta":{"footnotes":""},"class_list":["post-4294","page","type-page","status-publish","hentry"],"_links":{"self":[{"href":"https:\/\/novaluxeurope.com\/en\/wp-json\/wp\/v2\/pages\/4294","targetHints":{"allow":["GET"]}}],"collection":[{"href":"https:\/\/novaluxeurope.com\/en\/wp-json\/wp\/v2\/pages"}],"about":[{"href":"https:\/\/novaluxeurope.com\/en\/wp-json\/wp\/v2\/types\/page"}],"author":[{"embeddable":true,"href":"https:\/\/novaluxeurope.com\/en\/wp-json\/wp\/v2\/users\/1"}],"replies":[{"embeddable":true,"href":"https:\/\/novaluxeurope.com\/en\/wp-json\/wp\/v2\/comments?post=4294"}],"version-history":[{"count":4,"href":"https:\/\/novaluxeurope.com\/en\/wp-json\/wp\/v2\/pages\/4294\/revisions"}],"predecessor-version":[{"id":4300,"href":"https:\/\/novaluxeurope.com\/en\/wp-json\/wp\/v2\/pages\/4294\/revisions\/4300"}],"up":[{"embeddable":true,"href":"https:\/\/novaluxeurope.com\/en\/wp-json\/wp\/v2\/pages\/41"}],"wp:attachment":[{"href":"https:\/\/novaluxeurope.com\/en\/wp-json\/wp\/v2\/media?parent=4294"}],"curies":[{"name":"wp","href":"https:\/\/api.w.org\/{rel}","templated":true}]}}